{"id":7005,"date":"2021-08-08T16:23:17","date_gmt":"2021-08-08T14:23:17","guid":{"rendered":"https:\/\/bestelements.de\/?post_type=product&#038;p=7005"},"modified":"2023-10-10T14:50:41","modified_gmt":"2023-10-10T12:50:41","slug":"trinkwasser-filteranlagen-wohnmobile-caravan-boote-schiffe-yachten","status":"publish","type":"product","link":"https:\/\/bestelements.de\/es\/kaufen\/trinkwasserfilter\/trinkwasser-filteranlagen-wohnmobile-caravan-boote-schiffe-yachten\/","title":{"rendered":"Dispositivo de filtraci\u00f3n de agua potable para casas m\u00f3viles y barcos"},"content":{"rendered":"<p><\/p>\n<h2>Donde quiera que viaje hay agua potable pura y limpia.<\/h2>\n<p class=\"gray\">\u00a1Eso seria genial! Una preocupaci\u00f3n menos para ti como viajero y trotamundos si el agua potable no te enferma y estropea as\u00ed tus ganas de viajar y disfrutar de las vacaciones. Desea evitar bacterias, virus y muchos otros contaminantes que podr\u00edan encontrarse en el agua potable en muchas regiones. Esto funciona de forma fiable con este filtro de agua para casas m\u00f3viles, caravanas, barcos y yates.<\/p>\n<h2><span class=\"blue-back\">BE WA1 CB<\/span> <span class=\"gray\">Caravan &amp; Boat<\/span><\/h2>\n<div class=\"blue-back\">Seguridad y salud para viajeros y exploradores del mundo<\/div>\n<p><img decoding=\"async\" class=\"lazyload alignnone wp-image-7384 size-full\" src=\"https:\/\/bestelements.de\/wp-content\/uploads\/WA1CB-Schema-blau.jpg\" data-orig-src=\"https:\/\/bestelements.de\/wp-content\/uploads\/WA1CB-Schema-blau.jpg\" alt=\"\" width=\"818\" height=\"349\" srcset=\"data:image\/svg+xml,%3Csvg%20xmlns%3D%27http%3A%2F%2Fwww.w3.org%2F2000%2Fsvg%27%20width%3D%27818%27%20height%3D%27349%27%20viewBox%3D%270%200%20818%20349%27%3E%3Crect%20width%3D%27818%27%20height%3D%27349%27%20fill-opacity%3D%220%22%2F%3E%3C%2Fsvg%3E\" data-srcset=\"https:\/\/bestelements.de\/wp-content\/uploads\/WA1CB-Schema-blau-200x85.jpg 200w, https:\/\/bestelements.de\/wp-content\/uploads\/WA1CB-Schema-blau-300x128.jpg 300w, https:\/\/bestelements.de\/wp-content\/uploads\/WA1CB-Schema-blau-400x171.jpg 400w, https:\/\/bestelements.de\/wp-content\/uploads\/WA1CB-Schema-blau-500x213.jpg 500w, https:\/\/bestelements.de\/wp-content\/uploads\/WA1CB-Schema-blau-600x256.jpg 600w, https:\/\/bestelements.de\/wp-content\/uploads\/WA1CB-Schema-blau-700x299.jpg 700w, https:\/\/bestelements.de\/wp-content\/uploads\/WA1CB-Schema-blau-768x328.jpg 768w, https:\/\/bestelements.de\/wp-content\/uploads\/WA1CB-Schema-blau-800x341.jpg 800w, https:\/\/bestelements.de\/wp-content\/uploads\/WA1CB-Schema-blau.jpg 818w\" data-sizes=\"auto\" data-orig-sizes=\"(max-width: 818px) 100vw, 818px\" \/><br \/>\n<em>El dispositivo de filtraci\u00f3n est\u00e1 conectado a su tanque de agua dulce existente, el tanque no est\u00e1 incluido en el alcance de la entrega.<\/em><\/p>\n<p>El dispositivo de filtro compacto de un sistema de filtro de \u00f3smosis inversa de varias etapas con una membrana de 500 GPD (material FilmTec\u2122), as\u00ed como un filtro previo y posterior con filtro de sedimentos y filtro de carb\u00f3n activado, se conecta de manera simple y universal al tanque de almacenamiento de agua. La bomba del sistema funciona con 24 V, con una red de a bordo de 12 V se conecta un convertidor de voltaje en el medio.<\/p>\n<div class=\"fusion-image-before-after-wrapper fusion-image-before-after-horizontal type-before-after hover-type-together fusion-image-before-after-wrapper-3\" style=\"--awb-font-size:14px;--awb-bordersize:0px;--awb-accent-color-bg:rgba(255,255,255,0.15);--awb-transition-time:0.5s;\"><div class=\"fusion-image-before-after-element fusion-image-before-after fusion-image-before-after-container fusion-image-before-after-3\" data-offset=\"0.5\" data-orientation=\"horizontal\" data-move-with-handle-only=\"true\" data-click-to-move=\"true\"><img decoding=\"async\" alt=\"24V Variante\" class=\"fusion-image-before-after-before lazyload\" src=\"data:image\/svg+xml,%3Csvg%20xmlns%3D%27http%3A%2F%2Fwww.w3.org%2F2000%2Fsvg%27%20width%3D%27818%27%20height%3D%27353%27%20viewBox%3D%270%200%20818%20353%27%3E%3Crect%20width%3D%27818%27%20height%3D%27353%27%20fill-opacity%3D%220%22%2F%3E%3C%2Fsvg%3E\" width=\"818\" height=\"353\" data-orig-src=\"https:\/\/bestelements.de\/wp-content\/uploads\/WA1CB-Filterset-24V.jpg\"><img decoding=\"async\" alt=\"12 V Variante mit Spannungswandler\" class=\"fusion-image-before-after-after lazyload\" src=\"data:image\/svg+xml,%3Csvg%20xmlns%3D%27http%3A%2F%2Fwww.w3.org%2F2000%2Fsvg%27%20width%3D%27818%27%20height%3D%27353%27%20viewBox%3D%270%200%20818%20353%27%3E%3Crect%20width%3D%27818%27%20height%3D%27353%27%20fill-opacity%3D%220%22%2F%3E%3C%2Fsvg%3E\" width=\"818\" height=\"353\" data-orig-src=\"https:\/\/bestelements.de\/wp-content\/uploads\/WA1CB-Filterset-12V.jpg\"><div class=\"fusion-image-before-after-overlay before-after-overlay-image-centered\"><div class=\"fusion-image-before-after-before-label\" data-content=\"24V Variante\"><\/div><div class=\"fusion-image-before-after-after-label\" data-content=\"12 V Variante mit Spannungswandler\"><\/div><\/div><div class=\"fusion-image-before-after-handle fusion-image-before-after-handle-default\"><span class=\"fusion-image-before-after-left-arrow\"><\/span><span class=\"fusion-image-before-after-right-arrow\"><\/span><\/div><\/div><\/div>\n<h2><i class=\"fa-solid fas fa-layer-group\"><\/i> Etapas de filtrado<\/h2>\n<p>\u2776 Prefiltro de sedimentos 0,5 \u00b5m<br \/>\n\u2777 Membrana de filtraci\u00f3n principal Material original Dow\u00ae FILMTEC\u2122<br \/>\n\u2778\u00a0Etapa de filtro de carb\u00f3n activado<\/p>\n<p>Los componentes utilizados (por ejemplo, motor sin escobillas) son de bajo desgaste y tienen un alto nivel de eficiencia. El requerimiento de energ\u00eda para un litro de agua potable pura es excepcionalmente econ\u00f3mico de 1,6 W. Los interruptores de presi\u00f3n est\u00e1n hechos de acero inoxidable y funcionan de manera confiable durante a\u00f1os. El agua dulce a filtrar se obtiene directamente del dep\u00f3sito de agua de almacenamiento. Esto puede ser agua de servicio de recarga o agua de lluvia recolectada. El sistema de filtro separa el agua ultrapura para beber y el agua de proceso. El agua de proceso se retroalimenta al dep\u00f3sito de agua para trabajar de forma econ\u00f3mica y sostenible con los recursos disponibles. Las v\u00e1lvulas de retenci\u00f3n protegen el sistema de filtraci\u00f3n contra la contaminaci\u00f3n. En el volumen de suministro se incluye un grifo de agua potable del acero inoxidable m\u00e1s puro. De ah\u00ed se extrae el agua potable pura, libre de g\u00e9rmenes del agua bruta y libre de residuos de los grifos convencionales. Las l\u00edneas de transporte de agua tienen una longitud de 3 metros, no se incluye un tanque de almacenamiento en el alcance de la entrega.<\/p>\n<h2><i class=\"fa-solid fas fa-globe farbverlauf-srg\"><\/i> Producci\u00f3n en Alemania<\/h2>\n<p>Los dispositivos de filtraci\u00f3n BE WA1CB se fabrican en Alemania de acuerdo con los estrictos est\u00e1ndares y las reglamentaciones, requisitos y certificaciones aplicables para la pureza y confiabilidad del material, as\u00ed como la garant\u00eda y la garant\u00eda. Puede confiar en estos filtros de agua potable.<\/p>\n<h2><i class=\"fa-solid fas fa-info-circle minwidthicon\"><\/i> Beneficios clave<\/h2>\n<p><i class=\"fa-solid fas fa-glass minwidthicon\"><\/i> El agua potable m\u00e1s pura de forma gratuita<br \/>\n<i class=\"fa-solid fas fa-money-bill minwidthicon\"><\/i> No m\u00e1s comprar y pagar por agua embotellada<br \/>\n<i class=\"fa-solid fas fa-dolly minwidthicon\"><\/i> No m\u00e1s transporte de agua embotellada<br \/>\n<i class=\"fa-solid fas fa-jug minwidthicon\"><\/i> Deja de beber agua de botellas de PET<br \/>\n<i class=\"fa-solid fas fa-exchange minwidthicon\"><\/i> Avance tecnol\u00f3gico: Las impurezas no se quedan en el dispositivo filtrante sino que son conducidas al exterior.<br \/>\n<i class=\"fa-solid fas fa-rv minwidthicon\"><\/i> Suministro de agua potable segura en su veh\u00edculo<\/p>\n<p><img decoding=\"async\" class=\"lazyload wp-image-4020 size-fusion-600 aligncenter\" src=\"https:\/\/bestelements.de\/wp-content\/uploads\/icons-wasserfilter-818-doppel-600x288.jpg\" data-orig-src=\"https:\/\/bestelements.de\/wp-content\/uploads\/icons-wasserfilter-818-doppel-600x288.jpg\" alt=\"Icons Wasserfilter\" width=\"600\" height=\"288\" srcset=\"data:image\/svg+xml,%3Csvg%20xmlns%3D%27http%3A%2F%2Fwww.w3.org%2F2000%2Fsvg%27%20width%3D%27600%27%20height%3D%27288%27%20viewBox%3D%270%200%20600%20288%27%3E%3Crect%20width%3D%27600%27%20height%3D%27288%27%20fill-opacity%3D%220%22%2F%3E%3C%2Fsvg%3E\" data-srcset=\"https:\/\/bestelements.de\/wp-content\/uploads\/icons-wasserfilter-818-doppel-200x96.jpg 200w, https:\/\/bestelements.de\/wp-content\/uploads\/icons-wasserfilter-818-doppel-300x144.jpg 300w, https:\/\/bestelements.de\/wp-content\/uploads\/icons-wasserfilter-818-doppel-400x192.jpg 400w, https:\/\/bestelements.de\/wp-content\/uploads\/icons-wasserfilter-818-doppel-500x240.jpg 500w, https:\/\/bestelements.de\/wp-content\/uploads\/icons-wasserfilter-818-doppel-600x288.jpg 600w, https:\/\/bestelements.de\/wp-content\/uploads\/icons-wasserfilter-818-doppel-700x335.jpg 700w, https:\/\/bestelements.de\/wp-content\/uploads\/icons-wasserfilter-818-doppel-768x368.jpg 768w, https:\/\/bestelements.de\/wp-content\/uploads\/icons-wasserfilter-818-doppel-800x383.jpg 800w, https:\/\/bestelements.de\/wp-content\/uploads\/icons-wasserfilter-818-doppel.jpg 818w\" data-sizes=\"auto\" data-orig-sizes=\"(max-width: 600px) 100vw, 600px\" \/><\/p>\n<p>Filtrado exhaustivo a nivel molecular desde <a class=\"sg-popup-id-10444 dotted\" href=\"#\">hasta m\u00e1s del 99 %<\/a>, los dispositivos de filtro de \u00f3smosis inversa BestElements eliminan <span style=\"color\" del agua del grifo: #;\"> impurezas como g\u00e9rmenes, bacterias y virus, residuos de medicamentos y drogas, antibi\u00f3ticos, hormonas, nitratos, pesticidas, productos qu\u00edmicos industriales, metales pesados, fluoruro, micropl\u00e1sticos, cloro, cal y mucho m\u00e1s.<\/ span> La tecnolog\u00eda de \u00f3smosis inversa es incluso capaz de eliminar componentes radiactivos.<\/p>\n<h2 class=\"linie\"><span class=\"blue-back\">BE WA1 CB<\/span> <span class=\"gray\"> Izquierda<\/span><\/h2>\n<div class=\"icons-produktlinks\">\n<div class=\"row\">\n<div class=\"col-xs-4\">\n<a href=\"https:\/\/bestelements.de\/wp-content\/uploads\/Datenblatt-Wasserfilter-BE-WA1-CB.pdf\" target=\"_blank\" rel=\"noopener\"><i class=\"fa-solid fas fa-file-alt fa-2x\"><\/i> Ficha de datos<\/a>\n<\/div>\n<div class=\"col-xs-4\">\n<a href=\"https:\/\/bestelements.de\/manuals\/gebrauchsanleitungen\/\" target=\"_blank\" rel=\"noopener\"><i class=\"fa-solid fas fa-file-alt fa-2x\"><\/i> Instrucciones<\/a>\n<\/div>\n<div class=\"col-xs-4\">\n<a href=\"https:\/\/bestelements.de\/de\/ersatzfilter\/ersatzfilter-und-zubehoer-fuer-trinkwasserfilter\/\" target=\"_blank\" rel=\"noopener\"><i class=\"fa-solid fas fa-sync-alt fa-2x\"><\/i> Filtro de repuesto<\/a>\n<\/div>\n<\/div>\n<\/div>\n<figure class=\"wp-block-table\">\n<div class=\"table-1\" width=\"100%\">\n<table width=\"100%\">\n<tbody>\n<tr>\n<td class=\"produkte\">Pa\u00eds de producci\u00f3n<\/td>\n<td class=\"produkte\">Alemania <span class=\"blue strong\">Made in Germany<\/span><\/td>\n<\/tr>\n<tr>\n<td class=\"produkte\">Material<\/td>\n<td class=\"produkte\">Materiales aptos para alimentos con certificaci\u00f3n NSF y aprobaci\u00f3n para agua potable<\/td>\n<\/tr>\n<tr>\n<td class=\"produkte\">Comprobado<\/td>\n<td class=\"produkte\"><a href=\"https:\/\/bestelements.de\/de\/qualitaetssicherung\/di-flow-qualitaetsstandard\/\"><img decoding=\"async\" class=\"lazyload alignleft\" src=\"data:image\/gif;base64,R0lGODlhAQABAAAAACH5BAEKAAEALAAAAAABAAEAAAICTAEAOw==\" data-orig-src=\"https:\/\/bestelements.de\/wp-content\/uploads\/Di-Flow-Logo.svg\" alt=\"Di-Flow\" width=\"150px\" height=\"\" \/><\/a> Di-Flow\u00ae Junta de examen<\/td>\n<\/tr>\n<tr>\n<td class=\"produkte\">Asamblea<\/td>\n<td class=\"produkte\">Plano, de pie, contra la pared <span class=\"blue strong\">UNIVERSAL<\/span><\/td>\n<\/tr>\n<tr>\n<td class=\"produkte\">Mantenimiento<\/td>\n<td class=\"produkte\">F\u00e1cil sustituci\u00f3n de los elementos filtrantes <span class=\"fusion-popover popover-3\" data-animation=\"1\" data-class=\"popover-3\" data-container=\"popover-3\" data-html-content=\"&lt;div class=&quot;fusion-video fusion-selfhosted-video&quot; style=&quot;max-width:100%;&quot;&gt;&lt;div class=&quot;video-wrapper&quot;&gt;&lt;video playsinline=&quot;true&quot; width=&quot;100%&quot; style=&quot;object-fit: cover;&quot; autoplay=&quot;true&quot; loop=&quot;true&quot; preload=&quot;auto&quot; controls=&quot;1&quot;&gt;&lt;source src=&quot;https:\/\/bestelements.de\/wp-content\/uploads\/Wechsel-Filterelemente-EASY-CLICK-WA1.mp4&quot; type=&quot;video\/mp4&quot;&gt;Sorry, your browser doesn&#039;t support embedded videos.&lt;\/video&gt;&lt;\/div&gt;&lt;\/div&gt;&lt;div class=&quot;fusion-text fusion-text-3&quot;&gt;&lt;\/div&gt;\" data-delay=\"50\" data-placement=\"top\" data-title=\"EASY CLICK mit WA1\" data-toggle=\"popover\" data-trigger=\"hover\"> <span class=\"blue strong dotted\">Easy Click<\/span> <\/span><\/td>\n<\/tr>\n<tr>\n<td class=\"produkte\">Cantidad de agua<\/td>\n<td class=\"produkte\">1,1 l\/min a 21 \u00b0C de temperatura del agua<\/td>\n<\/tr>\n<tr>\n<td class=\"produkte\">Relaci\u00f3n agua ultrapura\/agua residual<\/td>\n<td class=\"produkte\">1:&lt;2 <span class=\"blue strong\">VALOR SUPERIOR EN SU CLASE<\/span><\/td>\n<\/tr>\n<tr>\n<td class=\"produkte\">Temperatura<\/td>\n<td class=\"produkte\">M\u00edn. 4\u00b0C M\u00e1x.38\u00b0C<\/td>\n<\/tr>\n<tr>\n<td class=\"produkte\">Presi\u00f3n del agua<\/td>\n<td class=\"produkte\">M\u00edn. 0,5 bar M\u00e1x. 5,0 bar<\/td>\n<\/tr>\n<tr>\n<td class=\"produkte\">Dimensiones<\/td>\n<td class=\"produkte\">430 x 318 x 95 mm (AnxAlxP) <span class=\"blue strong\">DISE\u00d1O DELGADO <\/span><\/td>\n<\/tr>\n<tr>\n<td class=\"produkte\">Conexi\u00f3n de agua<\/td>\n<td class=\"produkte\">Conexi\u00f3n agua 3\/8&#8243; JG &#8211; agua residual 1\/4&#8243; JG acoplamiento &#8211; agua ultrapura 1\/4&#8243; JG acoplamiento<\/td>\n<\/tr>\n<tr>\n<td class=\"produkte\">Fuente de alimentaci\u00f3n<\/td>\n<td class=\"produkte\">24 V DC, max. 96 W<\/td>\n<\/tr>\n<tr>\n<td class=\"produkte\"><\/td>\n<td class=\"produkte\">12 V CC con convertidor de tensi\u00f3n<\/td>\n<\/tr>\n<tr>\n<td class=\"produkte\">Peso<\/td>\n<td class=\"produkte\">2,5\u00a0 kg<\/td>\n<\/tr>\n<tr>\n<td class=\"produkte\">Color de la caja<\/td>\n<td class=\"produkte\">Blanco<\/td>\n<\/tr>\n<tr>\n<td class=\"produkte\">Alcance de la entrega<\/td>\n<td class=\"produkte\">Completo con bomba, medio filtrante, convertidor de voltaje (para la versi\u00f3n de 12 V), grifo de agua potable y material de conexi\u00f3n, manual de instrucciones (El tanque no est\u00e1 incluido en el alcance de la entrega, el dispositivo de filtraci\u00f3n se conecta a su tanque de agua limpia existente).<\/td>\n<\/tr>\n<tr>\n<td class=\"produkte\">Cambiar elementos de filtro<\/td>\n<td class=\"produkte\">Reemplace el prefiltro y el postfiltro una vez al a\u00f1o o m\u00e1s seguido dependiendo de qu\u00e9 tan sucia est\u00e9 el agua, la membrana RO no tiene que cambiarse regularmente<\/td>\n<\/tr>\n<tr>\n<td class=\"produkte\">Filtro de repuesto<\/td>\n<td class=\"produkte\"><a href=\"https:\/\/bestelements.de\/es\/kaufen\/ersatzfilter-wasser\/ersatzfilterset-fuer-wasserfilter-wa1-wa3\/\">Juego de elementos filtrantes de repuesto para filtro de agua potable BE WA1<\/a><\/td>\n<\/tr>\n<\/tbody>\n<\/table>\n<\/div>\n<\/figure>\n<p><\/p>","protected":false},"excerpt":{"rendered":"<h2><span class=\"blue-back\">BE WA1 CB<\/span> <span class=\"gray\">Caravan &amp; Boat<\/span><\/h2>\n<div class=\"blue-back\">El agua potable m\u00e1s pura, est\u00e9s donde est\u00e9s en el mundo \u00b7 Fabricado en Alemania<\/div>\n<h3>Agua potable m\u00e1s pura en casas m\u00f3viles, caravanas, barcos, casas flotantes y yates<\/h3>\n<p>En caravanas, casas m\u00f3viles y barcos, los buenos filtros de agua potable son un requisito previo para disponer de forma independiente del agua potable m\u00e1s pura, libre de contaminaci\u00f3n e impurezas. <\/p>\n<div id=\"icons-water-stoffe\">\n<i class=\"fa-solid fas fa-sink\"><\/i> <i class=\"fa-solid fas fa-virus-slash\"><\/i> <i class=\"fa-solid fas fa-viruses\"><\/i> <i class=\"fa-solid fas fa-bacterium\"><\/i> <i class=\"fa-solid fas fa-disease\"><\/i> <i class=\"fa-solid fas fa-tablets\"><\/i> <i class=\"fa-solid fas fa-capsules\"><\/i> <i class=\"fa-solid fas fa-skull-crossbones\"><\/i> <i class=\"fa-solid fas fa-vial\"><\/i> <i class=\"fa-solid fas fa-radiation\"><\/i>\n<\/div>\n<ul>\n<li>Este potente y fiable sistema de filtrado WA1 CB protege eficazmente contra las impurezas que pueda contener el agua. Se eliminan bacterias, virus, microorganismos, algas, metales pesados, pesticidas, hormonas, toxinas ambientales, EDC, nitratos, micropl\u00e1sticos y muchas otras sustancias.<\/li>\n<li>Tecnolog\u00eda de \u00f3smosis inversa de flujo directo con prefiltro y posfiltro<\/li>\n<li>Construcci\u00f3n compacta y dise\u00f1o que ahorra espacio<\/li>\n<li>Estandarizado y universalmente aplicable<\/li>\n<li>No m\u00e1s comprar o hervir agua potable<\/li>\n<li>Simplemente conecte al tanque de agua<\/li>\n<li>Con grifo separado<\/li>\n<li>F\u00e1cil instalaci\u00f3n y mantenimiento <span class=\"blue strong\">Easy Click<\/span><\/li>\n<\/ul>\n<p><a class=\"sg-popup-id-3920 dotted\" href=\"#\"><i class=\"fa fa-info-circle\"><\/i> Estas sustancias se filtran del agua<\/a><br \/>\n<a class=\"sg-popup-id-6922 dotted\" href=\"#\"><i class=\"fa fa-info-circle\"><\/i> Resultados de la prueba despu\u00e9s de la filtraci\u00f3n de agua<\/a><\/p>\n","protected":false},"featured_media":7383,"template":"","meta":{"footnotes":""},"product_brand":[],"product_cat":[103,180],"product_tag":[210,211,212,208,209],"class_list":{"0":"post-7005","1":"product","2":"type-product","3":"status-publish","4":"has-post-thumbnail","6":"product_cat-trinkwasserfilter","7":"product_cat-fahrzeug-wasserfilteranlagen","8":"product_tag-umkehrosmosefilter","9":"product_tag-kalkfilter","10":"product_tag-bakterienwasserfilter","11":"product_tag-wasserfilter","12":"product_tag-trinkwasserfilter","13":"product_shipping_class-wa3","15":"first","16":"instock","17":"featured","18":"taxable","19":"shipping-taxable","20":"purchasable","21":"product-type-variable","22":"has-default-attributes"},"_links":{"self":[{"href":"https:\/\/bestelements.de\/es\/wp-json\/wp\/v2\/product\/7005","targetHints":{"allow":["GET"]}}],"collection":[{"href":"https:\/\/bestelements.de\/es\/wp-json\/wp\/v2\/product"}],"about":[{"href":"https:\/\/bestelements.de\/es\/wp-json\/wp\/v2\/types\/product"}],"version-history":[{"count":0,"href":"https:\/\/bestelements.de\/es\/wp-json\/wp\/v2\/product\/7005\/revisions"}],"wp:featuredmedia":[{"embeddable":true,"href":"https:\/\/bestelements.de\/es\/wp-json\/wp\/v2\/media\/7383"}],"wp:attachment":[{"href":"https:\/\/bestelements.de\/es\/wp-json\/wp\/v2\/media?parent=7005"}],"wp:term":[{"taxonomy":"product_brand","embeddable":true,"href":"https:\/\/bestelements.de\/es\/wp-json\/wp\/v2\/product_brand?post=7005"},{"taxonomy":"product_cat","embeddable":true,"href":"https:\/\/bestelements.de\/es\/wp-json\/wp\/v2\/product_cat?post=7005"},{"taxonomy":"product_tag","embeddable":true,"href":"https:\/\/bestelements.de\/es\/wp-json\/wp\/v2\/product_tag?post=7005"}],"curies":[{"name":"wp","href":"https:\/\/api.w.org\/{rel}","templated":true}]}}