{"id":5930,"date":"2021-06-16T15:02:11","date_gmt":"2021-06-16T13:02:11","guid":{"rendered":"https:\/\/bestelements.de\/?post_type=product&#038;p=5930"},"modified":"2024-08-14T13:11:43","modified_gmt":"2024-08-14T11:11:43","slug":"anschlussset-spuelmaschine-waschmaschine","status":"publish","type":"product","link":"https:\/\/bestelements.de\/es\/kaufen\/zubehoer-trinkwasser\/anschlussset-spuelmaschine-waschmaschine\/","title":{"rendered":"(Deutsch) Anschlussset Sp\u00fclmaschine \/ Waschmaschine an BE WA7"},"content":{"rendered":"","protected":false},"excerpt":{"rendered":"<p class=\"qtranxs-available-languages-message qtranxs-available-languages-message-es\">Disculpa, pero esta entrada est\u00e1 disponible s\u00f3lo en <a href=\"https:\/\/bestelements.de\/de\/wp-json\/wp\/v2\/product\/5930\" class=\"qtranxs-available-language-link qtranxs-available-language-link-de\" title=\"Deutsch\">Deutsch<\/a> y <a href=\"https:\/\/bestelements.de\/en\/wp-json\/wp\/v2\/product\/5930\" class=\"qtranxs-available-language-link qtranxs-available-language-link-en\" title=\"English\">English<\/a>.<\/p>\n<p><strong>Waschmaschine oder Geschirrsp\u00fcler-Anschlussset<\/strong><\/p>\n<ul>\n<li>3\/8&#8243; Rohr AD auf 3\/4&#8243; AD Gewinde<\/li>\n<li>John Guest\u00bb Anschluss B: 3\/8&#8243; Rohr AD<\/li>\n<li>John Guest Speedfit &#8211; Anschluss A: 3\/4&#8243; Gewinde<\/li>\n<\/ul>\n<p><strong>Vorratstank &#8211; Beh\u00e4lter f\u00fcr Umkehrosmose ca. 4 Liter Fassungsverm\u00f6gen<\/strong><\/p>\n<ul>\n<li>Funktionsweise: Druckspeichertank mit Membrantechnik<\/li>\n<li>Ma\u00dfe: 25 cm hoch (ohne Absperrhahn) \/ 16,5 cm im Durchmesser<\/li>\n<li>Fassungsvolumen: 3-4 Liter<\/li>\n<li>Au\u00dfenmaterial: Metall, wei\u00df lackiert<\/li>\n<li>Innenmaterial: lebensmittelechte Beschichtung \/ Kautschukmembrane<\/li>\n<\/ul>\n<p><strong>Vorratstank-Anschlussset<\/strong><\/p>\n","protected":false},"featured_media":5931,"template":"","meta":{"footnotes":""},"product_brand":[],"product_cat":[159],"product_tag":[],"class_list":{"0":"post-5930","1":"product","2":"type-product","3":"status-publish","4":"has-post-thumbnail","6":"product_cat-zubehoer-trinkwasser","8":"first","9":"instock","10":"taxable","11":"shipping-taxable","12":"purchasable","13":"product-type-simple"},"_links":{"self":[{"href":"https:\/\/bestelements.de\/es\/wp-json\/wp\/v2\/product\/5930","targetHints":{"allow":["GET"]}}],"collection":[{"href":"https:\/\/bestelements.de\/es\/wp-json\/wp\/v2\/product"}],"about":[{"href":"https:\/\/bestelements.de\/es\/wp-json\/wp\/v2\/types\/product"}],"version-history":[{"count":0,"href":"https:\/\/bestelements.de\/es\/wp-json\/wp\/v2\/product\/5930\/revisions"}],"wp:featuredmedia":[{"embeddable":true,"href":"https:\/\/bestelements.de\/es\/wp-json\/wp\/v2\/media\/5931"}],"wp:attachment":[{"href":"https:\/\/bestelements.de\/es\/wp-json\/wp\/v2\/media?parent=5930"}],"wp:term":[{"taxonomy":"product_brand","embeddable":true,"href":"https:\/\/bestelements.de\/es\/wp-json\/wp\/v2\/product_brand?post=5930"},{"taxonomy":"product_cat","embeddable":true,"href":"https:\/\/bestelements.de\/es\/wp-json\/wp\/v2\/product_cat?post=5930"},{"taxonomy":"product_tag","embeddable":true,"href":"https:\/\/bestelements.de\/es\/wp-json\/wp\/v2\/product_tag?post=5930"}],"curies":[{"name":"wp","href":"https:\/\/api.w.org\/{rel}","templated":true}]}}