{"id":5024,"date":"2020-12-01T10:33:27","date_gmt":"2020-12-01T09:33:27","guid":{"rendered":"https:\/\/bestelements.de\/?post_type=product&#038;p=5024"},"modified":"2026-04-13T15:23:19","modified_gmt":"2026-04-13T13:23:19","slug":"messgeraet-luftqualitaet-oeffentliche-einrichtungen","status":"publish","type":"product","link":"https:\/\/bestelements.de\/es\/kaufen\/luftfilter-luftreiniger-onlineshop\/messgeraet-luftqualitaet-oeffentliche-einrichtungen\/","title":{"rendered":"Dispositivo de medici\u00f3n de la calidad del aire en instalaciones p\u00fablicas"},"content":{"rendered":"<p><\/p>\n<div class=\"blue-back\">Garantizar un clima interior confortable<\/div>\n<h2>Dispositivo de medici\u00f3n de la calidad del aire para edificios e instalaciones p\u00fablicas<\/h2>\n<p><span class=\"gray\">Dispositivo de medici\u00f3n port\u00e1til con bater\u00eda para comprobar la calidad del aire.<\/span><br \/>\nEste detector multifuncional de calidad del aire mide CO\u2082, formaldeh\u00eddo (HCHO), compuestos org\u00e1nicos vol\u00e1tiles totales (TVOC), part\u00edculas que miden <2,5 micrones (PM2,5), 1,0 \u00b5m y 10 \u00b5m, temperatura y humedad y presenta un historial de valores medidos. \u200bcon intervalos de tiempo ajustables. La fecha y la hora siempre se muestran en la pantalla.\nEste dispositivo cient\u00edfico de detecci\u00f3n de la calidad del aire combina m\u00faltiples sensores de aire con un ventilador incorporado para monitorear en tiempo real los valores del aire mencionados. La pantalla es una pantalla LCD a color grande y clara, se puede configurar un l\u00edmite de alarma de formaldeh\u00eddo y se producen pitidos cortos cuando se excede. El dispositivo de medici\u00f3n se puede utilizar como dispositivo port\u00e1til o como dispositivo de mesa con soporte. Tiene funci\u00f3n de apagado autom\u00e1tico y calibraci\u00f3n. \n\n\n\n<h2>Dispositivo de medici\u00f3n de la calidad del aire interior<\/h2>\n<p>Estos valores en tiempo real proporcionan informaci\u00f3n completa sobre la calidad del aire actual en la habitaci\u00f3n y son indicadores evidentes de medidas como la ventilaci\u00f3n o <a href=\"https:\/\/bestelements.de\/es\/onlineshop-luftfilter-kaufen-zuhause-buero-gruppen-ueberblick-vergleich\/\">la instalaci\u00f3n de purificadores de aire<\/a>, que mejoran inmediatamente el aire de la habitaci\u00f3n y, por tanto, el bienestar y la salud de la habitaci\u00f3n. personas en la habitaci\u00f3n.<\/p>\n<h2>Medir la calidad del aire exterior<\/h2>\n<p>Este dispositivo de medici\u00f3n tambi\u00e9n determina los valores del aire exterior y advierte as\u00ed de la contaminaci\u00f3n por polvo fino y de la mala calidad del aire para reaccionar a tiempo y cerrar las ventanillas. <\/p>\n<ul>\n<li>Polvo fino (PM1.0, PM2.5, PM10)<\/li>\n<li>formaldeh\u00eddo (HCHO)<\/li>\n<li>Compuestos Org\u00e1nicos Vol\u00e1tiles Totales (TVOC)<\/li>\n<li>Di\u00f3xido de carbono CO\u2082<\/li>\n<li>Humedad in %<\/li>\n<li>Temperatura en \u00b0C o \u00b0F<\/li>\n<\/ul>\n<h2>Funci\u00f3n de registro de datos<\/h2>\n<p>El dispositivo de medici\u00f3n puede guardar datos y descargarlos a un ordenador.<\/p>\n<p><img class=\"lazyload\" decoding=\"async\" src=\"data:image\/svg+xml,%3Csvg%20xmlns%3D%27http%3A%2F%2Fwww.w3.org%2F2000%2Fsvg%27%20width%3D%27542%27%20height%3D%27350%27%20viewBox%3D%270%200%20542%20350%27%3E%3Crect%20width%3D%27542%27%20height%3D%27350%27%20fill-opacity%3D%220%22%2F%3E%3C%2Fsvg%3E\" data-orig-src=\"https:\/\/bestelements.de\/wp-content\/uploads\/Luftqualitaet-Messgeraet-Anzeige-Display.jpg\"><\/p>\n<h2>Rangos de medici\u00f3n<\/h2>\n<p>PM2,5 0-999 ug\/m\u00b3<br \/>\nHCHO 0-1,999 mg\/m\u00b3<br \/>\nTVOC 0-9,999 mg\/m\u00b3<br \/>\nCO\u2082 0-5000 ppm<br \/>\nTemperatura -10\u00b0C-60\u00b0C resp. 14\u00b0F-140\u00b0F<br \/>\nHumedad 20%-85%<br \/>\n<a class=\"sg-popup-id-149 dotted\" href=\"#\"><i class=\"fa fa-comments\"><\/i> Estaremos encantados de responder a sus preguntas sobre este dispositivo.<\/a><\/p>\n<p>Su consulta para pedidos al por mayor<br \/>\n<div class=\"wpforms-container wpforms-container-full\" id=\"wpforms-17805\"><form id=\"wpforms-form-17805\" class=\"wpforms-validate wpforms-form\" data-formid=\"17805\" method=\"post\" enctype=\"multipart\/form-data\" action=\"\/es\/wp-json\/wp\/v2\/product\/5024\"><noscript class=\"wpforms-error-noscript\">Por favor, activa JavaScript en tu navegador para completar este formulario.<\/noscript><div class=\"wpforms-field-container\"><div id=\"wpforms-17805-field_0-container\" class=\"wpforms-field wpforms-field-name\" data-field-id=\"0\"><label class=\"wpforms-field-label\" for=\"wpforms-17805-field_0\">Nombre Apellido <span class=\"wpforms-required-label\">*<\/span><\/label><div class=\"wpforms-field-row wpforms-field-medium\"><div class=\"wpforms-field-row-block wpforms-first wpforms-one-half\"><input type=\"text\" id=\"wpforms-17805-field_0\" class=\"wpforms-field-name-first wpforms-field-required\" name=\"wpforms[fields][0][first]\" required><label for=\"wpforms-17805-field_0\" class=\"wpforms-field-sublabel after wpforms-sublabel-hide\">Nombre<\/label><\/div><div class=\"wpforms-field-row-block wpforms-one-half\"><input type=\"text\" id=\"wpforms-17805-field_0-last\" class=\"wpforms-field-name-last wpforms-field-required\" name=\"wpforms[fields][0][last]\" required><label for=\"wpforms-17805-field_0-last\" class=\"wpforms-field-sublabel after wpforms-sublabel-hide\">Apellidos<\/label><\/div><\/div><\/div><div id=\"wpforms-17805-field_1-container\" class=\"wpforms-field wpforms-field-email\" data-field-id=\"1\"><label class=\"wpforms-field-label\" for=\"wpforms-17805-field_1\">Email <span class=\"wpforms-required-label\">*<\/span><\/label><input type=\"email\" id=\"wpforms-17805-field_1\" class=\"wpforms-field-medium wpforms-field-required\" name=\"wpforms[fields][1]\" required><\/div><div id=\"wpforms-17805-field_3-container\" class=\"wpforms-field wpforms-field-phone\" data-field-id=\"3\"><label class=\"wpforms-field-label\" for=\"wpforms-17805-field_3\">Tel\u00e9fono<\/label><input type=\"tel\" id=\"wpforms-17805-field_3\" class=\"wpforms-field-medium\" data-rule-int-phone-field=\"true\" name=\"wpforms[fields][3]\" ><\/div><div id=\"wpforms-17805-field_2-container\" class=\"wpforms-field wpforms-field-textarea\" data-field-id=\"2\"><label class=\"wpforms-field-label\" for=\"wpforms-17805-field_2\">Comentario o mensaje <span class=\"wpforms-required-label\">*<\/span><\/label><textarea id=\"wpforms-17805-field_2\" class=\"wpforms-field-medium wpforms-field-required\" name=\"wpforms[fields][2]\" required><\/textarea><\/div><div id=\"wpforms-17805-field_4-container\" class=\"wpforms-field wpforms-field-html\" data-field-id=\"4\"><div id=\"wpforms-17805-field_4\"><small><b>\u00a1Protegemos tus datos!<\/b> Solo utilizamos sus datos para responder a sus preguntas y nunca los transmitimos a terceros. <a href=\"https:\/\/bestelements.de\/datenschutzerklaerung\/\" target=\"_blank\">Pol\u00edtica de privacidad<\/a><\/small><\/div><\/div><\/div><div class=\"wpforms-field wpforms-field-hp\"><label for=\"wpforms-17805-field-hp\" class=\"wpforms-field-label\">Email<\/label><input type=\"text\" name=\"wpforms[hp]\" id=\"wpforms-17805-field-hp\" class=\"wpforms-field-medium\"><\/div><input type=\"hidden\" name=\"wpforms[recaptcha]\" value=\"\"><div class=\"wpforms-submit-container\" ><input type=\"hidden\" name=\"wpforms[id]\" value=\"17805\"><input type=\"hidden\" name=\"wpforms[author]\" value=\"1\"><button type=\"submit\" name=\"wpforms[submit]\" class=\"wpforms-submit button-blue\" id=\"wpforms-submit-17805\" value=\"wpforms-submit\" aria-live=\"assertive\" data-alt-text=\"Ser\u00e1 enviado...\" data-submit-text=\"Enviar\">Enviar<\/button><\/div><\/form><\/div>  <!-- .wpforms-container --><\/p>\n<figure class=\"wp-block-table\">\n<div class=\"table-1\">\n<table width=\"100%\">\n<tbody>\n<tr>\n<td>Fuente de alimentaci\u00f3n<\/td>\n<td>Bater\u00eda de litio recargable de 2000 mAh<\/td>\n<\/tr>\n<tr>\n<td>Cargando<\/td>\n<td>Con Micro-USB de 5V DC a trav\u00e9s de un enchufe USB o cargador de tel\u00e9fono m\u00f3vil (no incluido, <a href=\"https:\/\/bestelements.de\/de\/kaufen\/zubehoer\/ersatzteile-wasserstoffbooster\/?attribute_pa_ersatzteile-wasserbooster=usb-stecker&#038;attribute_pa_farbe=uni\">p\u00eddalo aqu\u00ed si es necesario<\/a>)<\/td>\n<\/tr>\n<tr>\n<td>Operaci\u00f3n continua<\/td>\n<td>Aproximadamente 7 horas sin cargar<\/td>\n<\/tr>\n<tr>\n<td>Peso<\/td>\n<td>Dispositivo de medici\u00f3n 200 g, con estuche 490 g<\/td>\n<\/tr>\n<tr>\n<td>Dimensiones<\/td>\n<td>Aparato: 164 x 74 x 26 mm, caja del equipo: 320 x 180 x 45 mm<\/td>\n<\/tr>\n<tr>\n<td>Alcance de la entrega\t<\/td>\n<td>Dispositivo de medici\u00f3n, manual, cable de carga USB, caja del equipo<\/td>\n<\/tr>\n<\/tbody>\n<\/table>\n<\/div>\n<\/figure>\n<p><\/p>","protected":false},"excerpt":{"rendered":"<h2><span class=\"blue-back\">BE AIR POINT<\/span> <span class=\"gray\">Dispositivo de medici\u00f3n de la calidad del aire<\/span><\/h2>\n<div class=\"blue-back\">Lecturas en tiempo real de polvo fino, formaldeh\u00eddo, TVOC, di\u00f3xido de carbono CO\u2082, humedad y temperatura<\/div>\n<p>Medici\u00f3n de la calidad del aire en instituciones educativas, instalaciones de apoyo social y salas de grupos para garantizar el aire respirable puro, detector de calidad del aire multifuncional, tecnolog\u00eda de sensores dise\u00f1ada y adecuada para:<\/p>\n<ul>\n<li>Escuelas, universidades y guarder\u00edas<\/li>\n<li>Residencias de ancianos, residencias de ancianos<\/li>\n<li>Hoteles y restaurantes<\/li>\n<li>Oficinas, autoridades, edificios administrativos.<\/li>\n<li>Tiendas, oficinas, bibliotecas<\/li>\n<li>Consultorios y cl\u00ednicas m\u00e9dicas<\/li>\n<li>Instalaciones deportivas y gimnasios<\/li>\n<li>Oficinas, casa y hogar<\/li>\n<li>Es posible exportar los datos al PC<\/li>\n<\/ul>\n","protected":false},"featured_media":23139,"template":"","meta":{"footnotes":""},"product_brand":[],"product_cat":[107,297],"product_tag":[266],"class_list":{"0":"post-5024","1":"product","2":"type-product","3":"status-publish","4":"has-post-thumbnail","6":"product_cat-luftfilter-luftreiniger-onlineshop","7":"product_cat-messgeraete-luftqualitaet","8":"product_tag-test","10":"first","11":"instock","12":"featured","13":"taxable","14":"shipping-taxable","15":"purchasable","16":"product-type-simple"},"_links":{"self":[{"href":"https:\/\/bestelements.de\/es\/wp-json\/wp\/v2\/product\/5024","targetHints":{"allow":["GET"]}}],"collection":[{"href":"https:\/\/bestelements.de\/es\/wp-json\/wp\/v2\/product"}],"about":[{"href":"https:\/\/bestelements.de\/es\/wp-json\/wp\/v2\/types\/product"}],"version-history":[{"count":2,"href":"https:\/\/bestelements.de\/es\/wp-json\/wp\/v2\/product\/5024\/revisions"}],"predecessor-version":[{"id":33774,"href":"https:\/\/bestelements.de\/es\/wp-json\/wp\/v2\/product\/5024\/revisions\/33774"}],"wp:featuredmedia":[{"embeddable":true,"href":"https:\/\/bestelements.de\/es\/wp-json\/wp\/v2\/media\/23139"}],"wp:attachment":[{"href":"https:\/\/bestelements.de\/es\/wp-json\/wp\/v2\/media?parent=5024"}],"wp:term":[{"taxonomy":"product_brand","embeddable":true,"href":"https:\/\/bestelements.de\/es\/wp-json\/wp\/v2\/product_brand?post=5024"},{"taxonomy":"product_cat","embeddable":true,"href":"https:\/\/bestelements.de\/es\/wp-json\/wp\/v2\/product_cat?post=5024"},{"taxonomy":"product_tag","embeddable":true,"href":"https:\/\/bestelements.de\/es\/wp-json\/wp\/v2\/product_tag?post=5024"}],"curies":[{"name":"wp","href":"https:\/\/api.w.org\/{rel}","templated":true}]}}