{"id":4155,"date":"2021-03-23T14:21:06","date_gmt":"2021-03-23T13:21:06","guid":{"rendered":"https:\/\/bestelements.de\/?post_type=product&#038;p=4155"},"modified":"2024-01-14T10:59:25","modified_gmt":"2024-01-14T09:59:25","slug":"edelstahl-3-wege-trinkwasserhahn","status":"publish","type":"product","link":"https:\/\/bestelements.de\/es\/kaufen\/zubehoer-trinkwasser\/edelstahl-3-wege-trinkwasserhahn\/","title":{"rendered":"Grifo de agua potable de 3 v\u00edas de acero inoxidable"},"content":{"rendered":"<p>Altura: 350 mm<br \/>\nAnchura: 327 mm<\/p>\n<p>Di\u00e1metro de la base del grifo: aproximadamente 50 mm.<br \/>\nAltura de la encimera: m\u00e1ximo 55 mm<\/p>\n<p>Longitud de la manguera de agua fr\u00eda y caliente: aproximadamente 500 mm<br \/>\nLongitud de la manguera de permeado: aproximadamente 370 mm<\/p>\n<p>Conexi\u00f3n en la entrada: tubo de 1\/4\u00bb OD &#8211; John Guest Speedfit<\/p>\n<p>Las mangueras para la conexi\u00f3n de agua fr\u00eda y caliente tienen una longitud aproximada de 500 mm. La manguera de permeado, que est\u00e1 conectada a la salida de agua ultrapura del sistema de filtrado de agua, tiene una longitud aproximada de 370 mm.<\/p>","protected":false},"excerpt":{"rendered":"<p>El grifo de agua potable de 3 v\u00edas est\u00e1 fabricado en acero inoxidable de alta calidad, apto para agua potable y, con sus 3 ca\u00f1os, est\u00e1 dise\u00f1ado para el uso de agua del grifo fr\u00eda\/caliente y agua potable m\u00e1s pura. Gracias a la salida adicional, no es necesario instalar un grifo separado en el fregadero para un sistema de filtrado de agua.<\/p>\n","protected":false},"featured_media":2779,"template":"","meta":{"footnotes":""},"product_brand":[],"product_cat":[159],"product_tag":[],"class_list":{"0":"post-4155","1":"product","2":"type-product","3":"status-publish","4":"has-post-thumbnail","6":"product_cat-zubehoer-trinkwasser","8":"first","9":"instock","10":"taxable","11":"shipping-taxable","12":"purchasable","13":"product-type-simple"},"_links":{"self":[{"href":"https:\/\/bestelements.de\/es\/wp-json\/wp\/v2\/product\/4155","targetHints":{"allow":["GET"]}}],"collection":[{"href":"https:\/\/bestelements.de\/es\/wp-json\/wp\/v2\/product"}],"about":[{"href":"https:\/\/bestelements.de\/es\/wp-json\/wp\/v2\/types\/product"}],"version-history":[{"count":0,"href":"https:\/\/bestelements.de\/es\/wp-json\/wp\/v2\/product\/4155\/revisions"}],"wp:featuredmedia":[{"embeddable":true,"href":"https:\/\/bestelements.de\/es\/wp-json\/wp\/v2\/media\/2779"}],"wp:attachment":[{"href":"https:\/\/bestelements.de\/es\/wp-json\/wp\/v2\/media?parent=4155"}],"wp:term":[{"taxonomy":"product_brand","embeddable":true,"href":"https:\/\/bestelements.de\/es\/wp-json\/wp\/v2\/product_brand?post=4155"},{"taxonomy":"product_cat","embeddable":true,"href":"https:\/\/bestelements.de\/es\/wp-json\/wp\/v2\/product_cat?post=4155"},{"taxonomy":"product_tag","embeddable":true,"href":"https:\/\/bestelements.de\/es\/wp-json\/wp\/v2\/product_tag?post=4155"}],"curies":[{"name":"wp","href":"https:\/\/api.w.org\/{rel}","templated":true}]}}