{"id":4154,"date":"2021-03-23T14:05:49","date_gmt":"2021-03-23T13:05:49","guid":{"rendered":"https:\/\/bestelements.de\/?post_type=product&#038;p=4154"},"modified":"2025-12-02T11:18:00","modified_gmt":"2025-12-02T10:18:00","slug":"edelstahl-trinkwasserhahn","status":"publish","type":"product","link":"https:\/\/bestelements.de\/es\/kaufen\/zubehoer-trinkwasser\/edelstahl-trinkwasserhahn\/","title":{"rendered":"Grifo de agua potable de acero inoxidable"},"content":{"rendered":"<p><\/p>\n<div class=\"table-1\">\n<table width=\"100%\">\n<tbody>\n<tr>\n<td>Altura incluida la base<\/td>\n<td>\u00a0212 mm, sin base 205 mm<\/td>\n<\/tr>\n<tr>\n<td>\u00a0Anchura<\/td>\n<td>\u00a075 mm<\/td>\n<\/tr>\n<tr>\n<td>\u00a0Radio de giro<\/td>\n<td>\u00a0120 mm<\/td>\n<\/tr>\n<tr>\n<td>\u00a0Material de sellado<\/td>\n<td>\u00a0Disco doble cer\u00e1mico<\/td>\n<\/tr>\n<tr>\n<td>\u00a0Material de grifo<\/td>\n<td>\u00a0Acero inoxidable V4A<\/td>\n<\/tr>\n<tr>\n<td>\u00a0Peso<\/td>\n<td>\u00a0420 g<\/td>\n<\/tr>\n<\/tbody>\n<\/table>\n<\/div>\n<p><\/p>","protected":false},"excerpt":{"rendered":"<p>El grifo de agua potable est\u00e1 fabricado en acero inoxidable V4A de alta calidad, apto para agua potable, con juntas cer\u00e1micas resistentes al desgaste. El pico es extra\u00edble para facilitar su limpieza.<\/p>\n","protected":false},"featured_media":2778,"template":"","meta":{"footnotes":""},"product_brand":[],"product_cat":[159],"product_tag":[],"class_list":{"0":"post-4154","1":"product","2":"type-product","3":"status-publish","4":"has-post-thumbnail","6":"product_cat-zubehoer-trinkwasser","8":"first","9":"instock","10":"taxable","11":"shipping-taxable","12":"purchasable","13":"product-type-simple"},"_links":{"self":[{"href":"https:\/\/bestelements.de\/es\/wp-json\/wp\/v2\/product\/4154","targetHints":{"allow":["GET"]}}],"collection":[{"href":"https:\/\/bestelements.de\/es\/wp-json\/wp\/v2\/product"}],"about":[{"href":"https:\/\/bestelements.de\/es\/wp-json\/wp\/v2\/types\/product"}],"version-history":[{"count":0,"href":"https:\/\/bestelements.de\/es\/wp-json\/wp\/v2\/product\/4154\/revisions"}],"wp:featuredmedia":[{"embeddable":true,"href":"https:\/\/bestelements.de\/es\/wp-json\/wp\/v2\/media\/2778"}],"wp:attachment":[{"href":"https:\/\/bestelements.de\/es\/wp-json\/wp\/v2\/media?parent=4154"}],"wp:term":[{"taxonomy":"product_brand","embeddable":true,"href":"https:\/\/bestelements.de\/es\/wp-json\/wp\/v2\/product_brand?post=4154"},{"taxonomy":"product_cat","embeddable":true,"href":"https:\/\/bestelements.de\/es\/wp-json\/wp\/v2\/product_cat?post=4154"},{"taxonomy":"product_tag","embeddable":true,"href":"https:\/\/bestelements.de\/es\/wp-json\/wp\/v2\/product_tag?post=4154"}],"curies":[{"name":"wp","href":"https:\/\/api.w.org\/{rel}","templated":true}]}}