{"id":3617,"date":"2021-02-01T09:26:02","date_gmt":"2021-02-01T08:26:02","guid":{"rendered":"https:\/\/bestelements.de\/?post_type=product&#038;p=3617"},"modified":"2021-09-20T11:17:05","modified_gmt":"2021-09-20T09:17:05","slug":"trinkwasser-filteranlage-in-fahrzeugen","status":"publish","type":"product","link":"https:\/\/bestelements.de\/es\/kaufen\/trinkwasserfilter\/trinkwasser-filteranlage-in-fahrzeugen\/","title":{"rendered":"(Deutsch) Trinkwasser-Filteranlagen serienm\u00e4\u00dfig in Fahrzeugen"},"content":{"rendered":"<p class=\"qtranxs-available-languages-message qtranxs-available-languages-message-es\">Disculpa, pero esta entrada est\u00e1 disponible s\u00f3lo en <a href=\"https:\/\/bestelements.de\/de\/wp-json\/wp\/v2\/product\/3617\" class=\"qtranxs-available-language-link qtranxs-available-language-link-de\" title=\"Deutsch\">Deutsch<\/a> y <a href=\"https:\/\/bestelements.de\/en\/wp-json\/wp\/v2\/product\/3617\" class=\"qtranxs-available-language-link qtranxs-available-language-link-en\" title=\"English\">English<\/a>.<\/p><p><div class=\"wpforms-container wpforms-container-full\" id=\"wpforms-2561\"><form id=\"wpforms-form-2561\" class=\"wpforms-validate wpforms-form\" data-formid=\"2561\" method=\"post\" enctype=\"multipart\/form-data\" action=\"\/es\/wp-json\/wp\/v2\/product\/3617\"><noscript class=\"wpforms-error-noscript\">Por favor, activa JavaScript en tu navegador para completar este formulario.<\/noscript><div class=\"wpforms-field-container\"><div id=\"wpforms-2561-field_3-container\" class=\"wpforms-field wpforms-field-checkbox\" data-field-id=\"3\"><label class=\"wpforms-field-label\" for=\"wpforms-2561-field_3\">Bitte senden Sie mir Informationen. Wir interessieren uns f\u00fcr Umkehrosmose-Filtersysteme f\u00fcr: <span class=\"wpforms-required-label\">*<\/span><\/label><ul id=\"wpforms-2561-field_3\" class=\"wpforms-field-required\"><li class=\"choice-2 depth-1\"><input type=\"checkbox\" id=\"wpforms-2561-field_3_2\" name=\"wpforms[fields][3][]\" value=\"Autos \/ Fahrzeugindustrie\" required ><label class=\"wpforms-field-label-inline\" for=\"wpforms-2561-field_3_2\">Autos \/ Fahrzeugindustrie<\/label><\/li><li class=\"choice-1 depth-1\"><input type=\"checkbox\" id=\"wpforms-2561-field_3_1\" name=\"wpforms[fields][3][]\" value=\"Wohnmobile\" required ><label class=\"wpforms-field-label-inline\" for=\"wpforms-2561-field_3_1\">Wohnmobile<\/label><\/li><li class=\"choice-3 depth-1\"><input type=\"checkbox\" id=\"wpforms-2561-field_3_3\" name=\"wpforms[fields][3][]\" value=\"Schiffe\" required ><label class=\"wpforms-field-label-inline\" for=\"wpforms-2561-field_3_3\">Schiffe<\/label><\/li><\/ul><\/div><div id=\"wpforms-2561-field_0-container\" class=\"wpforms-field wpforms-field-name\" data-field-id=\"0\"><label class=\"wpforms-field-label\" for=\"wpforms-2561-field_0\">Name <span class=\"wpforms-required-label\">*<\/span><\/label><div class=\"wpforms-field-row wpforms-field-medium\"><div class=\"wpforms-field-row-block wpforms-first wpforms-one-half\"><input type=\"text\" id=\"wpforms-2561-field_0\" class=\"wpforms-field-name-first wpforms-field-required\" name=\"wpforms[fields][0][first]\" required><label for=\"wpforms-2561-field_0\" class=\"wpforms-field-sublabel after wpforms-sublabel-hide\">Nombre<\/label><\/div><div class=\"wpforms-field-row-block wpforms-one-half\"><input type=\"text\" id=\"wpforms-2561-field_0-last\" class=\"wpforms-field-name-last wpforms-field-required\" name=\"wpforms[fields][0][last]\" required><label for=\"wpforms-2561-field_0-last\" class=\"wpforms-field-sublabel after wpforms-sublabel-hide\">Apellidos<\/label><\/div><\/div><\/div><div id=\"wpforms-2561-field_1-container\" class=\"wpforms-field wpforms-field-email\" data-field-id=\"1\"><label class=\"wpforms-field-label\" for=\"wpforms-2561-field_1\">E-Mail <span class=\"wpforms-required-label\">*<\/span><\/label><input type=\"email\" id=\"wpforms-2561-field_1\" class=\"wpforms-field-medium wpforms-field-required\" name=\"wpforms[fields][1]\" required><\/div><div id=\"wpforms-2561-field_2-container\" class=\"wpforms-field wpforms-field-textarea\" data-field-id=\"2\"><label class=\"wpforms-field-label\" for=\"wpforms-2561-field_2\">Ihre Anfrage <span class=\"wpforms-required-label\">*<\/span><\/label><textarea id=\"wpforms-2561-field_2\" class=\"wpforms-field-medium wpforms-field-required\" name=\"wpforms[fields][2]\" required><\/textarea><\/div><div id=\"wpforms-2561-field_4-container\" class=\"wpforms-field wpforms-field-html\" data-field-id=\"4\"><div id=\"wpforms-2561-field_4\"><small><b>Wir sch\u00fctzen Ihre Daten!<\/b> Wir verwenden Ihre Daten ausschlie\u00dflich zur Beantwortung Ihrer Fragen und geben sie keinesfalls an Dritte weiter. <a href=\"https:\/\/bestelements.de\/de\/datenschutzerklaerung\/\" target=\"_blank\">Datenschutzbestimmungen<\/a><\/small><\/div><\/div><\/div><div class=\"wpforms-field wpforms-field-hp\"><label for=\"wpforms-2561-field-hp\" class=\"wpforms-field-label\">Phone<\/label><input type=\"text\" name=\"wpforms[hp]\" id=\"wpforms-2561-field-hp\" class=\"wpforms-field-medium\"><\/div><input type=\"hidden\" name=\"wpforms[recaptcha]\" value=\"\"><div class=\"wpforms-submit-container\" ><input type=\"hidden\" name=\"wpforms[id]\" value=\"2561\"><input type=\"hidden\" name=\"wpforms[author]\" value=\"1\"><button type=\"submit\" name=\"wpforms[submit]\" class=\"wpforms-submit \" id=\"wpforms-submit-2561\" value=\"wpforms-submit\" aria-live=\"assertive\" data-alt-text=\"Senden...\" data-submit-text=\"Absenden\">Absenden<\/button><\/div><\/form><\/div>  <!-- .wpforms-container --><\/p>","protected":false},"excerpt":{"rendered":"<p class=\"qtranxs-available-languages-message qtranxs-available-languages-message-es\">Disculpa, pero esta entrada est\u00e1 disponible s\u00f3lo en <a href=\"https:\/\/bestelements.de\/de\/wp-json\/wp\/v2\/product\/3617\" class=\"qtranxs-available-language-link qtranxs-available-language-link-de\" title=\"Deutsch\">Deutsch<\/a> y <a href=\"https:\/\/bestelements.de\/en\/wp-json\/wp\/v2\/product\/3617\" class=\"qtranxs-available-language-link qtranxs-available-language-link-en\" title=\"English\">English<\/a>.<\/p>\n<h2 class=\"entry-title fusion-post-title fusion-responsive-typography-calculated\" data-fontsize=\"19.2\" data-lineheight=\"24.96px\">Serienm\u00e4\u00dfig Trinkwasserfilter f\u00fcr PKW und LKW<\/h2>\n<p>Im mobilen Sektor werden Trinkwasser-Filteranlagen immer wichtiger. Die Autoindustrie sucht L\u00f6sungen auch mobil reinstes Trinkwasser in PKW und LKW zur Verf\u00fcgung zu stellen. Im Bereich Reisemobile und Caravaning sind gute Trinkwasserfilter eine Voraussetzung, unterwegs und unabh\u00e4ngig reinstes Trinkwasser zur Verf\u00fcgung zu haben.<\/p>\n<h2 class=\"fusion-responsive-typography-calculated\" data-fontsize=\"27.2\" data-lineheight=\"32.64px\"><span class=\"blue-back\">BE WA<\/span>\u00a0<span class=\"gray\">Move<\/span><\/h2>\n<p>Ausgestattet mit<\/p>\n<ul>\n<li>Umkehrosmose-Membranen<\/li>\n<li>Pumpen<\/li>\n<li>Vor- und Nachfilter<\/li>\n<li>Steuereinheit<\/li>\n<li>Entnahmeh\u00e4hne<\/li>\n<\/ul>\n<p>k\u00f6nnen wir sicherstellen, dass Ihre mobilen Anforderungen erf\u00fcllt werden. Vorfilter und Nachfilter sind antibakteriell. Wir verwenden nur beste Materialien mit hoher Zuverl\u00e4ssigkeit. Mit unserer Technologie erreichen wir ein Reinst-\/Rohwasser-Verh\u00e4ltnis von besser als 1 : 0,9.<\/p>\n","protected":false},"featured_media":3618,"template":"","meta":{"footnotes":""},"product_brand":[],"product_cat":[103,179,180,199],"product_tag":[],"class_list":{"0":"post-3617","1":"product","2":"type-product","3":"status-publish","4":"has-post-thumbnail","6":"product_cat-trinkwasserfilter","7":"product_cat-industriewasserfilteranlagen","8":"product_cat-fahrzeug-wasserfilteranlagen","9":"product_cat-serienmaessige-kfz-wasserfilter","11":"first","12":"instock","13":"virtual","14":"product-type-simple"},"_links":{"self":[{"href":"https:\/\/bestelements.de\/es\/wp-json\/wp\/v2\/product\/3617","targetHints":{"allow":["GET"]}}],"collection":[{"href":"https:\/\/bestelements.de\/es\/wp-json\/wp\/v2\/product"}],"about":[{"href":"https:\/\/bestelements.de\/es\/wp-json\/wp\/v2\/types\/product"}],"version-history":[{"count":0,"href":"https:\/\/bestelements.de\/es\/wp-json\/wp\/v2\/product\/3617\/revisions"}],"wp:featuredmedia":[{"embeddable":true,"href":"https:\/\/bestelements.de\/es\/wp-json\/wp\/v2\/media\/3618"}],"wp:attachment":[{"href":"https:\/\/bestelements.de\/es\/wp-json\/wp\/v2\/media?parent=3617"}],"wp:term":[{"taxonomy":"product_brand","embeddable":true,"href":"https:\/\/bestelements.de\/es\/wp-json\/wp\/v2\/product_brand?post=3617"},{"taxonomy":"product_cat","embeddable":true,"href":"https:\/\/bestelements.de\/es\/wp-json\/wp\/v2\/product_cat?post=3617"},{"taxonomy":"product_tag","embeddable":true,"href":"https:\/\/bestelements.de\/es\/wp-json\/wp\/v2\/product_tag?post=3617"}],"curies":[{"name":"wp","href":"https:\/\/api.w.org\/{rel}","templated":true}]}}