{"id":30059,"date":"2025-05-16T15:51:18","date_gmt":"2025-05-16T13:51:18","guid":{"rendered":"https:\/\/bestelements.de\/?post_type=product&#038;p=30059"},"modified":"2025-05-17T11:52:06","modified_gmt":"2025-05-17T09:52:06","slug":"schimmelentferner-schimmeltests","status":"publish","type":"product","link":"https:\/\/bestelements.de\/es\/kaufen\/messgeraete-luftqualitaet\/schimmelentferner-schimmeltests\/","title":{"rendered":"Eliminaci\u00f3n y an\u00e1lisis de moho en el laboratorio IVARIO"},"content":{"rendered":"<p><\/p>\n<h2>Eliminadores de moho \/ aerosoles antimoho<\/h2>\n<h3>REMOVEDOR DE MOHO<\/h3>\n<ul>\n<li>Combate la infestaci\u00f3n persistente de moho<\/li>\n<li>Efecto inmediato y duradero<\/li>\n<li>Aplicable a juntas de silicona, paredes, duchas y ba\u00f1os y mucho m\u00e1s<\/li>\n<li>Botella pulverizadora de 500 ml, extrafuerte<\/li>\n<\/ul>\n<h3>REMOVEDOR DE MOHO SIN CLORO<\/h3>\n<ul>\n<li>Eliminaci\u00f3n de moho sin olor y respetuosa con el medio ambiente<\/li>\n<li>Perfecto para \u00e1reas infestadas m\u00e1s peque\u00f1as<\/li>\n<li>Para todo el hogar, p. ej. ba\u00f1o, paredes y ventanas y mucho m\u00e1s<\/li>\n<li>Botella pulverizadora de 250 ml<\/li>\n<\/ul>\n<h2>An\u00e1lisis y pruebas de moho<\/h2>\n<p>Detecci\u00f3n y eliminaci\u00f3n sostenible del moho: An\u00e1lisis para un hogar seguro y saludable.<\/p>\n<h3>AN\u00c1LISIS DE MOHO PRUEBA DE LABORATORIO DE MOHO COMPLETA<\/h3>\n<ul>\n<li>Especialmente \u00fatil si se sospecha que hay moho o una infestaci\u00f3n visible<\/li>\n<li>Adecuado para presentar a expertos, m\u00e9dicos y profesionales alternativos para aclarar cuestiones de salud<\/li>\n<li>Ideal para personas inmunodeprimidas, mujeres embarazadas, familias y asm\u00e1ticos<\/li>\n<\/ul>\n<h3>PRUEBA DE LABORATORIO DE MOHO PARA SUPERFICIES Y PAREDES<\/h3>\n<ul>\n<li>Perfecto para el crecimiento visible de moho o decoloraci\u00f3n<\/li>\n<li>Determina el tipo de moho e identifica posibles causas<\/li>\n<li>Especialmente recomendado para personas inmunodeprimidas, mujeres embarazadas y asm\u00e1ticos<\/li>\n<\/ul>\n<h3>PRUEBA DE LABORATORIO DE MOHO EN AIRE INTERIOR<\/h3>\n<ul>\n<li>Confiable cuando se sospecha la presencia de moho<\/li>\n<li>Ideal para dormitorios, salones y habitaciones infantiles o para mudanzas<\/li>\n<li>Adecuado para personas inmunodeprimidas, mujeres embarazadas, familias y asm\u00e1ticos<\/li>\n<\/ul>\n<h3>AUTOPRUEBA DE MOHO EN EL AIRE INTERIOR<\/h3>\n<ul>\n<li>\u00datil para habitaciones mal aisladas, con alta humedad, mala ventilaci\u00f3n o temperatura ambiente permanentemente baja<\/li>\n<li>An\u00e1lisis de moho r\u00e1pido y rentable para obtener resultados confiables, ideal para la evaluaci\u00f3n inicial<\/li>\n<li>Especialmente recomendado para personas inmunodeprimidas, embarazadas, familias y asm\u00e1ticos<\/li>\n<\/ul>\n<h3>M\u00e1s pruebas de laboratorio<\/h3>\n<ul>\n<li>\n<h3 class=\"product-title fusion-responsive-typography-calculated\" data-fontsize=\"19.2\" data-lineheight=\"26.88px\"><a href=\"https:\/\/bestelements.de\/es\/kaufen\/trinkwassertest\/trinkwassertest\/\">Pruebas de agua potable<\/a><\/h3>\n<\/li>\n<li>\n<h3><a href=\"https:\/\/bestelements.de\/es\/kaufen\/messgeraete-luftqualitaet\/asbesttests\/\">Pruebas de amianto<\/a><\/h3>\n<\/li>\n<\/ul>\n<p><small>Recomendamos realizar pruebas mediante una empresa asociada. El enlace a la prueba es un llamado enlace de afiliado y conduce directamente al proveedor. El precio es el mismo que directamente del proveedor, no te saldr\u00e1 m\u00e1s caro y podr\u00e1s recibir un descuento a trav\u00e9s de nuestro enlace. La descripci\u00f3n proviene del vendedor. Hay m\u00e1s pruebas disponibles en el sitio web de la empresa asociada.<\/small><\/p>","protected":false},"excerpt":{"rendered":"<h2>Eliminadores de moho y pruebas de moho<\/h2>\n<p>REMOVEDOR DE MOHO<\/p>\n<p>REMOVEDOR DE MOHO SIN CLORO<\/p>\n<p>An\u00e1lisis de moho Prueba de laboratorio de moho completa<\/p>\n<p>PRUEBA DE LABORATORIO DE MOHO para SUPERFICIES y PAREDES<\/p>\n<p>PRUEBA DE LABORATORIO DE MOHO<\/p>\n<p>AUTOPRUEBA DE MOHO<\/p>\n","protected":false},"featured_media":30073,"template":"","meta":{"footnotes":""},"product_brand":[],"product_cat":[297],"product_tag":[266],"class_list":{"0":"post-30059","1":"product","2":"type-product","3":"status-publish","4":"has-post-thumbnail","6":"product_cat-messgeraete-luftqualitaet","7":"product_tag-test","9":"first","10":"instock","11":"product-type-external"},"_links":{"self":[{"href":"https:\/\/bestelements.de\/es\/wp-json\/wp\/v2\/product\/30059","targetHints":{"allow":["GET"]}}],"collection":[{"href":"https:\/\/bestelements.de\/es\/wp-json\/wp\/v2\/product"}],"about":[{"href":"https:\/\/bestelements.de\/es\/wp-json\/wp\/v2\/types\/product"}],"version-history":[{"count":0,"href":"https:\/\/bestelements.de\/es\/wp-json\/wp\/v2\/product\/30059\/revisions"}],"wp:featuredmedia":[{"embeddable":true,"href":"https:\/\/bestelements.de\/es\/wp-json\/wp\/v2\/media\/30073"}],"wp:attachment":[{"href":"https:\/\/bestelements.de\/es\/wp-json\/wp\/v2\/media?parent=30059"}],"wp:term":[{"taxonomy":"product_brand","embeddable":true,"href":"https:\/\/bestelements.de\/es\/wp-json\/wp\/v2\/product_brand?post=30059"},{"taxonomy":"product_cat","embeddable":true,"href":"https:\/\/bestelements.de\/es\/wp-json\/wp\/v2\/product_cat?post=30059"},{"taxonomy":"product_tag","embeddable":true,"href":"https:\/\/bestelements.de\/es\/wp-json\/wp\/v2\/product_tag?post=30059"}],"curies":[{"name":"wp","href":"https:\/\/api.w.org\/{rel}","templated":true}]}}