{"id":30049,"date":"2025-05-16T14:16:47","date_gmt":"2025-05-16T12:16:47","guid":{"rendered":"https:\/\/bestelements.de\/?post_type=product&#038;p=30049"},"modified":"2025-05-17T11:53:02","modified_gmt":"2025-05-17T09:53:02","slug":"asbesttests","status":"publish","type":"product","link":"https:\/\/bestelements.de\/es\/kaufen\/messgeraete-luftqualitaet\/asbesttests\/","title":{"rendered":"Pruebas de amianto en el laboratorio IVARIO"},"content":{"rendered":"<p><\/p>\n<h2>Pruebas y an\u00e1lisis de amianto para clientes privados y comerciales<\/h2>\n<p>Durante d\u00e9cadas, el amianto se consider\u00f3 un material de construcci\u00f3n popular; hoy se sabe que el material es peligroso para la salud y puede causar enfermedades graves como asbestosis o c\u00e1ncer. Si se sospecha que hay contaminaci\u00f3n por amianto, es fundamental actuar r\u00e1pidamente. Un an\u00e1lisis de laboratorio proporciona claridad y certeza.<\/p>\n<p>Los ensayos de amianto presentados est\u00e1n dirigidos tanto a particulares como a empresas. Nuestros m\u00e9todos anal\u00edticos son confiables, f\u00e1ciles de entender y adaptados espec\u00edficamente a diferentes \u00e1reas de aplicaci\u00f3n. Elija la soluci\u00f3n adecuada para sus necesidades entre tres variantes de prueba:<\/p>\n<h3>POLVO DOM\u00c9STICO DE PRUEBA DE AMIANTO<\/h3>\n<ul>\n<li>Evaluaci\u00f3n del aire interior<\/li>\n<li>Analiza muestras de polvo en busca de fibras de amianto.<\/li>\n<li>Ideal despu\u00e9s de trabajos de renovaci\u00f3n o demolici\u00f3n y al mudarse a una nueva propiedad.<\/li>\n<li>Recomendado para edificios construidos antes de 1993<\/li>\n<li>Examen de muestras de polvo para detectar fibras de amianto.<\/li>\n<\/ul>\n<p>GRUPO 1 DE MATERIALES DE PRUEBA DE AMIANTO<\/p>\n<p>Antes de las renovaciones<\/p>\n<ul>\n<li>Indispensable antes de realizar obras de reforma o demolici\u00f3n.<\/li>\n<li>Importante para edificios construidos antes de 1993<\/li>\n<li>Analiza materiales de construcci\u00f3n como paneles aislantes, cemento y masilla para ventanas, con un l\u00edmite de detecci\u00f3n del 0,1 %.<\/li>\n<li>An\u00e1lisis de materiales s\u00f3lidos como revestimientos de suelos, paneles de tejados, revestimientos de fachadas, materiales de aislamiento y mucho m\u00e1s.metro. utilizando microscop\u00eda electr\u00f3nica de barrido (SEM) incluyendo espectro EDX. L\u00edmite de detecci\u00f3n: hasta 0,1%.<\/li>\n<\/ul>\n<h3>GRUPO 2 DE MATERIALES DE PRUEBA DE AMIANTO<\/h3>\n<p>Antes de las obras de construcci\u00f3n<\/p>\n<ul>\n<li>Importante antes de realizar trabajos de renovaci\u00f3n o demolici\u00f3n de edificios construidos antes de 1993<\/li>\n<li>An\u00e1lisis detallado de materiales como fieltro para techos y yeso: l\u00edmite de detecci\u00f3n del 0,001 %<\/li>\n<li>Prueba de materiales de construcci\u00f3n como fieltro para tejados, pinturas, adhesivos para baldosas, yeso, mortero y otros para detectar fibras de amianto con un l\u00edmite de detecci\u00f3n particularmente bajo de hasta 0,001%.<\/li>\n<\/ul>\n<p>KIT DE PROTECCI\u00d3N PARA MUESTREO DE AMIANTO<\/p>\n<p>muy recomendable<\/p>\n<ul>\n<li>Para uso durante pruebas de amianto<\/li>\n<li>Kit completo y c\u00f3modo de protecci\u00f3n contra el amianto<\/li>\n<li>Protege \u00f3ptimamente las v\u00edas respiratorias, la piel y los ojos.<\/li>\n<\/ul>\n<p>El an\u00e1lisis de amianto es esencial: la contaminaci\u00f3n por amianto supone un riesgo importante para la salud, la seguridad y, en algunos casos, para su protecci\u00f3n jur\u00eddica. Los propietarios de empresas deben tener especial cuidado: las compa\u00f1\u00edas de seguros no cubren los costes posteriores si el amianto ha sido tratado de forma inadecuada. Con an\u00e1lisis de laboratorio profesionales recibir\u00e1 una evaluaci\u00f3n fundamentada y comprensible: ideal para empresas, comercios especializados y clientes privados que quieran ir a lo seguro.<\/p>\n<h3>M\u00e1s pruebas de laboratorio<\/h3>\n<ul>\n<li>\n<h3 class=\"product-title fusion-responsive-typography-calculated\" data-fontsize=\"19.2\" data-lineheight=\"26.88px\"><a href=\"https:\/\/bestelements.de\/es\/kaufen\/trinkwassertest\/trinkwassertest\/\">Pruebas de agua potable<\/a><\/h3>\n<\/li>\n<li>\n<h3><a href=\"https:\/\/bestelements.de\/es\/kaufen\/messgeraete-luftqualitaet\/schimmelentferner-schimmeltests\/\">Pruebas de moho<\/a><\/h3>\n<\/li>\n<\/ul>\n<p><small>Recomendamos realizar pruebas mediante una empresa asociada. El enlace a la prueba es un llamado enlace de afiliado y conduce directamente al proveedor. El precio es el mismo que directamente del proveedor, no te saldr\u00e1 m\u00e1s caro y podr\u00e1s recibir un descuento a trav\u00e9s de nuestro enlace. La descripci\u00f3n proviene del vendedor. Hay m\u00e1s pruebas disponibles en el sitio web de la empresa asociada.<\/small><\/p>","protected":false},"excerpt":{"rendered":"<h2>Pruebas y an\u00e1lisis de amianto para clientes privados y comerciales<\/h2>\n<p>POLVO DOM\u00c9STICO DE PRUEBA DE AMIANTO<\/p>\n<p>GRUPO 1 DE MATERIALES DE PRUEBA DE AMIANTO<\/p>\n<p>GRUPO 2 DE MATERIALES DE PRUEBA DE AMIANTO<\/p>\n<p>KIT DE PROTECCI\u00d3N PARA MUESTREO DE AMIANTO<\/p>\n","protected":false},"featured_media":30051,"template":"","meta":{"footnotes":""},"product_brand":[],"product_cat":[297],"product_tag":[266],"class_list":{"0":"post-30049","1":"product","2":"type-product","3":"status-publish","4":"has-post-thumbnail","6":"product_cat-messgeraete-luftqualitaet","7":"product_tag-test","9":"first","10":"instock","11":"product-type-external"},"_links":{"self":[{"href":"https:\/\/bestelements.de\/es\/wp-json\/wp\/v2\/product\/30049","targetHints":{"allow":["GET"]}}],"collection":[{"href":"https:\/\/bestelements.de\/es\/wp-json\/wp\/v2\/product"}],"about":[{"href":"https:\/\/bestelements.de\/es\/wp-json\/wp\/v2\/types\/product"}],"version-history":[{"count":0,"href":"https:\/\/bestelements.de\/es\/wp-json\/wp\/v2\/product\/30049\/revisions"}],"wp:featuredmedia":[{"embeddable":true,"href":"https:\/\/bestelements.de\/es\/wp-json\/wp\/v2\/media\/30051"}],"wp:attachment":[{"href":"https:\/\/bestelements.de\/es\/wp-json\/wp\/v2\/media?parent=30049"}],"wp:term":[{"taxonomy":"product_brand","embeddable":true,"href":"https:\/\/bestelements.de\/es\/wp-json\/wp\/v2\/product_brand?post=30049"},{"taxonomy":"product_cat","embeddable":true,"href":"https:\/\/bestelements.de\/es\/wp-json\/wp\/v2\/product_cat?post=30049"},{"taxonomy":"product_tag","embeddable":true,"href":"https:\/\/bestelements.de\/es\/wp-json\/wp\/v2\/product_tag?post=30049"}],"curies":[{"name":"wp","href":"https:\/\/api.w.org\/{rel}","templated":true}]}}