{"id":28789,"date":"2025-02-06T10:35:57","date_gmt":"2025-02-06T09:35:57","guid":{"rendered":"https:\/\/bestelements.de\/?post_type=product&#038;p=28789"},"modified":"2026-03-30T11:43:55","modified_gmt":"2026-03-30T09:43:55","slug":"ebook-wasserstoffreiches-trinkwasser-und-wasserstoff-inhalation-anwendung-und-studien","status":"publish","type":"product","link":"https:\/\/bestelements.de\/es\/kaufen\/buecher-ebooks\/ebook-wasserstoffreiches-trinkwasser-und-wasserstoff-inhalation-anwendung-und-studien\/","title":{"rendered":"Libro electr\u00f3nico Agua potable rica en hidr\u00f3geno e inhalaci\u00f3n de hidr\u00f3geno: aplicaciones y estudios (alem\u00e1n)"},"content":{"rendered":"<p>El contenido del libro electr\u00f3nico \u00abAgua potable rica en hidr\u00f3geno e inhalaci\u00f3n de hidr\u00f3geno &#8211; aplicaciones y estudios\u00bb son obras recopiladas de art\u00edculos publicados y ofrecen en m\u00e1s de 100 p\u00e1ginas, de forma comprimida y f\u00e1cil de entender, una presentaci\u00f3n completa de los beneficios para la salud del agua rica en hidr\u00f3geno y la inhalaci\u00f3n con inhaladores de hidr\u00f3geno y gas de Brown con aplicaciones pr\u00e1cticas en diversas \u00e1reas f\u00edsicas, enfermedades y disfunciones. Explica en detalle c\u00f3mo el hidr\u00f3geno molecular act\u00faa como un poderoso antioxidante que neutraliza los radicales libres, reduce el estr\u00e9s oxidativo y contrarresta la inflamaci\u00f3n. Estas propiedades pueden retardar el proceso de envejecimiento, promover la regeneraci\u00f3n celular y fortalecer el sistema inmunol\u00f3gico.<\/p>\n<p>Un aspecto central del libro electr\u00f3nico es el uso del hidr\u00f3geno a trav\u00e9s de la inhalaci\u00f3n. Varios dispositivos de inhalaci\u00f3n le permiten inhalar espec\u00edficamente hidr\u00f3geno o gas de Brown para maximizar los beneficios para la salud. La descripci\u00f3n detallada de los dispositivos ayuda a los usuarios a encontrar la tecnolog\u00eda adecuada para su uso en casa, en instalaciones m\u00e9dicas o centros de salud.<\/p>\n<p>El agua potable rica en hidr\u00f3geno tambi\u00e9n se describe como una forma eficaz de apoyar la salud celular. El libro explica c\u00f3mo se utilizan los potenciadores de hidr\u00f3geno para enriquecer el agua y qu\u00e9 efectos puede tener su consumo regular sobre el organismo. Bebiendo agua rica en hidr\u00f3geno todos los d\u00edas se puede fortalecer el sistema inmunol\u00f3gico del cuerpo y optimizar la producci\u00f3n de energ\u00eda a nivel celular.<\/p>\n<p>Basado en estudios cient\u00edficos actuales, el libro electr\u00f3nico proporciona una s\u00f3lida base de conocimientos para cualquier persona interesada en las propiedades beneficiosas para la salud del hidr\u00f3geno. Las descripciones detalladas de las aplicaciones y los resultados de la investigaci\u00f3n brindan informaci\u00f3n valiosa sobre c\u00f3mo se puede utilizar el hidr\u00f3geno espec\u00edficamente para promover la salud y el bienestar.<\/p>","protected":false},"excerpt":{"rendered":"<p>El libro electr\u00f3nico \u00abAgua potable rica en hidr\u00f3geno e inhalaci\u00f3n de hidr\u00f3geno: aplicaciones y estudios\u00bb ofrece una visi\u00f3n fundamentada de los estudios y aplicaciones del hidr\u00f3geno molecular. Explica en m\u00e1s de 100 p\u00e1ginas A4 el efecto antioxidante, la neutralizaci\u00f3n de los radicales libres y los efectos positivos sobre la regeneraci\u00f3n celular, la inflamaci\u00f3n y el sistema inmunol\u00f3gico. Se abordan enfermedades y disfunciones espec\u00edficas y se respaldan mediante estudios adecuados sobre la aplicaci\u00f3n del hidr\u00f3geno. Se describe en detalle el uso de agua potable rica en hidr\u00f3geno, as\u00ed como la inhalaci\u00f3n con inhaladores de hidr\u00f3geno y de gas Brown. Basado en estudios cient\u00edficos, este libro proporciona conocimientos valiosos para cualquier persona que quiera utilizar el hidr\u00f3geno espec\u00edficamente para promover la salud. Esta colecci\u00f3n de art\u00edculos publicados est\u00e1 disponible para descarga directa en formato PDF.<\/p>\n<p>eBook aqu\u00ed tambi\u00e9n <a href=\"https:\/\/amzn.to\/4hSn5zQ\">para Kindle<\/a> descargable<\/p>\n","protected":false},"featured_media":28791,"template":"","meta":{"footnotes":""},"product_brand":[],"product_cat":[255,274],"product_tag":[278],"class_list":{"0":"post-28789","1":"product","2":"type-product","3":"status-publish","4":"has-post-thumbnail","6":"product_cat-buecher-ebooks","7":"product_cat-zubehoer","8":"product_tag-h2equipment","10":"first","11":"instock","12":"downloadable","13":"virtual","14":"sold-individually","15":"taxable","16":"purchasable","17":"product-type-simple"},"_links":{"self":[{"href":"https:\/\/bestelements.de\/es\/wp-json\/wp\/v2\/product\/28789","targetHints":{"allow":["GET"]}}],"collection":[{"href":"https:\/\/bestelements.de\/es\/wp-json\/wp\/v2\/product"}],"about":[{"href":"https:\/\/bestelements.de\/es\/wp-json\/wp\/v2\/types\/product"}],"version-history":[{"count":1,"href":"https:\/\/bestelements.de\/es\/wp-json\/wp\/v2\/product\/28789\/revisions"}],"predecessor-version":[{"id":33650,"href":"https:\/\/bestelements.de\/es\/wp-json\/wp\/v2\/product\/28789\/revisions\/33650"}],"wp:featuredmedia":[{"embeddable":true,"href":"https:\/\/bestelements.de\/es\/wp-json\/wp\/v2\/media\/28791"}],"wp:attachment":[{"href":"https:\/\/bestelements.de\/es\/wp-json\/wp\/v2\/media?parent=28789"}],"wp:term":[{"taxonomy":"product_brand","embeddable":true,"href":"https:\/\/bestelements.de\/es\/wp-json\/wp\/v2\/product_brand?post=28789"},{"taxonomy":"product_cat","embeddable":true,"href":"https:\/\/bestelements.de\/es\/wp-json\/wp\/v2\/product_cat?post=28789"},{"taxonomy":"product_tag","embeddable":true,"href":"https:\/\/bestelements.de\/es\/wp-json\/wp\/v2\/product_tag?post=28789"}],"curies":[{"name":"wp","href":"https:\/\/api.w.org\/{rel}","templated":true}]}}