{"id":2795,"date":"2020-12-30T10:08:49","date_gmt":"2020-12-30T09:08:49","guid":{"rendered":"https:\/\/bestelements.de\/?post_type=product&#038;p=2795"},"modified":"2022-10-20T14:39:57","modified_gmt":"2022-10-20T12:39:57","slug":"trinkwasserfilter-fuer-die-industrie","status":"publish","type":"product","link":"https:\/\/bestelements.de\/es\/kaufen\/trinkwasserfilter\/trinkwasserfilter-fuer-die-industrie\/","title":{"rendered":"Sistemas de filtraci\u00f3n de agua potable para equipos industriales y de automoci\u00f3n"},"content":{"rendered":"<p><\/p>\n<h2><img decoding=\"async\" class=\"lazyload alignnone wp-image-6223 size-fusion-600\" src=\"https:\/\/bestelements.de\/wp-content\/uploads\/industrie-wasserfilteranlagen-600x400.jpg\" data-orig-src=\"https:\/\/bestelements.de\/wp-content\/uploads\/industrie-wasserfilteranlagen-600x400.jpg\" alt=\"\" width=\"600\" height=\"400\" srcset=\"data:image\/svg+xml,%3Csvg%20xmlns%3D%27http%3A%2F%2Fwww.w3.org%2F2000%2Fsvg%27%20width%3D%27600%27%20height%3D%27400%27%20viewBox%3D%270%200%20600%20400%27%3E%3Crect%20width%3D%27600%27%20height%3D%27400%27%20fill-opacity%3D%220%22%2F%3E%3C%2Fsvg%3E\" data-srcset=\"https:\/\/bestelements.de\/wp-content\/uploads\/industrie-wasserfilteranlagen-200x133.jpg 200w, https:\/\/bestelements.de\/wp-content\/uploads\/industrie-wasserfilteranlagen-300x200.jpg 300w, https:\/\/bestelements.de\/wp-content\/uploads\/industrie-wasserfilteranlagen-400x267.jpg 400w, https:\/\/bestelements.de\/wp-content\/uploads\/industrie-wasserfilteranlagen-500x333.jpg 500w, https:\/\/bestelements.de\/wp-content\/uploads\/industrie-wasserfilteranlagen-600x400.jpg 600w, https:\/\/bestelements.de\/wp-content\/uploads\/industrie-wasserfilteranlagen-700x467.jpg 700w, https:\/\/bestelements.de\/wp-content\/uploads\/industrie-wasserfilteranlagen-768x512.jpg 768w, https:\/\/bestelements.de\/wp-content\/uploads\/industrie-wasserfilteranlagen-800x533.jpg 800w, https:\/\/bestelements.de\/wp-content\/uploads\/industrie-wasserfilteranlagen-1024x683.jpg 1024w, https:\/\/bestelements.de\/wp-content\/uploads\/industrie-wasserfilteranlagen.jpg 1140w\" data-sizes=\"auto\" data-orig-sizes=\"(max-width: 600px) 100vw, 600px\" \/><\/h2>\n<h2><span class=\"blue-back\">BE WA1000<\/span> <span class=\"gray\">Industry<\/span><\/h2>\n<h3>Tecnolog\u00eda de \u00f3smosis inversa eficiente con extensiones innovadoras<\/h3>\n<ul>\n<li>Pantalla t\u00e1ctil 9.7&#8243;<\/li>\n<li>Recuperaci\u00f3n de agua de aclarado<\/li>\n<li>Recuperaci\u00f3n de aguas residuales<\/li>\n<li>Inicio r\u00e1pido<\/li>\n<li>Punto de toma de muestras de agua<\/li>\n<li>Redundancia electr\u00f3nica<\/li>\n<li>Tratamiento UV a 500 l\/h<\/li>\n<li>Tratamiento UV a 1000 l\/h<\/li>\n<li>Post filtro (GAC, CTO, \u2026)<\/li>\n<li>Agua &#8211; mediciones de cantidad<\/li>\n<li>monitoreo de temperatura<\/li>\n<li>HDFC (control de flujo hidrodin\u00e1mico)<\/li>\n<li>Tecnolog\u00eda \u00abHecho en Alemania\u00bb<\/li>\n<\/ul>\n<p>Se pueden operar varios sistemas juntos. Con una prefiltraci\u00f3n especial podemos conseguir una conductividad inferior a 1,3 mS\/cm (a 25\u00b0C). Incluso cero mS\/cm son posibles. El prefiltro y el postfiltro son antibacterianos. Utilizamos materiales de la m\u00e1s alta calidad con alta confiabilidad. Esta tecnolog\u00eda logra una proporci\u00f3n de agua ultrapura\/agua cruda mejor que 1:0,9.<\/p>\n<h2><span class=\"blue-back\">BE WA<\/span>\u00a0<span class=\"gray\">PHY<\/span><\/h2>\n<h3>Eliminaci\u00f3n de g\u00e9rmenes por fuerzas f\u00edsicas sin biocidas ni qu\u00edmicos<\/h3>\n<p>Adem\u00e1s de la tecnolog\u00eda de \u00f3smosis inversa, las fuerzas hidrof\u00edsicas se pueden utilizar para tratar el agua en circuitos de refrigeraci\u00f3n y agua de proceso. La cavitaci\u00f3n hidromec\u00e1nica para el tratamiento de agua utiliza la cavitaci\u00f3n como proceso de esterilizaci\u00f3n, una tecnolog\u00eda de tratamiento de agua que no requiere productos qu\u00edmicos y elimina en gran medida la contaminaci\u00f3n microbiol\u00f3gica en el agua. La planta de tratamiento de agua protege las redes de suministro de agua con refrigeraci\u00f3n y agua de proceso de microorganismos nocivos como p. B. Legionella. El tratamiento del agua minimiza el riesgo de recontaminaci\u00f3n y mantiene el agua higi\u00e9nicamente estable a largo plazo.<\/p>\n<ul>\n<li>Utilizable en una amplia gama de aplicaciones: industria, hospitales, hoteles, inmobiliaria, etc.<\/li>\n<li>Eficaz contra la peligrosa contaminaci\u00f3n por Legionella<\/li>\n<li>Propiedades de purificaci\u00f3n de agua m\u00e1s r\u00e1pidas en comparaci\u00f3n con otros sistemas<\/li>\n<li>Costes de mantenimiento muy bajos<\/li>\n<li>Muy confiable y f\u00e1cil de usar<\/li>\n<li>Amigable con el medio ambiente\n<ul>\n<li>Sin productos qu\u00edmicos<\/li>\n<li>Sin radiaci\u00f3n<\/li>\n<li>Bajo consumo de energ\u00eda<\/li>\n<\/ul>\n<\/li>\n<li>Tecnolog\u00eda innovadora y patentada \u00abMade in Germany\u00bb<\/li>\n<\/ul>\n<h3>Opciones de soporte<\/h3>\n<ul>\n<li>Ticketsupport innerhalb von 72h<\/li>\n<li>24h Technischer Telefon Support<\/li>\n<li>Techniker vor Ort innerhalb von 72h<\/li>\n<li>Technische Schulung<\/li>\n<\/ul>\n<h3>Costos<\/h3>\n<p>Rango de precios a partir de 12.900 EUR<br \/>\nm\u00e1s gastos de transporte e instalaci\u00f3n<\/p>\n<h2 class=\"fusion-responsive-typography-calculated\" data-fontsize=\"27.2\" data-lineheight=\"32.64px\"><span class=\"blue-back\">BE WA<\/span>\u00a0<span class=\"gray\">Move<\/span><\/h2>\n<p><a href=\"https:\/\/bestelements.de\/de\/kaufen\/trinkwasserfilter\/trinkwasser-filteranlage-in-fahrzeugen\/\"><img decoding=\"async\" class=\"lazyload alignnone wp-image-3618 size-fusion-400\" src=\"https:\/\/bestelements.de\/wp-content\/uploads\/Trinkwasserfilter-in-Fahrzeugen-400x400.jpg\" data-orig-src=\"https:\/\/bestelements.de\/wp-content\/uploads\/Trinkwasserfilter-in-Fahrzeugen-400x400.jpg\" alt=\"\" width=\"400\" height=\"400\" srcset=\"data:image\/svg+xml,%3Csvg%20xmlns%3D%27http%3A%2F%2Fwww.w3.org%2F2000%2Fsvg%27%20width%3D%27400%27%20height%3D%27400%27%20viewBox%3D%270%200%20400%20400%27%3E%3Crect%20width%3D%27400%27%20height%3D%27400%27%20fill-opacity%3D%220%22%2F%3E%3C%2Fsvg%3E\" data-srcset=\"https:\/\/bestelements.de\/wp-content\/uploads\/Trinkwasserfilter-in-Fahrzeugen-66x66.jpg 66w, https:\/\/bestelements.de\/wp-content\/uploads\/Trinkwasserfilter-in-Fahrzeugen-100x100.jpg 100w, https:\/\/bestelements.de\/wp-content\/uploads\/Trinkwasserfilter-in-Fahrzeugen-150x150.jpg 150w, https:\/\/bestelements.de\/wp-content\/uploads\/Trinkwasserfilter-in-Fahrzeugen-200x200.jpg 200w, https:\/\/bestelements.de\/wp-content\/uploads\/Trinkwasserfilter-in-Fahrzeugen-300x300.jpg 300w, https:\/\/bestelements.de\/wp-content\/uploads\/Trinkwasserfilter-in-Fahrzeugen-400x400.jpg 400w, https:\/\/bestelements.de\/wp-content\/uploads\/Trinkwasserfilter-in-Fahrzeugen-500x500.jpg 500w, https:\/\/bestelements.de\/wp-content\/uploads\/Trinkwasserfilter-in-Fahrzeugen-600x600.jpg 600w, https:\/\/bestelements.de\/wp-content\/uploads\/Trinkwasserfilter-in-Fahrzeugen.jpg 700w\" data-sizes=\"auto\" data-orig-sizes=\"(max-width: 400px) 100vw, 400px\" \/><\/a><\/p>\n<h3>Fabricamos filtros de agua potable para veh\u00edculos industriales y est\u00e1ndar seg\u00fan los requisitos espec\u00edficos del cliente.<\/h3>\n<p><div class=\"wpforms-container wpforms-container-full\" id=\"wpforms-18051\"><form id=\"wpforms-form-18051\" class=\"wpforms-validate wpforms-form\" data-formid=\"18051\" method=\"post\" enctype=\"multipart\/form-data\" action=\"\/es\/wp-json\/wp\/v2\/product\/2795\"><noscript class=\"wpforms-error-noscript\">Por favor, activa JavaScript en tu navegador para completar este formulario.<\/noscript><div class=\"wpforms-field-container\"><div id=\"wpforms-18051-field_3-container\" class=\"wpforms-field wpforms-field-checkbox\" data-field-id=\"3\"><label class=\"wpforms-field-label\" for=\"wpforms-18051-field_3\">Por favor env\u00edeme informaci\u00f3n. Estamos interesados \u200b\u200ben sistemas de filtrado por \u00f3smosis inversa\/tratamiento hidrof\u00edsico de aguas para la industria. <span class=\"wpforms-required-label\">*<\/span><\/label><ul id=\"wpforms-18051-field_3\" class=\"wpforms-field-required\"><li class=\"choice-2 depth-1\"><input type=\"checkbox\" id=\"wpforms-18051-field_3_2\" name=\"wpforms[fields][3][]\" value=\"Industria de alimentos\" required ><label class=\"wpforms-field-label-inline\" for=\"wpforms-18051-field_3_2\">Industria de alimentos<\/label><\/li><li class=\"choice-4 depth-1\"><input type=\"checkbox\" id=\"wpforms-18051-field_3_4\" name=\"wpforms[fields][3][]\" value=\"Industria automotriz\" required ><label class=\"wpforms-field-label-inline\" for=\"wpforms-18051-field_3_4\">Industria automotriz<\/label><\/li><li class=\"choice-3 depth-1\"><input type=\"checkbox\" id=\"wpforms-18051-field_3_3\" name=\"wpforms[fields][3][]\" value=\"Medicina \/ Farmacia\" required ><label class=\"wpforms-field-label-inline\" for=\"wpforms-18051-field_3_3\">Medicina \/ Farmacia<\/label><\/li><li class=\"choice-1 depth-1\"><input type=\"checkbox\" id=\"wpforms-18051-field_3_1\" name=\"wpforms[fields][3][]\" value=\"Otra industria\" required ><label class=\"wpforms-field-label-inline\" for=\"wpforms-18051-field_3_1\">Otra industria<\/label><\/li><\/ul><\/div><div id=\"wpforms-18051-field_0-container\" class=\"wpforms-field wpforms-field-name\" data-field-id=\"0\"><label class=\"wpforms-field-label\" for=\"wpforms-18051-field_0\">Apellido <span class=\"wpforms-required-label\">*<\/span><\/label><div class=\"wpforms-field-row wpforms-field-medium\"><div class=\"wpforms-field-row-block wpforms-first wpforms-one-half\"><input type=\"text\" id=\"wpforms-18051-field_0\" class=\"wpforms-field-name-first wpforms-field-required\" name=\"wpforms[fields][0][first]\" required><label for=\"wpforms-18051-field_0\" class=\"wpforms-field-sublabel after wpforms-sublabel-hide\">Nombre<\/label><\/div><div class=\"wpforms-field-row-block wpforms-one-half\"><input type=\"text\" id=\"wpforms-18051-field_0-last\" class=\"wpforms-field-name-last wpforms-field-required\" name=\"wpforms[fields][0][last]\" required><label for=\"wpforms-18051-field_0-last\" class=\"wpforms-field-sublabel after wpforms-sublabel-hide\">Apellidos<\/label><\/div><\/div><\/div><div id=\"wpforms-18051-field_1-container\" class=\"wpforms-field wpforms-field-email\" data-field-id=\"1\"><label class=\"wpforms-field-label\" for=\"wpforms-18051-field_1\">E-Mail <span class=\"wpforms-required-label\">*<\/span><\/label><input type=\"email\" id=\"wpforms-18051-field_1\" class=\"wpforms-field-medium wpforms-field-required\" name=\"wpforms[fields][1]\" required><\/div><div id=\"wpforms-18051-field_2-container\" class=\"wpforms-field wpforms-field-textarea\" data-field-id=\"2\"><label class=\"wpforms-field-label\" for=\"wpforms-18051-field_2\">Tu petici\u00f3n <span class=\"wpforms-required-label\">*<\/span><\/label><textarea id=\"wpforms-18051-field_2\" class=\"wpforms-field-medium wpforms-field-required\" name=\"wpforms[fields][2]\" required><\/textarea><\/div><div id=\"wpforms-18051-field_4-container\" class=\"wpforms-field wpforms-field-html\" data-field-id=\"4\"><div id=\"wpforms-18051-field_4\"><small><b>\u00a1Protegemos tus datos!<\/b> Solo utilizamos sus datos para responder a sus preguntas y nunca los transmitimos a terceros. <a href=\"https:\/\/bestelements.de\/datenschutzerklaerung\/\" target=\"_blank\">Pol\u00edtica de privacidad<\/a><\/small><\/div><\/div><\/div><div class=\"wpforms-field wpforms-field-hp\"><label for=\"wpforms-18051-field-hp\" class=\"wpforms-field-label\">Email<\/label><input type=\"text\" name=\"wpforms[hp]\" id=\"wpforms-18051-field-hp\" class=\"wpforms-field-medium\"><\/div><input type=\"hidden\" name=\"wpforms[recaptcha]\" value=\"\"><div class=\"wpforms-submit-container\" ><input type=\"hidden\" name=\"wpforms[id]\" value=\"18051\"><input type=\"hidden\" name=\"wpforms[author]\" value=\"1\"><button type=\"submit\" name=\"wpforms[submit]\" class=\"wpforms-submit \" id=\"wpforms-submit-18051\" value=\"wpforms-submit\" aria-live=\"assertive\" data-alt-text=\"Enviar...\" data-submit-text=\"Enviar\">Enviar<\/button><\/div><\/form><\/div>  <!-- .wpforms-container --><\/p>","protected":false},"excerpt":{"rendered":"<p><img decoding=\"async\" class=\"size-full wp-image-4320 alignright\" src=\"https:\/\/bestelements.de\/wp-content\/uploads\/made-in-germany-85.png\" alt=\"\" width=\"85\" height=\"45\" \/>Ofrecemos varias tecnolog\u00edas para el tratamiento de aguas en \u00e1reas industriales<\/p>\n<h2>Sistemas de filtraci\u00f3n de agua por \u00f3smosis inversa para la industria<\/h2>\n<p>Nuestro enfoque para los dispositivos de filtraci\u00f3n industriales se centra principalmente en productos hechos a medida para la industria general, la tecnolog\u00eda m\u00e9dica y farmac\u00e9utica, la industria alimentaria, las cocinas de comedores, las cervecer\u00edas, etc. Los sistemas de filtraci\u00f3n de la serie BE WA1000 Industry se adaptan y ensamblan individualmente de acuerdo con sus requisitos. .<\/p>\n<h2><span class=\"blue-back\">BE WA1000<\/span>\u00a0<span class=\"gray\">Industry<\/span><\/h2>\n<h3>Ejemplos de configuraciones de sistemas de redundancia:<\/h3>\n<ul>\n<li>500-1000 litros\/hora (capacidad de filtro de 12 000 a 24 000 litros\/d\u00eda) por sistema<\/li>\n<li>Etapas de prefiltro 2 x 20&#8243; &#8211; 5 \u00b5m<\/li>\n<li>4 a 8 m\u00f3dulos de membrana Dow Chemical\u00ae Filmtec de 900 GPD<\/li>\n<li>Proporci\u00f3n de agua ultrapura a agua residual 1:1 o mejor<\/li>\n<li>Enjuague previo y posterior (TDS-Reaction Control) para 2 grupos<\/li>\n<li>Tecnolog\u00eda de control con monitorizaci\u00f3n remota e informaci\u00f3n de estado a trav\u00e9s de TCP\/IP, FTP y correo electr\u00f3nico<\/li>\n<li>Sistemas de redundancia del 25% al \u200b\u200b100%<\/li>\n<li>Fuente de alimentaci\u00f3n 230 V\/CA 2,3 kW a 400 V\/CA a 4,6 kW<\/li>\n<li>Monitoreo: monitoreo en tiempo real de los valores TDS<\/li>\n<li>Dimensiones 1150 x 1200 x 800 mm (HxDxW sin europalet)<\/li>\n<\/ul>\n<p>Este dispositivo es apto para un europalet y asegura 1.000 l\/h de agua pur\u00edsima por unidad. Se pueden operar varios dispositivos juntos.<\/p>\n<h2><span class=\"blue-back\">BE WA<\/span>\u00a0<span class=\"gray\">PHY<\/span><\/h2>\n<h3>Eliminaci\u00f3n de g\u00e9rmenes por fuerzas f\u00edsicas sin biocidas ni qu\u00edmicos<\/h3>\n<p>Adem\u00e1s de la tecnolog\u00eda de \u00f3smosis inversa, las fuerzas hidrof\u00edsicas se pueden utilizar para tratar el agua en circuitos de refrigeraci\u00f3n y agua de proceso.<\/p>\n<h2>Sistemas de filtraci\u00f3n de agua potable de serie en veh\u00edculos<\/h2>\n<h2 class=\"fusion-responsive-typography-calculated\" data-fontsize=\"27.2\" data-lineheight=\"32.64px\"><span class=\"blue-back\">BE WA<\/span>\u00a0<span class=\"gray\">Move<\/span><\/h2>\n<p>Los sistemas de filtraci\u00f3n de agua potable son cada vez m\u00e1s importantes en el sector m\u00f3vil. La industria automotriz est\u00e1 buscando soluciones m\u00f3viles para proporcionar el agua potable m\u00e1s pura en autom\u00f3viles y camiones, barcos, botes y casas m\u00f3viles. En el campo de las casas m\u00f3viles y las caravanas, los buenos filtros de agua potable son un requisito previo para tener el agua potable m\u00e1s pura disponible en la carretera y de forma independiente&#8230; [<a href=\"https:\/\/bestelements.de\/es\/kaufen\/trinkwasserfilter\/trinkwasser-filteranlage-in-fahrzeugen\/\">m\u00e1s<\/a>]<\/p>\n","protected":false},"featured_media":18048,"template":"","meta":{"footnotes":""},"product_brand":[],"product_cat":[103,179],"product_tag":[],"class_list":{"0":"post-2795","1":"product","2":"type-product","3":"status-publish","4":"has-post-thumbnail","6":"product_cat-trinkwasserfilter","7":"product_cat-industriewasserfilteranlagen","9":"first","10":"instock","11":"virtual","12":"product-type-simple"},"_links":{"self":[{"href":"https:\/\/bestelements.de\/es\/wp-json\/wp\/v2\/product\/2795","targetHints":{"allow":["GET"]}}],"collection":[{"href":"https:\/\/bestelements.de\/es\/wp-json\/wp\/v2\/product"}],"about":[{"href":"https:\/\/bestelements.de\/es\/wp-json\/wp\/v2\/types\/product"}],"version-history":[{"count":0,"href":"https:\/\/bestelements.de\/es\/wp-json\/wp\/v2\/product\/2795\/revisions"}],"wp:featuredmedia":[{"embeddable":true,"href":"https:\/\/bestelements.de\/es\/wp-json\/wp\/v2\/media\/18048"}],"wp:attachment":[{"href":"https:\/\/bestelements.de\/es\/wp-json\/wp\/v2\/media?parent=2795"}],"wp:term":[{"taxonomy":"product_brand","embeddable":true,"href":"https:\/\/bestelements.de\/es\/wp-json\/wp\/v2\/product_brand?post=2795"},{"taxonomy":"product_cat","embeddable":true,"href":"https:\/\/bestelements.de\/es\/wp-json\/wp\/v2\/product_cat?post=2795"},{"taxonomy":"product_tag","embeddable":true,"href":"https:\/\/bestelements.de\/es\/wp-json\/wp\/v2\/product_tag?post=2795"}],"curies":[{"name":"wp","href":"https:\/\/api.w.org\/{rel}","templated":true}]}}