{"id":2772,"date":"2020-12-26T15:04:08","date_gmt":"2020-12-26T14:04:08","guid":{"rendered":"https:\/\/bestelements.de\/?post_type=product&#038;p=2772"},"modified":"2025-12-12T11:06:45","modified_gmt":"2025-12-12T10:06:45","slug":"kalkfilter-bakterienfilter-wav-wasserfilter-zuhause","status":"publish","type":"product","link":"https:\/\/bestelements.de\/es\/kaufen\/wasserfilter-gegen-kalk-und-bakterien\/kalkfilter-bakterienfilter-wav-wasserfilter-zuhause\/","title":{"rendered":"Filtro de agua BE WAV contra cal, cloro, plomo"},"content":{"rendered":"<p><\/p>\n<h2>Los dep\u00f3sitos de cal y la necesidad de hervir el agua son cosa del pasado<\/h2>\n<p class=\"gray\">A partir de ahora, puede evitar exactamente estos problemas en la vida cotidiana con este filtro de agua WAV. La cocina y los electrodom\u00e9sticos ya no tienen dep\u00f3sitos blancos de cal, las lavadoras y los lavavajillas funcionan durante largos per\u00edodos de tiempo y las cafeteras y teteras ya no necesitan descalcificarse. <\/p>\n<h2><span class=\"blue-back\">BE WAV<\/span> <span class=\"gray\">Modular<\/span><\/h2>\n<div class=\"blue-back\">Innovadora tecnolog\u00eda de filtro<\/div>\n<p><img decoding=\"async\" class=\"lazyload alignnone size-full wp-image-5032\" src=\"https:\/\/bestelements.de\/wp-content\/uploads\/Frau-Kueche-mit-WAV.jpg\" data-orig-src=\"https:\/\/bestelements.de\/wp-content\/uploads\/Frau-Kueche-mit-WAV.jpg\" alt=\"\" width=\"818\" height=\"557\" srcset=\"data:image\/svg+xml,%3Csvg%20xmlns%3D%27http%3A%2F%2Fwww.w3.org%2F2000%2Fsvg%27%20width%3D%27818%27%20height%3D%27557%27%20viewBox%3D%270%200%20818%20557%27%3E%3Crect%20width%3D%27818%27%20height%3D%27557%27%20fill-opacity%3D%220%22%2F%3E%3C%2Fsvg%3E\" data-srcset=\"https:\/\/bestelements.de\/wp-content\/uploads\/Frau-Kueche-mit-WAV-200x136.jpg 200w, https:\/\/bestelements.de\/wp-content\/uploads\/Frau-Kueche-mit-WAV-300x204.jpg 300w, https:\/\/bestelements.de\/wp-content\/uploads\/Frau-Kueche-mit-WAV-400x272.jpg 400w, https:\/\/bestelements.de\/wp-content\/uploads\/Frau-Kueche-mit-WAV-500x340.jpg 500w, https:\/\/bestelements.de\/wp-content\/uploads\/Frau-Kueche-mit-WAV-600x409.jpg 600w, https:\/\/bestelements.de\/wp-content\/uploads\/Frau-Kueche-mit-WAV-700x477.jpg 700w, https:\/\/bestelements.de\/wp-content\/uploads\/Frau-Kueche-mit-WAV-768x523.jpg 768w, https:\/\/bestelements.de\/wp-content\/uploads\/Frau-Kueche-mit-WAV-800x545.jpg 800w, https:\/\/bestelements.de\/wp-content\/uploads\/Frau-Kueche-mit-WAV.jpg 818w\" data-sizes=\"auto\" data-orig-sizes=\"(max-width: 818px) 100vw, 818px\" \/><\/p>\n<p>El WAV es una alternativa rentable a la \u00f3smosis inversa. El sistema de filtro est\u00e1 dise\u00f1ado para uso dom\u00e9stico, usando un m\u00f3dulo especial elimina sustancias indeseables, asegurando as\u00ed un agua potable limpia. <\/p>\n<p>La variante del <strong>m\u00f3dulo antical<\/strong> funciona seg\u00fan el principio de un intercambiador de iones, proporcionando agua blanda para lavavajillas y lavadoras, m\u00e1quinas de caf\u00e9 y espresso, frigor\u00edficos, vaporeras y planchas. La tasa de filtraci\u00f3n de cal es de hasta el 85%. Un filtro de part\u00edculas integrado elimina el \u00f3xido y otras impurezas. Los dispositivos conectados est\u00e1n protegidos adicionalmente contra la <strong>corrosi\u00f3n<\/strong>.<\/p>\n<p>Se han desarrollado otros m\u00f3dulos para eliminar espec\u00edficamente <strong>cloro o plomo<\/strong> del agua. Puede elegir los m\u00f3dulos de filtro deseados y tambi\u00e9n combinarlos entre s\u00ed. El WAV protege contra problemas de contaminaci\u00f3n del agua.<\/p>\n<h2 class=\"linie\"><span class=\"blue-back\">BE WAV<\/span> <span class=\"gray\"> Conexi\u00f3n (Agua fr\u00eda)<\/span><\/h2>\n<ul>\n<li>Debajo del fregadero<\/li>\n<li>En la conexi\u00f3n de agua de la lavadora o lavavajillas<\/li>\n<\/ul>\n<h2 class=\"linie\"><span class=\"blue-back\">BE WAV<\/span> <span class=\"gray\"> Variantes de conexi\u00f3n<\/span><\/h2>\n<ol>\n<li>M\u00f3dulo de filtrado en la cocina con grifo de agua potable separado o<\/li>\n<li>M\u00f3dulo de filtro para la lavadora o<\/li>\n<\/ol>\n<p><img decoding=\"async\" class=\"lazyload size-full wp-image-3226 alignnone\" src=\"data:image\/svg+xml,%3Csvg%20xmlns%3D%27http%3A%2F%2Fwww.w3.org%2F2000%2Fsvg%27%20width%3D%27452%27%20height%3D%27251%27%20viewBox%3D%270%200%20452%20251%27%3E%3Crect%20width%3D%27452%27%20height%3D%27251%27%20fill-opacity%3D%220%22%2F%3E%3C%2Fsvg%3E\" data-orig-src=\"https:\/\/bestelements.de\/wp-content\/uploads\/WAV-Installationsvariante1.jpg\" alt=\"\" width=\"452\" height=\"251\" \/><img decoding=\"async\" class=\"lazyload alignnone size-full wp-image-3227\" src=\"data:image\/svg+xml,%3Csvg%20xmlns%3D%27http%3A%2F%2Fwww.w3.org%2F2000%2Fsvg%27%20width%3D%27208%27%20height%3D%27251%27%20viewBox%3D%270%200%20208%20251%27%3E%3Crect%20width%3D%27208%27%20height%3D%27251%27%20fill-opacity%3D%220%22%2F%3E%3C%2Fsvg%3E\" data-orig-src=\"https:\/\/bestelements.de\/wp-content\/uploads\/WAV-Installationsvariante3.jpg\" alt=\"\" width=\"208\" height=\"251\" \/><\/p>\n<h2 class=\"linie\"><span class=\"blue-back\">BE WAV<\/span> <span class=\"gray\"> Opcional<\/span><\/h2>\n<p>El <a href=\"https:\/\/bestelements.de\/es\/produkt-kategorie\/zubehoer-trinkwasser\/\">grifo de agua potable<\/a> disponible opcionalmente est\u00e1 hecho de acero inoxidable V4A de alta calidad apto para agua potable con juntas cer\u00e1micas resistentes al desgaste. El grifo de agua potable est\u00e1 montado en el fregadero. <\/p>\n<h2 class=\"linie\"><span class=\"blue-back\">BE WAV<\/span> <span class=\"gray\"> Ventajas<\/span><\/h2>\n<ul>\n<li>Alta efectividad <span class=\"blue strong\">Gran innovaci\u00f3n<\/span><\/li>\n<li>Tasa de filtraci\u00f3n hasta 0,5 \u03bcm<\/li>\n<li>Sin aditivos qu\u00edmicos <span class=\"blue strong\">Amigable con el medio ambiente<\/span><\/li>\n<li>Sin conexi\u00f3n de alimentaci\u00f3n <span class=\"blue strong\">El ahorro de energ\u00eda<\/span><\/li>\n<li>Filtraci\u00f3n de cal hasta el 85 %<\/li>\n<li><span class=\"blue strong\">Certificaci\u00f3n NSF<\/span> seg\u00fan criterios de seguridad y salud<\/li>\n<li>No es necesario hervir el agua potable <span class=\"blue strong\">Facilitaci\u00f3n de la Salud<\/span><\/li>\n<li>Reducir el cloro mejora el sabor del agua<\/li>\n<li>Sistema de filtro de m\u00f3dulo flexible para la tuber\u00eda de agua fr\u00eda<\/li>\n<li>Flujo de alto volumen<\/li>\n<li>Instalaci\u00f3n f\u00e1cil y r\u00e1pida<\/li>\n<li>Casi libre de mantenimiento<\/li>\n<li>Cambio de m\u00f3dulo de filtro r\u00e1pido <span class=\"blue strong\">Easy Click<\/span><\/li>\n<li>Bajos costos de adquisici\u00f3n <span class=\"blue strong\">Econ\u00f3mico<\/span><\/li>\n<li>Bajos costos de seguimiento <span class=\"blue strong\">Econ\u00f3mico<\/span><\/li>\n<li>Ya no es necesario comprar agua potable embotellada. Esto elimina la necesidad de transportar y desechar las botellas de agua. <span class=\"blue strong\">Mayor comodidad<\/span><\/li>\n<li>se ahorra CO<sub>2<\/sub> <span class=\"blue strong\">Aspecto ambiental<\/span><\/li>\n<\/ul>\n<h2 class=\"linie\"><span class=\"blue-back\">BE WAV<\/span> <span class=\"gray\"> Descargas<\/span><\/h2>\n<p><div class=\"fusion-content-boxes content-boxes columns row fusion-columns-3 fusion-columns-total-2 fusion-content-boxes-3 content-boxes-icon-on-side content-left\" style=\"--awb-hover-accent-color:#3d66ae;--awb-circle-hover-accent-color:#3d66ae;\" data-animationOffset=\"top-into-view\"><div style=\"--awb-backgroundcolor:rgba(255,255,255,0);--awb-content-padding-left:64px;\" class=\"fusion-column content-box-column content-box-column content-box-column-1 col-lg-4 col-md-4 col-sm-4 fusion-content-box-hover content-box-column-first-in-row\"><div class=\"col content-box-wrapper content-wrapper link-area-link-icon link-type-text content-icon-wrapper-yes icon-hover-animation-fade\" data-animationOffset=\"top-into-view\"><div class=\"heading heading-with-icon icon-left\"><a class=\"heading-link\" href=\"https:\/\/bestelements.de\/manuals\/gebrauchsanleitungen\/\" target=\"_self\"><div class=\"icon\"><span style=\"height:42px;width:42px;line-height:22px;border-color:rgba(255,255,255,0);border-width:1px;border-style:solid;background-color:#009fe3;margin-right:20px;box-sizing:content-box;border-radius:50%;\"><i style=\"border-color:#009fe3;border-width:1px;background-color:#009fe3;box-sizing:content-box;height:40px;width:40px;line-height:40px;border-radius:50%;position:relative;top:auto;left:auto;margin:0;border-radius:50%;font-size:20px;\" aria-hidden=\"true\" class=\"fontawesome-icon fa-file-alt fas circle-yes\"><\/i><\/span><\/div><\/a><\/div><div class=\"fusion-clearfix\"><\/div><a class=\" fusion-read-more\" style=\"margin-left:64px;\" href=\"https:\/\/bestelements.de\/manuals\/gebrauchsanleitungen\/\" target=\"_self\">Instrucciones de uso<\/a><div class=\"fusion-clearfix\"><\/div><\/div><\/div><div style=\"--awb-backgroundcolor:rgba(255,255,255,0);--awb-content-padding-left:64px;\" class=\"fusion-column content-box-column content-box-column content-box-column-2 col-lg-4 col-md-4 col-sm-4 fusion-content-box-hover content-box-column-last\"><div class=\"col content-box-wrapper content-wrapper link-area-link-icon link-type-text content-icon-wrapper-yes icon-hover-animation-fade\" data-animationOffset=\"top-into-view\"><div class=\"heading heading-with-icon icon-left\"><a class=\"heading-link\" href=\"https:\/\/bestelements.de\/ersatzfilter\/ersatzfilter-und-zubehoer-fuer-trinkwasserfilter\/\" target=\"_self\"><div class=\"icon\"><span style=\"height:42px;width:42px;line-height:22px;border-color:rgba(255,255,255,0);border-width:1px;border-style:solid;background-color:#009fe3;margin-right:20px;box-sizing:content-box;border-radius:50%;\"><i style=\"border-color:#009fe3;border-width:1px;background-color:#009fe3;box-sizing:content-box;height:40px;width:40px;line-height:40px;border-radius:50%;position:relative;top:auto;left:auto;margin:0;border-radius:50%;font-size:20px;\" aria-hidden=\"true\" class=\"fontawesome-icon fa-sync-alt fas circle-yes\"><\/i><\/span><\/div><\/a><\/div><div class=\"fusion-clearfix\"><\/div><a class=\" fusion-read-more\" style=\"margin-left:64px;\" href=\"https:\/\/bestelements.de\/ersatzfilter\/ersatzfilter-und-zubehoer-fuer-trinkwasserfilter\/\" target=\"_self\">Filtro de repuesto<\/a><div class=\"fusion-clearfix\"><\/div><\/div><\/div><div class=\"fusion-clearfix\"><\/div><\/div><div class=\"fusion-text fusion-text-5\"><p>\n<nav class=\"awb-menu awb-menu_row awb-menu_em-hover mobile-mode-collapse-to-button awb-menu_icons-left awb-menu_dc-yes mobile-trigger-fullwidth-off awb-menu_mobile-toggle awb-menu_indent-left mobile-size-full-absolute loading mega-menu-loading awb-menu_desktop awb-menu_dropdown awb-menu_expand-right awb-menu_transition-fade fusion-animated\" style=\"--awb-text-transform:none;--awb-gap:3px;--awb-submenu-bg:#ffffff;--awb-submenu-active-bg:#e8f6f9;--awb-submenu-text-transform:none;--awb-main-justify-content:flex-start;--awb-mobile-justify:flex-start;--awb-mobile-caret-left:auto;--awb-mobile-caret-right:0;--awb-fusion-font-family-typography:inherit;--awb-fusion-font-style-typography:normal;--awb-fusion-font-weight-typography:400;--awb-fusion-font-family-submenu-typography:inherit;--awb-fusion-font-style-submenu-typography:normal;--awb-fusion-font-weight-submenu-typography:400;--awb-fusion-font-family-mobile-typography:inherit;--awb-fusion-font-style-mobile-typography:normal;--awb-fusion-font-weight-mobile-typography:400;\" aria-label=\"Wasser vergleichen\" data-breakpoint=\"0\" data-count=\"2\" data-transition-type=\"fade\" data-transition-time=\"300\" data-expand=\"right\" data-animationType=\"fadeInLeft\" data-animationDuration=\"1.0\" data-animationOffset=\"top-into-view\"><ul id=\"menu-wasser-vergleichen-2\" class=\"fusion-menu awb-menu__main-ul awb-menu__main-ul_row\"><li   class=\"menu-item menu-item-type-custom menu-item-object-custom menu-item-4349 sg-popup-id-4351 awb-menu__li awb-menu__main-li awb-menu__li_button\"  data-item-id=\"4349\"><a  href=\"#\" class=\"awb-menu__main-a awb-menu__main-a_button\"><span class=\"menu-text fusion-button button-default button-small\"><span class=\"button-icon-divider-left fusion-megamenu-icon\"><i class=\"glyphicon fa-eye fas\" aria-hidden=\"true\"><\/i><\/span><span class=\"fusion-button-text-left\">Comparar dispositivos<\/span><\/span><\/a><\/li><\/ul><\/nav><div class=\"fusion-text fusion-text-5\"><\/div><\/p>\n<\/div><\/p>\n<figure class=\"wp-block-table\">\n<div class=\"table-1\">\n<table>\n<tbody>\n<tr>\n<td class=\"produkte\">Asamblea<\/td>\n<td class=\"produkte\">Conectar solo a la l\u00ednea de agua fr\u00eda<\/td>\n<\/tr>\n<tr>\n<td class=\"produkte\">principio de filtro<\/td>\n<td class=\"produkte\">WAV funciona seg\u00fan el principio del filtro de flujo, no un filtro de \u00f3smosis inversa<\/td>\n<\/tr>\n<tr>\n<td class=\"produkte\">Conexiones de agua<\/td>\n<td class=\"produkte\">Para lavadora\/lavavajillas: 3\/4&#8243;<br \/>\nCon v\u00e1lvula de \u00e1ngulo de fregadero: 3\/8&#8243; AG IG manguera<br \/>\nCon grifo de agua potable separado: acoplamiento John Guest<\/td>\n<\/tr>\n<tr>\n<td class=\"produkte\">Temperatura<\/td>\n<td class=\"produkte\">M\u00ednimo 4\u00b0C (39\u00b0F) a M\u00e1ximo 38\u00b0C (100\u00b0F)<\/td>\n<\/tr>\n<tr>\n<td class=\"produkte\">Presi\u00f3n del agua<\/td>\n<td class=\"produkte\">M\u00ednimo 1,4 bar (20 psi) a m\u00e1ximo 5,5 bar (80 psi)<\/td>\n<\/tr>\n<tr>\n<td class=\"produkte\">Tasa de flujo<\/td>\n<td class=\"produkte\">A 1\/2&#8243; y 2,8 bar (40 psi) aprox. 8,3 l\/min (2,2 GPM)<\/td>\n<\/tr>\n<tr>\n<td class=\"produkte\">Peso<\/td>\n<td class=\"produkte\">1,3 kg con cartucho<\/td>\n<\/tr>\n<tr>\n<td class=\"produkte\">Dimensiones<\/td>\n<td class=\"produkte\">120 x 340 x 135 mm (AnxAlxP)<\/td>\n<\/tr>\n<tr>\n<td class=\"produkte\">\u00c1mbito de entrega<\/td>\n<td class=\"produkte\">Sistema de filtro completo con soporte, m\u00f3dulo de filtro, juego de conexi\u00f3n, instrucciones de uso<\/td>\n<\/tr>\n<tr>\n<td class=\"produkte\">Cambio de modulo de filtro<\/td>\n<td class=\"produkte\">Despu\u00e9s de 6 meses o hasta 4.000 litros dependiendo de lo sucia que est\u00e9 el agua<\/td>\n<\/tr>\n<tr>\n<td class=\"produkte\">M\u00f3dulos de filtro de repuesto<\/td>\n<td class=\"produkte\">Orden M\u00f3dulos\/cartuchos de filtro de repuesto <a href=\"https:\/\/bestelements.de\/es\/produkt\/ersatzfilter-wasser\/ersatzkartuschen-fuer-wasserfilter-wav-modular\/\">Bestellung <\/a><\/td>\n<\/tr>\n<\/tbody>\n<\/table>\n<\/div>\n<\/figure>\n<p><\/p>","protected":false},"excerpt":{"rendered":"<h2><span class=\"blue-back\">BE WAV<\/span> <span class=\"gray\">Modular<\/span> <span class=\"textgray\">Cal y Cloro<\/span><\/h2>\n<div class=\"blue-back\">Finalmente: \u00a1No m\u00e1s cal en el agua y no m\u00e1s agua potable hirviendo!<\/div>\n<div id=\"icons-water-stoffe\">\n<i class=\"fa-solid fas fa-sink\"><\/i> <i class=\"fa-solid fas fa-virus-slash\"><\/i> <i class=\"fa-solid fas fa-bacterium\"><\/i> <i class=\"fa-solid fas fa-faucet\"><\/i> <i class=\"fa-solid fas fa-tint\"><\/i>\n<\/div>\n<ul>\n<li>Filtro de agua compacto para agua potable, electrodom\u00e9sticos de cocina, lavavajillas y lavadoras<\/li>\n<li>El agua dura ya no es un problema: filtraci\u00f3n de cal hasta un 85 %<\/li>\n<li>Los m\u00f3dulos de filtro se pueden seleccionar y combinar libremente<\/li>\n<\/ul>\n","protected":false},"featured_media":23506,"template":"","meta":{"footnotes":""},"product_brand":[],"product_cat":[139],"product_tag":[208,209,211,212],"class_list":{"0":"post-2772","1":"product","2":"type-product","3":"status-publish","4":"has-post-thumbnail","6":"product_cat-wasserfilter-gegen-kalk-und-bakterien","7":"product_tag-wasserfilter","8":"product_tag-trinkwasserfilter","9":"product_tag-kalkfilter","10":"product_tag-bakterienwasserfilter","12":"first","13":"instock","14":"featured","15":"taxable","16":"shipping-taxable","17":"purchasable","18":"product-type-variable","19":"has-default-attributes"},"_links":{"self":[{"href":"https:\/\/bestelements.de\/es\/wp-json\/wp\/v2\/product\/2772","targetHints":{"allow":["GET"]}}],"collection":[{"href":"https:\/\/bestelements.de\/es\/wp-json\/wp\/v2\/product"}],"about":[{"href":"https:\/\/bestelements.de\/es\/wp-json\/wp\/v2\/types\/product"}],"version-history":[{"count":0,"href":"https:\/\/bestelements.de\/es\/wp-json\/wp\/v2\/product\/2772\/revisions"}],"wp:featuredmedia":[{"embeddable":true,"href":"https:\/\/bestelements.de\/es\/wp-json\/wp\/v2\/media\/23506"}],"wp:attachment":[{"href":"https:\/\/bestelements.de\/es\/wp-json\/wp\/v2\/media?parent=2772"}],"wp:term":[{"taxonomy":"product_brand","embeddable":true,"href":"https:\/\/bestelements.de\/es\/wp-json\/wp\/v2\/product_brand?post=2772"},{"taxonomy":"product_cat","embeddable":true,"href":"https:\/\/bestelements.de\/es\/wp-json\/wp\/v2\/product_cat?post=2772"},{"taxonomy":"product_tag","embeddable":true,"href":"https:\/\/bestelements.de\/es\/wp-json\/wp\/v2\/product_tag?post=2772"}],"curies":[{"name":"wp","href":"https:\/\/api.w.org\/{rel}","templated":true}]}}