{"id":27483,"date":"2024-10-14T14:36:20","date_gmt":"2024-10-14T12:36:20","guid":{"rendered":"https:\/\/bestelements.de\/?post_type=product&#038;p=27483"},"modified":"2025-09-21T15:54:32","modified_gmt":"2025-09-21T13:54:32","slug":"h2master4000-wasserstoffreiches-trinkwasser-tiere","status":"publish","type":"product","link":"https:\/\/bestelements.de\/es\/kaufen\/wasserstoff-generator\/h2master4000-wasserstoffreiches-trinkwasser-tiere\/","title":{"rendered":"<b>H2Master4000<\/b> Agua potable rica en hidr\u00f3geno para animales grandes"},"content":{"rendered":"<p><\/p>\n<h2>H2Master4000 Agua potable rica en hidr\u00f3geno en deportes con animales<\/h2>\n<p>La ventaja fundamental del hidr\u00f3geno en el cuerpo de animales grandes como caballos, vacas y camellos es su fuerte efecto antioxidante. El hidr\u00f3geno molecular (H\u2082) puede neutralizar selectivamente los radicales libres da\u00f1inos, especialmente los radicales hidroxilo, sin afectar otros radicales beneficiosos ni procesos fisiol\u00f3gicos. Esto conduce a una reducci\u00f3n del estr\u00e9s oxidativo, lo que reduce la inflamaci\u00f3n, previene el da\u00f1o celular y promueve la regeneraci\u00f3n de los tejidos. El hidr\u00f3geno, que se puede absorber a trav\u00e9s del agua potable, mejora la funci\u00f3n celular y tiene un efecto positivo en los procesos metab\u00f3licos. Esto contribuye especialmente a un importante rendimiento y promoci\u00f3n de la salud.<\/p>\n<p><strong>Protecci\u00f3n de la salud y promoci\u00f3n del rendimiento mediante apoyo natural:<\/strong><\/p>\n<h3>\u25cf <strong>Aumento del rendimiento<\/strong>: <br \/>Reduce el estr\u00e9s oxidativo y favorece una regeneraci\u00f3n muscular m\u00e1s r\u00e1pida<\/h3>\n<h3>\u25cf <strong>Fortalecer el sistema inmunol\u00f3gico<\/strong>: <br \/>Aumenta las defensas contra g\u00e9rmenes e infecciones<\/h3>\n<h3>\u25cf <strong>Mejor hidrataci\u00f3n<\/strong>: <br \/>Optimiza el metabolismo celular y la absorci\u00f3n de agua<\/h3>\n<h3>\u25cf <strong>Protecci\u00f3n de articulaciones y m\u00fasculos<\/strong>: <br \/>Alivia la inflamaci\u00f3n y protege las articulaciones y los m\u00fasculos de la sobrecarga<\/h3>\n<h2>Solicitud<\/h2>\n<p>El H2Master4000 se conecta al grifo de agua potable con una rosca est\u00e1ndar y se enchufa a la toma de corriente. El agua potable fluye a trav\u00e9s del dispositivo y se enriquece con hidr\u00f3geno en tiempo real. Los animales beben en poco tiempo el agua potable enriquecida con hidr\u00f3geno. El agua destilada se utiliza dentro del dispositivo exclusivamente para el enriquecimiento de hidr\u00f3geno. El agua destilada del tanque se consume lentamente y es necesario rellenarlo aproximadamente una vez por semana; Este es el \u00fanico mantenimiento requerido. El H2Master4000 es robusto, duradero y cuenta con ruedas y asas de transporte. Un dispositivo H2Master4000 puede enriquecer agua potable rica en hidr\u00f3geno para varios animales.<\/p>\n<div class=\"fusion-video fusion-youtube\" style=\"--awb-max-width:600px;--awb-max-height:360px;\"><div class=\"video-shortcode\"><priv-fac-lite-youtube class=\"fusion-hidden lty-load\" data-privacy-type=\"youtube\" videoid=\"4t6Z436xXRY\" class=\"landscape\" params=\"wmode=transparent&autoplay=1&amp;rel=0&amp;enablejsapi=1\" title=\"YouTube video player 3\" data-button-label=\"Play Video\" width=\"600\" height=\"360\" data-thumbnail-size=\"auto\" data-no-cookie=\"on\"><\/priv-fac-lite-youtube><div class=\"fusion-privacy-placeholder\" style=\"width:600px; height:360px;\" data-privacy-type=\"youtube\"><div class=\"fusion-privacy-placeholder-content\"><div class=\"fusion-privacy-label\">For privacy reasons YouTube needs your permission to be loaded. For more details, please see our <a class=\"privacy-policy-link\" href=\"https:\/\/bestelements.de\/es\/datenschutzerklaerung\/\" rel=\"privacy-policy\">Protecci\u00f3n de Datos<\/a>.<\/div><button data-privacy-type=\"youtube\" class=\"fusion-button button-default fusion-button-default-size button fusion-privacy-consent\">I Accept<\/button><\/div><\/div><\/div><\/div>\n<h2>Estudios<\/h2>\n<p><strong>Hidr\u00f3geno (H2) en el agua potable contra la fatiga muscular durante el deporte<\/strong>: el estudio examin\u00f3 los efectos de beber agua rica en hidr\u00f3geno sobre la fatiga muscular durante el entrenamiento intensivo de los mejores atletas (o animales deportivos). Una hidrataci\u00f3n adecuada con agua rica en hidr\u00f3geno redujo los niveles de lactato en sangre y, por tanto, mejor\u00f3 el rendimiento f\u00edsico. Los resultados muestran que el agua rica en hidr\u00f3geno es una hidrataci\u00f3n adecuada para los deportistas (y los animales deportivos).<\/p>\n<p><strong>El hidr\u00f3geno molecular (H2) ha demostrado ser beneficioso para el rendimiento y la recuperaci\u00f3n del ejercicio<\/strong>. Se administr\u00f3 agua rica en hidr\u00f3geno en un estudio cruzado doble ciego. Durante el entrenamiento intenso, se redujeron los marcadores bioqu\u00edmicos de da\u00f1o muscular. Los resultados mostraron que el agua rica en H2 previno significativamente los marcadores de da\u00f1o muscular y los biomarcadores inflamatorios. No hubo efectos secundarios. Por lo tanto, beber agua rica en H2 es un m\u00e9todo seguro y eficaz para reducir el da\u00f1o muscular durante el entrenamiento intensivo.<br \/>\n<small>Fuentes medicalgasresearch.biomedcentral.com\/articles\/10.1186\/2045-9912-2-12 und H2-Summit 2024<\/small><\/p>\n<h2>Bienestar de la salud y mejora del rendimiento de caballos, camellos y ganado vacuno<\/h2>\n<p>El organismo humano ya recibe hidr\u00f3geno a trav\u00e9s del agua potable rica en hidr\u00f3geno y de la inhalaci\u00f3n de hidr\u00f3geno con las botellas de hidr\u00f3geno H2Master y los inhaladores de hidr\u00f3geno H2Star. Debido al tama\u00f1o de animales como caballos, vacas, camellos y muchas otras especies de mam\u00edferos, se necesita un equipo especial para enriquecer con mucho hidr\u00f3geno cantidades de agua potable de 20 a 80 litros o m\u00e1s al d\u00eda. Esto es posible con el dispositivo BestElements H2Master4000.<br \/>\nEn un tama\u00f1o compacto como el de una cafetera totalmente autom\u00e1tica, la H2Master4000 se conecta a un grifo de agua potable con la manguera incluida. En tiempo real, el dispositivo produce agua potable rica en hidr\u00f3geno y dispensa aproximadamente 4 litros por minuto con una alta concentraci\u00f3n de hasta 3410 ppb (!!!). Con una segunda manguera se pueden llenar en poco tiempo recipientes de agua potable y d\u00e1rselos a beber a los animales. El agua rica en hidr\u00f3geno se puede administrar diariamente y tambi\u00e9n antes y despu\u00e9s de las competiciones.<\/p>\n<p><img decoding=\"async\" class=\"lazyload alignnone size-full wp-image-27499\" src=\"https:\/\/bestelements.de\/wp-content\/uploads\/Renntiere-und-wasserstoffreiches-Trinkwasser.jpg\" data-orig-src=\"https:\/\/bestelements.de\/wp-content\/uploads\/Renntiere-und-wasserstoffreiches-Trinkwasser.jpg\" alt=\"Animales de carreras y agua potable rica en hidr\u00f3geno\" titel=\"Animales de carreras y agua potable rica en hidr\u00f3geno\" width=\"818\" height=\"466\" srcset=\"data:image\/svg+xml,%3Csvg%20xmlns%3D%27http%3A%2F%2Fwww.w3.org%2F2000%2Fsvg%27%20width%3D%27818%27%20height%3D%27466%27%20viewBox%3D%270%200%20818%20466%27%3E%3Crect%20width%3D%27818%27%20height%3D%27466%27%20fill-opacity%3D%220%22%2F%3E%3C%2Fsvg%3E\" data-srcset=\"https:\/\/bestelements.de\/wp-content\/uploads\/Renntiere-und-wasserstoffreiches-Trinkwasser-200x114.jpg 200w, https:\/\/bestelements.de\/wp-content\/uploads\/Renntiere-und-wasserstoffreiches-Trinkwasser-300x171.jpg 300w, https:\/\/bestelements.de\/wp-content\/uploads\/Renntiere-und-wasserstoffreiches-Trinkwasser-400x228.jpg 400w, https:\/\/bestelements.de\/wp-content\/uploads\/Renntiere-und-wasserstoffreiches-Trinkwasser-500x285.jpg 500w, https:\/\/bestelements.de\/wp-content\/uploads\/Renntiere-und-wasserstoffreiches-Trinkwasser-600x342.jpg 600w, https:\/\/bestelements.de\/wp-content\/uploads\/Renntiere-und-wasserstoffreiches-Trinkwasser-700x399.jpg 700w, https:\/\/bestelements.de\/wp-content\/uploads\/Renntiere-und-wasserstoffreiches-Trinkwasser-768x438.jpg 768w, https:\/\/bestelements.de\/wp-content\/uploads\/Renntiere-und-wasserstoffreiches-Trinkwasser-800x456.jpg 800w, https:\/\/bestelements.de\/wp-content\/uploads\/Renntiere-und-wasserstoffreiches-Trinkwasser.jpg 818w\" data-sizes=\"auto\" data-orig-sizes=\"(max-width: 818px) 100vw, 818px\" \/><\/p>\n<p>En la <strong>doma cl\u00e1sica<\/strong>, una disciplina que requiere la m\u00e1xima precisi\u00f3n, concentraci\u00f3n y resistencia por parte del caballo y del jinete, la salud y el rendimiento del caballo juegan un papel central. El uso de agua potable rica en hidr\u00f3geno puede resultar muy beneficioso. Las propiedades antioxidantes del hidr\u00f3geno ayudan al cuerpo del caballo a regenerarse m\u00e1s r\u00e1pidamente despu\u00e9s de un entrenamiento intensivo de doma y previenen la inflamaci\u00f3n muscular. Al promover una mejor recuperaci\u00f3n y reducir el estr\u00e9s oxidativo, el agua rica en hidr\u00f3geno puede aumentar significativamente el rendimiento y el bienestar a largo plazo de los caballos de doma. Esto es particularmente importante porque una aptitud f\u00edsica y mental constante es crucial para el \u00e9xito en la doma.<\/p>\n<p>Las <strong>carreras de caballos<\/strong> son uno de los deportes m\u00e1s tradicionales y populares del mundo. En Europa, seis carreras se encuentran entre los eventos m\u00e1s importantes y prestigiosos: el Derby de Epsom en Inglaterra, el Prix de l&#8217;Arc de Triomphe en Par\u00eds, el Royal Ascot, el Grand National, el Derby irland\u00e9s y el Palio di Siena. En Alemania destacan el Derby alem\u00e1n de Hamburgo y el Gran Premio de Baden-Baden. Estas carreras no s\u00f3lo atraen a un gran p\u00fablico internacional, sino que tambi\u00e9n ofrecen impresionantes premios en met\u00e1lico.<\/p>\n<p>Las carreras de caballos m\u00e1s importantes del mundo son la Copa Saud\u00ed en Riad, la Copa del Mundo de Dubai, la Copa de Jap\u00f3n en Tokio, el Prix de l&#8217;Arc de Triomphe y las carreras en Estados Unidos y Australia. Estas carreras de caballos ofrecen premios m\u00e1ximos para los caballos m\u00e1s exitosos. En Alemania existen numerosos hip\u00f3dromos, incluidos Baden-Baden, Hamburgo y Colonia, donde se celebran carreras de galope y trineos.<\/p>\n<p>En los pa\u00edses \u00e1rabes, las <strong>carreras de camellos<\/strong> tienen una larga tradici\u00f3n y all\u00ed est\u00e1n especialmente arraigadas. Las carreras de camellos m\u00e1s famosas y prestigiosas incluyen el Festival del Patrimonio Al Marmoom en Dubai, el Festival del Camello Rey Abdulaziz en Arabia Saudita y el Festival del Camello Al Wathba en Abu Dhabi. Adem\u00e1s de los impresionantes premios en met\u00e1lico, lo m\u00e1s importante es el prestigio de los propietarios y criadores. Ganar una carrera de este tipo no es s\u00f3lo un \u00e9xito financiero, sino que tambi\u00e9n brinda al propietario y a su camello un gran honor y reconocimiento dentro de la comunidad de criadores de camellos. En muchos casos, las recompensas intangibles, como la fama y el prestigio, son incluso m\u00e1s importantes que los premios monetarios.<\/p>\n<p>Las carreras de perros oficiales se llevan a cabo en pa\u00edses como EE. UU., Gran Breta\u00f1a, Irlanda, Australia y Nueva Zelanda, siendo los galgos, los whiskies y los afganos las razas de perros m\u00e1s comunes. Estos perros son especialmente adecuados para las carreras debido a su velocidad, resistencia y forma corporal esbelta. En algunos pa\u00edses, como Alemania, Austria y Suiza, no se permiten carreras oficiales de perros.<\/p>\n<h2>Incrementar el rendimiento y mantener la salud de los animales de carreras<\/h2>\n<p>Un avance interesante en los deportes con animales es el uso de agua potable rica en hidr\u00f3geno para mejorar el rendimiento y mantener a los animales sanos. El hidr\u00f3geno tiene propiedades antioxidantes que pueden ayudar a reducir el estr\u00e9s oxidativo despu\u00e9s de un entrenamiento intenso o una competici\u00f3n. Esto contribuye a una recuperaci\u00f3n m\u00e1s r\u00e1pida y una mejor regeneraci\u00f3n de los animales, lo que a su vez aumenta su rendimiento y resistencia. Tambi\u00e9n puede ayudar a promover la salud animal en general al reducir la inflamaci\u00f3n y fortalecer el sistema inmunol\u00f3gico.<\/p>\n<p><img decoding=\"async\" src=\"https:\/\/bestelements.de\/wp-content\/uploads\/Pferd-trinkt-H2reiches-Trinkwasser.png\" data-orig-src=\"https:\/\/bestelements.de\/wp-content\/uploads\/Pferd-trinkt-H2reiches-Trinkwasser.png\" alt=\"Caballo bebe agua potable rica en H2\" width=\"456\" height=\"250\" class=\"lazyload alignnone size-full wp-image-27502\" srcset=\"data:image\/svg+xml,%3Csvg%20xmlns%3D%27http%3A%2F%2Fwww.w3.org%2F2000%2Fsvg%27%20width%3D%27456%27%20height%3D%27250%27%20viewBox%3D%270%200%20456%20250%27%3E%3Crect%20width%3D%27456%27%20height%3D%27250%27%20fill-opacity%3D%220%22%2F%3E%3C%2Fsvg%3E\" data-srcset=\"https:\/\/bestelements.de\/wp-content\/uploads\/Pferd-trinkt-H2reiches-Trinkwasser-200x110.png 200w, https:\/\/bestelements.de\/wp-content\/uploads\/Pferd-trinkt-H2reiches-Trinkwasser-300x164.png 300w, https:\/\/bestelements.de\/wp-content\/uploads\/Pferd-trinkt-H2reiches-Trinkwasser-400x219.png 400w, https:\/\/bestelements.de\/wp-content\/uploads\/Pferd-trinkt-H2reiches-Trinkwasser.png 456w\" data-sizes=\"auto\" data-orig-sizes=\"(max-width: 456px) 100vw, 456px\" \/><\/p>\n<div id=\"angebot\">\n<h2>Su petici\u00f3n<\/h2>\n<div class=\"wpforms-container wpforms-container-full\" id=\"wpforms-20391\"><form id=\"wpforms-form-20391\" class=\"wpforms-validate wpforms-form\" data-formid=\"20391\" method=\"post\" enctype=\"multipart\/form-data\" action=\"\/es\/wp-json\/wp\/v2\/product\/27483\"><noscript class=\"wpforms-error-noscript\">Por favor, activa JavaScript en tu navegador para completar este formulario.<\/noscript><div class=\"wpforms-field-container\"><div id=\"wpforms-20391-field_0-container\" class=\"wpforms-field wpforms-field-name\" data-field-id=\"0\"><label class=\"wpforms-field-label\" for=\"wpforms-20391-field_0\">Nombre <span class=\"wpforms-required-label\">*<\/span><\/label><div class=\"wpforms-field-row wpforms-field-large\"><div class=\"wpforms-field-row-block wpforms-first wpforms-one-half\"><input type=\"text\" id=\"wpforms-20391-field_0\" class=\"wpforms-field-name-first wpforms-field-required\" name=\"wpforms[fields][0][first]\" required><label for=\"wpforms-20391-field_0\" class=\"wpforms-field-sublabel after wpforms-sublabel-hide\">Nombre<\/label><\/div><div class=\"wpforms-field-row-block wpforms-one-half\"><input type=\"text\" id=\"wpforms-20391-field_0-last\" class=\"wpforms-field-name-last wpforms-field-required\" name=\"wpforms[fields][0][last]\" required><label for=\"wpforms-20391-field_0-last\" class=\"wpforms-field-sublabel after wpforms-sublabel-hide\">Apellidos<\/label><\/div><\/div><\/div><div id=\"wpforms-20391-field_2-container\" class=\"wpforms-field wpforms-field-textarea\" data-field-id=\"2\"><label class=\"wpforms-field-label\" for=\"wpforms-20391-field_2\">Me gustar\u00eda una oferta para los siguientes productos: <span class=\"wpforms-required-label\">*<\/span><\/label><textarea id=\"wpforms-20391-field_2\" class=\"wpforms-field-medium wpforms-field-required\" name=\"wpforms[fields][2]\" required><\/textarea><\/div><div id=\"wpforms-20391-field_1-container\" class=\"wpforms-field wpforms-field-email\" data-field-id=\"1\"><label class=\"wpforms-field-label\" for=\"wpforms-20391-field_1\">Email <span class=\"wpforms-required-label\">*<\/span><\/label><input type=\"email\" id=\"wpforms-20391-field_1\" class=\"wpforms-field-large wpforms-field-required\" name=\"wpforms[fields][1]\" required><\/div><div id=\"wpforms-20391-field_5-container\" class=\"wpforms-field wpforms-field-text\" data-field-id=\"5\"><label class=\"wpforms-field-label\" for=\"wpforms-20391-field_5\">Posiblemente empresa \/ organizaci\u00f3n<\/label><input type=\"text\" id=\"wpforms-20391-field_5\" class=\"wpforms-field-large\" name=\"wpforms[fields][5]\" ><\/div><div id=\"wpforms-20391-field_7-container\" class=\"wpforms-field wpforms-field-text\" data-field-id=\"7\"><label class=\"wpforms-field-label\" for=\"wpforms-20391-field_7\">Ciudad<\/label><input type=\"text\" id=\"wpforms-20391-field_7\" class=\"wpforms-field-medium\" name=\"wpforms[fields][7]\" ><\/div><div id=\"wpforms-20391-field_8-container\" class=\"wpforms-field wpforms-field-html\" data-field-id=\"8\"><div id=\"wpforms-20391-field_8\"><small><b>\u00a1Protegemos sus datos!<\/b> Solo utilizamos sus datos para responder a sus preguntas y nunca los transmitimos a terceros. <a href=\"https:\/\/bestelements.de\/datenschutzerklaerung\/\" target=\"_blank\">Pol\u00edtica de privacidad<\/a><\/small><\/div><\/div><\/div><div class=\"wpforms-field wpforms-field-hp\"><label for=\"wpforms-20391-field-hp\" class=\"wpforms-field-label\">Website<\/label><input type=\"text\" name=\"wpforms[hp]\" id=\"wpforms-20391-field-hp\" class=\"wpforms-field-medium\"><\/div><input type=\"hidden\" name=\"wpforms[recaptcha]\" value=\"\"><div class=\"wpforms-submit-container\" ><input type=\"hidden\" name=\"wpforms[id]\" value=\"20391\"><input type=\"hidden\" name=\"wpforms[author]\" value=\"1\"><button type=\"submit\" name=\"wpforms[submit]\" class=\"wpforms-submit button-blue\" id=\"wpforms-submit-20391\" value=\"wpforms-submit\" aria-live=\"assertive\" data-alt-text=\"Enviar...\" data-submit-text=\"Solicite oferta aqu\u00ed\">Solicite oferta aqu\u00ed<\/button><\/div><\/form><\/div>  <!-- .wpforms-container -->\n<\/div>\n<figure class=\"wp-block-table\">\n<div class=\"table-1\">\n<table>\n<tbody>\n<tr>\n<td class=\"produkte\">Alta saturaci\u00f3n de H2 en tiempo real<\/td>\n<td class=\"produkte\"><img decoding=\"async\" class=\"lazyload wp-image-16052 alignleft\" src=\"https:\/\/bestelements.de\/wp-content\/uploads\/H2-Analytics-approved.png\" data-orig-src=\"https:\/\/bestelements.de\/wp-content\/uploads\/H2-Analytics-approved.png\" alt=\"H2 Analytics approved\" width=\"58\" height=\"58\" srcset=\"data:image\/svg+xml,%3Csvg%20xmlns%3D%27http%3A%2F%2Fwww.w3.org%2F2000%2Fsvg%27%20width%3D%2758%27%20height%3D%2758%27%20viewBox%3D%270%200%2058%2058%27%3E%3Crect%20width%3D%2758%27%20height%3D%2758%27%20fill-opacity%3D%220%22%2F%3E%3C%2Fsvg%3E\" data-srcset=\"https:\/\/bestelements.de\/wp-content\/uploads\/H2-Analytics-approved-66x66.png 66w, https:\/\/bestelements.de\/wp-content\/uploads\/H2-Analytics-approved-100x100.png 100w, https:\/\/bestelements.de\/wp-content\/uploads\/H2-Analytics-approved-150x150.png 150w, https:\/\/bestelements.de\/wp-content\/uploads\/H2-Analytics-approved.png 200w\" data-sizes=\"auto\" data-orig-sizes=\"(max-width: 58px) 100vw, 58px\" \/>Saturaci\u00f3n hasta <strong>3.410 ppb a 20 \u00b0C y 4 l\/min<\/strong>, confirmada y certificada por el informe de laboratorio de H2 Analytics Water Testing &amp; Certification USA<\/td>\n<\/tr>\n<tr>\n<td class=\"produkte\">Comprobado<\/td>\n<td class=\"produkte\"><a href=\"https:\/\/bestelements.de\/de\/qualitaetssicherung\/di-flow-qualitaetsstandard\/\"><img decoding=\"async\" class=\"lazyload alignleft\" src=\"data:image\/gif;base64,R0lGODlhAQABAAAAACH5BAEKAAEALAAAAAABAAEAAAICTAEAOw==\" data-orig-src=\"https:\/\/bestelements.de\/wp-content\/uploads\/Di-Flow-Logo.svg\" alt=\"Di-Flow\" width=\"150px\" height=\"\" \/><\/a> Di-Flow\u00ae Junta de examen<\/td>\n<\/tr>\n<tr>\n<td class=\"\">Residuos de agua de bebida<\/td>\n<td class=\"produkte\">1-10 litros por minuto<\/td>\n<\/tr>\n<tr>\n<td class=\"\">Rango de temperatura<\/td>\n<td class=\"produkte\">Temperatura del agua entre un m\u00ednimo de 5 \u00b0C y un m\u00e1ximo de 50 \u00b0C<\/td>\n<\/tr>\n<tr>\n<td class=\"\">Concentraci\u00f3n de hidr\u00f3geno<\/td>\n<td class=\"produkte\">hasta 3.410 ppb (a 20\u00b0C y 4 L\/min)<\/td>\n<\/tr>\n<tr>\n<td class=\"\">Membran<\/td>\n<td class=\"produkte\">DuPont Nafion\u2122 N117 (USA) SPE\/PEM<\/td>\n<\/tr>\n<tr>\n<td class=\"\">Tanque interno<\/td>\n<td class=\"produkte\">Dep\u00f3sito de agua de 2,5 l de agua destilada exclusivamente para producci\u00f3n de hidr\u00f3geno y liberaci\u00f3n de H2 al agua potable en tiempo real<\/td>\n<\/tr>\n<tr>\n<td class=\"\">Celda electrol\u00edtica<\/td>\n<td class=\"produkte\">Electr\u00f3lisis de agua ultrapura, celdas dise\u00f1adas para 6.000-8.000 horas de funcionamiento<\/td>\n<\/tr>\n<tr>\n<td class=\"\">Peso<\/td>\n<td class=\"produkte\">13 kg, ruedas y asas en el aparato<\/td>\n<\/tr>\n<tr>\n<td class=\"\">Dimensiones<\/td>\n<td class=\"produkte\">440 x 350 x 310 mm<\/td>\n<\/tr>\n<tr>\n<td class=\"\">Dise\u00f1o compacto<\/td>\n<td class=\"produkte\">Carcasa de aluminio anodizado para mayor estabilidad y buena disipaci\u00f3n del calor, larga durabilidad y larga vida \u00fatil\n<\/td>\n<\/tr>\n<tr>\n<td class=\"\">Fuente de alimentaci\u00f3n<\/td>\n<td class=\"produkte\">110-230 V~50\/60 Hz, 400 VA<\/td>\n<\/tr>\n<tr>\n<td class=\"\">Certificaci\u00f3n<\/td>\n<td class=\"produkte\">Certificado CE<\/td>\n<\/tr>\n<tr>\n<td class=\"\">Alcance de entrega, accesorios<\/td>\n<td class=\"produkte\">H2Master4000 con cable de alimentaci\u00f3n, mangueras flexibles de agua para entrada y salida con salida, manguera de drenaje, instrucciones de uso<\/td>\n<\/tr>\n<\/tbody>\n<\/table>\n<\/div>\n<\/figure>\n<h3>El efecto del hidr\u00f3geno explicado r\u00e1pidamente<\/h3>\n<p><span class=\"gray-back-snippet\">Hidr\u00f3geno <a href=\"https:\/\/bestelements.de\/es\/wasserstoffwasser\/\" target=\"_blank\" class=\"fusion-button button-default button-small button-abstand\">Art\u00edculo<\/a> <a href=\"https:\/\/bestelements.de\/es\/tag\/h2studien\/\" class=\"fusion-button button-default button-small button-abstand\">Estudios<\/a> <a href=\"https:\/\/bestelements.de\/es\/wasserstoffwasser\/fragen-antworten-anwendung-wasserstoffreiches-trinkwasser-wasserstoff-inhalation\/\" class=\"fusion-button button-default button-small button-abstand\">Preguntas Respuestas<\/a> <a href=\"https:\/\/bestelements.de\/es\/kaufen\/buecher-ebooks\/ebook-wasserstoffreiches-trinkwasser-und-wasserstoff-inhalation-anwendung-und-studien\/\" target=\"_blank\" class=\"fusion-button button-default button-small button-abstand\">Libro electr\u00f3nico<\/a><\/span><br \/>\n<a class=\"sg-popup-id-149 dotted\" href=\"#\">Estamos encantados de responder a sus preguntas sobre este inhalador de hidr\u00f3geno.<\/a><\/p>","protected":false},"excerpt":{"rendered":"<h2>NUEVO <span class=\"blue-back\">H2Master4000<\/span><\/h2>\n<div class=\"blue-back\">Agua potable rica en hidr\u00f3geno para animales grandes<\/div>\n<div id=\"icons-water-stoffe\"><i class=\"fa-solid fas fa-battery-full\"><\/i> <i class=\"fa-solid fas fa-horse-saddle\"><\/i> <i class=\"fa-solid fas fa-cow\"><\/i> <i class=\"fa-solid fas fa-heartbeat\"><\/i><\/div>\n<ul>\n<li>Agua potable rica en hidr\u00f3geno para animales grandes, de equitaci\u00f3n y deportivos<\/li>\n<li>Caballos, camellos, ganado vacuno para cr\u00eda, carreras y competiciones<\/li>\n<li>Saturaci\u00f3n alta y de H<sub>2<\/sub> del hidr\u00f3geno unido en el agua potable<\/li>\n<li><strong>Agua potable rica en H<sub>2<\/sub>en \u200b\u200btiempo real<\/strong> de 1 a 10 litros por minuto<\/li>\n<li><span class=\"blue strong\">S\u00daPER VALOR<\/span> 3.410 ppb a 4 litros\/minuto <i class=\"fa-solid fas fa-certificate grey\"><\/i> <strong><span class =\"gris\">CERTIFICADO<\/span><\/strong><\/li>\n<li>Para ganader\u00edas, ganader\u00edas, propietarios de animales, criadores, entrenadores&#8230; y jockeys<\/li>\n<li><span class=\"blue strong\">UNIVERSAL<\/span> Se puede conectar a todas las tuber\u00edas de agua potable con un grifo est\u00e1ndar<\/li>\n<li><strong>Componentes de alta calidad, membranas recubiertas de iridio<\/strong><\/li>\n<li>Electrolizadores de <strong>calidad premium<\/strong> con <a href=\"https:\/\/bestelements.de\/es\/wasserstoffwasser\/h2star-qualitaet-wasserstoff-inhalatoren-und-browns-gas\/\"><u><strong>garant\u00eda adicional<\/strong><\/u><\/a> (3 a\u00f1os)<\/li>\n<li><strong>Empresa alemana con soporte experto <i class=\"fa-solid fas fa-certificate blue\"><\/i> <a href=\"https:\/\/bestelements.de\/es\/wasserstoffwasser\/bestelements-und-wasserstoff-forschung-mitgliedschaft-bei-der-mhi-community\/\"><u>miembro de MHI<\/u><\/a><\/strong><\/li>\n<\/ul>\n","protected":false},"featured_media":30106,"template":"","meta":{"footnotes":""},"product_brand":[],"product_cat":[99],"product_tag":[337],"class_list":{"0":"post-27483","1":"product","2":"type-product","3":"status-publish","4":"has-post-thumbnail","6":"product_cat-wasserstoff-generator","7":"product_tag-wasserstoffreiches-trinkwasser-fuer-tiere","9":"first","10":"instock","11":"featured","12":"taxable","13":"shipping-taxable","14":"purchasable","15":"product-type-simple"},"_links":{"self":[{"href":"https:\/\/bestelements.de\/es\/wp-json\/wp\/v2\/product\/27483","targetHints":{"allow":["GET"]}}],"collection":[{"href":"https:\/\/bestelements.de\/es\/wp-json\/wp\/v2\/product"}],"about":[{"href":"https:\/\/bestelements.de\/es\/wp-json\/wp\/v2\/types\/product"}],"version-history":[{"count":0,"href":"https:\/\/bestelements.de\/es\/wp-json\/wp\/v2\/product\/27483\/revisions"}],"wp:featuredmedia":[{"embeddable":true,"href":"https:\/\/bestelements.de\/es\/wp-json\/wp\/v2\/media\/30106"}],"wp:attachment":[{"href":"https:\/\/bestelements.de\/es\/wp-json\/wp\/v2\/media?parent=27483"}],"wp:term":[{"taxonomy":"product_brand","embeddable":true,"href":"https:\/\/bestelements.de\/es\/wp-json\/wp\/v2\/product_brand?post=27483"},{"taxonomy":"product_cat","embeddable":true,"href":"https:\/\/bestelements.de\/es\/wp-json\/wp\/v2\/product_cat?post=27483"},{"taxonomy":"product_tag","embeddable":true,"href":"https:\/\/bestelements.de\/es\/wp-json\/wp\/v2\/product_tag?post=27483"}],"curies":[{"name":"wp","href":"https:\/\/api.w.org\/{rel}","templated":true}]}}