{"id":25622,"date":"2024-06-07T13:50:25","date_gmt":"2024-06-07T11:50:25","guid":{"rendered":"https:\/\/bestelements.de\/?post_type=product&#038;p=25622"},"modified":"2025-10-21T11:23:44","modified_gmt":"2025-10-21T09:23:44","slug":"buch-ebook-wasserstoff-medizin-mark-sircus","status":"publish","type":"product","link":"https:\/\/bestelements.de\/es\/kaufen\/buecher-ebooks\/buch-ebook-wasserstoff-medizin-mark-sircus\/","title":{"rendered":"Libro Medicina del hidr\u00f3geno de Dr. Mark Sircus (libro y libro electr\u00f3nico)"},"content":{"rendered":"<p><small>Promocionamos estos libros para una empresa asociada. El enlace al libro es el llamado Enlace de afiliado y conduce directamente al proveedor. El precio es el mismo que directamente con el proveedor, por lo que no te resultar\u00e1 m\u00e1s caro, puedes recibir un descuento a trav\u00e9s de nuestro enlace. La descripci\u00f3n del libro proviene del vendedor. Otros libros y libros electr\u00f3nicos relevantes sobre el tema est\u00e1n disponibles en el sitio web de la empresa asociada.<\/small><\/p>","protected":false},"excerpt":{"rendered":"<h3>La medicina del hidr\u00f3geno es revolucionaria. Es el poder curativo cuando lo necesitamos<\/h3>\n<p>La combinaci\u00f3n de gas hidr\u00f3geno, agua hidrogenada, ox\u00edgeno y di\u00f3xido de carbono marca el comienzo de una nueva era m\u00e9dica en la que lo imposible se vuelve posible.<br \/>\nEl hidr\u00f3geno, como el ox\u00edgeno y el di\u00f3xido de carbono, es una droga grave. Los tres gases nutren nuestro cuerpo y ayudan con el dolor, el c\u00e1ncer y otras enfermedades. El hidr\u00f3geno permite que el cuerpo funcione y respire bajo estr\u00e9s. Proporciona una curaci\u00f3n m\u00e1s intensiva y una recuperaci\u00f3n m\u00e1s r\u00e1pida que el ox\u00edgeno solo. El cuerpo puede literalmente inundarse de hidr\u00f3geno para aliviar las peores quemaduras inflamatorias y el estr\u00e9s oxidativo. Cuanto m\u00e1s enferma est\u00e1 una persona, m\u00e1s se beneficia del hidr\u00f3geno. Y para las personas sanas, la inhalaci\u00f3n de hidr\u00f3geno es la terapia antienvejecimiento por excelencia. La medicina del hidr\u00f3geno es revolucionaria y tiene el potencial de salvar vidas, aliviar el sufrimiento y, a trav\u00e9s de sus efectos antienvejecimiento, hacer que las personas vuelvan a ser j\u00f3venes y hermosas.<br \/>\nDr. Mark Sircus, Editorial KOPP<\/p>\n","protected":false},"featured_media":25624,"template":"","meta":{"footnotes":""},"product_brand":[],"product_cat":[255,274],"product_tag":[278],"class_list":{"0":"post-25622","1":"product","2":"type-product","3":"status-publish","4":"has-post-thumbnail","6":"product_cat-buecher-ebooks","7":"product_cat-zubehoer","8":"product_tag-h2equipment","10":"first","11":"instock","12":"taxable","13":"shipping-taxable","14":"product-type-external"},"_links":{"self":[{"href":"https:\/\/bestelements.de\/es\/wp-json\/wp\/v2\/product\/25622","targetHints":{"allow":["GET"]}}],"collection":[{"href":"https:\/\/bestelements.de\/es\/wp-json\/wp\/v2\/product"}],"about":[{"href":"https:\/\/bestelements.de\/es\/wp-json\/wp\/v2\/types\/product"}],"version-history":[{"count":0,"href":"https:\/\/bestelements.de\/es\/wp-json\/wp\/v2\/product\/25622\/revisions"}],"wp:featuredmedia":[{"embeddable":true,"href":"https:\/\/bestelements.de\/es\/wp-json\/wp\/v2\/media\/25624"}],"wp:attachment":[{"href":"https:\/\/bestelements.de\/es\/wp-json\/wp\/v2\/media?parent=25622"}],"wp:term":[{"taxonomy":"product_brand","embeddable":true,"href":"https:\/\/bestelements.de\/es\/wp-json\/wp\/v2\/product_brand?post=25622"},{"taxonomy":"product_cat","embeddable":true,"href":"https:\/\/bestelements.de\/es\/wp-json\/wp\/v2\/product_cat?post=25622"},{"taxonomy":"product_tag","embeddable":true,"href":"https:\/\/bestelements.de\/es\/wp-json\/wp\/v2\/product_tag?post=25622"}],"curies":[{"name":"wp","href":"https:\/\/api.w.org\/{rel}","templated":true}]}}