{"id":2553,"date":"2020-12-21T09:54:55","date_gmt":"2020-12-21T08:54:55","guid":{"rendered":"https:\/\/bestelements.de\/?post_type=product&#038;p=2553"},"modified":"2023-04-04T10:24:32","modified_gmt":"2023-04-04T08:24:32","slug":"ersatz-filterelemente-doppel-set-luftfilter-be-air8","status":"publish","type":"product","link":"https:\/\/bestelements.de\/es\/kaufen\/ersatzfilter-luft\/ersatz-filterelemente-doppel-set-luftfilter-be-air8\/","title":{"rendered":"Ersatz-Filterelemente Doppel-Set f\u00fcr Luftreiniger\u2009BE AIR8"},"content":{"rendered":"<p>Ersatz-Filterelement geeignet f\u00fcr:<\/p>\n<h2><span class=\"blue-back\">BE AIR8<\/span>\u00a0<span class=\"gray\">Max<\/span><\/h2>\n<p><a href=\"https:\/\/bestelements.de\/de\/kaufen\/luftfilter-luftreiniger-onlineshop\/luftfilter-luftreiniger-be-air8-fuer-buero-gruppen-und-meetings\/\"><img decoding=\"async\" class=\"lazyload alignnone wp-image-1791 size-medium\" src=\"https:\/\/bestelements.de\/wp-content\/uploads\/2020\/11\/Luftfilter-BE-Air8-300x300.jpg\" data-orig-src=\"https:\/\/bestelements.de\/wp-content\/uploads\/2020\/11\/Luftfilter-BE-Air8-300x300.jpg\" alt=\"\" width=\"300\" height=\"300\" srcset=\"data:image\/svg+xml,%3Csvg%20xmlns%3D%27http%3A%2F%2Fwww.w3.org%2F2000%2Fsvg%27%20width%3D%27300%27%20height%3D%27300%27%20viewBox%3D%270%200%20300%20300%27%3E%3Crect%20width%3D%27300%27%20height%3D%27300%27%20fill-opacity%3D%220%22%2F%3E%3C%2Fsvg%3E\" data-srcset=\"https:\/\/bestelements.de\/wp-content\/uploads\/2020\/11\/Luftfilter-BE-Air8-66x66.jpg 66w, https:\/\/bestelements.de\/wp-content\/uploads\/2020\/11\/Luftfilter-BE-Air8-100x100.jpg 100w, https:\/\/bestelements.de\/wp-content\/uploads\/2020\/11\/Luftfilter-BE-Air8-150x150.jpg 150w, https:\/\/bestelements.de\/wp-content\/uploads\/2020\/11\/Luftfilter-BE-Air8-200x200.jpg 200w, https:\/\/bestelements.de\/wp-content\/uploads\/2020\/11\/Luftfilter-BE-Air8-300x300.jpg 300w, https:\/\/bestelements.de\/wp-content\/uploads\/2020\/11\/Luftfilter-BE-Air8-400x400.jpg 400w, https:\/\/bestelements.de\/wp-content\/uploads\/2020\/11\/Luftfilter-BE-Air8-500x500.jpg 500w, https:\/\/bestelements.de\/wp-content\/uploads\/2020\/11\/Luftfilter-BE-Air8-600x600.jpg 600w, https:\/\/bestelements.de\/wp-content\/uploads\/2020\/11\/Luftfilter-BE-Air8.jpg 700w\" data-sizes=\"auto\" data-orig-sizes=\"(max-width: 300px) 100vw, 300px\" \/><\/a><\/p>\n<h3>Filterwechsel<\/h3>\n<h3><span class=\"blue-back\">BE AIR8<\/span>\u00a0<span class=\"gray\"><a href=\"https:\/\/bestelements.de\/wp-content\/uploads\/Filterwechsel-Luftfilter-BE-AIR8.pdf\" target=\"_blank\" rel=\"noopener\">Anleitung Filterwechsel <i class=\"fa fa-download\"><\/i>\u00a0PDF<\/a><\/span><\/h3>\n<p>Beim Wechsel Ger\u00e4t stromlos machen. Netzstecker ziehen.<\/p>\n<p>Filterelement auf beiden Seiten einsetzen<br \/>\n1. Seitenabdeckungen zum \u00d6ffnen oben nach vorn ziehen.<br \/>\n2. Vorfilter zum \u00d6ffnen oben nach vorn ziehen.<br \/>\n3. Filterelemente (Kombis HEPA und Aktivkohle) aus den Folienverpackungen nehmen und mit der wei\u00dfen Seiten und wei\u00dfen Grifflaschen nach au\u00dfen einsetzen.<br \/>\n4. Vorfilter und Frontabdeckungen schlie\u00dfen: Dazu unten in die jeweilen F\u00fchren einstecken und oben einrasten.<\/p>\n<p>Nach dem Wechseln der neuen Filterelemente einschalten und das Symbol 5 Sekunden lang dr\u00fccken, um Z\u00e4hler wieder neu zu starten.<\/p>","protected":false},"excerpt":{"rendered":"<p>Doppelset: Bestehend aus zwei Kombi-Ersatzfilter<\/p>\n<ol>\n<li>2x HEPA13<\/li>\n<li>2x Aktivkohle<\/li>\n<\/ol>\n","protected":false},"featured_media":2555,"template":"","meta":{"footnotes":""},"product_brand":[],"product_cat":[108],"product_tag":[],"class_list":{"0":"post-2553","1":"product","2":"type-product","3":"status-publish","4":"has-post-thumbnail","6":"product_cat-ersatzfilter-luft","8":"first","9":"instock","10":"taxable","11":"shipping-taxable","12":"purchasable","13":"product-type-simple"},"_links":{"self":[{"href":"https:\/\/bestelements.de\/es\/wp-json\/wp\/v2\/product\/2553","targetHints":{"allow":["GET"]}}],"collection":[{"href":"https:\/\/bestelements.de\/es\/wp-json\/wp\/v2\/product"}],"about":[{"href":"https:\/\/bestelements.de\/es\/wp-json\/wp\/v2\/types\/product"}],"version-history":[{"count":0,"href":"https:\/\/bestelements.de\/es\/wp-json\/wp\/v2\/product\/2553\/revisions"}],"wp:featuredmedia":[{"embeddable":true,"href":"https:\/\/bestelements.de\/es\/wp-json\/wp\/v2\/media\/2555"}],"wp:attachment":[{"href":"https:\/\/bestelements.de\/es\/wp-json\/wp\/v2\/media?parent=2553"}],"wp:term":[{"taxonomy":"product_brand","embeddable":true,"href":"https:\/\/bestelements.de\/es\/wp-json\/wp\/v2\/product_brand?post=2553"},{"taxonomy":"product_cat","embeddable":true,"href":"https:\/\/bestelements.de\/es\/wp-json\/wp\/v2\/product_cat?post=2553"},{"taxonomy":"product_tag","embeddable":true,"href":"https:\/\/bestelements.de\/es\/wp-json\/wp\/v2\/product_tag?post=2553"}],"curies":[{"name":"wp","href":"https:\/\/api.w.org\/{rel}","templated":true}]}}