{"id":23467,"date":"2023-11-30T13:35:22","date_gmt":"2023-11-30T12:35:22","guid":{"rendered":"https:\/\/bestelements.de\/?post_type=product&#038;p=23467"},"modified":"2026-04-07T09:39:39","modified_gmt":"2026-04-07T07:39:39","slug":"wasserstoffinhalation-zubehoer-sprudelstab-augen-ohreninhalation","status":"publish","type":"product","link":"https:\/\/bestelements.de\/es\/kaufen\/zubehoer\/wasserstoffinhalation-zubehoer-sprudelstab-augen-ohreninhalation\/","title":{"rendered":"Accesorios para inhalaci\u00f3n de hidr\u00f3geno: Tubo de burbuja, inhalaci\u00f3n para ojos y o\u00eddos"},"content":{"rendered":"","protected":false},"excerpt":{"rendered":"<p>Varilla de burbujas de hidr\u00f3geno para producir agua potable rica en hidr\u00f3geno, varilla de acero inoxidable con piedra difusora (piedra de burbujas, piedra difusora)<br \/>\nGafas de hidr\u00f3geno para los ojos<br \/>\nInhalaci\u00f3n de hidr\u00f3geno para o\u00eddos<br \/>\n(tambi\u00e9n apto para ox\u00edgeno si es necesario)<br \/>\nContenedor de recogida<br \/>\nLa pieza en Y combina H2+O2<br \/>\nPieza en Y para 2 personas<\/p>\n<p>para <a href=\"https:\/\/bestelements.de\/es\/inhalatoren\/professionelle-wasserstoff-inhalatoren-und-browns-gas\/\">inhaladores BE H2<\/a><\/p>\n","protected":false},"featured_media":30003,"template":"","meta":{"footnotes":""},"product_brand":[],"product_cat":[274],"product_tag":[278],"class_list":{"0":"post-23467","1":"product","2":"type-product","3":"status-publish","4":"has-post-thumbnail","6":"product_cat-zubehoer","7":"product_tag-h2equipment","9":"first","10":"instock","11":"taxable","12":"shipping-taxable","13":"purchasable","14":"product-type-variable"},"_links":{"self":[{"href":"https:\/\/bestelements.de\/es\/wp-json\/wp\/v2\/product\/23467","targetHints":{"allow":["GET"]}}],"collection":[{"href":"https:\/\/bestelements.de\/es\/wp-json\/wp\/v2\/product"}],"about":[{"href":"https:\/\/bestelements.de\/es\/wp-json\/wp\/v2\/types\/product"}],"version-history":[{"count":1,"href":"https:\/\/bestelements.de\/es\/wp-json\/wp\/v2\/product\/23467\/revisions"}],"predecessor-version":[{"id":33684,"href":"https:\/\/bestelements.de\/es\/wp-json\/wp\/v2\/product\/23467\/revisions\/33684"}],"wp:featuredmedia":[{"embeddable":true,"href":"https:\/\/bestelements.de\/es\/wp-json\/wp\/v2\/media\/30003"}],"wp:attachment":[{"href":"https:\/\/bestelements.de\/es\/wp-json\/wp\/v2\/media?parent=23467"}],"wp:term":[{"taxonomy":"product_brand","embeddable":true,"href":"https:\/\/bestelements.de\/es\/wp-json\/wp\/v2\/product_brand?post=23467"},{"taxonomy":"product_cat","embeddable":true,"href":"https:\/\/bestelements.de\/es\/wp-json\/wp\/v2\/product_cat?post=23467"},{"taxonomy":"product_tag","embeddable":true,"href":"https:\/\/bestelements.de\/es\/wp-json\/wp\/v2\/product_tag?post=23467"}],"curies":[{"name":"wp","href":"https:\/\/api.w.org\/{rel}","templated":true}]}}