{"id":2202,"date":"2020-12-05T12:16:18","date_gmt":"2020-12-05T11:16:18","guid":{"rendered":"https:\/\/bestelements.de\/?post_type=product&#038;p=2202"},"modified":"2025-10-08T14:19:27","modified_gmt":"2025-10-08T12:19:27","slug":"umkehrosmose-trinkwasserfilter-wa3-zuhause","status":"publish","type":"product","link":"https:\/\/bestelements.de\/es\/kaufen\/trinkwasserfilter\/umkehrosmose-trinkwasserfilter-wa3-zuhause\/","title":{"rendered":"Filtro de agua potable de \u00f3smosis inversa BE WA3 para el hogar"},"content":{"rendered":"<p><\/p>\n<h2>Agua potable libre de residuos hormonales y EDC&#8217;s<\/h2>\n<p class=\"gray\">Los informes de prensa sobre la contaminaci\u00f3n del agua se acumulan. Las fuentes principales tambi\u00e9n informan sobre bacterias, residuos de medicamentos, sustancias similares a hormonas y toxinas ambientales EDC en el agua. Es evidente que cada vez m\u00e1s familias y parejas que quieren ser padres se preocupan por la fertilidad y la pureza del agua que beben. Los refrescos con az\u00facar engordan y el agua embotellada es solo una soluci\u00f3n a corto plazo para muchos. Los costes, los residuos en las botellas de PET y el equilibrio ecol\u00f3gico son solo algunas de las razones.<\/p>\n<p class=\"gray\">El BE WA3 es un potente dispositivo de filtro de agua para familias. Conectado debajo del fregadero para ahorrar espacio, el dispositivo de filtro suministra el agua potable m\u00e1s pura y sabrosa a trav\u00e9s de un grifo separado, libre de impurezas hormonales, bacterias, cal y contaminantes. Independientemente de la contaminaci\u00f3n que pueda haber en el agua: con esta soluci\u00f3n a largo plazo, obtiene el agua potable m\u00e1s pura en su hogar. Y eso sin cargar cajas de agua.<\/p>\n<h2><span class=\"blue-back\">BE WA3<\/span> <span class=\"gray\">Filtro de agua para el hogar<\/span><\/h2>\n<div class=\"blue-back\">Potente filtro de agua de \u00f3smosis inversa para el hogar<\/div>\n<p><img decoding=\"async\" src=\"https:\/\/bestelements.de\/wp-content\/uploads\/WA3-auf-Tisch-818px.jpg\" data-orig-src=\"https:\/\/bestelements.de\/wp-content\/uploads\/WA3-auf-Tisch-818px.jpg\" alt=\"Wasserfilter BE WA3 auf Tisch\" width=\"818\" height=\"486\" class=\"lazyload alignnone size-full wp-image-19457\" srcset=\"data:image\/svg+xml,%3Csvg%20xmlns%3D%27http%3A%2F%2Fwww.w3.org%2F2000%2Fsvg%27%20width%3D%27818%27%20height%3D%27486%27%20viewBox%3D%270%200%20818%20486%27%3E%3Crect%20width%3D%27818%27%20height%3D%27486%27%20fill-opacity%3D%220%22%2F%3E%3C%2Fsvg%3E\" data-srcset=\"https:\/\/bestelements.de\/wp-content\/uploads\/WA3-auf-Tisch-818px-200x119.jpg 200w, https:\/\/bestelements.de\/wp-content\/uploads\/WA3-auf-Tisch-818px-300x178.jpg 300w, https:\/\/bestelements.de\/wp-content\/uploads\/WA3-auf-Tisch-818px-400x238.jpg 400w, https:\/\/bestelements.de\/wp-content\/uploads\/WA3-auf-Tisch-818px-500x297.jpg 500w, https:\/\/bestelements.de\/wp-content\/uploads\/WA3-auf-Tisch-818px-600x356.jpg 600w, https:\/\/bestelements.de\/wp-content\/uploads\/WA3-auf-Tisch-818px-700x416.jpg 700w, https:\/\/bestelements.de\/wp-content\/uploads\/WA3-auf-Tisch-818px-768x456.jpg 768w, https:\/\/bestelements.de\/wp-content\/uploads\/WA3-auf-Tisch-818px-800x475.jpg 800w, https:\/\/bestelements.de\/wp-content\/uploads\/WA3-auf-Tisch-818px.jpg 818w\" data-sizes=\"auto\" data-orig-sizes=\"(max-width: 818px) 100vw, 818px\" \/><em>Instalaci\u00f3n y conexi\u00f3n se realiza debajo de la mesa en el \u00e1rea del fregadero<\/em><\/p>\n<h2><i class=\"fa fa-glass-citrus\"><\/i> Reinstes Trinkwasser im Haushalt<\/h2>\n<p>El sistema compacto de filtraci\u00f3n de agua potable WA3 funciona con tecnolog\u00eda de <a href=\"https:\/\/bestelements.de\/einfach-erklaert\/umkehrosmose-gut-oder-schlecht-osmose-funktionsprinzip-wasserfilter\/\">\u00f3smosis inversa<\/a> y se caracteriza por una alta pureza del agua y un alto rendimiento, se encuentra en el segmento de precio medio. Una membrana de calidad Dow\u00ae FILMTEC\u2122 garantiza una filtraci\u00f3n completa de agua ultrapura. Gracias a la tecnolog\u00eda Directflow, hay suficiente agua potable disponible directamente durante el proceso de filtraci\u00f3n y no se requiere un tanque de agua para el almacenamiento intermedio, lo que minimiza el esfuerzo de mantenimiento y aumenta el disfrute del agua potable fresca.<br \/>\n<img decoding=\"async\" class=\"lazyload alignnone wp-image-5364 size-full\" src=\"https:\/\/bestelements.de\/wp-content\/uploads\/Banner-Mann-Glas-Kueche.jpg\" data-orig-src=\"https:\/\/bestelements.de\/wp-content\/uploads\/Banner-Mann-Glas-Kueche.jpg\" alt=\"\" width=\"1140\" height=\"313\" srcset=\"data:image\/svg+xml,%3Csvg%20xmlns%3D%27http%3A%2F%2Fwww.w3.org%2F2000%2Fsvg%27%20width%3D%271140%27%20height%3D%27313%27%20viewBox%3D%270%200%201140%20313%27%3E%3Crect%20width%3D%271140%27%20height%3D%27313%27%20fill-opacity%3D%220%22%2F%3E%3C%2Fsvg%3E\" data-srcset=\"https:\/\/bestelements.de\/wp-content\/uploads\/Banner-Mann-Glas-Kueche-200x55.jpg 200w, https:\/\/bestelements.de\/wp-content\/uploads\/Banner-Mann-Glas-Kueche-300x82.jpg 300w, https:\/\/bestelements.de\/wp-content\/uploads\/Banner-Mann-Glas-Kueche-400x110.jpg 400w, https:\/\/bestelements.de\/wp-content\/uploads\/Banner-Mann-Glas-Kueche-500x137.jpg 500w, https:\/\/bestelements.de\/wp-content\/uploads\/Banner-Mann-Glas-Kueche-600x165.jpg 600w, https:\/\/bestelements.de\/wp-content\/uploads\/Banner-Mann-Glas-Kueche-700x192.jpg 700w, https:\/\/bestelements.de\/wp-content\/uploads\/Banner-Mann-Glas-Kueche-768x211.jpg 768w, https:\/\/bestelements.de\/wp-content\/uploads\/Banner-Mann-Glas-Kueche-800x220.jpg 800w, https:\/\/bestelements.de\/wp-content\/uploads\/Banner-Mann-Glas-Kueche-1024x281.jpg 1024w, https:\/\/bestelements.de\/wp-content\/uploads\/Banner-Mann-Glas-Kueche.jpg 1140w\" data-sizes=\"auto\" data-orig-sizes=\"(max-width: 1140px) 100vw, 1140px\" \/><\/p>\n<p>Debido a sus dimensiones compactas y conexiones que ahorran espacio, el dispositivo de filtro tambi\u00e9n cabe en peque\u00f1os armarios de cocina o tambi\u00e9n se puede utilizar como dispositivo de sobremesa. El grifo de agua potable incluido en el volumen de suministro est\u00e1 hecho de acero inoxidable V4A de alta calidad apto para agua potable con juntas de cer\u00e1mica resistentes al desgaste y el ca\u00f1o se puede quitar para facilitar la limpieza. El grifo de agua potable est\u00e1 montado en el fregadero. Se excluyen las reinfecciones. As\u00ed es como obtiene <i class=\"fa-solid fas fa-glass\"><\/i> agua potable pura y refrescante, libre de impurezas y contaminantes, directamente del grifo de agua potable en su fregadero. Y dado que el agua tampoco contiene cal, puede <i class=\"fa-solid fas fa-blender\"><\/i> suministrar agua a dispositivos como hervidores de agua, <i class=\"fa-solid fas fa-coffee-pot\"><\/i> cafeteras, <i class=\"fa-solid fas fa-sprinkler\"><\/i> burbujeadores de soda, <i class=\"fa-solid fas fa-air-conditioner fa-rotate-180\"><\/i> <a href=\"https:\/\/bestelements.de\/es\/onlineshop-mobile-wasserstoff-booster-kaufen\/\">propulsores de hidr\u00f3geno<\/a> y as\u00ed protegerlos de la calcificaci\u00f3n.<\/p>\n<h2><i class=\"fa-solid fas fa-layer-group\"><\/i> Niveles de filtro<\/h2>\n<p>\u2776 Prefiltro de sedimentos 0,5 \u00b5m<br \/>\n\u2777 Membrana de filtraci\u00f3n principal Material original Dow\u00ae FILMTEC\u2122<br \/>\n\u2778\u00a0Etapa de filtro de carb\u00f3n activado<\/p>\n<p>La instalaci\u00f3n y el mantenimiento son extremadamente f\u00e1ciles. La conexi\u00f3n puede realizarla usted mismo o un instalador de su elecci\u00f3n. El esfuerzo de mantenimiento del sistema se ha reducido al m\u00ednimo y el filtro de sustituci\u00f3n, que se debe cambiar anualmente, solo lleva unos minutos gracias al proceso <span class=\"fusion-popover popover-5\" data-animation=\"1\" data-class=\"popover-5\" data-container=\"popover-5\" data-html-content=\"&lt;div class=&quot;fusion-video fusion-selfhosted-video&quot; style=&quot;max-width:245;&quot;&gt;&lt;div class=&quot;video-wrapper&quot;&gt;&lt;video playsinline=&quot;true&quot; width=&quot;100%&quot; style=&quot;object-fit: cover;&quot; autoplay=&quot;true&quot; loop=&quot;true&quot; preload=&quot;auto&quot; controls=&quot;1&quot;&gt;&lt;source src=&quot;https:\/\/bestelements.de\/wp-content\/uploads\/Wechsel-Filterelemente-EASY-CLICK-WA3.mp4&quot; type=&quot;video\/mp4&quot;&gt;Sorry, your browser doesn&#039;t support embedded videos.&lt;\/video&gt;&lt;\/div&gt;&lt;\/div&gt;\" data-delay=\"50\" data-placement=\"top\" data-title=\"EASY CLICK WA3\" data-toggle=\"popover\" data-trigger=\"hover\"> <span class=\"blue strong dotted\"> Easy Click<\/span> <\/span> con parada autom\u00e1tica de agua.<\/p>\n<h2><i class=\"fa-solid fas fa-globe farbverlauf-srg\"><\/i> Producci\u00f3n en Alemania<\/h2>\n<p>Los dispositivos de filtro BE WA3 se fabrican en Alemania de acuerdo con los estrictos est\u00e1ndares y las normas, requisitos y certificaciones aplicables para la pureza y confiabilidad del material, as\u00ed como la garant\u00eda y la garant\u00eda. Puede confiar en estos filtros de agua potable.<\/p>\n<h2><i class=\"fa-solid fas fa-info-circle minwidthicon\"><\/i> Beneficios clave<\/h2>\n<p><i class=\"fa-solid fas fa-glass minwidthicon\"><\/i> El agua potable m\u00e1s pura de forma gratuita.<br \/>\n<i class=\"fa-solid fas fa-money-bill minwidthicon\"><\/i> No m\u00e1s comprar y pagar por agua embotellada<br \/>\n<i class=\"fa-solid fas fa-dolly minwidthicon\"><\/i> No m\u00e1s transporte de agua embotellada<br \/>\n<i class=\"fa-solid fas fa-jug minwidthicon\"><\/i> Deja de beber agua de botellas de PET<br \/>\n<i class=\"fa-solid fas fa-exchange minwidthicon\"><\/i> Ventaja tecnol\u00f3gica: Las impurezas no permanecen en el dispositivo de filtrado sino que se descargan al exterior como aguas residuales.<br \/>\n<i class=\"fa-solid fas fa-random minwidthicon\"><\/i> Mudarse no es un problema con este dispositivo de filtro<\/p>\n<p><img decoding=\"async\" class=\"lazyload wp-image-4020 size-fusion-600 aligncenter\" src=\"https:\/\/bestelements.de\/wp-content\/uploads\/icons-wasserfilter-818-doppel-600x288.jpg\" data-orig-src=\"https:\/\/bestelements.de\/wp-content\/uploads\/icons-wasserfilter-818-doppel-600x288.jpg\" alt=\"Icons Wasserfilter\" width=\"600\" height=\"288\" srcset=\"data:image\/svg+xml,%3Csvg%20xmlns%3D%27http%3A%2F%2Fwww.w3.org%2F2000%2Fsvg%27%20width%3D%27600%27%20height%3D%27288%27%20viewBox%3D%270%200%20600%20288%27%3E%3Crect%20width%3D%27600%27%20height%3D%27288%27%20fill-opacity%3D%220%22%2F%3E%3C%2Fsvg%3E\" data-srcset=\"https:\/\/bestelements.de\/wp-content\/uploads\/icons-wasserfilter-818-doppel-200x96.jpg 200w, https:\/\/bestelements.de\/wp-content\/uploads\/icons-wasserfilter-818-doppel-300x144.jpg 300w, https:\/\/bestelements.de\/wp-content\/uploads\/icons-wasserfilter-818-doppel-400x192.jpg 400w, https:\/\/bestelements.de\/wp-content\/uploads\/icons-wasserfilter-818-doppel-500x240.jpg 500w, https:\/\/bestelements.de\/wp-content\/uploads\/icons-wasserfilter-818-doppel-600x288.jpg 600w, https:\/\/bestelements.de\/wp-content\/uploads\/icons-wasserfilter-818-doppel-700x335.jpg 700w, https:\/\/bestelements.de\/wp-content\/uploads\/icons-wasserfilter-818-doppel-768x368.jpg 768w, https:\/\/bestelements.de\/wp-content\/uploads\/icons-wasserfilter-818-doppel-800x383.jpg 800w, https:\/\/bestelements.de\/wp-content\/uploads\/icons-wasserfilter-818-doppel.jpg 818w\" data-sizes=\"auto\" data-orig-sizes=\"(max-width: 600px) 100vw, 600px\" \/><\/p>\n<p>El agua potable es nuestro alimento m\u00e1s importante, pero el agua del grifo y el agua mineral no siempre est\u00e1n libres de contaminaci\u00f3n, como muestran cada vez m\u00e1s los informes de prensa actuales. Mediante un filtrado exhaustivo a nivel molecular de <a class=\"sg-popup-id-10444 dotted\" href=\"#\">hasta m\u00e1s del 99 %<\/a>, los dispositivos de filtraci\u00f3n por \u00f3smosis inversa BestElements libera el agua del grifo de impurezas como g\u00e9rmenes, bacterias y virus, residuos de medicamentos y drogas, antibi\u00f3ticos, hormonas, nitratos, pesticidas, productos qu\u00edmicos industriales, metales pesados, fluoruro, micropl\u00e1sticos, cloro, cal y mucho m\u00e1s. La tecnolog\u00eda de \u00f3smosis inversa es incluso capaz de eliminar componentes radiactivos.<\/p>\n<h2 class=\"linie\"><span class=\"blue-back\">BE WA3<\/span> <span class=\"gray\"> Izquierda<\/span><\/h2>\n<div class=\"icons-produktlinks\">\n<div class=\"row\">\n<div class=\"col-xs-4\"><a href=\"https:\/\/bestelements.de\/wp-content\/uploads\/Datenblatt-Wasserfilter-BE-WA3.pdf\" target=\"_blank\" rel=\"noopener\"><i class=\"fa-solid fas fa-file-alt fa-2x\"><\/i> Ficha de datos<\/a><\/div>\n<div class=\"col-xs-4\"><a href=\"https:\/\/bestelements.de\/manuals\/gebrauchsanleitungen\/\" target=\"_blank\" rel=\"noopener\"><i class=\"fa-solid fas fa-file-alt fa-2x\"><\/i> Instrucciones<\/a><\/div>\n<div class=\"col-xs-4\"><a href=\"https:\/\/bestelements.de\/ersatzfilter\/ersatzfilter-und-zubehoer-fuer-trinkwasserfilter\/\" target=\"_blank\" rel=\"noopener\"><i class=\"fa-solid fas fa-sync-alt fa-2x\"><\/i> Filtro de repuesto<\/a><\/div>\n<\/div>\n<\/div>\n<p><nav class=\"awb-menu awb-menu_row awb-menu_em-hover mobile-mode-collapse-to-button awb-menu_icons-left awb-menu_dc-yes mobile-trigger-fullwidth-off awb-menu_mobile-toggle awb-menu_indent-left mobile-size-full-absolute loading mega-menu-loading awb-menu_desktop awb-menu_dropdown awb-menu_expand-right awb-menu_transition-fade fusion-animated\" style=\"--awb-text-transform:none;--awb-gap:3px;--awb-submenu-bg:#ffffff;--awb-submenu-active-bg:#e8f6f9;--awb-submenu-text-transform:none;--awb-main-justify-content:flex-start;--awb-mobile-justify:flex-start;--awb-mobile-caret-left:auto;--awb-mobile-caret-right:0;--awb-fusion-font-family-typography:inherit;--awb-fusion-font-style-typography:normal;--awb-fusion-font-weight-typography:400;--awb-fusion-font-family-submenu-typography:inherit;--awb-fusion-font-style-submenu-typography:normal;--awb-fusion-font-weight-submenu-typography:400;--awb-fusion-font-family-mobile-typography:inherit;--awb-fusion-font-style-mobile-typography:normal;--awb-fusion-font-weight-mobile-typography:400;\" aria-label=\"Wasser vergleichen\" data-breakpoint=\"0\" data-count=\"2\" data-transition-type=\"fade\" data-transition-time=\"300\" data-expand=\"right\" data-animationType=\"fadeInLeft\" data-animationDuration=\"1.0\" data-animationOffset=\"top-into-view\"><ul id=\"menu-wasser-vergleichen-2\" class=\"fusion-menu awb-menu__main-ul awb-menu__main-ul_row\"><li   class=\"menu-item menu-item-type-custom menu-item-object-custom menu-item-4349 sg-popup-id-4351 awb-menu__li awb-menu__main-li awb-menu__li_button\"  data-item-id=\"4349\"><a  href=\"#\" class=\"awb-menu__main-a awb-menu__main-a_button\"><span class=\"menu-text fusion-button button-default button-small\"><span class=\"button-icon-divider-left fusion-megamenu-icon\"><i class=\"glyphicon fa-eye fas\" aria-hidden=\"true\"><\/i><\/span><span class=\"fusion-button-text-left\">Comparar dispositivos<\/span><\/span><\/a><\/li><\/ul><\/nav><div class=\"fusion-text fusion-text-3\"><\/div><\/p>\n<p><a class=\"sg-popup-id-149 dotted\" href=\"#\"><i class=\"fa fa-comments\"><\/i> Estaremos encantados de responder a sus preguntas sobre este dispositivo de filtro.<\/a><\/p>\n<figure class=\"wp-block-table\">\n<div class=\"table-1\">\n<table>\n<tbody>\n<tr>\n<td class=\"produkte\">Pa\u00eds de producci\u00f3n<\/td>\n<td class=\"produkte\">Alemania <span class=\"blue strong\">Hecho en Alemania<\/span><\/td>\n<\/tr>\n<tr>\n<td class=\"produkte\">Material<\/td>\n<td class=\"produkte\">Materiales aptos para alimentos con certificaci\u00f3n NSF y aprobaci\u00f3n para agua potable<\/td>\n<\/tr>\n<tr>\n<td class=\"produkte\">Comprobado<\/td>\n<td class=\"produkte\"><a href=\"https:\/\/bestelements.de\/de\/qualitaetssicherung\/di-flow-qualitaetsstandard\/\"><img decoding=\"async\" class=\"lazyload alignleft\" src=\"data:image\/gif;base64,R0lGODlhAQABAAAAACH5BAEKAAEALAAAAAABAAEAAAICTAEAOw==\" data-orig-src=\"https:\/\/bestelements.de\/wp-content\/uploads\/Di-Flow-Logo.svg\" alt=\"Di-Flow\" width=\"150px\" height=\"\" \/><\/a> Di-Flow\u00ae Junta de examen<\/td>\n<\/tr>\n<tr>\n<td class=\"produkte\">Montaje<\/td>\n<td class=\"produkte\">Posibilidad de instalaci\u00f3n debajo y sobre la mesa<\/td>\n<\/tr>\n<tr>\n<td class=\"produkte\">Mantenimiento<\/td>\n<td class=\"produkte\">F\u00e1cil sustituci\u00f3n de los elementos filtrantes <span class=\"fusion-popover popover-6\" data-animation=\"1\" data-class=\"popover-6\" data-container=\"popover-6\" data-html-content=\"&lt;div class=&quot;fusion-video fusion-selfhosted-video&quot; style=&quot;max-width:245;&quot;&gt;&lt;div class=&quot;video-wrapper&quot;&gt;&lt;video playsinline=&quot;true&quot; width=&quot;100%&quot; style=&quot;object-fit: cover;&quot; autoplay=&quot;true&quot; loop=&quot;true&quot; preload=&quot;auto&quot; controls=&quot;1&quot;&gt;&lt;source src=&quot;https:\/\/bestelements.de\/wp-content\/uploads\/Wechsel-Filterelemente-EASY-CLICK-WA3.mp4&quot; type=&quot;video\/mp4&quot;&gt;Sorry, your browser doesn&#039;t support embedded videos.&lt;\/video&gt;&lt;\/div&gt;&lt;\/div&gt;\" data-delay=\"50\" data-placement=\"top\" data-title=\"EASY CLICK WA3\" data-toggle=\"popover\" data-trigger=\"hover\"> <span class=\"blue strong dotted\"> Easy Click<\/span> <\/span><\/td>\n<\/tr>\n<tr>\n<td class=\"produkte\">Cantidad de agua<\/td>\n<td class=\"produkte\">1-1,3 l\/min<\/td>\n<\/tr>\n<tr>\n<td class=\"produkte\">Relaci\u00f3n agua ultrapura\/agua residual<\/td>\n<td class=\"produkte\">1:&lt;1 <span class=\"blue strong\">Valor superior\u00a0<\/span><\/td>\n<\/tr>\n<tr>\n<td class=\"produkte\">Temperatura<\/td>\n<td class=\"produkte\">M\u00edn. 4\u00b0C M\u00e1x. 38 \u00b0C<\/td>\n<\/tr>\n<tr>\n<td class=\"produkte\">Presi\u00f3n de trabajo<\/td>\n<td class=\"produkte\">M\u00edn. 2,5 bar M\u00e1x. 5,5 bar<\/td>\n<\/tr>\n<tr>\n<td class=\"produkte\">Dimensiones<\/td>\n<td class=\"produkte\">275 x 224 x 247 mm (HxBxT)<\/td>\n<\/tr>\n<tr>\n<td class=\"produkte\">Conexi\u00f3n de agua<\/td>\n<td class=\"produkte\">1\/4\u201c conexi\u00f3n<\/td>\n<\/tr>\n<tr>\n<td class=\"produkte\">Suministro de energ\u00eda<\/td>\n<td class=\"produkte\">220-240 V~50\/60 Hz, 180 VA<\/td>\n<\/tr>\n<tr>\n<td class=\"produkte\">Peso<\/td>\n<td class=\"produkte\">7 kg sin accesorios, 10 kg a la entrega<\/td>\n<\/tr>\n<tr>\n<td class=\"produkte\">Color de la caja<\/td>\n<td class=\"produkte\">Blanco<\/td>\n<\/tr>\n<tr>\n<td class=\"produkte\">Alcance de la entrega<\/td>\n<td class=\"produkte\">Completo con medios filtrantes, grifo de agua potable de acero inoxidable, juego de conexi\u00f3n con tap\u00f3n de agua de seguridad, instrucciones de uso<\/td>\n<\/tr>\n<tr>\n<td class=\"produkte\">Cambiar elementos de filtro<\/td>\n<td class=\"produkte\">Reemplace el prefiltro y el postfiltro una vez al a\u00f1o o m\u00e1s seguido dependiendo de qu\u00e9 tan sucia est\u00e9 el agua, la membrana RO no tiene que cambiarse regularmente<\/td>\n<\/tr>\n<tr>\n<td class=\"produkte\">Filtro de repuesto<\/td>\n<td class=\"produkte\"><a href=\"https:\/\/bestelements.de\/kaufen\/ersatzfilter-wasser\/ersatzfilterset-fuer-wasserfilter-wa1-wa3\/\">Juego de elementos filtrantes de repuesto para filtro de agua potable BE WA3<\/a><\/td>\n<\/tr>\n<\/tbody>\n<\/table>\n<\/div>\n<\/figure>\n<p><\/p>","protected":false},"excerpt":{"rendered":"<h2><span class=\"blue-back\">BE WA3<\/span> <span class=\"gray\">Est\u00e1ndar<\/span> <span class=\"textgray\">Filtro de agua potable<\/span><\/h2>\n<div class=\"blue-back\">El agua potable m\u00e1s pura libre de impurezas dom\u00e9sticas<\/div>\n<div id=\"icons-water-stoffe\">\n<i class=\"fa-solid fas fa-sink\"><\/i> <i class=\"fa-solid fas fa-virus-slash\"><\/i> <i class=\"fa-solid fas fa-viruses\"><\/i> <i class=\"fa-solid fas fa-bacterium\"><\/i> <i class=\"fa-solid fas fa-disease\"><\/i> <i class=\"fa-solid fas fa-tablets\"><\/i> <i class=\"fa-solid fas fa-capsules\"><\/i> <i class=\"fa-solid fas fa-skull-crossbones\"><\/i> <i class=\"fa-solid fas fa-vial\"><\/i> <i class=\"fa-solid fas fa-radiation\"><\/i> <i class=\"fa-solid fas fa-globe farbverlauf-srg\"><\/i>\n<\/div>\n<ul>\n<li>Eliminaci\u00f3n de impurezas como g\u00e9rmenes, bacterias y virus, PFAS, residuos de medicamentos y drogas, antibi\u00f3ticos, hormonas, toxinas ambientales, EDC&#8217;s, nitratos, pesticidas, qu\u00edmicos industriales, metales pesados, fluoruro, cloro, cal y mucho m\u00e1s.<\/li>\n<li>Filtro de agua de \u00f3smosis inversa con tecnolog\u00eda Directflow sin tanque<\/li>\n<li>Materiales puros con una larga vida \u00fatil<\/li>\n<li>Instalaci\u00f3n r\u00e1pida y f\u00e1cil<\/li>\n<li>F\u00e1cil cambio de filtro con <span class=\"blue strong\">Easy Click<\/span><\/li>\n<li>Para instalaci\u00f3n en cocinas debajo o al lado del fregadero<\/li>\n<li>Funcionamiento muy silencioso<\/li>\n<li>Incluye grifo de agua potable de acero inoxidable<\/li>\n<li><strong>Empresa alemana con soporte experto<\/strong><\/li>\n<\/ul>\n<p><a class=\"sg-popup-id-2983 dotted\" href=\"#\"><i class=\"fa fa-info-circle\"><\/i> \u00bfPara qui\u00e9n es adecuado este dispositivo de filtro?<\/a><br \/>\n<a class=\"sg-popup-id-3920 dotted\" href=\"#\"><i class=\"fa fa-info-circle\"><\/i> Estas sustancias se filtran del agua.<\/a><br \/>\n<a class=\"sg-popup-id-6922 dotted\" href=\"#\"><i class=\"fa fa-info-circle\"><\/i> Resultados de la prueba despu\u00e9s de la filtraci\u00f3n de agua<\/a><\/p>\n<p>Es as\u00ed de f\u00e1cil es el <a href=\"https:\/\/youtu.be\/opBedCoYoM8\" rel=\"noopener noreferrer nofollow\"><u>montaje<\/u><\/a><\/p>\n","protected":false},"featured_media":20863,"template":"","meta":{"footnotes":""},"product_brand":[],"product_cat":[103],"product_tag":[210,211,212,208,209],"class_list":{"0":"post-2202","1":"product","2":"type-product","3":"status-publish","4":"has-post-thumbnail","6":"product_cat-trinkwasserfilter","7":"product_tag-umkehrosmosefilter","8":"product_tag-kalkfilter","9":"product_tag-bakterienwasserfilter","10":"product_tag-wasserfilter","11":"product_tag-trinkwasserfilter","12":"product_shipping_class-wa3","14":"first","15":"instock","16":"featured","17":"taxable","18":"shipping-taxable","19":"purchasable","20":"product-type-variable","21":"has-default-attributes"},"_links":{"self":[{"href":"https:\/\/bestelements.de\/es\/wp-json\/wp\/v2\/product\/2202","targetHints":{"allow":["GET"]}}],"collection":[{"href":"https:\/\/bestelements.de\/es\/wp-json\/wp\/v2\/product"}],"about":[{"href":"https:\/\/bestelements.de\/es\/wp-json\/wp\/v2\/types\/product"}],"version-history":[{"count":0,"href":"https:\/\/bestelements.de\/es\/wp-json\/wp\/v2\/product\/2202\/revisions"}],"wp:featuredmedia":[{"embeddable":true,"href":"https:\/\/bestelements.de\/es\/wp-json\/wp\/v2\/media\/20863"}],"wp:attachment":[{"href":"https:\/\/bestelements.de\/es\/wp-json\/wp\/v2\/media?parent=2202"}],"wp:term":[{"taxonomy":"product_brand","embeddable":true,"href":"https:\/\/bestelements.de\/es\/wp-json\/wp\/v2\/product_brand?post=2202"},{"taxonomy":"product_cat","embeddable":true,"href":"https:\/\/bestelements.de\/es\/wp-json\/wp\/v2\/product_cat?post=2202"},{"taxonomy":"product_tag","embeddable":true,"href":"https:\/\/bestelements.de\/es\/wp-json\/wp\/v2\/product_tag?post=2202"}],"curies":[{"name":"wp","href":"https:\/\/api.w.org\/{rel}","templated":true}]}}