{"id":22003,"date":"2023-07-23T10:32:04","date_gmt":"2023-07-23T08:32:04","guid":{"rendered":"https:\/\/bestelements.de\/?post_type=product&#038;p=22003"},"modified":"2026-01-17T13:13:08","modified_gmt":"2026-01-17T12:13:08","slug":"professionelle-wasserstoff-inhalatoren-h2o2-2000-3000-mlmin","status":"publish","type":"product","link":"https:\/\/bestelements.de\/es\/kaufen\/wasserstoff-inhalatoren\/professionelle-wasserstoff-inhalatoren-h2o2-2000-3000-mlmin\/","title":{"rendered":"Inhalador profesional de hidr\u00f3geno 3000 H2+O2 (HHO)"},"content":{"rendered":"<p><\/p>\n<h2><span class=\"blue-back\">3.000 ml\/min<\/span> <span class=\"gray\">Concentraciones m\u00e1s altas de H<sub>2<\/sub> o H<sub>2<\/sub>\/O<sub>2<\/sub><\/span><\/h2>\n<div class=\"blue-back\">Hidr\u00f3geno puro o en combinaci\u00f3n 2:1 con ox\u00edgeno: HHO \/ Brown&#8217;s Gas<\/div>\n<h2>Terapias de hidr\u00f3geno en centros de terapia y cl\u00ednicas<\/h2>\n<p>Inhaladores profesionales: utilizando componentes electrol\u00edticos de alta calidad y la \u00faltima tecnolog\u00eda, estos inhaladores de electr\u00f3lisis de agua pura producen una concentraci\u00f3n excepcionalmente alta de hidr\u00f3geno puro al 99,996 % y el gas mixto de hidr\u00f3geno\/ox\u00edgeno 2:1 conocido como gas de Brown, que tiene un gran efecto terap\u00e9utico. es atribuido.<\/p>\n<h2>Variantes de inhaladores<\/h2>\n<h3>\u25cf 2.000 ml inhalador de hidrogeno (H2 puro)<\/h3>\n<h3>\u25cf 3.000 ml inhalador de hidr\u00f3geno\/ox\u00edgeno (relaci\u00f3n H2\/O2 2:1, Brown&#8217;s Gas)<\/h3>\n<h2>Todo en uno<\/h2>\n<p>El caudal en la versi\u00f3n de 3000 ml se puede ajustar seg\u00fan sea necesario. Otros valores posibles son 1.600\/800, 1.200\/600, 1.000\/500 (H2\/O2 ml\/min) \u25ba Explicaci\u00f3n en el v\u00eddeo a continuaci\u00f3n<br \/>\n<b>Funci\u00f3n de modo de suspensi\u00f3n mediante la reducci\u00f3n del caudal<\/b><\/p>\n<h2>Uso m\u00faltiple<\/h2>\n<p>Adecuado para la inhalaci\u00f3n por varias personas al mismo tiempo con la pieza en Y adjunta<\/p>\n<h2>Eficacia de la inhalaci\u00f3n de hidr\u00f3geno<\/h2>\n<ul>\n<li>Efecto antioxidante<\/li>\n<li>Efectos profil\u00e1cticos m\u00e9dicos y de salud<\/li>\n<li>Reducci\u00f3n de los niveles de inflamaci\u00f3n en el cuerpo<\/li>\n<li>Apoyo para terapias m\u00e9dicas convencionales<\/li>\n<li>Rendimiento Cerebral, enfermedades neurodegenerativas, enfermedad de Alzheimer y disfunci\u00f3n cognitiva\n<li>Obesidad, resistencia a la insulina, presi\u00f3n arterial alta<\/li>\n<li>Estr\u00e9s oxidativo, funci\u00f3n hep\u00e1tica y hepatitis cr\u00f3nica<\/li>\n<li>Sobreacidificaci\u00f3n del cuerpo &#8211; importante equilibrio \u00e1cido-base<\/li>\n<li>Mejora los efectos de los procesos de envejecimiento y el da\u00f1o renal<\/li>\n<li>Efectos del agua rica en hidr\u00f3geno sobre los tejidos envejecidos<\/li>\n<li>Contra la fatiga muscular en deportistas<\/li>\n<li>Mejora del estado de \u00e1nimo, la ansiedad y la funci\u00f3n nerviosa<\/li>\n<li>Impacto en la calidad de vida de los pacientes con c\u00e1ncer<\/li>\n<li>El hidr\u00f3geno alivia el da\u00f1o renal<\/li>\n<li>Mejora la concentraci\u00f3n de lactato en sangre y la respiraci\u00f3n durante el ejercicio<\/li>\n<\/ul>\n<h3>Beneficios de la inhalaci\u00f3n de hidr\u00f3geno<\/h3>\n<ul>\n<li>El hidr\u00f3geno promueve el metabolismo de las c\u00e9lulas del cuerpo humano y acelera la eliminaci\u00f3n de los radicales libres da\u00f1inos<\/li>\n<li>aumento de la vitalidad<\/li>\n<li>antioxidante natural<\/li>\n<li>Antienvejecimiento: efecto de rejuvenecimiento de la piel al mejorar el metabolismo<\/li>\n<li>mejora del sue\u00f1o<\/li>\n<li>Mejora y fortalecimiento del sistema inmunol\u00f3gico<\/li>\n<li>Alivio de la fatiga excesiva y el dolor<\/li>\n<li>Permite gran efecto terap\u00e9utico en enfermedades del sistema nervioso y enfermedades cerebrovasculares<\/li>\n<\/ul>\n<h2>Consulta de inhalaci\u00f3n de hidr\u00f3geno<\/h2>\n<p><span class=\"gray-back-snippet\">Aplicaci\u00f3n del hidr\u00f3geno <a href=\"https:\/\/bestelements.de\/es\/wasserstoffwasser\/podcast-beratung-wasserstoffanwendung-h2booster-inhalatoren\/\" target=\"_blank\" class=\"fusion-button button-default button-small button-abstand\">P\u00f3dcast<\/a> <a href=\"https:\/\/bestelements.de\/es\/wasserstoffwasser\/podcast-wasserstoffreiches-trinkwasser-nutzen-und-erfahrungen\/\" class=\"fusion-button button-default button-small button-abstand\">V\u00eddeos<\/a> <a href=\"https:\/\/bestelements.de\/es\/wasserstoffwasser\/wasserstoff-inhalatoren-empfehlung-und-vergleich\/\" class=\"fusion-button button-default button-small button-abstand\">Comparaci\u00f3n de Inhaladores<\/a><\/span><br \/>\n<span class=\"gray-back-snippet\">Hidr\u00f3geno <a href=\"https:\/\/bestelements.de\/es\/wasserstoffwasser\/\" target=\"_blank\" class=\"fusion-button button-default button-small button-abstand\">Art\u00edculo<\/a> <a href=\"https:\/\/bestelements.de\/es\/tag\/h2studien\/\" class=\"fusion-button button-default button-small button-abstand\">Estudios<\/a> <a href=\"https:\/\/bestelements.de\/es\/wasserstoffwasser\/fragen-antworten-anwendung-wasserstoffreiches-trinkwasser-wasserstoff-inhalation\/\" class=\"fusion-button button-default button-small button-abstand\">Preguntas Respuestas<\/a> <a href=\"https:\/\/bestelements.de\/es\/kaufen\/buecher-ebooks\/ebook-wasserstoffreiches-trinkwasser-und-wasserstoff-inhalation-anwendung-und-studien\/\" target=\"_blank\" class=\"fusion-button button-default button-small button-abstand\">Libro electr\u00f3nico<\/a><\/span><br \/>\n<a class=\"sg-popup-id-149 dotted\" href=\"#\">Estamos encantados de responder a sus preguntas sobre este inhalador de hidr\u00f3geno.<\/a><\/p>\n<div id=\"angebot\">\n<h2>Su consulta sobre inhaladores de hidr\u00f3geno<\/h2>\n<div class=\"wpforms-container wpforms-container-full\" id=\"wpforms-20391\"><form id=\"wpforms-form-20391\" class=\"wpforms-validate wpforms-form\" data-formid=\"20391\" method=\"post\" enctype=\"multipart\/form-data\" action=\"\/es\/wp-json\/wp\/v2\/product\/22003\"><noscript class=\"wpforms-error-noscript\">Por favor, activa JavaScript en tu navegador para completar este formulario.<\/noscript><div class=\"wpforms-field-container\"><div id=\"wpforms-20391-field_0-container\" class=\"wpforms-field wpforms-field-name\" data-field-id=\"0\"><label class=\"wpforms-field-label\" for=\"wpforms-20391-field_0\">Nombre <span class=\"wpforms-required-label\">*<\/span><\/label><div class=\"wpforms-field-row wpforms-field-large\"><div class=\"wpforms-field-row-block wpforms-first wpforms-one-half\"><input type=\"text\" id=\"wpforms-20391-field_0\" class=\"wpforms-field-name-first wpforms-field-required\" name=\"wpforms[fields][0][first]\" required><label for=\"wpforms-20391-field_0\" class=\"wpforms-field-sublabel after wpforms-sublabel-hide\">Nombre<\/label><\/div><div class=\"wpforms-field-row-block wpforms-one-half\"><input type=\"text\" id=\"wpforms-20391-field_0-last\" class=\"wpforms-field-name-last wpforms-field-required\" name=\"wpforms[fields][0][last]\" required><label for=\"wpforms-20391-field_0-last\" class=\"wpforms-field-sublabel after wpforms-sublabel-hide\">Apellidos<\/label><\/div><\/div><\/div><div id=\"wpforms-20391-field_2-container\" class=\"wpforms-field wpforms-field-textarea\" data-field-id=\"2\"><label class=\"wpforms-field-label\" for=\"wpforms-20391-field_2\">Me gustar\u00eda una oferta para los siguientes productos: <span class=\"wpforms-required-label\">*<\/span><\/label><textarea id=\"wpforms-20391-field_2\" class=\"wpforms-field-medium wpforms-field-required\" name=\"wpforms[fields][2]\" required><\/textarea><\/div><div id=\"wpforms-20391-field_1-container\" class=\"wpforms-field wpforms-field-email\" data-field-id=\"1\"><label class=\"wpforms-field-label\" for=\"wpforms-20391-field_1\">Email <span class=\"wpforms-required-label\">*<\/span><\/label><input type=\"email\" id=\"wpforms-20391-field_1\" class=\"wpforms-field-large wpforms-field-required\" name=\"wpforms[fields][1]\" required><\/div><div id=\"wpforms-20391-field_5-container\" class=\"wpforms-field wpforms-field-text\" data-field-id=\"5\"><label class=\"wpforms-field-label\" for=\"wpforms-20391-field_5\">Posiblemente empresa \/ organizaci\u00f3n<\/label><input type=\"text\" id=\"wpforms-20391-field_5\" class=\"wpforms-field-large\" name=\"wpforms[fields][5]\" ><\/div><div id=\"wpforms-20391-field_7-container\" class=\"wpforms-field wpforms-field-text\" data-field-id=\"7\"><label class=\"wpforms-field-label\" for=\"wpforms-20391-field_7\">Ciudad<\/label><input type=\"text\" id=\"wpforms-20391-field_7\" class=\"wpforms-field-medium\" name=\"wpforms[fields][7]\" ><\/div><div id=\"wpforms-20391-field_8-container\" class=\"wpforms-field wpforms-field-html\" data-field-id=\"8\"><div id=\"wpforms-20391-field_8\"><small><b>\u00a1Protegemos sus datos!<\/b> Solo utilizamos sus datos para responder a sus preguntas y nunca los transmitimos a terceros. <a href=\"https:\/\/bestelements.de\/datenschutzerklaerung\/\" target=\"_blank\">Pol\u00edtica de privacidad<\/a><\/small><\/div><\/div><\/div><div class=\"wpforms-field wpforms-field-hp\"><label for=\"wpforms-20391-field-hp\" class=\"wpforms-field-label\">Comment<\/label><input type=\"text\" name=\"wpforms[hp]\" id=\"wpforms-20391-field-hp\" class=\"wpforms-field-medium\"><\/div><input type=\"hidden\" name=\"wpforms[recaptcha]\" value=\"\"><div class=\"wpforms-submit-container\" ><input type=\"hidden\" name=\"wpforms[id]\" value=\"20391\"><input type=\"hidden\" name=\"wpforms[author]\" value=\"1\"><button type=\"submit\" name=\"wpforms[submit]\" class=\"wpforms-submit button-blue\" id=\"wpforms-submit-20391\" value=\"wpforms-submit\" aria-live=\"assertive\" data-alt-text=\"Enviar...\" data-submit-text=\"Solicite oferta aqu\u00ed\">Solicite oferta aqu\u00ed<\/button><\/div><\/form><\/div>  <!-- .wpforms-container --><\/div>\n<h2>Datos t\u00e9cnicos<\/h2>\n<figure class=\"wp-block-table\">\n<div class=\"table-1\">\n<table>\n<tbody>\n<tr>\n<td class=\"\">Producci\u00f3n de hidr\u00f3geno<\/td>\n<td class=\"produkte\">Caudal total hasta 3.000 ml\/min<\/td>\n<\/tr>\n<tr>\n<td class=\"\">Membrana<\/td>\n<td class=\"produkte\">DuPont Nafion\u2122 N117 (USA) SPE\/PEM, recubierto de Iridio; Utilizando componentes electrol\u00edticos de la m\u00e1s alta calidad, la electr\u00f3lisis de agua pura produce una concentraci\u00f3n excepcionalmente alta de hidr\u00f3geno puro al 99,996 % y no produce ning\u00fan otro componente da\u00f1ino como: Ozono.<\/td>\n<\/tr>\n<tr>\n<td class=\"\">Serie de modelos<\/td>\n<td class=\"products\"><strong>H2Star<\/strong> <a href=\"https:\/\/bestelements.de\/es\/wasserstoffwasser\/h2star-qualitaet-wasserstoff-inhalatoren-und-browns-gas\/\">Caracter\u00edsticas especiales aqu\u00ed<\/a><\/td>\n<\/tr>\n<tr>\n<td class=\"\">Capacidad<\/td>\n<td class=\"produkte\">Tanque de agua de 5 l para tiempos de proceso prolongados, sistema de control de temperatura estable para hasta 8 horas de operaci\u00f3n continua de inhalaci\u00f3n de hidr\u00f3geno<\/td>\n<\/tr>\n<tr>\n<td class=\"\">Celda electrol\u00edtica<\/td>\n<td class=\"produkte\">dise\u00f1ado para 6.000-8.000 horas de funcionamiento<\/td>\n<\/tr>\n<tr>\n<td class=\"produkte\">Comprobado<\/td>\n<td class=\"produkte\"><a href=\"https:\/\/bestelements.de\/de\/qualitaetssicherung\/di-flow-qualitaetsstandard\/\"><img decoding=\"async\" class=\"lazyload alignleft\" src=\"data:image\/gif;base64,R0lGODlhAQABAAAAACH5BAEKAAEALAAAAAABAAEAAAICTAEAOw==\" data-orig-src=\"https:\/\/bestelements.de\/wp-content\/uploads\/Di-Flow-Logo.svg\" alt=\"Di-Flow\" width=\"150px\" height=\"\" \/><\/a> Di-Flow\u00ae Junta de examen<\/td>\n<\/tr>\n<tr>\n<td class=\"\">Funcionamiento silencioso<\/td>\n<td class=\"produkte\">Tecnolog\u00eda de ventilador moderna y silenciosa: funcionamiento silencioso para relajaci\u00f3n, concentraci\u00f3n o un sue\u00f1o tranquilo<\/td>\n<\/tr>\n<tr>\n<td class=\"\">Peso<\/td>\n<td class=\"produkte\">14,7 kg, ruedas y asas en el dispositivo<\/td>\n<\/tr>\n<tr>\n<td class=\"\">Dimensiones<\/td>\n<td class=\"produkte\">465 x 360 x 260 mm (Alto x Ancho x Fondo)<\/td>\n<\/tr>\n<tr>\n<td class=\"\">Dise\u00f1o compacto<\/td>\n<td class=\"produkte\">Carcasa de aluminio recubierto para mayor estabilidad y buena disipaci\u00f3n del calor, larga durabilidad y larga vida \u00fatil<\/td>\n<\/tr>\n<tr>\n<td class=\"\">Fuente de alimentaci\u00f3n<\/td>\n<td class=\"produkte\">110-230 V~50\/60 Hz, 900 VA, Enchufe est\u00e1ndar UE tipo CEE 7\/7 (E+F), para uso en el extranjero, utilice adaptador si es necesario, no incluido<\/td>\n<\/tr>\n<tr>\n<td class=\"\">Calidad del agua<\/td>\n<td class=\"produkte\">Utilizar agua destilada o agua filtrada (conductividad inferior a 5 ppm)<\/td>\n<\/tr>\n<tr>\n<td class=\"\">Certificaci\u00f3n<\/td>\n<td class=\"produkte\">Certificado CE<\/td>\n<\/tr>\n<tr>\n<td class=\"\">Alcance de entrega, accesorios<\/td>\n<td class=\"produkte\">Inhalador con cable de alimentaci\u00f3n, mangueras de respiraci\u00f3n con c\u00e1nula nasal de silicona, contenedor lateral, pieza en Y, manguera de drenaje, instrucciones de uso<\/td>\n<\/tr>\n<\/tbody>\n<\/table>\n<\/div>\n<\/figure>\n<div class=\"bg-info\"><i class=\"fa fa-info-circle\"><\/i> Explicaci\u00f3n: El gas de Brown es una mezcla de hidr\u00f3geno y ox\u00edgeno en proporci\u00f3n 2:1, desarrollada por Yull Brown y producida originalmente por electr\u00f3lisis en un electrolito b\u00e1sico corrosivo (KOH). Nuestros dispositivos de hidr\u00f3geno y ox\u00edgeno son un desarrollo posterior y funcionan con una membrana de intercambio de protones. Por lo tanto, se puede utilizar agua destilada para su funcionamiento, lo que simplifica considerablemente su uso y mantenimiento. Esto confirma a\u00fan m\u00e1s la producci\u00f3n de hidr\u00f3geno y ox\u00edgeno al 99,996 %. El llamado plasma ha sido poco investigado hasta la fecha y aparentemente se atribuye al componente i\u00f3nico (iones H\u207b). Sin embargo, esto puede descartarse desde una perspectiva cient\u00edfica, ya que los iones H\u207b se neutralizan en nanosegundos tras su salida. Esto los hace pr\u00e1cticamente irrelevantes para la respiraci\u00f3n y la absorci\u00f3n. El t\u00e9rmino puede considerarse un neologismo, aunque es enga\u00f1oso, ya que el plasma se crea a temperaturas extremadamente altas, por ejemplo, durante un rayo. Las propiedades del plasma solo ser\u00edan relevantes en procesos de soldadura industrial, no para la inhalaci\u00f3n. El t\u00e9rmino \u00abagua energizada\u00bb, que tambi\u00e9n se utiliza, debe considerarse en un contexto esot\u00e9rico. Se han realizado estudios cl\u00ednicos con hidr\u00f3geno o soluciones de hidr\u00f3geno\/ox\u00edgeno. [<a href=\"https:\/\/bestelements.de\/es\/faq-items\/was-versteht-man-unter-browns-gas-und-wie-entstand-der-begriff\/\">Historia de Brown&#8217;s Gas<\/a>]<\/div>\n<h2>Aplicaci\u00f3n y puesta en funcionamiento de este inhalador de hidr\u00f3geno<\/h2>\n<p><div class=\"fusion-video fusion-youtube\" style=\"--awb-max-width:600px;--awb-max-height:360px;\"><div class=\"video-shortcode\"><priv-fac-lite-youtube class=\"fusion-hidden lty-load\" data-privacy-type=\"youtube\" videoid=\"n_oPKhW7Xxc\" class=\"landscape\" params=\"wmode=transparent&autoplay=1&amp;rel=0&amp;enablejsapi=1\" title=\"YouTube video player 3\" data-button-label=\"Play Video\" width=\"600\" height=\"360\" data-thumbnail-size=\"auto\" data-no-cookie=\"on\"><\/priv-fac-lite-youtube><div class=\"fusion-privacy-placeholder\" style=\"width:600px; height:360px;\" data-privacy-type=\"youtube\"><div class=\"fusion-privacy-placeholder-content\"><div class=\"fusion-privacy-label\">For privacy reasons YouTube needs your permission to be loaded. For more details, please see our <a class=\"privacy-policy-link\" href=\"https:\/\/bestelements.de\/es\/datenschutzerklaerung\/\" rel=\"privacy-policy\">Protecci\u00f3n de Datos<\/a>.<\/div><button data-privacy-type=\"youtube\" class=\"fusion-button button-default fusion-button-default-size button fusion-privacy-consent\">I Accept<\/button><\/div><\/div><\/div><\/div><\/p>","protected":false},"excerpt":{"rendered":"<h2><span class=\"blue-back\">3000 PRO<\/span> <span class=\"textgray\">HHO-Inhaladores de hidr\u00f3geno<\/span><\/h2>\n<div class=\"blue-back\">Aplicaciones profesionales, cl\u00ednicas, centros de terapia<\/div>\n<div id=\"icons-water-stoffe\"><i class=\"fa-solid fas fa-battery-full\"><\/i> <i class=\"fa-solid fas fa-running\"><\/i> <i class=\"fa-solid fas fa-head-side-brain\"><\/i> <i class=\"fa-solid fas fa-heartbeat\"><\/i> <i class=\"fa-solid fas fa-globe farbverlauf-srg\"><\/i><\/div>\n<ul>\n<li><strong>Inhaladores con 99,996% de hidr\u00f3geno puro<\/strong><\/li>\n<li>Inhaladores de hidr\u00f3geno\/ox\u00edgeno (gas de Brown) 2:1<\/li>\n<li>Inhaladores con saturaci\u00f3n de 3000 ml\/min (2000\/1000)<\/li>\n<li>Valores ajustables adicionales 1600\/800, 1200\/600, 1000\/500<\/li>\n<li>Dos salidas: H2+O2 combinado (gas de Brown) o inhalaci\u00f3n separada H2 y O2<\/li>\n<li>Adecuado para ser inhalado por varias personas al mismo tiempo<\/li>\n<li>Manejo sencillo y de bajo mantenimiento, funcionamiento con agua destilada<\/li>\n<li>Pantalla con funci\u00f3n t\u00e1ctil, visualizaci\u00f3n clara, con reducci\u00f3n de ruido<\/li>\n<li>Temporizador 0,5 &#8211; 8 horas, <a href=\"https:\/\/bestelements.de\/es\/wasserstoffwasser\/h2star-qualitaet-wasserstoff-inhalatoren-und-browns-gas\/\"><b><u>dise\u00f1adas para uso a largo plazo<\/u><\/b><\/a><\/li>\n<li><strong>Componentes de alta calidad, membranas recubiertas de iridio<\/strong><\/li>\n<li>Multielectrolizadores de <strong>calidad premium<\/strong> con <a href=\"https:\/\/bestelements.de\/es\/wasserstoffwasser\/h2star-qualitaet-wasserstoff-inhalatoren-und-browns-gas\/\"><u><strong>garant\u00eda adicional<\/strong><\/u><\/a> (3 a\u00f1os)<\/li>\n<li><strong>Empresa alemana con soporte experto <i class=\"fa-solid fas fa-certificate blue\"><\/i> <a href=\"https:\/\/bestelements.de\/es\/wasserstoffwasser\/bestelements-und-wasserstoff-forschung-mitgliedschaft-bei-der-mhi-community\/\"><u>miembro de MHI<\/u><\/a><\/strong><\/li>\n<li><i class=\"fa fa-info-circle blue\"><\/i> <a class=\"sg-popup-id-32914 dotted\" href=\"#\">Mostrar diagrama de aplicaci\u00f3n de hidr\u00f3geno\/terapia H2<\/a>\n<\/ul>\n","protected":false},"featured_media":27175,"template":"","meta":{"footnotes":""},"product_brand":[],"product_cat":[250],"product_tag":[],"class_list":{"0":"post-22003","1":"product","2":"type-product","3":"status-publish","4":"has-post-thumbnail","6":"product_cat-wasserstoff-inhalatoren","7":"product_shipping_class-luftfilter-bis-20-kg","9":"first","10":"instock","11":"taxable","12":"shipping-taxable","13":"purchasable","14":"product-type-variable"},"_links":{"self":[{"href":"https:\/\/bestelements.de\/es\/wp-json\/wp\/v2\/product\/22003","targetHints":{"allow":["GET"]}}],"collection":[{"href":"https:\/\/bestelements.de\/es\/wp-json\/wp\/v2\/product"}],"about":[{"href":"https:\/\/bestelements.de\/es\/wp-json\/wp\/v2\/types\/product"}],"version-history":[{"count":0,"href":"https:\/\/bestelements.de\/es\/wp-json\/wp\/v2\/product\/22003\/revisions"}],"wp:featuredmedia":[{"embeddable":true,"href":"https:\/\/bestelements.de\/es\/wp-json\/wp\/v2\/media\/27175"}],"wp:attachment":[{"href":"https:\/\/bestelements.de\/es\/wp-json\/wp\/v2\/media?parent=22003"}],"wp:term":[{"taxonomy":"product_brand","embeddable":true,"href":"https:\/\/bestelements.de\/es\/wp-json\/wp\/v2\/product_brand?post=22003"},{"taxonomy":"product_cat","embeddable":true,"href":"https:\/\/bestelements.de\/es\/wp-json\/wp\/v2\/product_cat?post=22003"},{"taxonomy":"product_tag","embeddable":true,"href":"https:\/\/bestelements.de\/es\/wp-json\/wp\/v2\/product_tag?post=22003"}],"curies":[{"name":"wp","href":"https:\/\/api.w.org\/{rel}","templated":true}]}}