{"id":21304,"date":"2023-06-07T08:14:35","date_gmt":"2023-06-07T06:14:35","guid":{"rendered":"https:\/\/bestelements.de\/?post_type=product&#038;p=21304"},"modified":"2026-01-24T15:20:06","modified_gmt":"2026-01-24T14:20:06","slug":"wasserstoff-inhalator-mieten-be-h2-200","status":"publish","type":"product","link":"https:\/\/bestelements.de\/es\/kaufen\/wasserstoff-inhalatoren\/wasserstoff-inhalator-mieten-be-h2-200\/","title":{"rendered":"Alquile un inhalador de hidr\u00f3geno"},"content":{"rendered":"<p><\/p>\n<h2><span class=\"blue-back\">H2Star<\/span> <span class=\"gray\">Alta concentraci\u00f3n de hidr\u00f3geno en calidad pura<\/span><\/h2>\n<p><strong>Hidr\u00f3geno gaseoso para un apoyo eficaz en los s\u00edntomas de deficiencia f\u00edsica y mental<\/strong>: El efecto exitoso ha sido probado por numerosos <a href=\"https:\/\/bestelements.de\/es\/wasserstoffwasser\/studien-belegen-wirkung-von-wasserstoffreichem-wasser\/\">estudios<\/a>. Las tareas del inhalador de hidr\u00f3geno son una neutralizaci\u00f3n eficaz de los radicales libres no deseados en las c\u00e9lulas del cuerpo, la mejora del metabolismo energ\u00e9tico, el uso terap\u00e9utico en el aumento de los signos de cansancio y fatiga, la obesidad (obesidad), la terapia adyuvante en el accidente cerebrovascular, las terapias de Alzheimer y Parkinson, tratamiento de trastornos neurol\u00f3gicos y ansiedad.<\/p>\n<p>La aplicaci\u00f3n generalmente promueve el metabolismo celular y mejora de manera integral el efecto sobre la salud del sistema inmunol\u00f3gico. El estr\u00e9s y el aumento de los signos de cansancio se reducen. Se alivian los signos de la edad. El tratamiento tiene un efecto rejuvenecedor en la piel debido a la mejora en la estructura celular y el metabolismo energ\u00e9tico.<\/p>\n<div class=\"blue-back\">Como usuarios y terapeutas, cada vez son m\u00e1s las personas que disfrutan de los efectos positivos y beneficiosos del hidr\u00f3geno con una pureza del 99,996% sobre nuestro organismo. Los estudios tambi\u00e9n prueban la eficacia alta y beneficiosa para las personas sanas que para las personas con s\u00edntomas de enfermedad. Muchos de los usuarios tienen sus propios dispositivos en casa, en el trabajo o incluso en el veh\u00edculo. Esta oferta le brinda la oportunidad de probar la inhalaci\u00f3n de este elemento vital hidr\u00f3geno en su hogar durante un per\u00edodo de tiempo deseado.<\/div>\n<div>La implementaci\u00f3n es muy sencilla.:<\/div>\n<ul>\n<li>Usted solicita el dispositivo por el per\u00edodo deseado (el pago, incluido el dep\u00f3sito, se realiza por adelantado)<\/li>\n<li>Le enviaremos el dispositivo con un tubo de inhalaci\u00f3n tambi\u00e9n conocido como \u00abc\u00e1nula nasal\u00bb.<\/li>\n<li>Desempaque en casa, llene de agua destilada (no incluida), conecte el tubo de inhalaci\u00f3n, encienda<\/li>\n<li>El agua destilada est\u00e1 disponible en tiendas minoristas, se puede usar <a href=\"https:\/\/bestelements.de\/es\/onlineshop-trinkwasserfilter-kaufen-zuhause-mobil-gewerbe-vergleich\/\">agua pura filtrada<\/a>, el agua del grifo o el agua embotellada no es lo suficientemente pura<\/li>\n<li>Comienza con la inhalaci\u00f3n durante 30 minutos y aumenta el tiempo seg\u00fan sea necesario y c\u00f3modo (se incluyen instrucciones de uso)<\/li>\n<li>Al final del per\u00edodo de alquiler, nos devuelve el dispositivo de forma gratuita, se queda con el tubo de inhalaci\u00f3n (etiqueta de devoluci\u00f3n incluida)<\/li>\n<li>Su dep\u00f3sito ser\u00e1 reembolsado a la devoluci\u00f3n adecuada<\/li>\n<\/ul>\n<p><strong>Los mega estudios de terapia de hidr\u00f3geno combinan m\u00e1s de 550 estudios individuales<\/strong>: la investigaci\u00f3n sobre los efectos del hidr\u00f3geno incluye estudios que se llevaron a cabo en alrededor de 170 enfermedades. A pesar de las enfermedades predominantemente graves, se lograron resultados consistentemente positivos. En todos los estudios cl\u00ednicos y en animales, no hubo efectos secundarios negativos del hidr\u00f3geno. Adem\u00e1s de su potencial antioxidante y de mejora del rendimiento, el hidr\u00f3geno tambi\u00e9n puede reducir los mediadores inflamatorios en la inflamaci\u00f3n. (<a href=\"https:\/\/bestelements.de\/es\/wasserstoffwasser\/studien-und-erfahrungen-ueber-wasserstoffreiches-wasser-und-h2-inhalation\/\">Fuente<\/a>)<\/p>\n<h3>Beneficios de la inhalaci\u00f3n de hidr\u00f3geno<\/h3>\n<ul>\n<li>El hidr\u00f3geno promueve el metabolismo de las c\u00e9lulas del cuerpo humano y acelera la eliminaci\u00f3n de los radicales libres da\u00f1inos<\/li>\n<li>Aumento de la vitalidad<\/li>\n<li>Antioxidante<\/li>\n<li>Antienvejecimiento: efecto de rejuvenecimiento de la piel al mejorar el metabolismo<\/li>\n<li>Mejora del sue\u00f1o<\/li>\n<li>Mejora del sistema inmunol\u00f3gico<\/li>\n<li>Alivio de la fatiga excesiva y el dolor<\/li>\n<li>Permite gran efecto terap\u00e9utico en enfermedades del sistema nervioso y ansiedad<\/li>\n<\/ul>\n<h2>Eficacia del agua potable rica en hidr\u00f3geno y la inhalaci\u00f3n de hidr\u00f3geno<\/h2>\n<ul>\n<li><a href=\"https:\/\/bestelements.de\/es\/wasserstoffwasser\/studien-und-erfahrungen-ueber-wasserstoffreiches-wasser-und-h2-inhalation\/\">Estudios y experiencias sobre agua rica en hidr\u00f3geno e inhalaci\u00f3n de H2<\/a><\/li>\n<li><a href=\"https:\/\/bestelements.de\/es\/studien\/studien-ueber-wasserstoff-als-elixier-des-lebens\/\">Estudios sobre el hidr\u00f3geno como elixir de la vida<\/a><\/li>\n<li><a href=\"https:\/\/bestelements.de\/es\/wasserstoffwasser\/studien-belegen-wirkung-von-wasserstoffreichem-wasser\/\">Los estudios prueban el efecto del agua rica en hidr\u00f3geno<\/a><\/li>\n<\/ul>\n<p>Bienestar, mejora del rendimiento, prevenci\u00f3n y tratamiento<\/p>\n<p><img decoding=\"async\" class=\"lazyload alignnone size-full wp-image-19494\" src=\"data:image\/svg+xml,%3Csvg%20xmlns%3D%27http%3A%2F%2Fwww.w3.org%2F2000%2Fsvg%27%20width%3D%27818%27%20height%3D%27486%27%20viewBox%3D%270%200%20818%20486%27%3E%3Crect%20width%3D%27818%27%20height%3D%27486%27%20fill-opacity%3D%220%22%2F%3E%3C%2Fsvg%3E\" data-orig-src=\"https:\/\/bestelements.de\/wp-content\/uploads\/Anwendung-Wasserstoff-Inhalatoren-Alltag.jpg\" alt=\"Aplicaci\u00f3n de inhaladores de hidr\u00f3geno en la vida cotidiana (no a escala)\" width=\"818\" height=\"486\" \/><br \/>\n<em><small>El uso de inhaladores de hidr\u00f3geno en la vida cotidiana en el hogar o en instalaciones m\u00e9dicas.<\/small><\/em><\/p>\n<p><a href=\"https:\/\/bestelements.de\/es\/kaufen\/wasserstoff-inhalatoren\/wasserstoff-inhalator-be-h2-200\/\">Descripci\u00f3n detallada del producto BE H2 200<\/a><br \/>\n<a href=\"https:\/\/bestelements.de\/es\/kaufen\/wasserstoff-inhalatoren\/wasserstoffinhalation-geraete-fuer-kliniken-aerzte-und-therapeuten\/\">Descripci\u00f3n detallada del producto BE H2 600<\/a><br \/>\n<a href=\"https:\/\/bestelements.de\/es\/kaufen\/wasserstoff-inhalatoren\/professionelle-wasserstoff-sauerstoff-inhalatoren-1000-3000-ml-pro-minute\/?attribute_pa_inhalatoren=1500\">Descripci\u00f3n detallada del producto BE H2 1500<\/a><br \/>\n<a href=\"https:\/\/bestelements.de\/es\/kaufen\/wasserstoff-inhalatoren\/professionelle-wasserstoff-inhalatoren-h2o2-2000-3000-mlmin\/?attribute_pa_inhalatoren=3000\">Descripci\u00f3n detallada del producto BE H2 3000<\/a><br \/>\n<span class=\"gray-back-snippet\">Hidr\u00f3geno <a href=\"https:\/\/bestelements.de\/es\/wasserstoffwasser\/\" target=\"_blank\" class=\"fusion-button button-default button-small button-abstand\">Art\u00edculo<\/a> <a href=\"https:\/\/bestelements.de\/es\/tag\/h2studien\/\" class=\"fusion-button button-default button-small button-abstand\">Estudios<\/a> <a href=\"https:\/\/bestelements.de\/es\/wasserstoffwasser\/fragen-antworten-anwendung-wasserstoffreiches-trinkwasser-wasserstoff-inhalation\/\" class=\"fusion-button button-default button-small button-abstand\">Preguntas Respuestas<\/a> <a href=\"https:\/\/bestelements.de\/es\/kaufen\/buecher-ebooks\/ebook-wasserstoffreiches-trinkwasser-und-wasserstoff-inhalation-anwendung-und-studien\/\" target=\"_blank\" class=\"fusion-button button-default button-small button-abstand\">Libro electr\u00f3nico<\/a><\/span><br \/>\n<a class=\"sg-popup-id-149 dotted\" href=\"#\">Estamos encantados de responder a sus preguntas sobre este inhalador de hidr\u00f3geno.<\/a><\/p>","protected":false},"excerpt":{"rendered":"<h2><span class=\"blue-back\">H2Star<\/span> <span class=\"textgray\">Alquile un inhalador de hidr\u00f3geno<\/span><\/h2>\n<div class=\"blue-back\">Alquile por d\u00edas o semanas y pruebe la inhalaci\u00f3n de hidr\u00f3geno<\/div>\n<div id=\"icons-water-stoffe\"><i class=\"fa-solid fas fa-battery-full\"><\/i> <i class=\"fa-solid fas fa-running\"><\/i> <i class=\"fa-solid fas fa-head-side-brain\"><\/i> <i class=\"fa-solid fas fa-heartbeat\"><\/i><\/div>\n<ul>\n<li>Alta saturaci\u00f3n de hidr\u00f3geno y f\u00e1cil aplicaci\u00f3n<\/li>\n<li>Respira hidr\u00f3geno puro al 99,996 % como complemento del aire que respiras<\/li>\n<li>Volumen de inhalaci\u00f3n: 200\/600\/3000 ml\/min<\/li>\n<li>F\u00e1cil manejo con temporizador<\/li>\n<li>Funcionamiento con agua destilada<\/li>\n<li>Alta calidad <a href=\"https:\/\/bestelements.de\/es\/wasserstoffwasser\/h2star-qualitaet-wasserstoff-inhalatoren-und-browns-gas\/\"><b>H2Star<\/b> <\/a>inhaladores<\/li>\n<li>Los costos de alquiler se acreditar\u00e1n para una compra posterior<\/li>\n<li><i class=\"fa fa-info-circle blue\"><\/i> <a class=\"sg-popup-id-32914 dotted\" href=\"#\">Mostrar diagrama de aplicaci\u00f3n de hidr\u00f3geno\/terapia H2<\/a>\n<\/ul>\n","protected":false},"featured_media":30424,"template":"","meta":{"footnotes":""},"product_brand":[],"product_cat":[250],"product_tag":[],"class_list":{"0":"post-21304","1":"product","2":"type-product","3":"status-publish","4":"has-post-thumbnail","6":"product_cat-wasserstoff-inhalatoren","7":"product_shipping_class-luftfilter-bis-10-kg","9":"first","10":"instock","11":"sold-individually","12":"taxable","13":"shipping-taxable","14":"purchasable","15":"product-type-variable"},"_links":{"self":[{"href":"https:\/\/bestelements.de\/es\/wp-json\/wp\/v2\/product\/21304","targetHints":{"allow":["GET"]}}],"collection":[{"href":"https:\/\/bestelements.de\/es\/wp-json\/wp\/v2\/product"}],"about":[{"href":"https:\/\/bestelements.de\/es\/wp-json\/wp\/v2\/types\/product"}],"version-history":[{"count":0,"href":"https:\/\/bestelements.de\/es\/wp-json\/wp\/v2\/product\/21304\/revisions"}],"wp:featuredmedia":[{"embeddable":true,"href":"https:\/\/bestelements.de\/es\/wp-json\/wp\/v2\/media\/30424"}],"wp:attachment":[{"href":"https:\/\/bestelements.de\/es\/wp-json\/wp\/v2\/media?parent=21304"}],"wp:term":[{"taxonomy":"product_brand","embeddable":true,"href":"https:\/\/bestelements.de\/es\/wp-json\/wp\/v2\/product_brand?post=21304"},{"taxonomy":"product_cat","embeddable":true,"href":"https:\/\/bestelements.de\/es\/wp-json\/wp\/v2\/product_cat?post=21304"},{"taxonomy":"product_tag","embeddable":true,"href":"https:\/\/bestelements.de\/es\/wp-json\/wp\/v2\/product_tag?post=21304"}],"curies":[{"name":"wp","href":"https:\/\/api.w.org\/{rel}","templated":true}]}}