{"id":21015,"date":"2023-05-24T16:02:23","date_gmt":"2023-05-24T14:02:23","guid":{"rendered":"https:\/\/bestelements.de\/?post_type=product&#038;p=21015"},"modified":"2025-12-12T10:24:19","modified_gmt":"2025-12-12T09:24:19","slug":"water-savior-wasserfilter-gegen-bakterien-im-trinkwasser","status":"publish","type":"product","link":"https:\/\/bestelements.de\/es\/kaufen\/wasserfilter-gegen-kalk-und-bakterien\/water-savior-wasserfilter-gegen-bakterien-im-trinkwasser\/","title":{"rendered":"Water Savior: Filtro de agua contra las bacterias en el agua potable"},"content":{"rendered":"<p><\/p>\n<h2 class=\"linie\"><span class=\"blue-back\">Water Savior<\/span> <span class=\"gray\"> Ventajas<\/span><\/h2>\n<ul>\n<li>Tasa de filtraci\u00f3n hasta 0,5 \u03bcm<\/li>\n<li>Sin aditivos qu\u00edmicos <span class=\"blue strong\">Amigable con el medio ambiente<\/span><\/li>\n<li>Sin conexi\u00f3n de alimentaci\u00f3n <span class=\"blue strong\">El ahorro de energ\u00eda<\/span><\/li>\n<li>Filtraci\u00f3n bacteriana y viral hasta el 99,69%<\/li>\n<li><span class=\"blue strong\">Certificaci\u00f3n NSF<\/span> seg\u00fan criterios de seguridad y salud<\/li>\n<li>Instalaci\u00f3n f\u00e1cil y r\u00e1pida<\/li>\n<li>Cambio de m\u00f3dulo de filtro r\u00e1pido <span class=\"blue strong\">Easy Click<\/span><\/li>\n<li>Si es necesario con adaptador a 1\/2&#8243; para conexi\u00f3n y grifo de agua<\/li>\n<\/ul>\n<p><img decoding=\"async\" src=\"https:\/\/bestelements.de\/wp-content\/uploads\/Adapter-Wasseranschluss-3-8-Zoll-auf-1-2-Zoll.jpg\" data-orig-src=\"https:\/\/bestelements.de\/wp-content\/uploads\/Adapter-Wasseranschluss-3-8-Zoll-auf-1-2-Zoll.jpg\" alt=\"Adapter Wasseranschluss 3\/8&quot; auf 1-2&quot; (Zoll)\" width=\"200\" height=\"200\" class=\"lazyload alignnone size-full wp-image-21526 rund\" srcset=\"data:image\/svg+xml,%3Csvg%20xmlns%3D%27http%3A%2F%2Fwww.w3.org%2F2000%2Fsvg%27%20width%3D%27200%27%20height%3D%27200%27%20viewBox%3D%270%200%20200%20200%27%3E%3Crect%20width%3D%27200%27%20height%3D%27200%27%20fill-opacity%3D%220%22%2F%3E%3C%2Fsvg%3E\" data-srcset=\"https:\/\/bestelements.de\/wp-content\/uploads\/Adapter-Wasseranschluss-3-8-Zoll-auf-1-2-Zoll-66x66.jpg 66w, https:\/\/bestelements.de\/wp-content\/uploads\/Adapter-Wasseranschluss-3-8-Zoll-auf-1-2-Zoll-100x100.jpg 100w, https:\/\/bestelements.de\/wp-content\/uploads\/Adapter-Wasseranschluss-3-8-Zoll-auf-1-2-Zoll-150x150.jpg 150w, https:\/\/bestelements.de\/wp-content\/uploads\/Adapter-Wasseranschluss-3-8-Zoll-auf-1-2-Zoll-200x200.jpg 200w, https:\/\/bestelements.de\/wp-content\/uploads\/Adapter-Wasseranschluss-3-8-Zoll-auf-1-2-Zoll.jpg 300w\" data-sizes=\"auto\" data-orig-sizes=\"(max-width: 200px) 100vw, 200px\" \/><\/p>\n<h2 class=\"linie\"><span class=\"blue-back\">Water Savior<\/span> <span class=\"gray\"> Downloads<\/span><\/h2>\n<p><div class=\"fusion-content-boxes content-boxes columns row fusion-columns-3 fusion-columns-total-2 fusion-content-boxes-3 content-boxes-icon-on-side content-left\" style=\"--awb-hover-accent-color:#3d66ae;--awb-circle-hover-accent-color:#3d66ae;\" data-animationOffset=\"top-into-view\"><div style=\"--awb-backgroundcolor:rgba(255,255,255,0);--awb-content-padding-left:64px;\" class=\"fusion-column content-box-column content-box-column content-box-column-1 col-lg-4 col-md-4 col-sm-4 fusion-content-box-hover content-box-column-first-in-row\"><div class=\"col content-box-wrapper content-wrapper link-area-link-icon link-type-text content-icon-wrapper-yes icon-hover-animation-fade\" data-animationOffset=\"top-into-view\"><div class=\"heading heading-with-icon icon-left\"><a class=\"heading-link\" href=\"https:\/\/bestelements.de\/de\/manuals\/gebrauchsanleitungen\/\" target=\"_self\"><div class=\"icon\"><span style=\"height:42px;width:42px;line-height:22px;border-color:rgba(255,255,255,0);border-width:1px;border-style:solid;background-color:#009fe3;margin-right:20px;box-sizing:content-box;border-radius:50%;\"><i style=\"border-color:#009fe3;border-width:1px;background-color:#009fe3;box-sizing:content-box;height:40px;width:40px;line-height:40px;border-radius:50%;position:relative;top:auto;left:auto;margin:0;border-radius:50%;font-size:20px;\" aria-hidden=\"true\" class=\"fontawesome-icon fa-file-alt fas circle-yes\"><\/i><\/span><\/div><\/a><\/div><div class=\"fusion-clearfix\"><\/div><a class=\" fusion-read-more\" style=\"margin-left:64px;\" href=\"https:\/\/bestelements.de\/de\/manuals\/gebrauchsanleitungen\/\" target=\"_self\">Instrucciones de uso<\/a><div class=\"fusion-clearfix\"><\/div><\/div><\/div><div style=\"--awb-backgroundcolor:rgba(255,255,255,0);--awb-content-padding-left:64px;\" class=\"fusion-column content-box-column content-box-column content-box-column-2 col-lg-4 col-md-4 col-sm-4 fusion-content-box-hover content-box-column-last\"><div class=\"col content-box-wrapper content-wrapper link-area-link-icon link-type-text content-icon-wrapper-yes icon-hover-animation-fade\" data-animationOffset=\"top-into-view\"><div class=\"heading heading-with-icon icon-left\"><a class=\"heading-link\" href=\"https:\/\/bestelements.de\/es\/produkt-kategorie\/ersatzfilter-wasser\/\" target=\"_self\"><div class=\"icon\"><span style=\"height:42px;width:42px;line-height:22px;border-color:rgba(255,255,255,0);border-width:1px;border-style:solid;background-color:#009fe3;margin-right:20px;box-sizing:content-box;border-radius:50%;\"><i style=\"border-color:#009fe3;border-width:1px;background-color:#009fe3;box-sizing:content-box;height:40px;width:40px;line-height:40px;border-radius:50%;position:relative;top:auto;left:auto;margin:0;border-radius:50%;font-size:20px;\" aria-hidden=\"true\" class=\"fontawesome-icon fa-sync-alt fas circle-yes\"><\/i><\/span><\/div><\/a><\/div><div class=\"fusion-clearfix\"><\/div><a class=\" fusion-read-more\" style=\"margin-left:64px;\" href=\"https:\/\/bestelements.de\/es\/produkt-kategorie\/ersatzfilter-wasser\/\" target=\"_self\">Filtro de repuesto<\/a><div class=\"fusion-clearfix\"><\/div><\/div><\/div><div class=\"fusion-clearfix\"><\/div><\/div><div class=\"fusion-text fusion-text-3\"><\/div><\/p>\n<figure class=\"wp-block-table\">\n<div class=\"table-1\">\n<table>\n<tbody>\n<tr>\n<td class=\"produkte\">Montaje<\/td>\n<td class=\"produkte\">Solo conecte a la l\u00ednea de agua fr\u00eda<\/td>\n<\/tr>\n<tr>\n<td class=\"produkte\">Principio de filtro<\/td>\n<td class=\"produkte\">Filtro de flujo con una tasa de retenci\u00f3n del 99,69%<\/td>\n<\/tr>\n<tr>\n<td class=\"produkte\">Conexi\u00f3n de agua<\/td>\n<td class=\"produkte\">3\/8&#8243; IT en v\u00e1lvula de \u00e1ngulo y 3\/8&#8243; AG en grifo de agua (opcional 2x adaptador 3\/8&#8243;-1\/2&#8243;), longitud de manguera 2x 75 cm<\/td>\n<\/tr>\n<tr>\n<td class=\"produkte\">Temperatura<\/td>\n<td class=\"produkte\">M\u00ednimo 4\u00b0C a m\u00e1ximo 38\u00b0C<\/td>\n<\/tr>\n<tr>\n<td class=\"produkte\">Presi\u00f3n del agua<\/td>\n<td class=\"produkte\">1,4 bares a 5,5 bares<\/td>\n<\/tr>\n<tr>\n<td class=\"produkte\">Peso<\/td>\n<td class=\"produkte\">1,3 kg con cartucho<\/td>\n<\/tr>\n<tr>\n<td class=\"produkte\">Dimensiones<\/td>\n<td class=\"produkte\">120 x 340 x 135 mm (An. x An. x Pr.)<\/td>\n<\/tr>\n<tr>\n<td class=\"produkte\">Alcance de la entrega<\/td>\n<td class=\"produkte\">Filtro de agua con m\u00f3dulo de filtro, juego de conexi\u00f3n, instrucciones de uso<\/td>\n<\/tr>\n<tr>\n<td class=\"produkte\">Cambio de modulo de filtro<\/td>\n<td class=\"produkte\">Cambie el cartucho del filtro interno despu\u00e9s de 4-6 meses<\/td>\n<\/tr>\n<tr>\n<td class=\"produkte\">M\u00f3dulos de filtro de repuesto<\/td>\n<td class=\"produkte\">Orden <a href=\"https:\/\/bestelements.de\/es\/produkt-kategorie\/ersatzfilter-wasser\/\">Ersatzfiltermodule\/Kartuschen<\/a><\/td>\n<\/tr>\n<\/tbody>\n<\/table>\n<\/div>\n<\/figure>\n<p><\/p>","protected":false},"excerpt":{"rendered":"<h2><span class=\"blue-back\">Water Savior<\/span> <span class=\"textgray\">Filtro de agua<\/span><\/h2>\n<div class=\"blue-back\">Alarma de agua: Ayuda contra las bacterias en el agua potable<\/div>\n<div id=\"icons-water-stoffe\">\n<i class=\"fa-solid fas fa-viruses\"><\/i> <i class=\"fa-solid fas fa-bacterium\"><\/i> <i class=\"fa-solid fas fa-disease\"><\/i> <i class=\"fa-solid fas fa-virus-slash\"><\/i>\n<\/div>\n<ul>\n<li>Filtro de agua compacto para agua potable contra la contaminaci\u00f3n bacteriana<\/li>\n<li>Filtro de agua con un recubrimiento extra especial para filtrar bacterias<\/li>\n<li>Seguridad: Filtraci\u00f3n bacteriana y viral hasta 99.69%<\/li>\n<li>Con 2 mangueras flexibles de acero inoxidable para facilitar la conexi\u00f3n entre la v\u00e1lvula de \u00e1ngulo y el grifo de agua (tuber\u00eda fr\u00eda)<\/li>\n<li>Conexi\u00f3n debajo del fregadero entre la v\u00e1lvula de \u00e1ngulo y el grifo de agua<\/li>\n<li>Montaje y mantenimiento sencillos con <span class=\"blue strong\">Easy Click<\/span><\/li>\n<\/ul>\n","protected":false},"featured_media":21515,"template":"","meta":{"footnotes":""},"product_brand":[],"product_cat":[139],"product_tag":[212],"class_list":{"0":"post-21015","1":"product","2":"type-product","3":"status-publish","4":"has-post-thumbnail","6":"product_cat-wasserfilter-gegen-kalk-und-bakterien","7":"product_tag-bakterienwasserfilter","9":"first","10":"instock","11":"featured","12":"taxable","13":"shipping-taxable","14":"purchasable","15":"product-type-simple"},"_links":{"self":[{"href":"https:\/\/bestelements.de\/es\/wp-json\/wp\/v2\/product\/21015","targetHints":{"allow":["GET"]}}],"collection":[{"href":"https:\/\/bestelements.de\/es\/wp-json\/wp\/v2\/product"}],"about":[{"href":"https:\/\/bestelements.de\/es\/wp-json\/wp\/v2\/types\/product"}],"version-history":[{"count":0,"href":"https:\/\/bestelements.de\/es\/wp-json\/wp\/v2\/product\/21015\/revisions"}],"wp:featuredmedia":[{"embeddable":true,"href":"https:\/\/bestelements.de\/es\/wp-json\/wp\/v2\/media\/21515"}],"wp:attachment":[{"href":"https:\/\/bestelements.de\/es\/wp-json\/wp\/v2\/media?parent=21015"}],"wp:term":[{"taxonomy":"product_brand","embeddable":true,"href":"https:\/\/bestelements.de\/es\/wp-json\/wp\/v2\/product_brand?post=21015"},{"taxonomy":"product_cat","embeddable":true,"href":"https:\/\/bestelements.de\/es\/wp-json\/wp\/v2\/product_cat?post=21015"},{"taxonomy":"product_tag","embeddable":true,"href":"https:\/\/bestelements.de\/es\/wp-json\/wp\/v2\/product_tag?post=21015"}],"curies":[{"name":"wp","href":"https:\/\/api.w.org\/{rel}","templated":true}]}}