{"id":20958,"date":"2023-05-12T15:27:41","date_gmt":"2023-05-12T13:27:41","guid":{"rendered":"https:\/\/bestelements.de\/?post_type=product&#038;p=20958"},"modified":"2025-11-11T18:31:31","modified_gmt":"2025-11-11T17:31:31","slug":"inhalationsschlauch-mit-nasenkanuele","status":"publish","type":"product","link":"https:\/\/bestelements.de\/es\/kaufen\/zubehoer\/inhalationsschlauch-mit-nasenkanuele\/","title":{"rendered":"Tubo de inhalaci\u00f3n con c\u00e1nula nasal"},"content":{"rendered":"<p>Conecte el equipo de inhalaci\u00f3n al dispositivo de inhalaci\u00f3n y col\u00f3quelo delante de la nariz.<br \/>\nNo doble el tubo de inhalaci\u00f3n durante su uso.<\/p>\n<p>Material: Silicona de grado m\u00e9dico, biocompatible, hiperalerg\u00e9nica (rara vez causa alergias), no t\u00f3xica, sin plastificantes, sin BPA, resistente al calor, esterilizable, qu\u00edmicamente estable.<\/p>","protected":false},"excerpt":{"rendered":"<p>Manguera de inhalaci\u00f3n con c\u00e1nula nasal y recipiente de drenaje<\/p>\n<p>para <a href=\"https:\/\/bestelements.de\/es\/wasserstoffwasser\/wasserstoff-gegen-krankheiten\/\">inhaladores BE H2<\/a><\/p>\n<ul>\n<li>Contenido: 1 juego<\/li>\n<\/ul>\n<p>(no para H2Master con funci\u00f3n de inhalaci\u00f3n, <a href=\"https:\/\/bestelements.de\/es\/kaufen\/zubehoer\/ersatzteile-wasserstoffbooster\/?attribute_pa_ersatzteile-wasserbooster=h2master-nasenkanuele&amp;attribute_pa_farbe=uni\">estas c\u00e1nulas nasales est\u00e1n aqu\u00ed<\/a>)<\/p>\n","protected":false},"featured_media":30029,"template":"","meta":{"footnotes":""},"product_brand":[],"product_cat":[274],"product_tag":[278],"class_list":{"0":"post-20958","1":"product","2":"type-product","3":"status-publish","4":"has-post-thumbnail","6":"product_cat-zubehoer","7":"product_tag-h2equipment","8":"product_shipping_class-h2zubehoer","10":"first","11":"instock","12":"taxable","13":"shipping-taxable","14":"purchasable","15":"product-type-simple"},"_links":{"self":[{"href":"https:\/\/bestelements.de\/es\/wp-json\/wp\/v2\/product\/20958","targetHints":{"allow":["GET"]}}],"collection":[{"href":"https:\/\/bestelements.de\/es\/wp-json\/wp\/v2\/product"}],"about":[{"href":"https:\/\/bestelements.de\/es\/wp-json\/wp\/v2\/types\/product"}],"version-history":[{"count":0,"href":"https:\/\/bestelements.de\/es\/wp-json\/wp\/v2\/product\/20958\/revisions"}],"wp:featuredmedia":[{"embeddable":true,"href":"https:\/\/bestelements.de\/es\/wp-json\/wp\/v2\/media\/30029"}],"wp:attachment":[{"href":"https:\/\/bestelements.de\/es\/wp-json\/wp\/v2\/media?parent=20958"}],"wp:term":[{"taxonomy":"product_brand","embeddable":true,"href":"https:\/\/bestelements.de\/es\/wp-json\/wp\/v2\/product_brand?post=20958"},{"taxonomy":"product_cat","embeddable":true,"href":"https:\/\/bestelements.de\/es\/wp-json\/wp\/v2\/product_cat?post=20958"},{"taxonomy":"product_tag","embeddable":true,"href":"https:\/\/bestelements.de\/es\/wp-json\/wp\/v2\/product_tag?post=20958"}],"curies":[{"name":"wp","href":"https:\/\/api.w.org\/{rel}","templated":true}]}}