{"id":19734,"date":"2023-02-21T14:29:42","date_gmt":"2023-02-21T13:29:42","guid":{"rendered":"https:\/\/bestelements.de\/?post_type=product&#038;p=19734"},"modified":"2025-09-25T09:13:37","modified_gmt":"2025-09-25T07:13:37","slug":"alterung-test-freie-radikale","status":"publish","type":"product","link":"https:\/\/bestelements.de\/es\/kaufen\/test-freie-radikale\/alterung-test-freie-radikale\/","title":{"rendered":"Prueba de envejecimiento celular | Prueba de radicales libres"},"content":{"rendered":"<p>El biogeront\u00f3logo Denham Harman sabe desde mediados del siglo XX que los radicales libres son los <strong>causantes del proceso de envejecimiento<\/strong>. Los radicales libres se forman en nuestras c\u00e9lulas como \u00abresiduos\u00bb de las <strong>toxinas ambientales, el estr\u00e9s, un estilo de vida poco saludable y una mala nutrici\u00f3n y perjudican nuestra salud<\/strong>. La teor\u00eda ha sido confirmada varias veces por descubrimientos cient\u00edficos y de ah\u00ed se desarroll\u00f3 la teor\u00eda del envejecimiento mitocondrial: el <strong>deterioro y la interrupci\u00f3n de nuestro metabolismo energ\u00e9tico como resultado del envejecimiento celular<\/strong>. Seg\u00fan los resultados de la investigaci\u00f3n, los radicales libres tambi\u00e9n son responsables del desarrollo de muchas enfermedades graves como el c\u00e1ncer, la arterioesclerosis, la diabetes o el Alzheimer.<\/p>\n<p><strong>La buena noticia: la investigaci\u00f3n muestra que los antioxidantes combaten los radicales libres, reducen el proceso de envejecimiento y conducen a un aumento en el tiempo promedio de supervivencia, si conoce el estado de los radicales libres en el cuerpo. \u00a1Este autotest de orina proporciona informaci\u00f3n al respecto!<\/strong><\/p>","protected":false},"excerpt":{"rendered":"<p>Con este test echas un vistazo al interior y determinas el estado de tu proceso de envejecimiento celular actual analizando la saturaci\u00f3n de radicales libres (malondialdeh\u00eddo) en tus c\u00e9lulas.<\/p>\n<p>Reconocer\u00e1 el estado de su nivel de estr\u00e9s oxidativo y cu\u00e1nto carga esto a su cuerpo. De esta manera, puede tomar las contramedidas apropiadas a tiempo y ralentizar el proceso de envejecimiento de sus c\u00e9lulas, eliminar s\u00edntomas y disfunciones y mejorar significativamente su bienestar.<\/p>\n<p>Realice la prueba usted mismo en casa utilizando tiras reactivas como prueba de orina. El juego contiene 3 tiras reactivas. Se incluye una explicaci\u00f3n con el equipo de prueba y tambi\u00e9n est\u00e1 disponible en l\u00ednea con recomendaciones.<\/p>\n<ul>\n<li>50 veces m\u00e1s preciso que un an\u00e1lisis de sangre<\/li>\n<li>3 pruebas en un conjunto<\/li>\n<\/ul>\n","protected":false},"featured_media":20334,"template":"","meta":{"footnotes":""},"product_brand":[],"product_cat":[263,274],"product_tag":[266,278],"class_list":{"0":"post-19734","1":"product","2":"type-product","3":"status-publish","4":"has-post-thumbnail","6":"product_cat-test-freie-radikale","7":"product_cat-zubehoer","8":"product_tag-test","9":"product_tag-h2equipment","10":"product_shipping_class-teststreifen","12":"first","13":"instock","14":"featured","15":"taxable","16":"shipping-taxable","17":"purchasable","18":"product-type-simple"},"_links":{"self":[{"href":"https:\/\/bestelements.de\/es\/wp-json\/wp\/v2\/product\/19734","targetHints":{"allow":["GET"]}}],"collection":[{"href":"https:\/\/bestelements.de\/es\/wp-json\/wp\/v2\/product"}],"about":[{"href":"https:\/\/bestelements.de\/es\/wp-json\/wp\/v2\/types\/product"}],"version-history":[{"count":0,"href":"https:\/\/bestelements.de\/es\/wp-json\/wp\/v2\/product\/19734\/revisions"}],"wp:featuredmedia":[{"embeddable":true,"href":"https:\/\/bestelements.de\/es\/wp-json\/wp\/v2\/media\/20334"}],"wp:attachment":[{"href":"https:\/\/bestelements.de\/es\/wp-json\/wp\/v2\/media?parent=19734"}],"wp:term":[{"taxonomy":"product_brand","embeddable":true,"href":"https:\/\/bestelements.de\/es\/wp-json\/wp\/v2\/product_brand?post=19734"},{"taxonomy":"product_cat","embeddable":true,"href":"https:\/\/bestelements.de\/es\/wp-json\/wp\/v2\/product_cat?post=19734"},{"taxonomy":"product_tag","embeddable":true,"href":"https:\/\/bestelements.de\/es\/wp-json\/wp\/v2\/product_tag?post=19734"}],"curies":[{"name":"wp","href":"https:\/\/api.w.org\/{rel}","templated":true}]}}