{"id":19504,"date":"2023-02-05T13:25:05","date_gmt":"2023-02-05T12:25:05","guid":{"rendered":"https:\/\/bestelements.de\/?post_type=product&#038;p=19504"},"modified":"2025-09-22T14:01:09","modified_gmt":"2025-09-22T12:01:09","slug":"teststreifen-trinkwassertest","status":"publish","type":"product","link":"https:\/\/bestelements.de\/es\/kaufen\/trinkwassertest\/teststreifen-trinkwassertest\/","title":{"rendered":"Test de agua potable @wasseralarm"},"content":{"rendered":"<p>Valores probados:<\/p>\n<ol>\n<li><strong>Valor de pH<\/strong><br \/>\n<small>El valor de pH indica qu\u00e9 tan \u00e1cida o alcalina es el agua<\/small><\/li>\n<li><strong>Dureza total del agua<br \/>\n<\/strong>Suma de sales carbonatadas y no carbonatadas de calcio y magnesio<\/li>\n<li><strong>\u00c1<\/strong><strong>cido cian\u00farico<\/strong><br \/>\n<small>Estabilizador para cloro<\/small><\/li>\n<li><strong>Cloro <\/strong>Total<br \/>\n<small>El cloro es un desinfectante contra las bacterias y se considera peligroso. Demasiado cloro en el agua potable puede irritar las membranas mucosas y es especialmente peligroso para los ni\u00f1os, las madres lactantes y las mujeres embarazadas.<\/small><\/li>\n<li><strong>Libre de cloro<\/strong><br \/>\n<small>El cloro libre se refiere al nivel de cloro capaz de desinfectar los contaminantes, el cloro combinado ya est\u00e1 ligado a los contaminantes. El cloro total es esencialmente la suma de cloro libre y combinado.\u00a0<\/small><\/li>\n<li><strong>Sin bromo<\/strong><br \/>\n<small>da\u00f1a el sistema nervioso y la tiroides<\/small><\/li>\n<li><strong>Nitrato<\/strong><br \/>\n<small>Compuesto de nitr\u00f3geno que llega al agua subterr\u00e1nea en caso de exceso de fertilizaci\u00f3n, formaci\u00f3n de nitrosaminas cancer\u00edgenas en el cuerpo<\/small><\/li>\n<li><strong>Nitritos<\/strong><br \/>\n<small>Los nitritos son t\u00f3xicos, conversi\u00f3n de nitrato, no adecuados para formular f\u00f3rmulas infantiles<\/small><\/li>\n<li><strong>Hierro<\/strong><br \/>\n<small>debido a la formaci\u00f3n de corrosi\u00f3n y \u00f3xido en las instalaciones de tuber\u00edas<\/small><\/li>\n<li><strong>\u00d3xido de cromo (VI)<\/strong><br \/>\n<small>oxidante fuertemente t\u00f3xico<\/small><\/li>\n<li><strong>L\u00edder<\/strong><br \/>\n<small>debido a tuber\u00edas de agua m\u00e1s antiguas, efectos particularmente t\u00f3xicos en el sistema nervioso, la sangre y los ri\u00f1ones<\/small><\/li>\n<li><strong>Cobre<\/strong><br \/>\n<small>a trav\u00e9s de las tuber\u00edas de agua, provoca trastornos de salud como n\u00e1useas, dolor de est\u00f3mago, v\u00f3mitos, c\u00f3licos intestinales o diarrea<\/small><\/li>\n<li><strong>Mercurio<\/strong><br \/>\n<small>Procedente de lodos de depuradora en campos y manantiales naturales, altamente t\u00f3xico con da\u00f1o a largo plazo en el h\u00edgado, los ri\u00f1ones y el sistema nervioso central. Los trastornos visuales y auditivos, los trastornos del movimiento, la irritabilidad y las psicosis se conocen como consecuencias a largo plazo<\/small><\/li>\n<li><strong>Fluoruro<\/strong><br \/>\n<small>Efectos en la tiroides, aprendizaje, memoria y trastornos del comportamiento, varias fuentes apuntan al fluoruro como una causa de inteligencia reducida<\/small><\/li>\n<li><strong>Carbonato<\/strong><br \/>\n<small>Hidr\u00f3genocarbonatos de calcio y magnesio, formaci\u00f3n de cal\/incrustaciones cuando se calienta o \u00e1cido carb\u00f3nico<\/small><\/li>\n<li><strong>Alcalinidad total<\/strong><br \/>\n<small>Cantidad de sustancias alcalinas contenidas en el agua<br \/>\n<\/small><\/li>\n<\/ol>\n<p>Recomendaci\u00f3n: <a href=\"https:\/\/bestelements.de\/es\/kaufen\/test-freie-radikale\/alterung-test-freie-radikale\/\">pruebe su proceso de envejecimiento personal<\/a> y corr\u00edjalo a tiempo<\/p>","protected":false},"excerpt":{"rendered":"<p><strong>Compruebe r\u00e1pida y f\u00e1cilmente 16 valores importantes en su agua potable en segundos.<\/strong><\/p>\n<p>Con una descripci\u00f3n detallada de la aplicaci\u00f3n y qu\u00e9 medidas se requieren si se superan los valores.<br \/>\n3 pruebas en un conjunto<\/p>\n","protected":false},"featured_media":19507,"template":"","meta":{"footnotes":""},"product_brand":[],"product_cat":[39],"product_tag":[266],"class_list":{"0":"post-19504","1":"product","2":"type-product","3":"status-publish","4":"has-post-thumbnail","6":"product_cat-trinkwassertest","7":"product_tag-test","8":"product_shipping_class-teststreifen","10":"first","11":"instock","12":"taxable","13":"shipping-taxable","14":"purchasable","15":"product-type-variable","16":"has-default-attributes"},"_links":{"self":[{"href":"https:\/\/bestelements.de\/es\/wp-json\/wp\/v2\/product\/19504","targetHints":{"allow":["GET"]}}],"collection":[{"href":"https:\/\/bestelements.de\/es\/wp-json\/wp\/v2\/product"}],"about":[{"href":"https:\/\/bestelements.de\/es\/wp-json\/wp\/v2\/types\/product"}],"version-history":[{"count":0,"href":"https:\/\/bestelements.de\/es\/wp-json\/wp\/v2\/product\/19504\/revisions"}],"wp:featuredmedia":[{"embeddable":true,"href":"https:\/\/bestelements.de\/es\/wp-json\/wp\/v2\/media\/19507"}],"wp:attachment":[{"href":"https:\/\/bestelements.de\/es\/wp-json\/wp\/v2\/media?parent=19504"}],"wp:term":[{"taxonomy":"product_brand","embeddable":true,"href":"https:\/\/bestelements.de\/es\/wp-json\/wp\/v2\/product_brand?post=19504"},{"taxonomy":"product_cat","embeddable":true,"href":"https:\/\/bestelements.de\/es\/wp-json\/wp\/v2\/product_cat?post=19504"},{"taxonomy":"product_tag","embeddable":true,"href":"https:\/\/bestelements.de\/es\/wp-json\/wp\/v2\/product_tag?post=19504"}],"curies":[{"name":"wp","href":"https:\/\/api.w.org\/{rel}","templated":true}]}}