{"id":19287,"date":"2023-01-18T16:13:18","date_gmt":"2023-01-18T15:13:18","guid":{"rendered":"https:\/\/bestelements.de\/?post_type=product&#038;p=19287"},"modified":"2026-03-06T11:58:37","modified_gmt":"2026-03-06T10:58:37","slug":"buch-codex-humanus-das-buch-der-menschlichkeit","status":"publish","type":"product","link":"https:\/\/bestelements.de\/es\/kaufen\/buecher-ebooks\/buch-codex-humanus-das-buch-der-menschlichkeit\/","title":{"rendered":"Libro \u00abCodex Humanus &#8211; El libro de la humanidad\u00bb 5 vol\u00famenes + 2 libros electr\u00f3nicos extra"},"content":{"rendered":"<p><\/p>\n<h3>El Codex Humanus ahora en 5 vol\u00famenes<\/h3>\n<p>Los 5 vol\u00famenes: <a href=\"https:\/\/www.vitaminum.net\/codex-humanus-das-buch-der-menschlichkeit-5-baende-2-bonus-ebooks\/sw10124?a_aid=63c7a9e3972ac\" rel=\"noopener nofollow\" target=\"_blank\">Serie completa de 5 vol\u00famenes Codex Humanus &#8211; El Libro de la Humanidad con libros electr\u00f3nicos adicionales<\/a><br \/>\n<a rel=\"noopener nofollow\" href=\"https:\/\/www.vitaminum.net\/codex-humanus-das-buch-der-menschlichkeit-5-baende-2-bonus-ebooks\/sw10124?a_aid=63c7a9e3972ac\" class=\"single_add_to_cart_button button alt\" target=\"_blank\">5 vol\u00famenes del Codex Humanus con libros electr\u00f3nicos adicionales<\/a><\/p>\n<p>Compre s\u00f3lo el volumen 5: <a rel=\"noopener nofollow\" href=\"https:\/\/www.vitaminum.net\/codex-humanus-das-buch-der-menschlichkeit-band-5\/sw10123?a_aid=63c7a9e3972ac\" target=\"_blank\">Comprar el Volumen 5 del Codex Humanus &#8211; El Libro de la Humanidad<\/a><br \/>\n<a rel=\"noopener nofollow\" href=\"https:\/\/www.vitaminum.net\/codex-humanus-das-buch-der-menschlichkeit-band-5\/sw10123?a_aid=63c7a9e3972ac\" class=\"single_add_to_cart_button button alt\" target=\"_blank\">s\u00f3lo Volumen 5 Codex Humanus<\/a><\/p>\n<p>Solo vol\u00famenes 1-4: <a rel=\"noopener nofollow\" href=\"https:\/\/www.vitaminum.net\/gebundene-buecher\/130\/codex-humanus-das-buch-der-menschlichkeit-4-baende-2-bonus-ebooks?a_aid=63c7a9e3972ac\" target=\"_blank\">4 vol\u00famenes Codex Humanus &#8211; El Libro de la Humanidad<\/a><br \/>\n<a rel=\"noopener nofollow\" href=\"https:\/\/www.vitaminum.net\/gebundene-buecher\/130\/codex-humanus-das-buch-der-menschlichkeit-4-baende-2-bonus-ebooks?a_aid=63c7a9e3972ac\" class=\"single_add_to_cart_button button alt\" target=\"_blank\">Vol\u00famenes 1-4 del Codex Humanus<\/a><\/p>\n<h2>Esto es nuevo en el Volumen 5 del Codex Humanus &#8211; El Libro de la Humanidad<\/h2>\n<p>El autor del Codex Humanus, Libro de la Humanidad, explica que en sus libros anteriores se centr\u00f3 conscientemente en la naturopat\u00eda y las sustancias naturales en su enfoque de la medicina alternativa. Para \u00e9l, los enfoques basados \u200b\u200ben la naturaleza se consideraron durante mucho tiempo la v\u00eda m\u00e1s fiable dentro de las estrategias de salud complementaria. Sin embargo, ante los desaf\u00edos de salud cada vez m\u00e1s complejos de la actualidad, ve la necesidad de ampliar su perspectiva y considerar la medicina alternativa en su totalidad.<\/p>\n<p>Destaca que, si bien la naturopat\u00eda sigue siendo un componente central de la medicina alternativa, esta, como campo m\u00e1s amplio, tambi\u00e9n abarca otros enfoques innovadores y complementarios. En \u00faltima instancia, lo importante es el resultado para el individuo: cuando los m\u00e9todos convencionales alcanzan sus l\u00edmites, puede ser beneficioso ampliar responsablemente el espectro terap\u00e9utico. En particular, ante los desaf\u00edos de salud modernos y procesos a menudo inadvertidos, como la microinflamaci\u00f3n cr\u00f3nica (\u00abinflamaci\u00f3n silenciosa\u00bb), el autor aboga por un enfoque abierto y orientado a las soluciones que busca encontrar maneras efectivas y sostenibles de promover la salud.<\/p>\n<h3>M\u00e1s libros electr\u00f3nicos y libros de esta serie<\/h3>\n<p><a href=\"https:\/\/www.codex-humanus.net\/?a_aid=63c7a9e3972ac\" rel=\"nofollow noopener\" target=\"_blank\">Codex Humanus<\/a><br \/>\n<a href=\"https:\/\/www.vitaminum.net\/4\/medizinskandal-alzheimer\/demenz-bewaehrte-wege-aus-alzheimer-demenz-ebook?a_aid=63c7a9e3972ac\" rel=\"nofollow noopener\" target=\"_blank\">Esc\u00e1ndalo M\u00e9dico Alzheimer y Demencia<\/a><br \/>\n<a href=\"https:\/\/www.vitaminum.net\/12\/medizinskandal-arthrose-arthrose-heilung-der-ultimative-leitfaden-ebook?a_aid=63c7a9e3972ac\" rel=\"nofollow noopener\" target=\"_blank\">Esc\u00e1ndalo M\u00e9dico Artrosis<\/a><br \/>\n<a href=\"https:\/\/www.vitaminum.net\/14\/medizinskandal-schlaganfall-schlaganfall-vorbeugen-und-die-folgen-mindern-ebook?a_aid=63c7a9e3972ac\" rel=\"nofollow noopener\" target=\"_blank\">Esc\u00e1ndalo m\u00e9dico Ataque<\/a><br \/>\n<a href=\"https:\/\/www.vitaminum.net\/3\/medizinskandal-adipositas-die-maechtigsten-fettkiller-von-mutter-natur-ebook?a_aid=63c7a9e3972ac\" rel=\"nofollow noopener\" target=\"_blank\">Esc\u00e1ndalo M\u00e9dico Obesidad<\/a><br \/>\n<a href=\"https:\/\/www.vitaminum.net\/11\/medizinskandal-arthritis-die-revolutionaere-heilung-von-arthritis-der-ultimative-leitfaden-ebook?a_aid=63c7a9e3972ac\" rel=\"nofollow noopener\" target=\"_blank\">Esc\u00e1ndalo M\u00e9dico Artritis<\/a><br \/>\n<a href=\"https:\/\/www.vitaminum.net\/15\/medizinskandal-herzinfarkt-herz-natuerlich-staerken-herzinfarkt-vorbeugen-ebook?a_aid=63c7a9e3972ac\" rel=\"nofollow noopener\" target=\"_blank\">Esc\u00e1ndalo M\u00e9dico Infarto de Miocardio<\/a><br \/>\n<a href=\"https:\/\/www.vitaminum.net\/10\/medizinskandal-allergien-allergie-therapie-die-zu-ihrer-heilung-fuehrt-ebook?a_aid=63c7a9e3972ac\" rel=\"nofollow noopener\" target=\"_blank\">Esc\u00e1ndalo M\u00e9dico Alergia<\/a><br \/>\n<a href=\"https:\/\/www.vitaminum.net\/13\/medizinskandal-diabetes-wie-sie-erfolgreich-ihren-diabetes-therapieren-ebook?a_aid=63c7a9e3972ac\" rel=\"nofollow noopener\" target=\"_blank\">Esc\u00e1ndalo M\u00e9dico Diabetes<\/a><br \/>\n<a href=\"https:\/\/www.vitaminum.net\/16\/medizinskandale-uebersaeuerung-erfolgreich-entsaeuern-und-entschlacken-ebook?a_aid=63c7a9e3972ac\" rel=\"nofollow noopener\" target=\"_blank\">Esc\u00e1ndalo M\u00e9dico Acidificaci\u00f3n<\/a><br \/>\n<a href=\"https:\/\/www.vitaminum.net\/5\/medizinskandal-bluthochdruck-bluthochdruck-als-todesursache-nr.1-nachhaltig-senken-ebook?a_aid=63c7a9e3972ac\" rel=\"nofollow noopener\" target=\"_blank\">Esc\u00e1ndalo M\u00e9dico Alta Presi\u00f3n Sangu\u00ednea<\/a><br \/>\n<a href=\"https:\/\/www.vitaminum.net\/6\/medizinskandal-depressionen-ihr-sicherer-weg-zur-heilung-von-depressionen-aengsten-burnout-ebook?a_aid=63c7a9e3972ac\" rel=\"nofollow noopener\" target=\"_blank\">Esc\u00e1ndalo M\u00e9dico Depresiones<\/a><br \/>\n<a href=\"https:\/\/www.vitaminum.net\/1\/medizinskandal-krebs-der-brisante-leitfaden-zu-ihrer-krebsheilung-ebook?a_aid=63c7a9e3972ac\" rel=\"nofollow noopener\" target=\"_blank\">Esc\u00e1ndalo M\u00e9dico C\u00e1ncer<\/a><br \/>\n<a href=\"https:\/\/www.vitaminum.net\/7\/medizinskandal-impotenz-der-sichere-weg-aus-der-impotenz-ebook?a_aid=63c7a9e3972ac\" rel=\"nofollow noopener\" target=\"_blank\">Esc\u00e1ndalo M\u00e9dico Impotencia<\/a><br \/>\n<a href=\"https:\/\/www.vitaminum.net\/9\/medizinskandal-alterung-der-ultimative-leitfaden-zur-biologischen-verjuengung-ebook?a_aid=63c7a9e3972ac\" rel=\"nofollow noopener\" target=\"_blank\">Esc\u00e1ndalo M\u00e9dico Envejecimiento<\/a><br \/>\n<a href=\"https:\/\/www.vitaminum.net\/24\/medizinskandal-pilzerkrankungen-ebook?a_aid=63c7a9e3972ac\" rel=\"nofollow noopener\" target=\"_blank\">Esc\u00e1ndalo M\u00e9dico Enfermedades F\u00fangicas<\/a><br \/>\n<a href=\"https:\/\/www.vitaminum.net\/27\/medizinskandal-asthma\/bronchitis-ebook?a_aid=63c7a9e3972ac\" rel=\"nofollow noopener\" target=\"_blank\">Esc\u00e1ndalo M\u00e9dico Asma\/Bronquitis<\/a><br \/>\n<a href=\"https:\/\/www.vitaminum.net\/22\/medizinskandal-migraene\/kopfschmerz-ebook?a_aid=63c7a9e3972ac\" rel=\"nofollow noopener\" target=\"_blank\">Esc\u00e1ndalo M\u00e9dico Migra\u00f1as\/Dolores de Cabeza<\/a><br \/>\n<a href=\"https:\/\/www.vitaminum.net\/29\/medizinskandal-borreliose-ebook?a_aid=63c7a9e3972ac\" rel=\"nofollow noopener\" target=\"_blank\">Esc\u00e1ndalo M\u00e9dico Enfermedad de Lyme<\/a><br \/>\n<a style=\"font-size: 16px;\" href=\"https:\/\/www.vitaminum.net\/31\/medizinskandal-arteriosklerose-ebook?a_aid=63c7a9e3972ac\" rel=\"nofollow noopener\" target=\"_blank\">Esc\u00e1ndalo M\u00e9dico Arteriosclerosis<\/a><\/p>\n<p><small>Promocionamos estos libros para una empresa asociada. El enlace al libro es el llamado Enlace de afiliado y conduce directamente al proveedor. El precio es el mismo que directamente con el proveedor, por lo que no te resultar\u00e1 m\u00e1s caro, puedes recibir un descuento a trav\u00e9s de nuestro enlace. La descripci\u00f3n del libro proviene del vendedor. Otros libros y libros electr\u00f3nicos relevantes sobre el tema est\u00e1n disponibles en el sitio web de la empresa asociada.<\/small><\/p>","protected":false},"excerpt":{"rendered":"<h2>Estudios in\u00e9ditos y conocimiento interno sobre las sustancias curativas naturales m\u00e1s exitosas de todos los continentes y culturas.<\/h2>\n<p><strong>Usa este poder que te brinda la naturaleza y prot\u00e9gete a ti y a tu familia<\/strong><\/p>\n<p>\u00a1El primer libro que combina y sin censura todos los aspectos importantes de la medicina alternativa tradicional (medicina tradicional china TCM, Ayurveda, medicina india, etc.) con los logros modernos de la medicina ortomolecular, la bioqu\u00edmica y la gerontolog\u00eda!<\/p>\n<p>Finalmente public\u00f3 estudios sobre \u00e9xitos sensacionales y terapias explicadas en la prevenci\u00f3n de todas las enfermedades imaginables como alergias, Alzheimer, envejecimiento, artritis, artrosis, presi\u00f3n arterial alta, diabetes, demencia, depresi\u00f3n, enfermedades cardiovasculares, c\u00e1ncer, migra\u00f1a, sobrepeso (obesidad) hasta a la cirrosis.<\/p>\n<p>\u00a1Las tablas claras de ingredientes activos y efectos permiten una orientaci\u00f3n r\u00e1pida! \u00a1Un compendio \u00fanico y explosivo y una obra de referencia sobre las sustancias medicinales m\u00e1s importantes y los resultados explosivos del estudio de la medicina alternativa!<\/p>\n<h3>\u00daltima edici\u00f3n, 5 vol\u00famenes (\u00a15 libros!, opcionalmente tambi\u00e9n como libros electr\u00f3nicos)<\/h3>\n<p>Libros de tapa dura + libros electr\u00f3nicos GRATIS, tambi\u00e9n se pueden pedir individualmente<\/p>\n","protected":false},"featured_media":33440,"template":"","meta":{"footnotes":""},"product_brand":[],"product_cat":[255],"product_tag":[],"class_list":{"0":"post-19287","1":"product","2":"type-product","3":"status-publish","4":"has-post-thumbnail","6":"product_cat-buecher-ebooks","8":"first","9":"instock","10":"taxable","11":"shipping-taxable","12":"product-type-external"},"_links":{"self":[{"href":"https:\/\/bestelements.de\/es\/wp-json\/wp\/v2\/product\/19287","targetHints":{"allow":["GET"]}}],"collection":[{"href":"https:\/\/bestelements.de\/es\/wp-json\/wp\/v2\/product"}],"about":[{"href":"https:\/\/bestelements.de\/es\/wp-json\/wp\/v2\/types\/product"}],"version-history":[{"count":0,"href":"https:\/\/bestelements.de\/es\/wp-json\/wp\/v2\/product\/19287\/revisions"}],"wp:featuredmedia":[{"embeddable":true,"href":"https:\/\/bestelements.de\/es\/wp-json\/wp\/v2\/media\/33440"}],"wp:attachment":[{"href":"https:\/\/bestelements.de\/es\/wp-json\/wp\/v2\/media?parent=19287"}],"wp:term":[{"taxonomy":"product_brand","embeddable":true,"href":"https:\/\/bestelements.de\/es\/wp-json\/wp\/v2\/product_brand?post=19287"},{"taxonomy":"product_cat","embeddable":true,"href":"https:\/\/bestelements.de\/es\/wp-json\/wp\/v2\/product_cat?post=19287"},{"taxonomy":"product_tag","embeddable":true,"href":"https:\/\/bestelements.de\/es\/wp-json\/wp\/v2\/product_tag?post=19287"}],"curies":[{"name":"wp","href":"https:\/\/api.w.org\/{rel}","templated":true}]}}