{"id":19276,"date":"2023-01-18T15:14:03","date_gmt":"2023-01-18T14:14:03","guid":{"rendered":"https:\/\/bestelements.de\/?post_type=product&#038;p=19276"},"modified":"2025-10-24T15:19:22","modified_gmt":"2025-10-24T13:19:22","slug":"buch-medizinskandal-krebs","status":"publish","type":"product","link":"https:\/\/bestelements.de\/es\/kaufen\/buecher-ebooks\/buch-medizinskandal-krebs\/","title":{"rendered":"Libro \u00abEsc\u00e1ndalo m\u00e9dico del c\u00e1ncer\u00bb"},"content":{"rendered":"<p><\/p>\n<h3>M\u00e1s libros electr\u00f3nicos y libros de esta serie<\/h3>\n<p><a href=\"https:\/\/www.codex-humanus.net\/?a_aid=63c7a9e3972ac\" rel=\"nofollow noopener\" target=\"_blank\">Codex Humanus<\/a><br \/>\n<a href=\"https:\/\/www.vitaminum.net\/4\/medizinskandal-alzheimer\/demenz-bewaehrte-wege-aus-alzheimer-demenz-ebook?a_aid=63c7a9e3972ac\" rel=\"nofollow noopener\" target=\"_blank\">Esc\u00e1ndalo M\u00e9dico Alzheimer y Demencia<\/a><br \/>\n<a href=\"https:\/\/www.vitaminum.net\/12\/medizinskandal-arthrose-arthrose-heilung-der-ultimative-leitfaden-ebook?a_aid=63c7a9e3972ac\" rel=\"nofollow noopener\" target=\"_blank\">Esc\u00e1ndalo M\u00e9dico Artrosis<\/a><br \/>\n<a href=\"https:\/\/www.vitaminum.net\/14\/medizinskandal-schlaganfall-schlaganfall-vorbeugen-und-die-folgen-mindern-ebook?a_aid=63c7a9e3972ac\" rel=\"nofollow noopener\" target=\"_blank\">Esc\u00e1ndalo m\u00e9dico Ataque<\/a><br \/>\n<a href=\"https:\/\/www.vitaminum.net\/3\/medizinskandal-adipositas-die-maechtigsten-fettkiller-von-mutter-natur-ebook?a_aid=63c7a9e3972ac\" rel=\"nofollow noopener\" target=\"_blank\">Esc\u00e1ndalo M\u00e9dico Obesidad<\/a><br \/>\n<a href=\"https:\/\/www.vitaminum.net\/11\/medizinskandal-arthritis-die-revolutionaere-heilung-von-arthritis-der-ultimative-leitfaden-ebook?a_aid=63c7a9e3972ac\" rel=\"nofollow noopener\" target=\"_blank\">Esc\u00e1ndalo M\u00e9dico Artritis<\/a><br \/>\n<a href=\"https:\/\/www.vitaminum.net\/15\/medizinskandal-herzinfarkt-herz-natuerlich-staerken-herzinfarkt-vorbeugen-ebook?a_aid=63c7a9e3972ac\" rel=\"nofollow noopener\" target=\"_blank\">Esc\u00e1ndalo M\u00e9dico Infarto de Miocardio<\/a><br \/>\n<a href=\"https:\/\/www.vitaminum.net\/10\/medizinskandal-allergien-allergie-therapie-die-zu-ihrer-heilung-fuehrt-ebook?a_aid=63c7a9e3972ac\" rel=\"nofollow noopener\" target=\"_blank\">Esc\u00e1ndalo M\u00e9dico Alergia<\/a><br \/>\n<a href=\"https:\/\/www.vitaminum.net\/13\/medizinskandal-diabetes-wie-sie-erfolgreich-ihren-diabetes-therapieren-ebook?a_aid=63c7a9e3972ac\" rel=\"nofollow noopener\" target=\"_blank\">Esc\u00e1ndalo M\u00e9dico Diabetes<\/a><br \/>\n<a href=\"https:\/\/www.vitaminum.net\/16\/medizinskandale-uebersaeuerung-erfolgreich-entsaeuern-und-entschlacken-ebook?a_aid=63c7a9e3972ac\" rel=\"nofollow noopener\" target=\"_blank\">Esc\u00e1ndalo M\u00e9dico Acidificaci\u00f3n<\/a><br \/>\n<a href=\"https:\/\/www.vitaminum.net\/5\/medizinskandal-bluthochdruck-bluthochdruck-als-todesursache-nr.1-nachhaltig-senken-ebook?a_aid=63c7a9e3972ac\" rel=\"nofollow noopener\" target=\"_blank\">Esc\u00e1ndalo M\u00e9dico Alta Presi\u00f3n Sangu\u00ednea<\/a><br \/>\n<a href=\"https:\/\/www.vitaminum.net\/6\/medizinskandal-depressionen-ihr-sicherer-weg-zur-heilung-von-depressionen-aengsten-burnout-ebook?a_aid=63c7a9e3972ac\" rel=\"nofollow noopener\" target=\"_blank\">Esc\u00e1ndalo M\u00e9dico Depresiones<\/a><br \/>\n<a href=\"https:\/\/www.vitaminum.net\/1\/medizinskandal-krebs-der-brisante-leitfaden-zu-ihrer-krebsheilung-ebook?a_aid=63c7a9e3972ac\" rel=\"nofollow noopener\" target=\"_blank\">Esc\u00e1ndalo M\u00e9dico C\u00e1ncer<\/a><br \/>\n<a href=\"https:\/\/www.vitaminum.net\/7\/medizinskandal-impotenz-der-sichere-weg-aus-der-impotenz-ebook?a_aid=63c7a9e3972ac\" rel=\"nofollow noopener\" target=\"_blank\">Esc\u00e1ndalo M\u00e9dico Impotencia<\/a><br \/>\n<a href=\"https:\/\/www.vitaminum.net\/9\/medizinskandal-alterung-der-ultimative-leitfaden-zur-biologischen-verjuengung-ebook?a_aid=63c7a9e3972ac\" rel=\"nofollow noopener\" target=\"_blank\">Esc\u00e1ndalo M\u00e9dico Envejecimiento<\/a><br \/>\n<a href=\"https:\/\/www.vitaminum.net\/24\/medizinskandal-pilzerkrankungen-ebook?a_aid=63c7a9e3972ac\" rel=\"nofollow noopener\" target=\"_blank\">Esc\u00e1ndalo M\u00e9dico Enfermedades F\u00fangicas<\/a><br \/>\n<a href=\"https:\/\/www.vitaminum.net\/27\/medizinskandal-asthma\/bronchitis-ebook?a_aid=63c7a9e3972ac\" rel=\"nofollow noopener\" target=\"_blank\">Esc\u00e1ndalo M\u00e9dico Asma\/Bronquitis<\/a><br \/>\n<a href=\"https:\/\/www.vitaminum.net\/22\/medizinskandal-migraene\/kopfschmerz-ebook?a_aid=63c7a9e3972ac\" rel=\"nofollow noopener\" target=\"_blank\">Esc\u00e1ndalo M\u00e9dico Migra\u00f1as\/Dolores de Cabeza<\/a><br \/>\n<a href=\"https:\/\/www.vitaminum.net\/29\/medizinskandal-borreliose-ebook?a_aid=63c7a9e3972ac\" rel=\"nofollow noopener\" target=\"_blank\">Esc\u00e1ndalo M\u00e9dico Enfermedad de Lyme<\/a><br \/>\n<a style=\"font-size: 16px;\" href=\"https:\/\/www.vitaminum.net\/31\/medizinskandal-arteriosklerose-ebook?a_aid=63c7a9e3972ac\" rel=\"nofollow noopener\" target=\"_blank\">Esc\u00e1ndalo M\u00e9dico Arteriosclerosis<\/a><\/p>\n<p><small>Promocionamos estos libros para una empresa asociada. El enlace al libro es el llamado Enlace de afiliado y conduce directamente al proveedor. El precio es el mismo que directamente con el proveedor, por lo que no te resultar\u00e1 m\u00e1s caro, puedes recibir un descuento a trav\u00e9s de nuestro enlace. La descripci\u00f3n del libro proviene del vendedor. Otros libros y libros electr\u00f3nicos relevantes sobre el tema est\u00e1n disponibles en el sitio web de la empresa asociada.<\/small><\/p>","protected":false},"excerpt":{"rendered":"<h2>Gu\u00eda del c\u00e1ncer para apoyar con \u00e9xito la curaci\u00f3n del c\u00e1ncer y la m\u00e1xima prevenci\u00f3n posible del c\u00e1ncer.<\/h2>\n<p><strong>En este trabajo, descubrir\u00e1 avances revolucionarios en medicina molecular, bioqu\u00edmica y epigen\u00e9tica, as\u00ed como estudios ocultos y conocimientos internos de los terapeutas de c\u00e1ncer m\u00e1s exitosos del mundo<\/strong>. Si usted mismo o alguien cercano a usted tiene c\u00e1ncer, o si desea prevenir el c\u00e1ncer, este libro podr\u00eda ser, con mucho, el mejor aumento de conocimiento de su vida.<\/p>\n","protected":false},"featured_media":19278,"template":"","meta":{"footnotes":""},"product_brand":[],"product_cat":[255],"product_tag":[],"class_list":{"0":"post-19276","1":"product","2":"type-product","3":"status-publish","4":"has-post-thumbnail","6":"product_cat-buecher-ebooks","8":"first","9":"instock","10":"taxable","11":"shipping-taxable","12":"product-type-external"},"_links":{"self":[{"href":"https:\/\/bestelements.de\/es\/wp-json\/wp\/v2\/product\/19276","targetHints":{"allow":["GET"]}}],"collection":[{"href":"https:\/\/bestelements.de\/es\/wp-json\/wp\/v2\/product"}],"about":[{"href":"https:\/\/bestelements.de\/es\/wp-json\/wp\/v2\/types\/product"}],"version-history":[{"count":0,"href":"https:\/\/bestelements.de\/es\/wp-json\/wp\/v2\/product\/19276\/revisions"}],"wp:featuredmedia":[{"embeddable":true,"href":"https:\/\/bestelements.de\/es\/wp-json\/wp\/v2\/media\/19278"}],"wp:attachment":[{"href":"https:\/\/bestelements.de\/es\/wp-json\/wp\/v2\/media?parent=19276"}],"wp:term":[{"taxonomy":"product_brand","embeddable":true,"href":"https:\/\/bestelements.de\/es\/wp-json\/wp\/v2\/product_brand?post=19276"},{"taxonomy":"product_cat","embeddable":true,"href":"https:\/\/bestelements.de\/es\/wp-json\/wp\/v2\/product_cat?post=19276"},{"taxonomy":"product_tag","embeddable":true,"href":"https:\/\/bestelements.de\/es\/wp-json\/wp\/v2\/product_tag?post=19276"}],"curies":[{"name":"wp","href":"https:\/\/api.w.org\/{rel}","templated":true}]}}