{"id":1872,"date":"2020-11-28T06:45:30","date_gmt":"2020-11-28T05:45:30","guid":{"rendered":"https:\/\/bestelements.de\/?post_type=product&#038;p=1872"},"modified":"2023-03-25T13:33:19","modified_gmt":"2023-03-25T12:33:19","slug":"luftfilter-luftreiniger-mieten-be-air8-fuer-meetings-und-gruppentreffen","status":"publish","type":"product","link":"https:\/\/bestelements.de\/es\/kaufen\/luftfilter-luftreiniger-onlineshop\/luftfilter-luftreiniger-mieten-be-air8-fuer-meetings-und-gruppentreffen\/","title":{"rendered":"Alquiler de purificador de aire con filtro de aire BE AIR8 para reuniones y encuentros grupales"},"content":{"rendered":"<p><\/p>\n<h2><span class=\"blue-back\">BE AIR8<\/span> <span class=\"textgray\"> alquiler para eventos<\/span><\/h2>\n<div class=\"blue-back\">Pureza del aire en habitaciones grandes y con varias personas<\/div>\n<p><img decoding=\"async\" class=\"lazyload alignnone size-full wp-image-3661\" src=\"https:\/\/bestelements.de\/wp-content\/uploads\/Luftfilter-Anwendung-Kongress.jpg\" data-orig-src=\"https:\/\/bestelements.de\/wp-content\/uploads\/Luftfilter-Anwendung-Kongress.jpg\" alt=\"\" width=\"1108\" height=\"356\" srcset=\"data:image\/svg+xml,%3Csvg%20xmlns%3D%27http%3A%2F%2Fwww.w3.org%2F2000%2Fsvg%27%20width%3D%271108%27%20height%3D%27356%27%20viewBox%3D%270%200%201108%20356%27%3E%3Crect%20width%3D%271108%27%20height%3D%27356%27%20fill-opacity%3D%220%22%2F%3E%3C%2Fsvg%3E\" data-srcset=\"https:\/\/bestelements.de\/wp-content\/uploads\/Luftfilter-Anwendung-Kongress-200x64.jpg 200w, https:\/\/bestelements.de\/wp-content\/uploads\/Luftfilter-Anwendung-Kongress-300x96.jpg 300w, https:\/\/bestelements.de\/wp-content\/uploads\/Luftfilter-Anwendung-Kongress-400x129.jpg 400w, https:\/\/bestelements.de\/wp-content\/uploads\/Luftfilter-Anwendung-Kongress-500x161.jpg 500w, https:\/\/bestelements.de\/wp-content\/uploads\/Luftfilter-Anwendung-Kongress-600x193.jpg 600w, https:\/\/bestelements.de\/wp-content\/uploads\/Luftfilter-Anwendung-Kongress-700x225.jpg 700w, https:\/\/bestelements.de\/wp-content\/uploads\/Luftfilter-Anwendung-Kongress-768x247.jpg 768w, https:\/\/bestelements.de\/wp-content\/uploads\/Luftfilter-Anwendung-Kongress-800x257.jpg 800w, https:\/\/bestelements.de\/wp-content\/uploads\/Luftfilter-Anwendung-Kongress-1024x329.jpg 1024w, https:\/\/bestelements.de\/wp-content\/uploads\/Luftfilter-Anwendung-Kongress.jpg 1108w\" data-sizes=\"auto\" data-orig-sizes=\"(max-width: 1108px) 100vw, 1108px\" \/><\/p>\n<div id=\"icons-air-stoffe\"><\/div>\n<p class=\"gray\">Bacterias y virus, aerosoles, polvo fino PM 2.5, polvo dom\u00e9stico, polen, polen, humo y humo de cigarrillos, olores, g\u00e9rmenes y pat\u00f3genos, microorganismos, esporas de moho, pelo de animales y \u00e1caros, metales pesados, amianto, polvo t\u00f3xico, TVOC, formaldeh\u00eddo , se eliminan compuestos org\u00e1nicos y mucho m\u00e1s.<\/p>\n<h2 class=\"linie\"><span class=\"blue-back\">BE AIR8<\/span> <span class=\"gray\">supera los requisitos<\/span><\/h2>\n<p>El filtro de aire BE AIR8 supera los requisitos de un buen filtro de aire seg\u00fan las recomendaciones de Christian K\u00e4hler, director del Instituto de Mec\u00e1nica de Fluidos y Aerodin\u00e1mica de la Universidad de las Fuerzas Armadas Alemanas en M\u00fanich.<\/p>\n<blockquote><p>El dispositivo debe poder filtrar al menos seis veces el volumen de la habitaci\u00f3n en una hora&#8230; Los dispositivos deben ser lo m\u00e1s silenciosos posible, no m\u00e1s fuertes que 52 decibelios.*<\/p><\/blockquote>\n<div class=\"blue-back-box\">Beispiel: El aire de una habitaci\u00f3n de unos 50 m\u00b2 se filtra por completo unas 6 veces por hora**<\/div>\n<div id=\"icons-air-features\"><\/div>\n<figure class=\"wp-block-table\">\n<div class=\"table-1\">\n<table width=\"100%\">\n<tbody>\n<tr>\n<td align=\"left\"><strong>Caudal \/ rendimiento del filtro CADR: 836 m\u00b3\/h<\/strong> (certificado) adecuado para habitaciones grandes con muchas personas<\/td>\n<td align=\"left\"><span class=\"blue strong\">VALOR SUPERIOR<\/span><\/td>\n<\/tr>\n<tr>\n<td align=\"left\"><strong>9 niveles de filtro<\/strong><\/td>\n<td align=\"left\"><span class=\"blue strong\">VALOR SUPERIOR<\/span><\/td>\n<\/tr>\n<tr>\n<td align=\"left\"><strong>4 niveles de velocidad silenciosa a alta velocidad<\/strong><\/td>\n<td align=\"left\"><span class=\"blue strong\">TOP FEATURE<\/span><\/td>\n<\/tr>\n<tr>\n<td align=\"left\"><strong>Modo susurro muy silencioso 26 dB<\/strong><\/td>\n<td align=\"left\"><span class=\"blue strong\">VALOR SUPERIOR<\/span><\/td>\n<\/tr>\n<tr>\n<td align=\"left\"><strong><i class=\"fa fas fa-charging-station\"><\/i> Ahorro de energ\u00eda: 1\u00aa etapa solo 20 W <\/strong><\/td>\n<td align=\"left\"><span class=\"blue strong\">EL AHORRO DE ENERG\u00cdA<\/span><\/td>\n<\/tr>\n<tr>\n<td align=\"left\"><strong>Sensor de control autom\u00e1tico o manual<\/strong><\/td>\n<td align=\"left\"><span class=\"blue strong\">SENSOR INTELIGENTE<\/span><\/td>\n<\/tr>\n<tr>\n<td align=\"left\"><strong>Control WiFi posible con Smart App<\/strong><\/td>\n<td align=\"left\"><span class=\"blue strong\">GRAN FUNCI\u00d3N<\/span><\/td>\n<\/tr>\n<tr>\n<td align=\"left\"><strong>Pantalla que muestra la contaminaci\u00f3n del aire actual, PM2.5<\/strong><\/td>\n<td align=\"left\"><span class=\"blue strong\">GRAN FUNCI\u00d3N<\/span><\/td>\n<\/tr>\n<\/tbody>\n<\/table>\n<\/div>\n<\/figure>\n<p><img decoding=\"async\" class=\"lazyload alignnone size-full wp-image-364\" src=\"data:image\/gif;base64,R0lGODlhAQABAAAAACH5BAEKAAEALAAAAAABAAEAAAICTAEAOw==\" data-orig-src=\"https:\/\/bestelements.de\/wp-content\/uploads\/Filterstufen-Luftreiniger-BE-AIR8-Schema.jpg\" alt=\"Filterstufen Luftreiniger BE AIR8\" width=\"\" height=\"\" \/><\/p>\n<h2 class=\"linie\"><span class=\"blue-back\">BE AIR8<\/span> <span class=\"gray\">etapas de filtrado<\/span><\/h2>\n<p><span class=\"blue\">\u2776 \u277e\u00a0<strong>Filtro frontal<\/strong><\/span><br \/>\nElimina part\u00edculas m\u00e1s grandes, cabello, caspa, polen<br \/>\n<span class=\"blue\">\u2777\u00a0\u277d <strong>HEPA13<\/strong><\/span><br \/>\nFiltra part\u00edculas microm\u00e9tricas ultrafinas de hasta 0,1 &#8211; 0,3 \u00b5m, bacterias y virus, aerosoles<br \/>\n<span class=\"blue\">\u2778 \u277c\u00a0<strong>Carb\u00f3n activado<\/strong><\/span><br \/>\nLa estructura de esponja elimina olores y part\u00edculas moleculares como amon\u00edaco, formaldeh\u00eddo y componentes org\u00e1nicos y aerosoles. El tamiz de alto peso molecular con una superficie inmensa absorbe sustancias nocivas.<br \/>\n<span class=\"blue\">\u2779 \u277b <strong>UV (UV-C)<\/strong><\/span><br \/>\nElimina esporas de moho, g\u00e9rmenes, bacterias y virus.<br \/>\n<span class=\"blue\">\u277a <strong>Ionizador<\/strong><\/span><br \/>\n<span class=\"blue\">Tambi\u00e9n conocido como \u201eVitaminas del Aire\u201c<\/span> Absorbe r\u00e1pidamente sustancias nocivas y une varios contaminantes como polvo, olores, bacterias, virus.<\/p>\n<h2 class=\"linie\"><span class=\"blue-back\">BE AIR8<\/span> <span class=\"gray\">Extras<\/span><\/h2>\n<ul>\n<li>Wi-Fi\/control de aplicaciones <i class=\"fa fas fa-wifi\"><\/i> <i class=\"fa fas fa-mobile-alt\"><\/i> [<a href=\"https:\/\/bestelements.de\/de\/wifi\/luftfilter-bestelements-air8-wifi-connection\/\">mehr<\/a>]<\/li>\n<li>Ruedas para facilitar el movimiento<\/li>\n<li>Control remoto<\/li>\n<li>Bloqueo para ni\u00f1os<i class=\"fa fas fa-child\"><\/i><\/li>\n<li>Segunda rejilla de protecci\u00f3n del ventilador independiente<\/li>\n<li>Temporizador<i class=\"fa fas fa-clock\"><\/i><\/li>\n<\/ul>\n<h2 class=\"linie\"><span class=\"blue-back\">BE AIR8<\/span> <span class=\"gray\"> Descargas<\/span><\/h2>\n<p><div class=\"fusion-content-boxes content-boxes columns row fusion-columns-3 fusion-columns-total-3 fusion-content-boxes-3 content-boxes-icon-on-side content-left\" style=\"--awb-hover-accent-color:#3d66ae;--awb-circle-hover-accent-color:#3d66ae;\" data-animationOffset=\"top-into-view\"><div style=\"--awb-backgroundcolor:rgba(255,255,255,0);--awb-content-padding-left:64px;\" class=\"fusion-column content-box-column content-box-column content-box-column-1 col-lg-4 col-md-4 col-sm-4 fusion-content-box-hover content-box-column-first-in-row\"><div class=\"col content-box-wrapper content-wrapper link-area-link-icon link-type-text content-icon-wrapper-yes icon-hover-animation-fade\" data-animationOffset=\"top-into-view\"><div class=\"heading heading-with-icon icon-left\"><a class=\"heading-link\" href=\"https:\/\/bestelements.de\/wp-content\/uploads\/Datenblatt-Luftfilter-BE-AIR8.pdf\" target=\"_self\"><div class=\"icon\"><span style=\"height:42px;width:42px;line-height:22px;border-color:rgba(255,255,255,0);border-width:1px;border-style:solid;background-color:#009fe3;margin-right:20px;box-sizing:content-box;border-radius:50%;\"><i style=\"border-color:#009fe3;border-width:1px;background-color:#009fe3;box-sizing:content-box;height:40px;width:40px;line-height:40px;border-radius:50%;position:relative;top:auto;left:auto;margin:0;border-radius:50%;font-size:20px;\" aria-hidden=\"true\" class=\"fontawesome-icon fa-file-alt fas circle-yes\"><\/i><\/span><\/div><\/a><\/div><div class=\"fusion-clearfix\"><\/div><a class=\" fusion-read-more\" style=\"margin-left:64px;\" href=\"https:\/\/bestelements.de\/wp-content\/uploads\/Datenblatt-Luftfilter-BE-AIR8.pdf\" target=\"_self\">BE AIR8 Datenblatt<\/a><div class=\"fusion-clearfix\"><\/div><\/div><\/div><div style=\"--awb-backgroundcolor:rgba(255,255,255,0);--awb-content-padding-left:64px;\" class=\"fusion-column content-box-column content-box-column content-box-column-2 col-lg-4 col-md-4 col-sm-4 fusion-content-box-hover \"><div class=\"col content-box-wrapper content-wrapper link-area-link-icon link-type-text content-icon-wrapper-yes icon-hover-animation-fade\" data-animationOffset=\"top-into-view\"><div class=\"heading heading-with-icon icon-left\"><a class=\"heading-link\" href=\"https:\/\/bestelements.de\/manuals\/gebrauchsanleitungen\/\" target=\"_self\"><div class=\"icon\"><span style=\"height:42px;width:42px;line-height:22px;border-color:rgba(255,255,255,0);border-width:1px;border-style:solid;background-color:#009fe3;margin-right:20px;box-sizing:content-box;border-radius:50%;\"><i style=\"border-color:#009fe3;border-width:1px;background-color:#009fe3;box-sizing:content-box;height:40px;width:40px;line-height:40px;border-radius:50%;position:relative;top:auto;left:auto;margin:0;border-radius:50%;font-size:20px;\" aria-hidden=\"true\" class=\"fontawesome-icon fa-file-alt fas circle-yes\"><\/i><\/span><\/div><\/a><\/div><div class=\"fusion-clearfix\"><\/div><a class=\" fusion-read-more\" style=\"margin-left:64px;\" href=\"https:\/\/bestelements.de\/manuals\/gebrauchsanleitungen\/\" target=\"_self\">Gebrauchsanleitungen<\/a><div class=\"fusion-clearfix\"><\/div><\/div><\/div><div style=\"--awb-backgroundcolor:rgba(255,255,255,0);--awb-content-padding-left:64px;\" class=\"fusion-column content-box-column content-box-column content-box-column-3 col-lg-4 col-md-4 col-sm-4 fusion-content-box-hover content-box-column-last content-box-column-last-in-row\"><div class=\"col content-box-wrapper content-wrapper link-area-link-icon link-type-text content-icon-wrapper-yes icon-hover-animation-fade\" data-animationOffset=\"top-into-view\"><div class=\"heading heading-with-icon icon-left\"><a class=\"heading-link\" href=\"https:\/\/bestelements.de\/de\/produkt-kategorie\/ersatzfilter-luft\/\" target=\"_self\"><div class=\"icon\"><span style=\"height:42px;width:42px;line-height:22px;border-color:rgba(255,255,255,0);border-width:1px;border-style:solid;background-color:#009fe3;margin-right:20px;box-sizing:content-box;border-radius:50%;\"><i style=\"border-color:#009fe3;border-width:1px;background-color:#009fe3;box-sizing:content-box;height:40px;width:40px;line-height:40px;border-radius:50%;position:relative;top:auto;left:auto;margin:0;border-radius:50%;font-size:20px;\" aria-hidden=\"true\" class=\"fontawesome-icon fa-sync-alt fas circle-yes\"><\/i><\/span><\/div><\/a><\/div><div class=\"fusion-clearfix\"><\/div><a class=\" fusion-read-more\" style=\"margin-left:64px;\" href=\"https:\/\/bestelements.de\/de\/produkt-kategorie\/ersatzfilter-luft\/\" target=\"_self\">Ersatzfilter<\/a><div class=\"fusion-clearfix\"><\/div><\/div><\/div><div class=\"fusion-clearfix\"><\/div><\/div><div class=\"fusion-text fusion-text-3\"><\/div><br \/>\n<a class=\"sg-popup-id-149 dotted\" href=\"#\"><i class=\"fa fa-comments\"><\/i> Estaremos encantados de responder a sus preguntas sobre este dispositivo de filtro.<\/a><\/p>\n<figure class=\"wp-block-table\">\n<div class=\"table-1\">\n<table>\n<tbody>\n<tr>\n<td class=\"produkte\">Ionizador<\/td>\n<td class=\"produkte\">10<sup>7<\/sup> pcs\/cm\u00b3 (10.000.000)<\/td>\n<\/tr>\n<tr>\n<td class=\"produkte\">UV C<\/td>\n<td class=\"produkte\">2x 4W 254 nm<\/td>\n<\/tr>\n<tr>\n<td class=\"produkte\">Dimensiones<\/td>\n<td class=\"produkte\">580 x 405 x 395 mm (AlxAnxP)<\/td>\n<\/tr>\n<tr>\n<td class=\"produkte\">Voltaje<\/td>\n<td class=\"produkte\">220-240 V~50\/60 Hz<\/td>\n<\/tr>\n<tr>\n<td class=\"produkte\">Peso del dispositivo<\/td>\n<td class=\"produkte\">12 kg<\/td>\n<\/tr>\n<tr>\n<td class=\"produkte\">Color de la caja<\/td>\n<td class=\"produkte\">Blanco<\/td>\n<\/tr>\n<tr>\n<td class=\"produkte\">Alcance de la entrega<\/td>\n<td class=\"produkte\">Dispositivo de filtraci\u00f3n completo que incluye medios filtrantes, instrucciones de uso, control remoto<\/td>\n<\/tr>\n<\/tbody>\n<\/table>\n<\/div>\n<\/figure>\n<h2 class=\"linie\"><span class=\"blue-back\">BE AIR Serie<\/span> <span class=\"gray\">Respuestas<\/span><\/h2>\n<style type=\"text\/css\">.fusion-faqs-wrapper #accordian-2 .fusion-panel { border-color:#e2e2e2; }.fusion-faqs-wrapper #accordian-2 .fusion-panel:hover{ border-color: #e2e2e2; }.fusion-accordian #accordian-2 .panel-title a .fa-fusion-box:before{ font-size: 16px;width: 16px;}.fusion-accordian #accordian-2 .panel-title a .fa-fusion-box{ color: #ffffff;}.fusion-accordian  #accordian-2 .panel-title a{font-size:14px;font-family:\"Poppins\";font-style:normal;font-weight:700;}.fusion-accordian  #accordian-2 .panel-title a:not(:hover){}.fusion-accordian  #accordian-2 .toggle-content{font-family:Tahoma,Geneva, sans-serif;font-style:normal;font-weight:400;}.fusion-accordian #accordian-2 .fa-fusion-box { background-color: #212934 !important;border-color: #212934 !important;}.fusion-accordian #accordian-2 .panel-title a:hover,.fusion-accordian #accordian-2 .panel-title a.hover { color: #3d66ae;}.fusion-faq-shortcode .fusion-accordian #accordian-2 .fusion-toggle-boxed-mode:hover .panel-title a { color: #3d66ae;}.fusion-accordian #accordian-2 .panel-title .active .fa-fusion-box,.fusion-accordian #accordian-2 .panel-title a:hover .fa-fusion-box,.fusion-accordian #accordian-2 .panel-title a.hover .fa-fusion-box { background-color: #3d66ae!important;border-color: #3d66ae!important;}<\/style><div class=\"fusion-faq-shortcode\" style=\"\"><div class=\"fusion-faqs-wrapper\"><div class=\"accordian fusion-accordian\"><div class=\"panel-group \" id=\"accordian-2\"><div class=\"fusion-panel panel-default fusion-faq-post fusion-faq-post-1937 luftfilter-mieten \"><span class=\"entry-title rich-snippet-hidden\">\u00bfCu\u00e1l es el procedimiento si alquilo un filtro de aire?<\/span><div class=\"panel-heading\"><h4 id=\"faq_2-1937\" class=\"panel-title toggle\"><a data-toggle=\"collapse\" class=\"collapsed\" data-parent=\"#accordian-2\" data-target=\"#collapse-2-1937\" href=\"#collapse-2-1937\" aria-expanded=\"false\"><div class=\"fusion-toggle-icon-wrapper\"><div class=\"fusion-toggle-icon-wrapper-main\"><div class=\"fusion-toggle-icon-wrapper-sub\"><i class=\"fa-fusion-box active-icon awb-icon-minus\" aria-hidden=\"true\"><\/i><i class=\"fa-fusion-box inactive-icon awb-icon-plus\" aria-hidden=\"true\"><\/i><\/div><\/div><\/div><div class=\"fusion-toggle-heading\">\u00bfCu\u00e1l es el procedimiento si alquilo un filtro de aire?<\/div><\/a><\/h4><\/div><div id=\"collapse-2-1937\" aria-labelledby=\"faq_2-1937\" class=\"panel-collapse collapse\"><div class=\"panel-body toggle-content post-content\"><p>Alquile o <a href=\"https:\/\/bestelements.de\/es\/kaufen\/luftfilter-luftreiniger\/luftfilter-luftreiniger-mieten-be-air8-fuer-meetings-und-gruppentreffen\/\">compre en l\u00ednea aqu\u00ed<\/a>.<\/p>\n<p>Introduzca la fecha del evento y el n\u00famero de unidades necesarias (recomendamos una unidad de filtro por cada 80 m\u00b3).<\/p>\n<p>Complete su pedido y el pago.<\/p>\n<p>La unidad se enviar\u00e1 a la direcci\u00f3n de entrega indicada con la debida antelaci\u00f3n.<\/p>\n<p>Se incluyen instrucciones de uso. Es muy f\u00e1cil de usar.<\/p>\n<p>Tras el evento, devuelva la unidad. Se incluye una etiqueta de devoluci\u00f3n de DHL.<\/p>\n<\/div><\/div><\/div><div class=\"fusion-panel panel-default fusion-faq-post fusion-faq-post-1934 luftfilter-mieten \"><span class=\"entry-title rich-snippet-hidden\">\u00bfTengo que pagar extra por el material filtrante?<\/span><div class=\"panel-heading\"><h4 id=\"faq_2-1934\" class=\"panel-title toggle\"><a data-toggle=\"collapse\" class=\"collapsed\" data-parent=\"#accordian-2\" data-target=\"#collapse-2-1934\" href=\"#collapse-2-1934\" aria-expanded=\"false\"><div class=\"fusion-toggle-icon-wrapper\"><div class=\"fusion-toggle-icon-wrapper-main\"><div class=\"fusion-toggle-icon-wrapper-sub\"><i class=\"fa-fusion-box active-icon awb-icon-minus\" aria-hidden=\"true\"><\/i><i class=\"fa-fusion-box inactive-icon awb-icon-plus\" aria-hidden=\"true\"><\/i><\/div><\/div><\/div><div class=\"fusion-toggle-heading\">\u00bfTengo que pagar extra por el material filtrante?<\/div><\/a><\/h4><\/div><div id=\"collapse-2-1934\" aria-labelledby=\"faq_2-1934\" class=\"panel-collapse collapse\"><div class=\"panel-body toggle-content post-content\"><p>No, est\u00e1 todo incluido en el precio del alquiler.<\/p>\n<\/div><\/div><\/div><div class=\"fusion-panel panel-default fusion-faq-post fusion-faq-post-1931 luftfilter-mieten \"><span class=\"entry-title rich-snippet-hidden\">\u00bfD\u00f3nde puedo alquilar un purificador de aire?<\/span><div class=\"panel-heading\"><h4 id=\"faq_2-1931\" class=\"panel-title toggle\"><a data-toggle=\"collapse\" class=\"collapsed\" data-parent=\"#accordian-2\" data-target=\"#collapse-2-1931\" href=\"#collapse-2-1931\" aria-expanded=\"false\"><div class=\"fusion-toggle-icon-wrapper\"><div class=\"fusion-toggle-icon-wrapper-main\"><div class=\"fusion-toggle-icon-wrapper-sub\"><i class=\"fa-fusion-box active-icon awb-icon-minus\" aria-hidden=\"true\"><\/i><i class=\"fa-fusion-box inactive-icon awb-icon-plus\" aria-hidden=\"true\"><\/i><\/div><\/div><\/div><div class=\"fusion-toggle-heading\">\u00bfD\u00f3nde puedo alquilar un purificador de aire?<\/div><\/a><\/h4><\/div><div id=\"collapse-2-1931\" aria-labelledby=\"faq_2-1931\" class=\"panel-collapse collapse\"><div class=\"panel-body toggle-content post-content\"><p>Los filtros de aire se pueden pedir\/alquilar en l\u00ednea aqu\u00ed: <a href=\"https:\/\/bestelements.de\/es\/kaufen\/luftfilter-luftreiniger\/luftfilter-luftreiniger-mieten-be-air8-fuer-meetings-und-gruppentreffen\/\">Alquiler de filtros de aire<\/a><\/p>\n<\/div><\/div><\/div><div class=\"fusion-panel panel-default fusion-faq-post fusion-faq-post-1974 luftfilter-mieten \"><span class=\"entry-title rich-snippet-hidden\">\u00bfY si algo se rompe?<\/span><div class=\"panel-heading\"><h4 id=\"faq_2-1974\" class=\"panel-title toggle\"><a data-toggle=\"collapse\" class=\"collapsed\" data-parent=\"#accordian-2\" data-target=\"#collapse-2-1974\" href=\"#collapse-2-1974\" aria-expanded=\"false\"><div class=\"fusion-toggle-icon-wrapper\"><div class=\"fusion-toggle-icon-wrapper-main\"><div class=\"fusion-toggle-icon-wrapper-sub\"><i class=\"fa-fusion-box active-icon awb-icon-minus\" aria-hidden=\"true\"><\/i><i class=\"fa-fusion-box inactive-icon awb-icon-plus\" aria-hidden=\"true\"><\/i><\/div><\/div><\/div><div class=\"fusion-toggle-heading\">\u00bfY si algo se rompe?<\/div><\/a><\/h4><\/div><div id=\"collapse-2-1974\" aria-labelledby=\"faq_2-1974\" class=\"panel-collapse collapse\"><div class=\"panel-body toggle-content post-content\"><p>Las reparaciones necesarias se pagar\u00e1n con el dep\u00f3sito de seguridad, que debe abonarse al firmar el contrato de alquiler. Si la unidad de filtro se devuelve en buen estado, se reembolsar\u00e1 \u00edntegramente el dep\u00f3sito de seguridad.<\/p>\n<\/div><\/div><\/div><\/div><\/div><\/div><\/div>\n<p><small>*Quelle https:\/\/bit.ly\/383piq4; **Valor calculado con una altura de techo de 2,80 m<\/small><\/p>","protected":false},"excerpt":{"rendered":"<p><img decoding=\"async\" class=\"size-full wp-image-1679 alignright\" src=\"https:\/\/bestelements.de\/wp-content\/uploads\/2020\/11\/Viren-Bakterien-Keime-Schutz.png\" alt=\"\" width=\"136\" height=\"125\" \/><\/p>\n<h2><span class=\"blue-back\">BE AIR8<\/span> <span class=\"gray\">Max<\/span> <span class=\"textgray\"> Alquilar purificador de aire<\/span><\/h2>\n<div class=\"blue-back\">9 etapas de filtro doble efectivas en un solo dispositivo. Duplica el poder y la pureza con UV y HEPA 13 para eventos y reuniones<\/div>\n<div id=\"icons-water-stoffe\"><i class=\"fa-solid fas fa-head-side-cough\"><\/i> <i class=\"fa-solid fas fa-virus-slash\"><\/i> <i class=\"fa-solid fas fa-sun-dust\"><\/i> <i class=\"fa-solid fas fa-bacterium\"><\/i> <i class=\"fa-solid fas fa-leaf-oak\"><\/i> <i class=\"fa-solid fas fa-smoking\"><\/i> <i class=\"fa-solid fas fa-lungs\"><\/i> <i class=\"fa-solid fas fa-cauldron\"><\/i> <i class=\"fa-solid fas fa-cat\"><\/i> <\/div>\n<ul>\n<li>Precio de alquiler por dispositivo de filtrado y d\u00eda<\/li>\n<li>9 etapas efectivas de doble filtro<\/li>\n<li>Alto grado de separaci\u00f3n de pureza doble HEPA 13 99,95%<\/li>\n<li>Incluyendo doble etapa de filtro UV contra virus, bacterias, aerosoles, g\u00e9rmenes, formaldeh\u00eddo, polen, al\u00e9rgenos y mucho m\u00e1s.<\/li>\n<li>Volumen de aire filtrado hasta 836 m\u00b3 por hora (certificado)<\/li>\n<li>Recomendado para cada dispositivo hasta 80 m\u00b2<\/li>\n<li>Medios filtrantes completos incluidos en el precio del alquiler<\/li>\n<li>Pantalla con contaminaci\u00f3n del aire actual, PM2.5<\/li>\n<li>WiFi: dispositivo inteligente con control de aplicaciones y control remoto<\/li>\n<\/ul>\n<h3>Entrega y devoluci\u00f3n (DE) gratis, elementos filtrantes incluidos<\/h3>\n<p><a class=\"sg-popup-id-2971 dotted\" href=\"#\"><i class=\"fa fa-info-circle\"><\/i> \u00bfAdecuado para qu\u00e9? Congresos, talleres, seminarios, rodaje de pel\u00edculas&#8230;<\/a><br \/>\n<a class=\"sg-popup-id-3971 dotted\" href=\"#\"><i class=\"fa fa-info-circle\"><\/i> Estas sustancias se filtran del aire.<\/a><\/p>\n","protected":false},"featured_media":11398,"template":"","meta":{"footnotes":""},"product_brand":[],"product_cat":[107],"product_tag":[213,214],"class_list":{"0":"post-1872","1":"product","2":"type-product","3":"status-publish","4":"has-post-thumbnail","6":"product_cat-luftfilter-luftreiniger-onlineshop","7":"product_tag-luftfilter-mieten","8":"product_tag-luftfilter-buero","10":"first","11":"instock","12":"taxable","13":"shipping-taxable","14":"purchasable","15":"product-type-simple"},"_links":{"self":[{"href":"https:\/\/bestelements.de\/es\/wp-json\/wp\/v2\/product\/1872","targetHints":{"allow":["GET"]}}],"collection":[{"href":"https:\/\/bestelements.de\/es\/wp-json\/wp\/v2\/product"}],"about":[{"href":"https:\/\/bestelements.de\/es\/wp-json\/wp\/v2\/types\/product"}],"version-history":[{"count":0,"href":"https:\/\/bestelements.de\/es\/wp-json\/wp\/v2\/product\/1872\/revisions"}],"wp:featuredmedia":[{"embeddable":true,"href":"https:\/\/bestelements.de\/es\/wp-json\/wp\/v2\/media\/11398"}],"wp:attachment":[{"href":"https:\/\/bestelements.de\/es\/wp-json\/wp\/v2\/media?parent=1872"}],"wp:term":[{"taxonomy":"product_brand","embeddable":true,"href":"https:\/\/bestelements.de\/es\/wp-json\/wp\/v2\/product_brand?post=1872"},{"taxonomy":"product_cat","embeddable":true,"href":"https:\/\/bestelements.de\/es\/wp-json\/wp\/v2\/product_cat?post=1872"},{"taxonomy":"product_tag","embeddable":true,"href":"https:\/\/bestelements.de\/es\/wp-json\/wp\/v2\/product_tag?post=1872"}],"curies":[{"name":"wp","href":"https:\/\/api.w.org\/{rel}","templated":true}]}}