{"id":18248,"date":"2022-11-23T14:10:24","date_gmt":"2022-11-23T13:10:24","guid":{"rendered":"https:\/\/bestelements.de\/?post_type=product&#038;p=18248"},"modified":"2026-03-30T11:40:26","modified_gmt":"2026-03-30T09:40:26","slug":"duschfilter-gegen-kalk-chlor-uvm-sh18","status":"publish","type":"product","link":"https:\/\/bestelements.de\/es\/kaufen\/duschfilter\/duschfilter-gegen-kalk-chlor-uvm-sh18\/","title":{"rendered":"Filtro de ducha ShowerShield SH18 contra cal, cloro, bacterias&#8230;"},"content":{"rendered":"<p><img decoding=\"async\" class=\"lazyload alignnone size-full wp-image-18252\" src=\"data:image\/svg+xml,%3Csvg%20xmlns%3D%27http%3A%2F%2Fwww.w3.org%2F2000%2Fsvg%27%20width%3D%27700%27%20height%3D%27700%27%20viewBox%3D%270%200%20700%20700%27%3E%3Crect%20width%3D%27700%27%20height%3D%27700%27%20fill-opacity%3D%220%22%2F%3E%3C%2Fsvg%3E\" data-orig-src=\"https:\/\/bestelements.de\/wp-content\/uploads\/Duschfilter-BE-SH18-Filtermedien-ShowerShield.jpg\" alt=\"Duschfilter ShowerShield BE D18 Filtermedien\" width=\"700\" height=\"700\" \/><\/p>\n<p><img decoding=\"async\" class=\"lazyload alignnone size-full wp-image-25488\" src=\"https:\/\/bestelements.de\/wp-content\/uploads\/Duschfilter-Anwendung.jpg\" data-orig-src=\"https:\/\/bestelements.de\/wp-content\/uploads\/Duschfilter-Anwendung.jpg\" alt=\"Aplicaci\u00f3n de filtro de ducha\" width=\"306\" height=\"71\" srcset=\"data:image\/svg+xml,%3Csvg%20xmlns%3D%27http%3A%2F%2Fwww.w3.org%2F2000%2Fsvg%27%20width%3D%27306%27%20height%3D%2771%27%20viewBox%3D%270%200%20306%2071%27%3E%3Crect%20width%3D%27306%27%20height%3D%2771%27%20fill-opacity%3D%220%22%2F%3E%3C%2Fsvg%3E\" data-srcset=\"https:\/\/bestelements.de\/wp-content\/uploads\/Duschfilter-Anwendung-200x46.jpg 200w, https:\/\/bestelements.de\/wp-content\/uploads\/Duschfilter-Anwendung-300x71.jpg 300w, https:\/\/bestelements.de\/wp-content\/uploads\/Duschfilter-Anwendung.jpg 306w\" data-sizes=\"auto\" data-orig-sizes=\"(max-width: 306px) 100vw, 306px\" \/><\/p>\n<p><strong>1.-6. Las variantes de filtros de sedimentos hechos de diferentes tama\u00f1os de pantallas de acero inoxidable y polipropileno act\u00faan cada uno como etapas de filtrado doble <\/strong>para eliminar los dep\u00f3sitos del agua del grifo.<\/p>\n<p><strong>7. El carb\u00f3n activado<\/strong> puede filtrar micropl\u00e1sticos, hormonas, bacterias, g\u00e9rmenes, legionela y ciertos metales pesados \u200b\u200bdel agua y eliminar olores o sabores desagradables.<\/p>\n<p><strong>8. La zeolita<\/strong> descompone la contaminaci\u00f3n inorg\u00e1nica, absorbe metales pesados, amon\u00edaco, nitrato, elimina olores y dioxinas y reduce la proliferaci\u00f3n bacteriana.<\/p>\n<p><strong>9. La arena de cuarzo\/di\u00f3xido de silicio<\/strong> es un medio filtrante eficaz contra part\u00edculas en suspensi\u00f3n e impurezas generales en el agua de la ducha.<\/p>\n<p><strong>10. Bola de cer\u00e1mica alcalina para ajustar el pH<\/strong>. Al mejorar el pH del agua de la ducha a un rango de neutro a alcalino, las propiedades antioxidantes estimulan el sistema inmunol\u00f3gico y apoyan la salud.<\/p>\n<p><strong>11. Las piedras Maifan<\/strong> absorben los metales pesados, se consideran antibacterianas y enriquecen el agua de la ducha con mineralizaci\u00f3n. Puede mejorar la tolerancia dermatol\u00f3gica con la ayuda de la concentraci\u00f3n de ox\u00edgeno disuelto y se reduce la formaci\u00f3n de g\u00e9rmenes.<\/p>\n<p><strong>12. Las bolas magn\u00e9ticas ayudan a suavizar el agua de la ducha y evitan que la cal se deposite en las paredes, los azulejos y los accesorios de la ducha.<\/strong><\/p>\n<p><strong>13. Las perlas minerales ricas en calcio<\/strong> tienen un efecto antibacteriano y liberan minerales naturales en el agua que favorecen el bienestar. Tienen un efecto antibacteriano y estimulante sobre la piel y el cabello. Se reducen toxinas y residuos en el agua. Se fortalece la inmunidad.<\/p>\n<p><strong>14. Las bolas de cer\u00e1mica de infrarrojo lejano<\/strong> act\u00faan como un agente antienvejecimiento y se sabe que aumentan la resistencia del cuerpo. Favorecen la circulaci\u00f3n sangu\u00ednea y mejoran el metabolismo.<\/p>\n<p><strong>15. El sulfito de calcio<\/strong> elimina el cloro y los metales pesados \u200b\u200bcomo el plomo, el mercurio, el cadmio y el aluminio.<\/p>\n<p><strong>16. El KDF 55 de alta calidad elimina el cloro, los metales pesados \u200b\u200by reduce las incrustaciones, las bacterias y las algas incluso en agua caliente.<\/strong><\/p>\n<p><strong>17. La resina sirve para ablandar el agua de la ducha, se absorben los iones de calcio y magnesio del agua.<\/strong><\/p>\n<p><strong>18. Las perlas de cer\u00e1mica de vitamina C le dan al agua la vitamina C natural que contienen.<\/strong><\/p>\n<h2>F\u00e1cil instalaci\u00f3n<\/h2>\n<p><b>Tan f\u00e1cil como cambiar el flexo de la ducha:<\/b> La instalaci\u00f3n entre la grifer\u00eda de ducha\/ba\u00f1o y el flexo de ducha la puede realizar usted mismo, no se necesita fontanero. Hay roscas est\u00e1ndar y se incluyen las juntas necesarias.<br \/><small>Fig. representaci\u00f3n esquem\u00e1tica<\/small><\/p>\n<p><img class=\"lazyload\" decoding=\"async\" src=\"data:image\/svg+xml,%3Csvg%20xmlns%3D%27http%3A%2F%2Fwww.w3.org%2F2000%2Fsvg%27%20width%3D%27204%27%20height%3D%27248%27%20viewBox%3D%270%200%20204%20248%27%3E%3Crect%20width%3D%27204%27%20height%3D%27248%27%20fill-opacity%3D%220%22%2F%3E%3C%2Fsvg%3E\" data-orig-src=\"https:\/\/bestelements.de\/wp-content\/uploads\/Duschfilter-Schema-Einbau-small.png\" alt=\"Filtro de ducha SH18 f\u00e1cil de instalar\" \/><\/p>\n<h3>Opciones de conexi\u00f3n<\/h3>\n<p><img class=\"lazyload\" decoding=\"async\" src=\"data:image\/gif;base64,R0lGODlhAQABAAAAACH5BAEKAAEALAAAAAABAAEAAAICTAEAOw==\" data-orig-src=\"https:\/\/bestelements.de\/wp-content\/uploads\/Duschfilter-SH18-Varianten-Anbringung.png.webp\" width=\"300\" alt=\"Opciones de conexi\u00f3n para filtro de ducha SH18\" \/><br \/>\n<small>Variante C con pieza acodada (no incluida en el suministro)<\/small><\/p>\n<figure class=\"wp-block-table\">\n<div class=\"table-1\">\n<table>\n<tbody>\n<tr>\n<td class=\"produkte\">Dimensiones<\/td>\n<td class=\"produkte\">14,5 cm de alto, di\u00e1metro 9,5 cm<\/td>\n<\/tr>\n<tr>\n<td class=\"produkte\">Conexi\u00f3n<\/td>\n<td class=\"produkte\">Rosca est\u00e1ndar 1\/2 pulgada<\/td>\n<\/tr>\n<tr>\n<td class=\"produkte\">Cambiar elemento de filtro<\/td>\n<td class=\"produkte\">Si se usa a diario, inserte un <a href=\"https:\/\/bestelements.de\/es\/kaufen\/ersatzfilter-wasser\/ersatzfiltermodule-fuer-duschfilter-sh18\/\">cartucho de reemplazo<\/a> cada 3 meses, (Recambios de carcasa tambi\u00e9n disponibles)<\/td>\n<\/tr>\n<\/tbody>\n<\/table>\n<\/div>\n<\/figure>\n<p><\/p>","protected":false},"excerpt":{"rendered":"<h2><span class=\"blue-back\">Filtro de Ducha<\/span> <span class=\"gray\">ShowerShield BE SH18<\/span><\/h2>\n<div class=\"blue-back\">Reduce notablemente las reacciones cut\u00e1neas, los problemas capilares y los dep\u00f3sitos calc\u00e1reos al ducharte<\/div>\n<div id=\"icons-water-stoffe\">\n<i class=\"fa-solid fas fa-shower\"><\/i> <i class=\"fa-solid fas fa-bath\"><\/i> <i class=\"fa-solid fas fa-virus-slash\"><\/i> <i class=\"fa-solid fas fa-viruses\"><\/i> <i class=\"fa-solid fas fa-bacterium\"><\/i> <i class=\"fa-solid fas fa-head-side\"><\/i> <i class=\"fa-solid fas fa-allergies\"><\/i> <i class=\"fa-solid fas fa-dog\"><\/i>\n<\/div>\n<h3>Bueno para toda la familia, las mascotas y tu ba\u00f1o.<\/h3>\n<p><span class=\"blue-back\">Innovaci\u00f3n<\/span> Filtro de ducha con 18 niveles de filtrado separados contra la cal, el cloro, las bacterias, los metales pesados \u200b\u200by muchos otros residuos no deseados en el agua del grifo, as\u00ed como en el agua fr\u00eda y caliente de la ducha y el ba\u00f1o. Filtro de ducha extraordinariamente eficiente en su clase de potencia.<\/p>\n<ul>\n<li>Eficiencia superior a la media con una carcasa de filtro grande pero compacta<\/li>\n<li>M\u00faltiples etapas de filtrado contra cal, cloro, bacterias, esporas de moho, residuos y toxinas en el agua de la ducha<\/li>\n<li>Niveles de filtro de apoyo para refrescar y revitalizar<\/li>\n<li>F\u00e1cil de conectar entre el grifo de la ducha y la manguera de la ducha.<\/li>\n<li>Rosca estandarizada que incluye anillos de sellado<\/li>\n<\/ul>\n","protected":false},"featured_media":23944,"template":"","meta":{"footnotes":""},"product_brand":[],"product_cat":[251,139],"product_tag":[],"class_list":{"0":"post-18248","1":"product","2":"type-product","3":"status-publish","4":"has-post-thumbnail","6":"product_cat-duschfilter","7":"product_cat-wasserfilter-gegen-kalk-und-bakterien","9":"first","10":"instock","11":"sale","12":"featured","13":"taxable","14":"shipping-taxable","15":"purchasable","16":"product-type-simple"},"_links":{"self":[{"href":"https:\/\/bestelements.de\/es\/wp-json\/wp\/v2\/product\/18248","targetHints":{"allow":["GET"]}}],"collection":[{"href":"https:\/\/bestelements.de\/es\/wp-json\/wp\/v2\/product"}],"about":[{"href":"https:\/\/bestelements.de\/es\/wp-json\/wp\/v2\/types\/product"}],"version-history":[{"count":1,"href":"https:\/\/bestelements.de\/es\/wp-json\/wp\/v2\/product\/18248\/revisions"}],"predecessor-version":[{"id":33645,"href":"https:\/\/bestelements.de\/es\/wp-json\/wp\/v2\/product\/18248\/revisions\/33645"}],"wp:featuredmedia":[{"embeddable":true,"href":"https:\/\/bestelements.de\/es\/wp-json\/wp\/v2\/media\/23944"}],"wp:attachment":[{"href":"https:\/\/bestelements.de\/es\/wp-json\/wp\/v2\/media?parent=18248"}],"wp:term":[{"taxonomy":"product_brand","embeddable":true,"href":"https:\/\/bestelements.de\/es\/wp-json\/wp\/v2\/product_brand?post=18248"},{"taxonomy":"product_cat","embeddable":true,"href":"https:\/\/bestelements.de\/es\/wp-json\/wp\/v2\/product_cat?post=18248"},{"taxonomy":"product_tag","embeddable":true,"href":"https:\/\/bestelements.de\/es\/wp-json\/wp\/v2\/product_tag?post=18248"}],"curies":[{"name":"wp","href":"https:\/\/api.w.org\/{rel}","templated":true}]}}