{"id":17959,"date":"2022-10-14T16:53:47","date_gmt":"2022-10-14T14:53:47","guid":{"rendered":"https:\/\/bestelements.de\/?post_type=product&#038;p=17959"},"modified":"2026-01-17T13:12:57","modified_gmt":"2026-01-17T12:12:57","slug":"wasserstoffinhalation-geraete-fuer-kliniken-aerzte-und-therapeuten","status":"publish","type":"product","link":"https:\/\/bestelements.de\/es\/kaufen\/wasserstoff-inhalatoren\/wasserstoffinhalation-geraete-fuer-kliniken-aerzte-und-therapeuten\/","title":{"rendered":"Inhalador de hidrogeno H2 600 MED"},"content":{"rendered":"<p><\/p>\n<h2><span class=\"blue-back\">H2 600 ml\/min<\/span> <span class=\"gray\">Alta concentraci\u00f3n de hidr\u00f3geno en calidad pura<\/span><\/h2>\n<div class=\"blue-back\">Hidr\u00f3geno puro al 99,996 %<\/div>\n<p>El hidr\u00f3geno se utiliza como un apoyo terap\u00e9utico eficaz para problemas f\u00edsicos y psicol\u00f3gicos, y numerosos <a href=\"https:\/\/bestelements.de\/es\/wasserstoffwasser\/studien-belegen-wirkung-von-wasserstoffreichem-wasser\/\">estudios<\/a> han demostrado su efecto exitoso. Las tareas de este inhalador de hidr\u00f3geno profesional son la neutralizaci\u00f3n eficaz de los radicales libres no deseados en las c\u00e9lulas del cuerpo, la mejora del metabolismo energ\u00e9tico, el uso terap\u00e9utico en casos de aumento del cansancio y la fatiga, la obesidad (obesidad), la terapia adyuvante para los accidentes cerebrovasculares, el Alzheimer y el Parkinson. terapias, tratamiento de enfermedades neurol\u00f3gicas y enfermedades cerebrovasculares.<\/p>\n<p>La aplicaci\u00f3n generalmente promueve el metabolismo celular y mejora de manera integral los efectos sobre la salud del sistema inmunol\u00f3gico. El estr\u00e9s y el aumento de los signos de fatiga se reducen. Se alivian los signos de la edad. Al mejorar la estructura celular y el metabolismo energ\u00e9tico, el tratamiento tiene un efecto rejuvenecedor en la tez.<\/p>\n<p><strong>Los megaestudios sobre hidrogenoterapia re\u00fanen m\u00e1s de 550 estudios individuales<\/strong>: la investigaci\u00f3n sobre los efectos del hidr\u00f3geno incluye estudios que se llevaron a cabo en alrededor de 170 enfermedades. A pesar de las enfermedades predominantemente graves, se lograron resultados consistentemente positivos. En todos los estudios cl\u00ednicos y en animales no se observaron efectos secundarios negativos del hidr\u00f3geno. Adem\u00e1s de su potencial antioxidante y de mejora del rendimiento, el hidr\u00f3geno tambi\u00e9n puede reducir los mediadores inflamatorios en la inflamaci\u00f3n. (<a href=\"https:\/\/bestelements.de\/es\/wasserstoffwasser\/studien-und-erlebnisen-ueber-wasserstoffreiches-wasser-und-h2-inhalation\/\">Fuente<\/a>)<\/p>\n<h3>Beneficios de la inhalaci\u00f3n de hidr\u00f3geno<\/h3>\n<ul>\n<li>El hidr\u00f3geno promueve el metabolismo de las c\u00e9lulas del cuerpo humano y acelera la eliminaci\u00f3n de los radicales libres da\u00f1inos<\/li>\n<li>Aumento de la vitalidad<\/li>\n<li>Antioxidante<\/li>\n<li>Antienvejecimiento: efecto de rejuvenecimiento de la piel al mejorar el metabolismo<\/li>\n<li>Mejora del sue\u00f1o<\/li>\n<li>Mejorar la inmunidad<\/li>\n<li>Alivio de la fatiga excesiva y el dolor.<\/li>\n<li>Permite gran efecto terap\u00e9utico en enfermedades del sistema nervioso y enfermedades cerebrovasculares<\/li>\n<\/ul>\n<h2>Eficacia del agua potable rica en hidr\u00f3geno y de la inhalaci\u00f3n de hidr\u00f3geno<\/h2>\n<h3>Bienestar, mejora del rendimiento, prevenci\u00f3n y tratamiento<\/h3>\n<ul>\n<li><a href=\"https:\/\/bestelements.de\/es\/wasserstoffwasser\/studien-und-erfahrungen-ueber-wasserstoffreiches-wasser-und-h2-inhalation\/\">Estudios y t\u00e9cnicas Experiencias con agua rica en hidr\u00f3geno e inhalaci\u00f3n de H2<\/a><\/li>\n<li><a href=\"https:\/\/bestelements.de\/es\/studien\/studien-ueber-wasserstoff-als-elixier-des-lebens\/\">Estudios sobre el hidr\u00f3geno como elixir de vida<\/a><\/ li >\n<li><a href=\"https:\/\/bestelements.de\/es\/wasserstoffwasser\/studien-belegen-wirkung-von-wasserstoffreichem-wasser\/\">Los estudios demuestran los efectos del agua rica en hidr\u00f3geno<\/a><\/li >\n<\/ul>\n<p><img decoding=\"async\" src=\"data:image\/svg+xml,%3Csvg%20xmlns%3D%27http%3A%2F%2Fwww.w3.org%2F2000%2Fsvg%27%20width%3D%27818%27%20height%3D%27486%27%20viewBox%3D%270%200%20818%20486%27%3E%3Crect%20width%3D%27818%27%20height%3D%27486%27%20fill-opacity%3D%220%22%2F%3E%3C%2Fsvg%3E\" data-orig-src=\"https:\/\/bestelements.de\/wp-content\/uploads\/Anwendung-Wasserstoff-Inhalatoren-Alltag-Frau.jpg\" alt=\"Anwendung Wasserstoff Inhalatoren im Alltag\" width=\"818\" height=\"486\" class=\"lazyload alignnone size-full wp-image-19494\" \/><br \/>\n<em><small>El uso de inhaladores de hidr\u00f3geno en instalaciones m\u00e9dicas o en el hogar.<\/small><\/em><\/p>\n<h2>Consulta de inhalaci\u00f3n de hidr\u00f3geno<\/h2>\n<p><span class=\"gray-back-snippet\">Aplicaci\u00f3n del hidr\u00f3geno <a href=\"https:\/\/bestelements.de\/es\/wasserstoffwasser\/podcast-beratung-wasserstoffanwendung-h2booster-inhalatoren\/\" target=\"_blank\" class=\"fusion-button button-default button-small button-abstand\">P\u00f3dcast<\/a> <a href=\"https:\/\/bestelements.de\/es\/wasserstoffwasser\/podcast-wasserstoffreiches-trinkwasser-nutzen-und-erfahrungen\/\" class=\"fusion-button button-default button-small button-abstand\">V\u00eddeos<\/a> <a href=\"https:\/\/bestelements.de\/es\/wasserstoffwasser\/wasserstoff-inhalatoren-empfehlung-und-vergleich\/\" class=\"fusion-button button-default button-small button-abstand\">Comparaci\u00f3n de Inhaladores<\/a><\/span><br \/>\n<span class=\"gray-back-snippet\">Hidr\u00f3geno <a href=\"https:\/\/bestelements.de\/es\/wasserstoffwasser\/\" target=\"_blank\" class=\"fusion-button button-default button-small button-abstand\">Art\u00edculo<\/a> <a href=\"https:\/\/bestelements.de\/es\/tag\/h2studien\/\" class=\"fusion-button button-default button-small button-abstand\">Estudios<\/a> <a href=\"https:\/\/bestelements.de\/es\/wasserstoffwasser\/fragen-antworten-anwendung-wasserstoffreiches-trinkwasser-wasserstoff-inhalation\/\" class=\"fusion-button button-default button-small button-abstand\">Preguntas Respuestas<\/a> <a href=\"https:\/\/bestelements.de\/es\/kaufen\/buecher-ebooks\/ebook-wasserstoffreiches-trinkwasser-und-wasserstoff-inhalation-anwendung-und-studien\/\" target=\"_blank\" class=\"fusion-button button-default button-small button-abstand\">Libro electr\u00f3nico<\/a><\/span><br \/>\n<a class=\"sg-popup-id-149 dotted\" href=\"#\">Estamos encantados de responder a sus preguntas sobre este inhalador de hidr\u00f3geno.<\/a><\/p>\n<h2>Su consulta sobre inhaladores de hidr\u00f3geno<\/h2>\n<div class=\"wpforms-container wpforms-container-full\" id=\"wpforms-20391\"><form id=\"wpforms-form-20391\" class=\"wpforms-validate wpforms-form\" data-formid=\"20391\" method=\"post\" enctype=\"multipart\/form-data\" action=\"\/es\/wp-json\/wp\/v2\/product\/17959\"><noscript class=\"wpforms-error-noscript\">Por favor, activa JavaScript en tu navegador para completar este formulario.<\/noscript><div class=\"wpforms-field-container\"><div id=\"wpforms-20391-field_0-container\" class=\"wpforms-field wpforms-field-name\" data-field-id=\"0\"><label class=\"wpforms-field-label\" for=\"wpforms-20391-field_0\">Nombre <span class=\"wpforms-required-label\">*<\/span><\/label><div class=\"wpforms-field-row wpforms-field-large\"><div class=\"wpforms-field-row-block wpforms-first wpforms-one-half\"><input type=\"text\" id=\"wpforms-20391-field_0\" class=\"wpforms-field-name-first wpforms-field-required\" name=\"wpforms[fields][0][first]\" required><label for=\"wpforms-20391-field_0\" class=\"wpforms-field-sublabel after wpforms-sublabel-hide\">Nombre<\/label><\/div><div class=\"wpforms-field-row-block wpforms-one-half\"><input type=\"text\" id=\"wpforms-20391-field_0-last\" class=\"wpforms-field-name-last wpforms-field-required\" name=\"wpforms[fields][0][last]\" required><label for=\"wpforms-20391-field_0-last\" class=\"wpforms-field-sublabel after wpforms-sublabel-hide\">Apellidos<\/label><\/div><\/div><\/div><div id=\"wpforms-20391-field_2-container\" class=\"wpforms-field wpforms-field-textarea\" data-field-id=\"2\"><label class=\"wpforms-field-label\" for=\"wpforms-20391-field_2\">Me gustar\u00eda una oferta para los siguientes productos: <span class=\"wpforms-required-label\">*<\/span><\/label><textarea id=\"wpforms-20391-field_2\" class=\"wpforms-field-medium wpforms-field-required\" name=\"wpforms[fields][2]\" required><\/textarea><\/div><div id=\"wpforms-20391-field_1-container\" class=\"wpforms-field wpforms-field-email\" data-field-id=\"1\"><label class=\"wpforms-field-label\" for=\"wpforms-20391-field_1\">Email <span class=\"wpforms-required-label\">*<\/span><\/label><input type=\"email\" id=\"wpforms-20391-field_1\" class=\"wpforms-field-large wpforms-field-required\" name=\"wpforms[fields][1]\" required><\/div><div id=\"wpforms-20391-field_5-container\" class=\"wpforms-field wpforms-field-text\" data-field-id=\"5\"><label class=\"wpforms-field-label\" for=\"wpforms-20391-field_5\">Posiblemente empresa \/ organizaci\u00f3n<\/label><input type=\"text\" id=\"wpforms-20391-field_5\" class=\"wpforms-field-large\" name=\"wpforms[fields][5]\" ><\/div><div id=\"wpforms-20391-field_7-container\" class=\"wpforms-field wpforms-field-text\" data-field-id=\"7\"><label class=\"wpforms-field-label\" for=\"wpforms-20391-field_7\">Ciudad<\/label><input type=\"text\" id=\"wpforms-20391-field_7\" class=\"wpforms-field-medium\" name=\"wpforms[fields][7]\" ><\/div><div id=\"wpforms-20391-field_8-container\" class=\"wpforms-field wpforms-field-html\" data-field-id=\"8\"><div id=\"wpforms-20391-field_8\"><small><b>\u00a1Protegemos sus datos!<\/b> Solo utilizamos sus datos para responder a sus preguntas y nunca los transmitimos a terceros. <a href=\"https:\/\/bestelements.de\/datenschutzerklaerung\/\" target=\"_blank\">Pol\u00edtica de privacidad<\/a><\/small><\/div><\/div><\/div><div class=\"wpforms-field wpforms-field-hp\"><label for=\"wpforms-20391-field-hp\" class=\"wpforms-field-label\">Phone<\/label><input type=\"text\" name=\"wpforms[hp]\" id=\"wpforms-20391-field-hp\" class=\"wpforms-field-medium\"><\/div><input type=\"hidden\" name=\"wpforms[recaptcha]\" value=\"\"><div class=\"wpforms-submit-container\" ><input type=\"hidden\" name=\"wpforms[id]\" value=\"20391\"><input type=\"hidden\" name=\"wpforms[author]\" value=\"1\"><button type=\"submit\" name=\"wpforms[submit]\" class=\"wpforms-submit button-blue\" id=\"wpforms-submit-20391\" value=\"wpforms-submit\" aria-live=\"assertive\" data-alt-text=\"Enviar...\" data-submit-text=\"Solicite oferta aqu\u00ed\">Solicite oferta aqu\u00ed<\/button><\/div><\/form><\/div>  <!-- .wpforms-container -->\n<h2>Datos t\u00e9cnicos<\/h2>\n<figure class=\"wp-block-table\">\n<div class=\"table-1\">\n<table>\n<tbody>\n<tr>\n<td class=\"\">Producci\u00f3n de hidr\u00f3geno<\/td>\n<td class=\"produkte\">Tasa de flujo: 600 ml\/min (Modelos de 1.000-3.000 ml\/min tambi\u00e9n con <a href=\"https:\/\/bestelements.de\/es\/kaufen\/wasserstoff-inhalatoren\/professionelle-wasserstoff-sauerstoff-inhalatoren-1000-3000-ml-pro-minute\/\">combinaci\u00f3n hidr\u00f3geno\/ox\u00edgeno<\/a>)<\/td>\n<\/tr>\n<tr>\n<td class=\"\">Membrana<\/td>\n<td class=\"produkte\">DuPont Nafion\u2122 N117 (USA) SPE\/PEM, recubierto de Iridio; Utilizando componentes electrol\u00edticos de la m\u00e1s alta calidad, la electr\u00f3lisis de agua pura produce una concentraci\u00f3n excepcionalmente alta de hidr\u00f3geno puro al 99,996 % y no produce ning\u00fan otro componente da\u00f1ino como: Ozono.<\/td>\n<\/tr>\n<tr>\n<td class=\"\">Serie de modelos<\/td>\n<td class=\"products\"><strong>H2Star<\/strong> <a href=\"https:\/\/bestelements.de\/es\/wasserstoffwasser\/h2star-qualitaet-wasserstoff-inhalatoren-und-browns-gas\/\">Caracter\u00edsticas especiales aqu\u00ed<\/a><\/td>\n<\/tr>\n<tr>\n<td class=\"\">Capacidad<\/td>\n<td class=\"produkte\">Capacidad del dep\u00f3sito de agua de 2,5 l para tiempos de proceso prolongados, sistema de control de temperatura estable para hasta 8 horas de funcionamiento continuo de inhalaci\u00f3n de hidr\u00f3geno<\/td>\n<\/tr>\n<tr>\n<td class=\"\">Celda electrol\u00edtica<\/td>\n<td class=\"produkte\">dise\u00f1ado para 6.000-8.000 horas de funcionamiento<\/td>\n<\/tr>\n<tr>\n<td class=\"produkte\">Comprobado<\/td>\n<td class=\"produkte\"><a href=\"https:\/\/bestelements.de\/es\/qualitaetssicherung\/di-flow-qualitaetsstandard\/\"><img decoding=\"async\" class=\"lazyload alignleft\" src=\"data:image\/gif;base64,R0lGODlhAQABAAAAACH5BAEKAAEALAAAAAABAAEAAAICTAEAOw==\" data-orig-src=\"https:\/\/bestelements.de\/wp-content\/uploads\/Di-Flow-Logo.svg\" alt=\"Di-Flow\" width=\"150px\" height=\"\" \/><\/a> Di-Flow\u00ae Junta de examen<\/td>\n<\/tr>\n<tr>\n<td class=\"\">Funcionamiento silencioso<\/td>\n<td class=\"produkte\">Tecnolog\u00eda de ventilador moderna y silenciosa: funcionamiento silencioso para relajaci\u00f3n, concentraci\u00f3n o un sue\u00f1o tranquilo.<\/td>\n<\/tr>\n<tr>\n<td class=\"\">Peso<\/td>\n<td class=\"produkte\">11 kg<\/td>\n<\/tr>\n<tr>\n<td class=\"\">Dimensiones<\/td>\n<td class=\"produkte\">315 x 209 x 395 mm<\/td>\n<\/tr>\n<tr>\n<td class=\"\">Dise\u00f1o compacto<\/td>\n<td class=\"produkte\">Carcasa de aluminio recubierto para mayor estabilidad y buena disipaci\u00f3n del calor, larga durabilidad y larga vida \u00fatil<\/td>\n<\/tr>\n<tr>\n<td class=\"\">Fuente de alimentaci\u00f3n<\/td>\n<td class=\"produkte\">110-230 V~50\/60 Hz, 360 VA, Enchufe est\u00e1ndar UE tipo CEE 7\/7 (E+F), para uso en el extranjero, utilice adaptador si es necesario, no incluido<\/td>\n<\/tr>\n<tr>\n<td class=\"\">Calidad del agua<\/td>\n<td class=\"produkte\">Use agua filtrada o destilada, conductancia inferior a 5 ppm<\/td>\n<\/tr>\n<tr>\n<td class=\"\">Certificaci\u00f3n<\/td>\n<td class=\"produkte\">Certificado CE<\/td>\n<\/tr>\n<tr>\n<td class=\"\">Alcance de entrega, accesorios<\/td>\n<td class=\"produkte\">Inhalador con cable de alimentaci\u00f3n, tubo de respiraci\u00f3n con c\u00e1nula nasal de silicona, tubo de drenaje, instrucciones de uso<\/td>\n<\/tr>\n<\/tbody>\n<\/table>\n<\/div>\n<\/figure>\n<h2>Aplicaci\u00f3n y puesta en funcionamiento de este inhalador de hidr\u00f3geno<\/h2>\n<p><div class=\"fusion-video fusion-youtube\" style=\"--awb-max-width:600px;--awb-max-height:360px;\"><div class=\"video-shortcode\"><priv-fac-lite-youtube class=\"fusion-hidden lty-load\" data-privacy-type=\"youtube\" videoid=\"WFQNozc4-iY\" class=\"landscape\" params=\"wmode=transparent&autoplay=1&amp;rel=0&amp;enablejsapi=1\" title=\"YouTube video player 3\" data-button-label=\"Play Video\" width=\"600\" height=\"360\" data-thumbnail-size=\"auto\" data-no-cookie=\"on\"><\/priv-fac-lite-youtube><div class=\"fusion-privacy-placeholder\" style=\"width:600px; height:360px;\" data-privacy-type=\"youtube\"><div class=\"fusion-privacy-placeholder-content\"><div class=\"fusion-privacy-label\">For privacy reasons YouTube needs your permission to be loaded. For more details, please see our <a class=\"privacy-policy-link\" href=\"https:\/\/bestelements.de\/es\/datenschutzerklaerung\/\" rel=\"privacy-policy\">Protecci\u00f3n de Datos<\/a>.<\/div><button data-privacy-type=\"youtube\" class=\"fusion-button button-default fusion-button-default-size button fusion-privacy-consent\">I Accept<\/button><\/div><\/div><\/div><\/div><\/p>","protected":false},"excerpt":{"rendered":"<h2><span class=\"blue-back\">H2 600 MED<\/span> <span class=\"textgray\">Inhalador de hidrogeno<\/span><\/h2>\n<div class=\"blue-back\">para usuarios experimentados, instalaciones m\u00e9dicas, terapeutas y SPA<\/div>\n<div id=\"icons-water-stoffe\"><i class=\"fa-solid fas fa-battery-full\"><\/i> <i class=\"fa-solid fas fa-running\"><\/i> <i class=\"fa-solid fas fa-head-side-brain\"><\/i> <i class=\"fa-solid fas fa-heartbeat\"><\/i> <i class=\"fa-solid fas fa-globe farbverlauf-srg\"><\/i><\/div>\n<ul>\n<li>Inhala hidr\u00f3geno puro para complementar el aire que respiras<\/li>\n<li>Contenido de hidr\u00f3geno: 600 ml\/min<\/li>\n<li><strong>Hidr\u00f3geno puro al 99,996 %<\/strong><\/li>\n<li>Manejo sencillo y de bajo mantenimiento, funcionamiento con agua destilada<\/li>\n<li>Pantalla con funci\u00f3n t\u00e1ctil, visualizaci\u00f3n clara, quedo operaci\u00f3n<\/li>\n<li>Temporizador 0,5 &#8211; 8 horas, <a href=\"https:\/\/bestelements.de\/es\/wasserstoffwasser\/h2star-qualitaet-wasserstoff-inhalatoren-und-browns-gas\/\"><b><u>dise\u00f1adas para uso a largo plazo<\/u><\/b><\/a><\/li>\n<li><strong>Componentes de alta calidad, membranas recubiertas de iridio<\/strong><\/li>\n<li>Multielectrolizadores de <strong>calidad premium<\/strong> con <a href=\"https:\/\/bestelements.de\/es\/wasserstoffwasser\/h2star-qualitaet-wasserstoff-inhalatoren-und-browns-gas\/\"><u><strong>garant\u00eda adicional<\/strong><\/u><\/a> (3 a\u00f1os)<\/li>\n<li><strong>Empresa alemana con soporte experto <i class=\"fa-solid fas fa-certificate blue\"><\/i> <a href=\"https:\/\/bestelements.de\/es\/wasserstoffwasser\/bestelements-und-wasserstoff-forschung-mitgliedschaft-bei-der-mhi-community\/\"><u>miembro de MHI<\/u><\/a><\/strong><\/li>\n<li><i class=\"fa fa-info-circle blue\"><\/i> <a class=\"sg-popup-id-32914 dotted\" href=\"#\">Mostrar diagrama de aplicaci\u00f3n de hidr\u00f3geno\/terapia H2<\/a>\n<\/ul>\n","protected":false},"featured_media":28192,"template":"","meta":{"footnotes":""},"product_brand":[],"product_cat":[250],"product_tag":[],"class_list":{"0":"post-17959","1":"product","2":"type-product","3":"status-publish","4":"has-post-thumbnail","6":"product_cat-wasserstoff-inhalatoren","7":"product_shipping_class-luftfilter-bis-20-kg","9":"first","10":"instock","11":"taxable","12":"shipping-taxable","13":"purchasable","14":"product-type-simple"},"_links":{"self":[{"href":"https:\/\/bestelements.de\/es\/wp-json\/wp\/v2\/product\/17959","targetHints":{"allow":["GET"]}}],"collection":[{"href":"https:\/\/bestelements.de\/es\/wp-json\/wp\/v2\/product"}],"about":[{"href":"https:\/\/bestelements.de\/es\/wp-json\/wp\/v2\/types\/product"}],"version-history":[{"count":0,"href":"https:\/\/bestelements.de\/es\/wp-json\/wp\/v2\/product\/17959\/revisions"}],"wp:featuredmedia":[{"embeddable":true,"href":"https:\/\/bestelements.de\/es\/wp-json\/wp\/v2\/media\/28192"}],"wp:attachment":[{"href":"https:\/\/bestelements.de\/es\/wp-json\/wp\/v2\/media?parent=17959"}],"wp:term":[{"taxonomy":"product_brand","embeddable":true,"href":"https:\/\/bestelements.de\/es\/wp-json\/wp\/v2\/product_brand?post=17959"},{"taxonomy":"product_cat","embeddable":true,"href":"https:\/\/bestelements.de\/es\/wp-json\/wp\/v2\/product_cat?post=17959"},{"taxonomy":"product_tag","embeddable":true,"href":"https:\/\/bestelements.de\/es\/wp-json\/wp\/v2\/product_tag?post=17959"}],"curies":[{"name":"wp","href":"https:\/\/api.w.org\/{rel}","templated":true}]}}