{"id":1790,"date":"2020-11-27T09:54:45","date_gmt":"2020-11-27T08:54:45","guid":{"rendered":"https:\/\/bestelements.de\/?post_type=product&#038;p=1790"},"modified":"2025-10-15T16:24:11","modified_gmt":"2025-10-15T14:24:11","slug":"luftfilter-luftreiniger-be-air8-fuer-buero-gruppen-und-meetings","status":"publish","type":"product","link":"https:\/\/bestelements.de\/es\/kaufen\/luftfilter-luftreiniger-onlineshop\/luftfilter-luftreiniger-be-air8-fuer-buero-gruppen-und-meetings\/","title":{"rendered":"Purificador de aire BE AIR8 para oficina grupos reuniones"},"content":{"rendered":"<p><\/p>\n<h2>Reuniones sin mal aire. Un purificador de aire tan completo y silencioso que puede trabajar y discutir en grupo con concentraci\u00f3n.<\/h2>\n<p><span class=\"gray\">Para conversaciones concentradas necesitamos aire limpio, puro y libre de al\u00e9rgenos, g\u00e9rmenes o virus. Gracias a las 9 etapas de filtro doble y al alto caudal de aire del BE AIR8, los participantes en reuniones y seminarios mantienen la mente despejada. As\u00ed es como obtienes la mayor atenci\u00f3n durante tu presentaci\u00f3n o en una reuni\u00f3n. \u00a1Haz realidad tus ideas! <\/span><\/p>\n<h2><span class=\"blue-back\">BE AIR8<\/span> <span class=\"gray\">Filtro de aire<\/span><\/h2>\n<div class=\"blue-back\">Pureza del aire en habitaciones grandes y con varias personas<\/div>\n<p><img decoding=\"async\" class=\"lazyload alignnone wp-image-5508 size-full\" src=\"https:\/\/bestelements.de\/wp-content\/uploads\/Banner-Buero-AIR8.jpg\" data-orig-src=\"https:\/\/bestelements.de\/wp-content\/uploads\/Banner-Buero-AIR8.jpg\" alt=\"\" width=\"1140\" height=\"313\" srcset=\"data:image\/svg+xml,%3Csvg%20xmlns%3D%27http%3A%2F%2Fwww.w3.org%2F2000%2Fsvg%27%20width%3D%271140%27%20height%3D%27313%27%20viewBox%3D%270%200%201140%20313%27%3E%3Crect%20width%3D%271140%27%20height%3D%27313%27%20fill-opacity%3D%220%22%2F%3E%3C%2Fsvg%3E\" data-srcset=\"https:\/\/bestelements.de\/wp-content\/uploads\/Banner-Buero-AIR8-200x55.jpg 200w, https:\/\/bestelements.de\/wp-content\/uploads\/Banner-Buero-AIR8-300x82.jpg 300w, https:\/\/bestelements.de\/wp-content\/uploads\/Banner-Buero-AIR8-400x110.jpg 400w, https:\/\/bestelements.de\/wp-content\/uploads\/Banner-Buero-AIR8-500x137.jpg 500w, https:\/\/bestelements.de\/wp-content\/uploads\/Banner-Buero-AIR8-600x165.jpg 600w, https:\/\/bestelements.de\/wp-content\/uploads\/Banner-Buero-AIR8-700x192.jpg 700w, https:\/\/bestelements.de\/wp-content\/uploads\/Banner-Buero-AIR8-768x211.jpg 768w, https:\/\/bestelements.de\/wp-content\/uploads\/Banner-Buero-AIR8-800x220.jpg 800w, https:\/\/bestelements.de\/wp-content\/uploads\/Banner-Buero-AIR8-1024x281.jpg 1024w, https:\/\/bestelements.de\/wp-content\/uploads\/Banner-Buero-AIR8.jpg 1140w\" data-sizes=\"auto\" data-orig-sizes=\"(max-width: 1140px) 100vw, 1140px\" \/><\/p>\n<p>Entre otras cosas, polvo fino PM 2.5, polvo dom\u00e9stico, polen, polen, humo y humo de cigarrillo, olores, g\u00e9rmenes y pat\u00f3genos, microorganismos, bacterias y virus, esporas de moho, pelo de animales y \u00e1caros, metales pesados, amianto, polvo t\u00f3xico, TVOC , formaldeh\u00eddo, compuestos org\u00e1nicos, se eliminan aerosoles y mucho m\u00e1s<\/p>\n<h2 class=\"linie\"><span class=\"blue-back\">BE AIR8<\/span> <span class=\"gray\">excede los requisitos<\/span><\/h2>\n<p>El filtro de aire BE AIR8 supera los requisitos de un buen filtro de aire seg\u00fan las recomendaciones de Christian K\u00e4hler, director del Instituto de Mec\u00e1nica de Fluidos y Aerodin\u00e1mica de la Universidad de las Fuerzas Armadas Alemanas en M\u00fanich.<\/p>\n<blockquote><p>El dispositivo debe ser capaz de filtrar al menos seis veces el volumen de la habitaci\u00f3n en una hora&#8230; Los dispositivos deben ser lo m\u00e1s silenciosos posible&#8230; no m\u00e1s de 52 decibeles*<\/p><\/blockquote>\n<div class=\"blue-back-box\">Ejemplo: el aire de una habitaci\u00f3n de unos 50 m\u00b2 se filtra por completo unas 6 veces por hora**<\/div>\n<div id=\"icons-air-features\"><\/div>\n<figure class=\"wp-block-table\">\n<div class=\"table-1\">\n<table width=\"100%\">\n<tbody>\n<tr>\n<td align=\"left\"><strong>Caudal \/ rendimiento del filtro CADR: 836 m\u00b3\/h<\/strong> (certificado) adecuado para habitaciones grandes con muchas personas<\/td>\n<td align=\"left\"><span class=\"blue strong\">MEJOR VALOR<\/span><\/td>\n<\/tr>\n<tr>\n<td align=\"left\"><strong>9 niveles de filtro<\/strong><\/td>\n<td align=\"left\"><span class=\"blue strong\">MEJOR VALOR<\/span><\/td>\n<\/tr>\n<tr>\n<td align=\"left\"><strong>4 niveles de velocidad desde reposo hasta alta velocidad<\/strong><\/td>\n<td align=\"left\"><span class=\"blue strong\">BUEN VALOR<\/span><\/td>\n<\/tr>\n<tr>\n<td align=\"left\"><strong>Sehr leiser Fl\u00fcstermodus 26 dB<\/strong><\/td>\n<td align=\"left\"><span class=\"blue strong\">MEJOR VALOR<\/span><\/td>\n<\/tr>\n<tr>\n<td align=\"left\"><strong><i class=\"fa fas fa-charging-station\"><\/i> Ahorro de energ\u00eda: 1\u00aa etapa solo 20 W <\/strong><\/td>\n<td align=\"left\"><span class=\"blue strong\">EL AHORRO DE ENERG\u00cdA<\/span><\/td>\n<\/tr>\n<tr>\n<td align=\"left\"><strong>Sensor de control autom\u00e1tico o manual<\/strong><\/td>\n<td align=\"left\"><span class=\"blue strong\">SENSOR INTELIGENTE<\/span><\/td>\n<\/tr>\n<tr>\n<td align=\"left\"><strong>Control WiFi posible con Smart App<\/strong><\/td>\n<td align=\"left\"><span class=\"blue strong\">S\u00daPER FUNCI\u00d3N<\/span><\/td>\n<\/tr>\n<tr>\n<td align=\"left\"><strong>Pantalla que muestra la contaminaci\u00f3n del aire actual, PM2.5<\/strong><\/td>\n<td align=\"left\"><span class=\"blue strong\">S\u00daPER FUNCI\u00d3N<\/span><\/td>\n<\/tr>\n<tr>\n<td align=\"left\"><span class=\"blue strong\">Larga vida<\/span><strong>-insertos filtrantes<\/strong><\/td>\n<td align=\"left\"><span class=\"blue strong\">S\u00daPER FUNCI\u00d3N<\/span><\/td>\n<\/tr>\n<tr>\n<td align=\"left\">Recordatorio para cambiar los elementos del filtro<\/td>\n<td align=\"left\"><\/td>\n<\/tr>\n<tr>\n<td align=\"left\">F\u00e1cil cambio de elementos filtrantes<\/td>\n<td align=\"left\"><\/td>\n<\/tr>\n<\/tbody>\n<\/table>\n<\/div>\n<\/figure>\n<p><img decoding=\"async\" class=\"lazyload alignnone size-full wp-image-364\" src=\"data:image\/gif;base64,R0lGODlhAQABAAAAACH5BAEKAAEALAAAAAABAAEAAAICTAEAOw==\" data-orig-src=\"https:\/\/bestelements.de\/wp-content\/uploads\/Filterstufen-Luftreiniger-BE-AIR8-Schema.jpg\" alt=\"Filterstufen Luftreiniger BE AIR8\" width=\"\" height=\"\" \/><\/p>\n<h2 class=\"linie\"><span class=\"blue-back\">BE AIR8<\/span> <span class=\"gray\">Etapas de filtrado<\/span><\/h2>\n<p><span class=\"blue\">\u2776 \u277e\u00a0<strong>Filtro frontal<\/strong><\/span><br \/>\nElimina part\u00edculas m\u00e1s grandes, cabello, caspa, polen (lavable: reduce los costos de seguimiento)<br \/>\n<span class=\"blue\">\u2777\u00a0\u277d <strong>HEPA13<\/strong><\/span><br \/>\nFiltra part\u00edculas microm\u00e9tricas ultrafinas de hasta 0,1 &#8211; 0,3 \u00b5m, bacterias y virus, aerosoles<br \/>\n<span class=\"blue\">\u2778 \u277c\u00a0<strong>Carb\u00f3n activado<\/strong><\/span><br \/>\nLa estructura de esponja elimina olores y part\u00edculas moleculares como amon\u00edaco, formaldeh\u00eddo y componentes org\u00e1nicos y aerosoles. El tamiz de alto peso molecular con una superficie inmensa absorbe sustancias nocivas.<br \/>\n<span class=\"blue\">\u2779 \u277b <strong>UV (UV-C)<\/strong><\/span><br \/>\nElimina esporas de moho, g\u00e9rmenes, bacterias y virus.<br \/>\n<span class=\"blue\">\u277a <strong>Ionizador (Iones negativos)<\/strong><\/span><br \/>\n<span class=\"blue\">Tambi\u00e9n conocidas como \u00abvitaminas del aire\u00bb<\/span> Absorben r\u00e1pidamente sustancias nocivas y unen varios contaminantes como polvo, olores, bacterias, virus.<\/p>\n<h2 class=\"linie\"><span class=\"blue-back\">BE AIR8<\/span> <span class=\"gray\">Extras<\/span><\/h2>\n<ul>\n<li>Wi-Fi\/control de aplicaciones <i class=\"fa fas fa-wifi\"><\/i> <i class=\"fa fas fa-mobile-alt\"><\/i> [<a href=\"https:\/\/bestelements.de\/de\/wifi\/luftfilter-bestelements-air8-wifi-connection\/\">mehr<\/a>]<\/li>\n<li>Ruedas para facilitar el movimiento<\/li>\n<li>Control remoto<\/li>\n<li>bloqueo para ni\u00f1os <i class=\"fa fas fa-child\"><\/i><\/li>\n<li>Temporizador de 1 a 8 horas <i class=\"fa fas fa-clock\"><\/i><\/li>\n<li>Segunda rejilla de protecci\u00f3n del ventilador independiente<\/li>\n<\/ul>\n<h2 class=\"linie\"><span class=\"blue-back\">BE AIR8<\/span> <a href=\"https:\/\/bestelements.de\/de\/kaufen\/luftfilter-luftreiniger-onlineshop\/luftfilter-luftreiniger-mieten-be-air8-fuer-meetings-und-gruppentreffen\/\">alquiler para eventos <i class=\"fa fa-arrow-circle-right\"><\/i><\/a><\/h2>\n<p>&nbsp;<\/p>\n<h2 class=\"linie\"><span class=\"blue-back\">BE AIR8<\/span> <span class=\"gray\"> Descargas<\/span><\/h2>\n<p><div class=\"fusion-content-boxes content-boxes columns row fusion-columns-3 fusion-columns-total-3 fusion-content-boxes-3 content-boxes-icon-on-side content-left\" style=\"--awb-hover-accent-color:#3d66ae;--awb-circle-hover-accent-color:#3d66ae;\" data-animationOffset=\"top-into-view\"><div style=\"--awb-backgroundcolor:rgba(255,255,255,0);--awb-content-padding-left:64px;\" class=\"fusion-column content-box-column content-box-column content-box-column-1 col-lg-4 col-md-4 col-sm-4 fusion-content-box-hover content-box-column-first-in-row\"><div class=\"col content-box-wrapper content-wrapper link-area-link-icon link-type-text content-icon-wrapper-yes icon-hover-animation-fade\" data-animationOffset=\"top-into-view\"><div class=\"heading heading-with-icon icon-left\"><a class=\"heading-link\" href=\"https:\/\/bestelements.de\/wp-content\/uploads\/Datenblatt-Luftfilter-BE-AIR8.pdf\" target=\"_self\"><div class=\"icon\"><span style=\"height:42px;width:42px;line-height:22px;border-color:rgba(255,255,255,0);border-width:1px;border-style:solid;background-color:#009fe3;margin-right:20px;box-sizing:content-box;border-radius:50%;\"><i style=\"border-color:#009fe3;border-width:1px;background-color:#009fe3;box-sizing:content-box;height:40px;width:40px;line-height:40px;border-radius:50%;position:relative;top:auto;left:auto;margin:0;border-radius:50%;font-size:20px;\" aria-hidden=\"true\" class=\"fontawesome-icon fa-file-alt fas circle-yes\"><\/i><\/span><\/div><\/a><\/div><div class=\"fusion-clearfix\"><\/div><a class=\" fusion-read-more\" style=\"margin-left:64px;\" href=\"https:\/\/bestelements.de\/wp-content\/uploads\/Datenblatt-Luftfilter-BE-AIR8.pdf\" target=\"_self\">BE AIR8 Datenblatt<\/a><div class=\"fusion-clearfix\"><\/div><\/div><\/div><div style=\"--awb-backgroundcolor:rgba(255,255,255,0);--awb-content-padding-left:64px;\" class=\"fusion-column content-box-column content-box-column content-box-column-2 col-lg-4 col-md-4 col-sm-4 fusion-content-box-hover \"><div class=\"col content-box-wrapper content-wrapper link-area-link-icon link-type-text content-icon-wrapper-yes icon-hover-animation-fade\" data-animationOffset=\"top-into-view\"><div class=\"heading heading-with-icon icon-left\"><a class=\"heading-link\" href=\"https:\/\/bestelements.de\/manuals\/gebrauchsanleitungen\/\" target=\"_self\"><div class=\"icon\"><span style=\"height:42px;width:42px;line-height:22px;border-color:rgba(255,255,255,0);border-width:1px;border-style:solid;background-color:#009fe3;margin-right:20px;box-sizing:content-box;border-radius:50%;\"><i style=\"border-color:#009fe3;border-width:1px;background-color:#009fe3;box-sizing:content-box;height:40px;width:40px;line-height:40px;border-radius:50%;position:relative;top:auto;left:auto;margin:0;border-radius:50%;font-size:20px;\" aria-hidden=\"true\" class=\"fontawesome-icon fa-file-alt fas circle-yes\"><\/i><\/span><\/div><\/a><\/div><div class=\"fusion-clearfix\"><\/div><a class=\" fusion-read-more\" style=\"margin-left:64px;\" href=\"https:\/\/bestelements.de\/manuals\/gebrauchsanleitungen\/\" target=\"_self\">Gebrauchsanleitungen<\/a><div class=\"fusion-clearfix\"><\/div><\/div><\/div><div style=\"--awb-backgroundcolor:rgba(255,255,255,0);--awb-content-padding-left:64px;\" class=\"fusion-column content-box-column content-box-column content-box-column-3 col-lg-4 col-md-4 col-sm-4 fusion-content-box-hover content-box-column-last content-box-column-last-in-row\"><div class=\"col content-box-wrapper content-wrapper link-area-link-icon link-type-text content-icon-wrapper-yes icon-hover-animation-fade\" data-animationOffset=\"top-into-view\"><div class=\"heading heading-with-icon icon-left\"><a class=\"heading-link\" href=\"https:\/\/bestelements.de\/de\/produkt-kategorie\/ersatzfilter-luft\/\" target=\"_self\"><div class=\"icon\"><span style=\"height:42px;width:42px;line-height:22px;border-color:rgba(255,255,255,0);border-width:1px;border-style:solid;background-color:#009fe3;margin-right:20px;box-sizing:content-box;border-radius:50%;\"><i style=\"border-color:#009fe3;border-width:1px;background-color:#009fe3;box-sizing:content-box;height:40px;width:40px;line-height:40px;border-radius:50%;position:relative;top:auto;left:auto;margin:0;border-radius:50%;font-size:20px;\" aria-hidden=\"true\" class=\"fontawesome-icon fa-sync-alt fas circle-yes\"><\/i><\/span><\/div><\/a><\/div><div class=\"fusion-clearfix\"><\/div><a class=\" fusion-read-more\" style=\"margin-left:64px;\" href=\"https:\/\/bestelements.de\/de\/produkt-kategorie\/ersatzfilter-luft\/\" target=\"_self\">Insertos de filtro<\/a><div class=\"fusion-clearfix\"><\/div><\/div><\/div><div class=\"fusion-clearfix\"><\/div><\/div><div class=\"fusion-text fusion-text-5\"><\/p>\n<p><nav class=\"awb-menu awb-menu_row awb-menu_em-hover mobile-mode-collapse-to-button awb-menu_icons-left awb-menu_dc-yes mobile-trigger-fullwidth-off awb-menu_mobile-toggle awb-menu_indent-left mobile-size-full-absolute loading mega-menu-loading awb-menu_desktop awb-menu_dropdown awb-menu_expand-right awb-menu_transition-fade fusion-animated\" style=\"--awb-text-transform:none;--awb-gap:3px;--awb-submenu-bg:#ffffff;--awb-submenu-active-bg:#e8f6f9;--awb-submenu-text-transform:none;--awb-main-justify-content:flex-start;--awb-mobile-justify:flex-start;--awb-mobile-caret-left:auto;--awb-mobile-caret-right:0;--awb-fusion-font-family-typography:inherit;--awb-fusion-font-style-typography:normal;--awb-fusion-font-weight-typography:400;--awb-fusion-font-family-submenu-typography:inherit;--awb-fusion-font-style-submenu-typography:normal;--awb-fusion-font-weight-submenu-typography:400;--awb-fusion-font-family-mobile-typography:inherit;--awb-fusion-font-style-mobile-typography:normal;--awb-fusion-font-weight-mobile-typography:400;\" aria-label=\"Luft vergleichen\" data-breakpoint=\"0\" data-count=\"2\" data-transition-type=\"fade\" data-transition-time=\"300\" data-expand=\"right\" data-animationType=\"fadeInLeft\" data-animationDuration=\"1.0\" data-animationOffset=\"top-into-view\"><ul id=\"menu-luft-vergleichen-2\" class=\"fusion-menu awb-menu__main-ul awb-menu__main-ul_row\"><li   class=\"menu-item menu-item-type-custom menu-item-object-custom menu-item-4356 sg-popup-id-4357 awb-menu__li awb-menu__main-li awb-menu__li_button\"  data-item-id=\"4356\"><a  href=\"#\" class=\"awb-menu__main-a awb-menu__main-a_button\"><span class=\"menu-text fusion-button button-default button-small\"><span class=\"button-icon-divider-left fusion-megamenu-icon\"><i class=\"glyphicon fa-eye fas\" aria-hidden=\"true\"><\/i><\/span><span class=\"fusion-button-text-left\">Comparar dispositivos<\/span><\/span><\/a><\/li><\/ul><\/nav><div class=\"fusion-text fusion-text-5\"><\/div><\/p>\n<\/div><br \/>\n<a class=\"sg-popup-id-149 dotted\" href=\"#\"><i class=\"fa fa-comments\"><\/i> Estaremos encantados de responder a sus preguntas sobre este dispositivo de filtro.<\/a><\/p>\n<figure class=\"wp-block-table\">\n<div class=\"table-1\">\n<table>\n<tbody>\n<tr>\n<td class=\"produkte\">Ionizador<\/td>\n<td class=\"produkte\">10<sup>7<\/sup> pcs\/cm\u00b3 (10.000.000)<\/td>\n<\/tr>\n<tr>\n<td class=\"produkte\">UV C<\/td>\n<td class=\"produkte\">2x 4W 254 nm<\/td>\n<\/tr>\n<tr>\n<td class=\"produkte\">Dimensiones<\/td>\n<td class=\"produkte\">580 x 405 x 395 mm (HxBxT)<\/td>\n<\/tr>\n<tr>\n<td class=\"produkte\">Voltaje<\/td>\n<td class=\"produkte\">220-240 V~50\/60 Hz<\/td>\n<\/tr>\n<tr>\n<td class=\"produkte\">Peso<\/td>\n<td class=\"produkte\">12 kg<\/td>\n<\/tr>\n<tr>\n<td class=\"produkte\">Color de la caja<\/td>\n<td class=\"produkte\">Blanco<\/td>\n<\/tr>\n<tr>\n<td class=\"produkte\">Cambiar elementos de filtro<\/td>\n<td class=\"produkte\">Recordatorio despu\u00e9s de 3.000 horas de tiempo de funcionamiento, alrededor de 10-12 meses<\/td>\n<\/tr>\n<tr>\n<td class=\"produkte\">Alcance de la entrega<\/td>\n<td class=\"produkte\">Dispositivo de filtraci\u00f3n completo que incluye <a href=\"https:\/\/bestelements.de\/es\/kaufen\/ersatzfilter-luft\/ersatz-filterelemente-doppel-set-luftfilter-be-air8\/\">medios filtrantes<\/a>, instrucciones de uso, control remoto<\/td>\n<\/tr>\n<\/tbody>\n<\/table>\n<\/div>\n<\/figure>\n<p><small>*Quelle https:\/\/bit.ly\/383piq4; **Valor calculado con una altura de techo de 2,80 m<\/small><\/p>","protected":false},"excerpt":{"rendered":"<h2><span class=\"blue-back\">BE AIR8<\/span> <span class=\"gray\">Max<\/span> <span class=\"textgray\">para habitaciones de grupo<\/span><\/h2>\n<div class=\"blue-back\">9 etapas de doble filtro en un solo dispositivo. Doble potencia y pureza con UV-C y HEPA 13 para salas de grupos de hasta 80 m\u00b2<\/div>\n<div id=\"icons-water-stoffe\"><i class=\"fa-solid fas fa-head-side-cough\"><\/i> <i class=\"fa-solid fas fa-virus-slash\"><\/i> <i class=\"fa-solid fas fa-sun-dust\"><\/i> <i class=\"fa-solid fas fa-bacterium\"><\/i> <i class=\"fa-solid fas fa-leaf-oak\"><\/i> <i class=\"fa-solid fas fa-smoking\"><\/i> <i class=\"fa-solid fas fa-lungs\"><\/i> <i class=\"fa-solid fas fa-cauldron\"><\/i> <i class=\"fa-solid fas fa-cat\"><\/i> <\/div>\n<ul>\n<li><a href=\"https:\/\/bestelements.de\/de\/wifi\/luftfilter-bestelements-air8-wifi-connection\/\"><img decoding=\"async\" class=\"size-full wp-image-3577 alignright\" src=\"https:\/\/bestelements.de\/wp-content\/uploads\/Smart-Home-WIFI-Icon.png\" alt=\"\" width=\"100\" height=\"100\" srcset=\"https:\/\/bestelements.de\/wp-content\/uploads\/Smart-Home-WIFI-Icon-66x66.png 66w, https:\/\/bestelements.de\/wp-content\/uploads\/Smart-Home-WIFI-Icon.png 100w\" sizes=\"(max-width: 100px) 100vw, 100px\" \/><\/a>9 etapas de filtro doble efectivas que incluyen UV-C contra virus, bacterias, aerosoles, g\u00e9rmenes, formaldeh\u00eddo, polen, al\u00e9rgenos, polvo fino y mucho m\u00e1s<\/li>\n<li>Alto grado de separaci\u00f3n de pureza doble HEPA 13 99,95%<\/li>\n<li>Mejora medible en la calidad del aire.<\/li>\n<li>Volumen de aire filtrado hasta 836 m\u00b3 por hora (certificado)<\/li>\n<li>Toma de aire eficiente en ambos lados<\/li>\n<li>Pantalla con contaminaci\u00f3n del aire actual, PM2.5, mensaje de cambio de filtro<\/li>\n<li>WiFi: dispositivo inteligente con control de aplicaciones<\/li>\n<li>Empresa alemana con soporte experto<\/li>\n<\/ul>\n<p><a class=\"sg-popup-id-2963 dotted\" href=\"#\"><i class=\"fa fa-info-circle\"><\/i> \u00bfAdecuado para qui\u00e9n? Para oficinas, salas de grupos, consultorios m\u00e9dicos, gastro, fitness&#8230;<\/a><br \/>\n<a class=\"sg-popup-id-3971 dotted\" href=\"#\"><i class=\"fa fa-info-circle\"><\/i> Estas sustancias se filtran del aire.<\/a><\/p>\n","protected":false},"featured_media":1791,"template":"","meta":{"footnotes":""},"product_brand":[],"product_cat":[107],"product_tag":[214,215,216,217],"class_list":{"0":"post-1790","1":"product","2":"type-product","3":"status-publish","4":"has-post-thumbnail","6":"product_cat-luftfilter-luftreiniger-onlineshop","7":"product_tag-luftfilter-buero","8":"product_tag-luftfilter-zuhause","9":"product_tag-luftfilter-schlafzimmer","10":"product_tag-luftfilter-gruppen-schule-kita","11":"product_shipping_class-luftfilter-bis-20-kg","13":"first","14":"instock","15":"featured","16":"taxable","17":"shipping-taxable","18":"purchasable","19":"product-type-simple"},"_links":{"self":[{"href":"https:\/\/bestelements.de\/es\/wp-json\/wp\/v2\/product\/1790","targetHints":{"allow":["GET"]}}],"collection":[{"href":"https:\/\/bestelements.de\/es\/wp-json\/wp\/v2\/product"}],"about":[{"href":"https:\/\/bestelements.de\/es\/wp-json\/wp\/v2\/types\/product"}],"version-history":[{"count":0,"href":"https:\/\/bestelements.de\/es\/wp-json\/wp\/v2\/product\/1790\/revisions"}],"wp:featuredmedia":[{"embeddable":true,"href":"https:\/\/bestelements.de\/es\/wp-json\/wp\/v2\/media\/1791"}],"wp:attachment":[{"href":"https:\/\/bestelements.de\/es\/wp-json\/wp\/v2\/media?parent=1790"}],"wp:term":[{"taxonomy":"product_brand","embeddable":true,"href":"https:\/\/bestelements.de\/es\/wp-json\/wp\/v2\/product_brand?post=1790"},{"taxonomy":"product_cat","embeddable":true,"href":"https:\/\/bestelements.de\/es\/wp-json\/wp\/v2\/product_cat?post=1790"},{"taxonomy":"product_tag","embeddable":true,"href":"https:\/\/bestelements.de\/es\/wp-json\/wp\/v2\/product_tag?post=1790"}],"curies":[{"name":"wp","href":"https:\/\/api.w.org\/{rel}","templated":true}]}}