{"id":178,"date":"2020-08-23T14:56:25","date_gmt":"2020-08-23T12:56:25","guid":{"rendered":"https:\/\/bestelements.de\/?post_type=product&#038;p=178"},"modified":"2025-05-17T11:54:32","modified_gmt":"2025-05-17T09:54:32","slug":"trinkwassertest","status":"publish","type":"product","link":"https:\/\/bestelements.de\/es\/kaufen\/trinkwassertest\/trinkwassertest\/","title":{"rendered":"Pruebas de agua potable en el laboratorio IVARIO"},"content":{"rendered":"<p><\/p>\n<h2>An\u00e1lisis de agua en un laboratorio de agua acreditado &#8211; Hecho en Alemania<\/h2>\n<p>Sus muestras ser\u00e1n analizadas de forma precisa y fiable en laboratorios especializados certificados en Alemania.<\/p>\n<h3>Tome una muestra seg\u00fan las instrucciones, env\u00ede la muestra y obtenga los resultados.<\/h3>\n<h3>MINI PRUEBA DE AGUA<\/h3>\n<ul>\n<li>8 valores de prueba<\/li>\n<li>Metales y metales pesados, minerales, formadores de dureza y valor de pH<\/li>\n<\/ul>\n<h3>PRUEBA DE AGUA POTABLE COMBI<\/h3>\n<ul>\n<li>19 valores de prueba<\/li>\n<li>Prueba completa con una descripci\u00f3n completa de los principales contaminantes del agua.<\/li>\n<li>Especialmente para edificios nuevos (construidos a partir del a\u00f1o 2000)<\/li>\n<li>Analiza su agua para detectar numerosos metales pesados, minerales, dureza del agua y mucho m\u00e1s. metro.<\/li>\n<\/ul>\n<h3>AN\u00c1LISIS DE AGUA M\u00c1S PRUEBA DE AGUA<\/h3>\n<ul>\n<li>32 valores de prueba<\/li>\n<li>Adecuado para familias, personas inmunodeprimidas o administradores de propiedades\/propietarios.<\/li>\n<li>Para edificios nuevos y antiguos<\/li>\n<li>Amplia gama de an\u00e1lisis, especialmente recomendado para tuber\u00edas y edificios antiguos.<\/li>\n<li>Valores de prueba que incluyen uranio<\/li>\n<\/ul>\n<h3>PRUEBA DE AGUA PREMIUM<\/h3>\n<ul>\n<li>50 valores de prueba<\/li>\n<li>M\u00e1xima seguridad y certeza sobre su agua potable en caso de turbidez, decoloraci\u00f3n, olor o sabor inusual del agua.<\/li>\n<li>El an\u00e1lisis de agua m\u00e1s completo<\/li>\n<li>Especialmente recomendado para familias, personas inmunodeprimidas o mayores.<\/li>\n<\/ul>\n<h3>PRUEBA DE AGUA PARA LLEVAR<\/h3>\n<ul>\n<li>9 valores de prueba<\/li>\n<li>10 tiras de prueba para determinar la calidad del agua<\/li>\n<li>Prueba 9 en 1 para 9 par\u00e1metros de prueba esenciales<\/li>\n<li>Adecuado para viajes, hoteles, apartamentos de vacaciones, aguas termales, senderismo y m\u00e1s.<\/li>\n<\/ul>\n<h3>PRUEBA DE AGUA PARA BEB\u00c9S<\/h3>\n<ul>\n<li>19 valores de prueba<\/li>\n<li>Comprueba si tu agua es adecuada para preparar alimentos para beb\u00e9s, ni\u00f1os peque\u00f1os y mujeres embarazadas.<\/li>\n<li>La popular prueba de agua para padres.<\/li>\n<li>Perfecto para mujeres embarazadas y familias con beb\u00e9s o ni\u00f1os peque\u00f1os.<\/li>\n<li>An\u00e1lisis expertos en laboratorios acreditados seg\u00fan DIN-EN-ISO 17025<\/li>\n<li>Especialmente dise\u00f1ado para analizar el agua para preparar alimentos para beb\u00e9s.<\/li>\n<\/ul>\n<h3>AN\u00c1LISIS DE AGUA CON PFAS<\/h3>\n<ul>\n<li>20 valores de prueba<\/li>\n<li>Detecci\u00f3n de PFAS (sustancias perfluoroalquiladas y polifluoroalquiladas) para proteger la salud<\/li>\n<li>Seguridad y certeza sobre la calidad de su agua potable<\/li>\n<li>Especialmente adecuado para familias con beb\u00e9s o ni\u00f1os peque\u00f1os \/ mujeres embarazadas<\/li>\n<\/ul>\n<h3>AN\u00c1LISIS DE AGUA CON BPA<\/h3>\n<ul>\n<li>1 valor de prueba<\/li>\n<li>Si se sospecha que hay BPA en el agua, por ejemplo: en tuber\u00edas renovadas con resina epoxi o en tuber\u00edas de pl\u00e1stico<\/li>\n<li>Resultados r\u00e1pidos de la prueba: despu\u00e9s de solo 5 a 7 d\u00edas, incluidos consejos de expertos<\/li>\n<li>Seguridad sobre la calidad del agua potable y minimizaci\u00f3n de posibles riesgos para la salud<\/li>\n<\/ul>\n<h3>MEDICAMENTOS PARA PRUEBAS DE AGUA MEDICAMENTOS PESTICIDAS<\/h3>\n<ul>\n<li>82 valores de prueba<\/li>\n<li>Pruebas de residuos de medicamentos y pesticidas en el agua potable<\/li>\n<li>Los pesticidas son un peligro potencial que ingresa al agua potable a trav\u00e9s del agua subterr\u00e1nea y, en \u00faltima instancia, al organismo.<\/li>\n<li>La contaminaci\u00f3n del agua potable por residuos farmac\u00e9uticos y de medicamentos se est\u00e1 produciendo a una escala cada vez mayor<\/li>\n<li>Analice el agua del grifo para detectar medicamentos y pesticidas.<\/li>\n<\/ul>\n<p>Las bacterias en el agua potable son una causa com\u00fan de enfermedades. Aqu\u00ed encontrar\u00e1 nuestras pruebas de agua de bacterias y g\u00e9rmenes BASIS, PLUS y PREMIUM para una calidad de agua potable segura.<\/p>\n<h3>BASE DE PRUEBA DE AGUA PARA BACTERIAS<\/h3>\n<ul>\n<li>2 valores de prueba<\/li>\n<li>Pruebas de pat\u00f3genos conocidos como E. coli y bacterias coliformes<\/li>\n<\/ul>\n<h3>PRUEBA DE AGUA DE BACTERIAS PLUS<\/h3>\n<ul>\n<li>5 valores de prueba<\/li>\n<li>An\u00e1lisis completo de los g\u00e9rmenes m\u00e1s importantes en el agua.<\/li>\n<li>Prueba de recuento de g\u00e9rmenes a 22 \u00b0C (temperatura ambiente) y 36 \u00b0C (temperatura corporal)<\/li>\n<\/ul>\n<h3>PRUEBA DE AGUA PARA BACTERIAS PREMIUM<\/h3>\n<ul>\n<li>7 valores de prueba<\/li>\n<li>Revisi\u00f3n de par\u00e1metros importantes, incluido el an\u00e1lisis de Legionella y Pseudomonas<\/li>\n<li>An\u00e1lisis completo de su agua potable<\/li>\n<\/ul>\n<h3>PRUEBA DE METALES PESADOS EN AGUA POTABLE<\/h3>\n<ul>\n<li>7 valores de prueba<\/li>\n<li>Muestreo sencillo que incluye instrucciones (no se requieren conocimientos previos)<\/li>\n<li>An\u00e1lisis de agua en el laboratorio de agua acreditado seg\u00fan DIN-EN-ISO 17025<\/li>\n<li>Resultados de la prueba despu\u00e9s de 10 a 14 d\u00edas, incluidos consejos y recomendaciones de expertos.<\/li>\n<\/ul>\n<h3>AN\u00c1LISIS B\u00c1SICO 3 EN 1 DE AGUA POTABLE, AGUA PARA BEB\u00c9S Y METALES PESADOS<\/h3>\n<ul>\n<li>Profesional y asequible para tu salud.<\/li>\n<li>La calidad del agua del grifo s\u00f3lo se controla en las tuber\u00edas municipales. Por eso es a\u00fan m\u00e1s importante que analices el agua del grifo peri\u00f3dicamente. A menudo los problemas surgen en las propias tuber\u00edas del edificio. Los metales pesados \u200b\u200bcomo el plomo y el hierro, los niveles elevados de nitrato o las bacterias da\u00f1inas pueden reducir la calidad potable del agua del grifo. Si los valores l\u00edmite se desv\u00edan de los de la Ordenanza sobre agua potable, pueden poner en peligro su salud.<\/li>\n<\/ul>\n<h3>PRUEBA DE LEGIONELLA EN EL AGUA<\/h3>\n<ul>\n<li>Controles de Legionella<\/li>\n<li>Verificar defectos de instalaci\u00f3n y ajuste del sistema de tuber\u00edas<\/li>\n<li>Adecuado para reformas, primera ocupaci\u00f3n de edificios o tras un largo periodo de desocupaci\u00f3n (apartamentos vacacionales).<\/li>\n<li>Elimina la Legionella del agua potable y detecta r\u00e1pidamente la contaminaci\u00f3n por Legionella.<\/li>\n<li>La prueba de agua Legionella detecta de forma fiable las bacterias en el agua y proporciona una seguridad r\u00e1pida.<\/li>\n<\/ul>\n<h3>PRUEBA DE AGUA DE LA PISCINA<\/h3>\n<ul>\n<li>7 valores de prueba<\/li>\n<li>An\u00e1lisis anual del agua de su piscina<\/li>\n<li>Compruebe si hay bacterias y g\u00e9rmenes da\u00f1inos<\/li>\n<li>Seguridad y certeza sobre la calidad del agua de su piscina<\/li>\n<\/ul>\n<p>Las pruebas de agua de pozo y naturaleza son para agua de pozo, aguas naturales, agua de manantial, agua potable y mucho m\u00e1s. adecuado. Las diferentes pruebas de agua de pozo, desde Basic hasta Plus y Premium, analizan hasta 44 valores de prueba importantes para uso privado y comercial.<\/p>\n<h3>BASE DE PRUEBA DE AGUA DE POZO<\/h3>\n<ul>\n<li>11 valores de prueba<\/li>\n<li>Ideal para aficiones y jardineros de parcelas<\/li>\n<li>An\u00e1lisis de agua confiable durante la temporada de jardiner\u00eda<\/li>\n<li>Comprobaci\u00f3n de posible contaminaci\u00f3n y contaminaci\u00f3n qu\u00edmica<\/li>\n<\/ul>\n<h3>PRUEBA DE AGUA DE POZO PLUS<\/h3>\n<ul>\n<li>19 valores de prueba<\/li>\n<li>Perfecto para jardineros aficionados y agricultores.<\/li>\n<li>Un uso seguro que va m\u00e1s all\u00e1 del riego de plantas ornamentales y \u00fatiles<\/li>\n<li>An\u00e1lisis exhaustivo de los contaminantes m\u00e1s importantes del agua.<\/li>\n<\/ul>\n<h3>PRUEBA DE AGUA DE POZO &#8211; PREMIUM<\/h3>\n<ul>\n<li>44 valores de prueba<\/li>\n<li>Recomendado para propietarios, agricultores y responsables del agua de pozo.<\/li>\n<li>Descripci\u00f3n general completa de todos los par\u00e1metros relevantes<\/li>\n<li>Detecci\u00f3n de violaciones de valores l\u00edmite y protecci\u00f3n jur\u00eddica<\/li>\n<\/ul>\n<h3>PRUEBA DE AGUA RKI PRUEBA DE PR\u00c1CTICA DENTAL<\/h3>\n<ul>\n<li>La prueba del agua para su consultorio dental<\/li>\n<li>An\u00e1lisis anual del agua en su consultorio seg\u00fan las recomendaciones del RKI<\/li>\n<\/ul>\n<h3>La PRUEBA DE AGUA DENTAL<\/h3>\n<ul>\n<li>Verifica el agua en sus unidades de tratamiento para detectar Legionella, recuento total de g\u00e9rmenes 36 \u00b0C y Pseudomonas aeruginosa de acuerdo con las pautas del RKI.<\/li>\n<li>DIN EN ISO 17025<\/li>\n<li>Garantizar los est\u00e1ndares de higiene prescritos<\/li>\n<li>Protegiendo a sus pacientes<\/li>\n<\/ul>\n<p>Recibir\u00e1 todos los resultados de la prueba de agua potable dentro de aproximadamente 7 a 14 d\u00edas despu\u00e9s de su recepci\u00f3n en el laboratorio. Si lo desea, tambi\u00e9n puede recibir los resultados del an\u00e1lisis de forma gratuita por correo postal. Adem\u00e1s, los resultados pueden verse en l\u00ednea e imprimirse c\u00f3modamente. Para que todo sea lo m\u00e1s claro posible, los resultados del an\u00e1lisis individual se presentan de forma clara. Para poder identificar inmediatamente posibles fuentes de peligro, estos resultados tambi\u00e9n se comparan con los valores l\u00edmite establecidos en la Ordenanza de Agua Potable. De esta manera, usted no s\u00f3lo podr\u00e1 ver si su agua potable est\u00e1 contaminada, sino tambi\u00e9n en qu\u00e9 medida. Los resultados son ideales para presentarlos al propietario o a la administraci\u00f3n de la propiedad.<\/p>\n<h3>M\u00e1s pruebas de laboratorio<\/h3>\n<ul>\n<li>\n<h3><a href=\"https:\/\/bestelements.de\/es\/kaufen\/messgeraete-luftqualitaet\/asbesttests\/\">Pruebas de amianto<\/a><\/h3>\n<\/li>\n<li>\n<h3><a href=\"https:\/\/bestelements.de\/es\/kaufen\/messgeraete-luftqualitaet\/schimmelentferner-schimmeltests\/\">Pruebas de moho<\/a><\/h3>\n<\/li>\n<\/ul>\n<p><small>Recomendamos realizar pruebas mediante una empresa asociada. El enlace a la prueba es un llamado enlace de afiliado y conduce directamente al proveedor. El precio es el mismo que directamente del proveedor, no te saldr\u00e1 m\u00e1s caro y podr\u00e1s recibir un descuento a trav\u00e9s de nuestro enlace. La descripci\u00f3n proviene del vendedor. Hay m\u00e1s pruebas disponibles en el sitio web de la empresa asociada.<\/small><\/p>","protected":false},"excerpt":{"rendered":"<p>PRUEBAS DE AGUA Agua potable\/agua del grifo<\/p>\n<p>PRUEBA DE AGUA PARA BEB\u00c9S<\/p>\n<p>AN\u00c1LISIS DE AGUA PFAS Y BPA<\/p>\n<p>MEDICAMENTOS MEDICAMENTOS PESTICIDAS PRUEBA DE AGUA<\/p>\n<p>Pruebas de agua bacteriana<\/p>\n<p>PRUEBA DE METALES PESADOS EN AGUA POTABLE<\/p>\n<p>PRUEBA DE LEGIONELLA EN EL AGUA<\/p>\n<p>PRUEBA DE AGUA DE LA PISCINA<\/p>\n<p>PRUEBAS DE AGUA DE POZO<\/p>\n<p>PRUEBA DE AGUA RKI PRUEBA DE PR\u00c1CTICA DENTAL<\/p>\n<p>Una de cada cuatro muestras de agua est\u00e1 contaminada. \u00a1An\u00e1lisis del agua del grifo para su seguridad y la de su familia!<\/p>\n","protected":false},"featured_media":30043,"template":"","meta":{"footnotes":""},"product_brand":[],"product_cat":[39],"product_tag":[266],"class_list":{"0":"post-178","1":"product","2":"type-product","3":"status-publish","4":"has-post-thumbnail","6":"product_cat-trinkwassertest","7":"product_tag-test","9":"first","10":"instock","11":"product-type-external"},"_links":{"self":[{"href":"https:\/\/bestelements.de\/es\/wp-json\/wp\/v2\/product\/178","targetHints":{"allow":["GET"]}}],"collection":[{"href":"https:\/\/bestelements.de\/es\/wp-json\/wp\/v2\/product"}],"about":[{"href":"https:\/\/bestelements.de\/es\/wp-json\/wp\/v2\/types\/product"}],"version-history":[{"count":0,"href":"https:\/\/bestelements.de\/es\/wp-json\/wp\/v2\/product\/178\/revisions"}],"wp:featuredmedia":[{"embeddable":true,"href":"https:\/\/bestelements.de\/es\/wp-json\/wp\/v2\/media\/30043"}],"wp:attachment":[{"href":"https:\/\/bestelements.de\/es\/wp-json\/wp\/v2\/media?parent=178"}],"wp:term":[{"taxonomy":"product_brand","embeddable":true,"href":"https:\/\/bestelements.de\/es\/wp-json\/wp\/v2\/product_brand?post=178"},{"taxonomy":"product_cat","embeddable":true,"href":"https:\/\/bestelements.de\/es\/wp-json\/wp\/v2\/product_cat?post=178"},{"taxonomy":"product_tag","embeddable":true,"href":"https:\/\/bestelements.de\/es\/wp-json\/wp\/v2\/product_tag?post=178"}],"curies":[{"name":"wp","href":"https:\/\/api.w.org\/{rel}","templated":true}]}}