{"id":1594,"date":"2020-11-17T11:22:44","date_gmt":"2020-11-17T10:22:44","guid":{"rendered":"https:\/\/bestelements.de\/?post_type=product&#038;p=1594"},"modified":"2025-10-15T15:09:44","modified_gmt":"2025-10-15T13:09:44","slug":"luftfilter-luftreiniger-beair4-zuhause","status":"publish","type":"product","link":"https:\/\/bestelements.de\/es\/kaufen\/luftfilter-luftreiniger-onlineshop\/luftfilter-luftreiniger-beair4-zuhause\/","title":{"rendered":"Purificador de aire BE AIR4 para el hogar"},"content":{"rendered":"<p><\/p>\n<h2>El aire limpio puede ser tan silencioso que finalmente vuelve a dormir toda la noche.<\/h2>\n<p><span class=\"gray\">\u00bfConoces tambi\u00e9n esa sensaci\u00f3n cuando tienes la nariz tapada, los ojos irritados o te molestan los al\u00e9rgenos y los olores? \u00a1Esto finalmente puede parar! Con el purificador de aire BE AIR4, esas preocupaciones son cosa del pasado. 5 niveles de filtrado consiguen un alto grado de pureza del aire de tu hogar. Y es tan silencioso como un mouse en modo de suspensi\u00f3n para un sue\u00f1o reparador o para un trabajo concentrado en oficinas peque\u00f1as.<\/span><\/p>\n<h2><span class=\"blue-back\">BE AIR4<\/span> <span class=\"gray\">Purificador de aire<\/span><\/h2>\n<div class=\"blue-back\">Cuando el aire limpio y la materia tranquila.<\/div>\n<p><img decoding=\"async\" class=\"lazyload alignnone wp-image-17295 size-full\" src=\"https:\/\/bestelements.de\/wp-content\/uploads\/Luftreiniger-AIR4-Anwendung-Banner.jpg\" data-orig-src=\"https:\/\/bestelements.de\/wp-content\/uploads\/Luftreiniger-AIR4-Anwendung-Banner.jpg\" alt=\"Luftreiniger AIR4 im Schlafzimmer\" width=\"1140\" height=\"313\" srcset=\"data:image\/svg+xml,%3Csvg%20xmlns%3D%27http%3A%2F%2Fwww.w3.org%2F2000%2Fsvg%27%20width%3D%271140%27%20height%3D%27313%27%20viewBox%3D%270%200%201140%20313%27%3E%3Crect%20width%3D%271140%27%20height%3D%27313%27%20fill-opacity%3D%220%22%2F%3E%3C%2Fsvg%3E\" data-srcset=\"https:\/\/bestelements.de\/wp-content\/uploads\/Luftreiniger-AIR4-Anwendung-Banner-200x55.jpg 200w, https:\/\/bestelements.de\/wp-content\/uploads\/Luftreiniger-AIR4-Anwendung-Banner-300x82.jpg 300w, https:\/\/bestelements.de\/wp-content\/uploads\/Luftreiniger-AIR4-Anwendung-Banner-400x110.jpg 400w, https:\/\/bestelements.de\/wp-content\/uploads\/Luftreiniger-AIR4-Anwendung-Banner-500x137.jpg 500w, https:\/\/bestelements.de\/wp-content\/uploads\/Luftreiniger-AIR4-Anwendung-Banner-600x165.jpg 600w, https:\/\/bestelements.de\/wp-content\/uploads\/Luftreiniger-AIR4-Anwendung-Banner-700x192.jpg 700w, https:\/\/bestelements.de\/wp-content\/uploads\/Luftreiniger-AIR4-Anwendung-Banner-768x211.jpg 768w, https:\/\/bestelements.de\/wp-content\/uploads\/Luftreiniger-AIR4-Anwendung-Banner-800x220.jpg 800w, https:\/\/bestelements.de\/wp-content\/uploads\/Luftreiniger-AIR4-Anwendung-Banner-1024x281.jpg 1024w, https:\/\/bestelements.de\/wp-content\/uploads\/Luftreiniger-AIR4-Anwendung-Banner.jpg 1140w\" data-sizes=\"auto\" data-orig-sizes=\"(max-width: 1140px) 100vw, 1140px\" \/><\/p>\n<p>Elimina polvo fino PM 2.5, polvo dom\u00e9stico, polen, polen, humo y humo de cigarrillos, olores, g\u00e9rmenes y pat\u00f3genos, microorganismos, bacterias y virus, aerosoles, esporas de moho, pelo de animales y \u00e1caros, metales pesados, amianto, polvos t\u00f3xicos, TVOC, formaldeh\u00eddo, compuestos org\u00e1nicos y muchas otras impurezas m\u00e1s.<\/p>\n<div class=\"blue-back-box\" style=\"text-align: left;\">Ejemplo: el aire de una habitaci\u00f3n de 15 m\u00b2 se filtra por completo unas 5,7 veces por hora*<\/div>\n<div id=\"icons-air-features\"><\/div>\n<figure class=\"wp-block-table\">\n<div class=\"table-1\">\n<table width=\"100%\">\n<tbody>\n<tr>\n<td align=\"left\"><strong>5 niveles de filtro<\/strong><\/td>\n<td align=\"left\"><\/td>\n<\/tr>\n<tr>\n<td align=\"left\"><strong>Salida de aire de c\u00edrculo completo de 360\u00b0<\/strong><\/td>\n<td align=\"left\"><span class=\"blue strong\">S\u00daPER FUNCI\u00d3N<\/span><\/td>\n<\/tr>\n<tr>\n<td align=\"left\">Caudal\/rendimiento del filtro CADR: 240 m\u00b3\/h<\/td>\n<td align=\"left\"><span class=\"blue strong\">BUEN VALOR<\/span><\/td>\n<\/tr>\n<tr>\n<td align=\"left\">4 niveles de velocidad de baja a alta velocidad + modo de suspensi\u00f3n<\/td>\n<td align=\"left\"><span class=\"blue strong\">MEJOR VALOR<\/span><\/td>\n<\/tr>\n<tr>\n<td align=\"left\"><strong>Modo susurro muy silencioso 26 dB<\/strong><\/td>\n<td align=\"left\"><span class=\"blue strong\">MEJOR VALOR<\/span><\/td>\n<\/tr>\n<tr>\n<td align=\"left\"><strong><i class=\"fa fas fa-charging-station\"><\/i> Ahorro de energ\u00eda: 1\u00aa etapa solo 19 W <\/strong><\/td>\n<td align=\"left\"><span class=\"blue strong\">EL AHORRO DE ENERG\u00cdA<\/span><\/td>\n<\/tr>\n<tr>\n<td align=\"left\"><strong>Sensor de control autom\u00e1tico o manual<\/strong><\/td>\n<td align=\"left\"><span class=\"blue strong\">SENSOR INTELIGENTE<\/span><\/td>\n<\/tr>\n<tr>\n<td align=\"left\">Indicador de color para mostrar la contaminaci\u00f3n del aire actual<\/td>\n<td align=\"left\"><\/td>\n<\/tr>\n<tr>\n<td align=\"left\">Recordatorio para cambiar los elementos del filtro<\/td>\n<td align=\"left\"><\/td>\n<\/tr>\n<tr>\n<td align=\"left\">F\u00e1cil cambio de elementos filtrantes<\/td>\n<td align=\"left\"><\/td>\n<\/tr>\n<\/tbody>\n<\/table>\n<\/div>\n<\/figure>\n<p><img decoding=\"async\" class=\"lazyload alignnone size-full wp-image-349\" src=\"data:image\/gif;base64,R0lGODlhAQABAAAAACH5BAEKAAEALAAAAAABAAEAAAICTAEAOw==\" data-orig-src=\"https:\/\/bestelements.de\/wp-content\/uploads\/Filterstufen-Luftreiniger-BE-AIR4-Schema.jpg\" alt=\"\" width=\"\" height=\"\" \/><\/p>\n<h2 class=\"linie\"><span class=\"blue-back\">BE AIR4<\/span> <span class=\"gray\">Etapas de filtrado<\/span><\/h2>\n<p><span class=\"blue\">\u2776\u00a0<strong>Filtro frontal<\/strong><\/span><br \/>\nElimina part\u00edculas m\u00e1s grandes, cabello, caspa, polen<br \/>\n<span class=\"blue\">\u2777\u00a0<strong>TRUE HEPA<\/strong><\/span><br \/>\nFiltra part\u00edculas microm\u00e9tricas ultrafinas de hasta 0,03 \u00b5m, bacterias y virus, aerosoles<br \/>\n<span class=\"blue\">\u2778 <strong>Filtro de carb\u00f3n activado<\/strong><\/span><br \/>\nEl tamiz de alto peso molecular con una superficie inmensa absorbe sustancias nocivas, elimina olores y part\u00edculas moleculares como el amon\u00edaco, absorbe y descompone el formaldeh\u00eddo, elimina componentes org\u00e1nicos y aerosoles<br \/>\n<span class=\"blue\">\u2779 <strong>Ionizador (iones negativos)<\/strong><\/span><br \/>\nTambi\u00e9n conocidas como \u00abvitaminas del aire\u00bb absorben r\u00e1pidamente sustancias nocivas y se unen a varios contaminantes como polvo, olores, bacterias, virus.<br \/>\n<span class=\"blue\">\u277a\u00a0<strong>UV (UV-C)<\/strong><\/span><br \/>\nElimina esporas de moho, g\u00e9rmenes, bacterias y virus.<br \/>\n<small>Las etapas de filtro individuales se pueden encender\/apagar seg\u00fan sea necesario<\/small><\/p>\n<h2 class=\"linie\"><span class=\"blue-back\">BE AIR4<\/span> <span class=\"gray\">Extras<\/span><\/h2>\n<ul>\n<li>Asa de transporte para un cambio r\u00e1pido<\/li>\n<li>Con control remoto<\/li>\n<li>Bloqueo para ni\u00f1os <i class=\"fa fas fa-child\"><\/i><\/li>\n<li>Temporizador de 1 a 8 horas\u00a0<i class=\"fa fas fa-clock\"><\/i><\/li>\n<\/ul>\n<h2 class=\"linie\"><span class=\"blue-back\">BE AIR4<\/span> <span class=\"gray\"> Descargas<\/span><\/h2>\n<p><div class=\"fusion-content-boxes content-boxes columns row fusion-columns-3 fusion-columns-total-3 fusion-content-boxes-3 content-boxes-icon-on-side content-left\" style=\"--awb-hover-accent-color:#3d66ae;--awb-circle-hover-accent-color:#3d66ae;\" data-animationOffset=\"top-into-view\"><div style=\"--awb-backgroundcolor:rgba(255,255,255,0);--awb-content-padding-left:64px;\" class=\"fusion-column content-box-column content-box-column content-box-column-1 col-lg-4 col-md-4 col-sm-4 fusion-content-box-hover content-box-column-first-in-row\"><div class=\"col content-box-wrapper content-wrapper link-area-link-icon link-type-text content-icon-wrapper-yes icon-hover-animation-fade\" data-animationOffset=\"top-into-view\"><div class=\"heading heading-with-icon icon-left\"><a class=\"heading-link\" href=\"https:\/\/bestelements.de\/wp-content\/uploads\/Datenblatt-Luftfilter-BE-AIR4.pdf\" target=\"_self\"><div class=\"icon\"><span style=\"height:42px;width:42px;line-height:22px;border-color:rgba(255,255,255,0);border-width:1px;border-style:solid;background-color:#009fe3;margin-right:20px;box-sizing:content-box;border-radius:50%;\"><i style=\"border-color:#009fe3;border-width:1px;background-color:#009fe3;box-sizing:content-box;height:40px;width:40px;line-height:40px;border-radius:50%;position:relative;top:auto;left:auto;margin:0;border-radius:50%;font-size:20px;\" aria-hidden=\"true\" class=\"fontawesome-icon fa-file-alt fas circle-yes\"><\/i><\/span><\/div><\/a><\/div><div class=\"fusion-clearfix\"><\/div><a class=\" fusion-read-more\" style=\"margin-left:64px;\" href=\"https:\/\/bestelements.de\/wp-content\/uploads\/Datenblatt-Luftfilter-BE-AIR4.pdf\" target=\"_self\">BE AIR4 Datenblatt<\/a><div class=\"fusion-clearfix\"><\/div><\/div><\/div><div style=\"--awb-backgroundcolor:rgba(255,255,255,0);--awb-content-padding-left:64px;\" class=\"fusion-column content-box-column content-box-column content-box-column-2 col-lg-4 col-md-4 col-sm-4 fusion-content-box-hover \"><div class=\"col content-box-wrapper content-wrapper link-area-link-icon link-type-text content-icon-wrapper-yes icon-hover-animation-fade\" data-animationOffset=\"top-into-view\"><div class=\"heading heading-with-icon icon-left\"><a class=\"heading-link\" href=\"https:\/\/bestelements.de\/manuals\/gebrauchsanleitungen\/\" target=\"_self\"><div class=\"icon\"><span style=\"height:42px;width:42px;line-height:22px;border-color:rgba(255,255,255,0);border-width:1px;border-style:solid;background-color:#009fe3;margin-right:20px;box-sizing:content-box;border-radius:50%;\"><i style=\"border-color:#009fe3;border-width:1px;background-color:#009fe3;box-sizing:content-box;height:40px;width:40px;line-height:40px;border-radius:50%;position:relative;top:auto;left:auto;margin:0;border-radius:50%;font-size:20px;\" aria-hidden=\"true\" class=\"fontawesome-icon fa-file-alt fas circle-yes\"><\/i><\/span><\/div><\/a><\/div><div class=\"fusion-clearfix\"><\/div><a class=\" fusion-read-more\" style=\"margin-left:64px;\" href=\"https:\/\/bestelements.de\/manuals\/gebrauchsanleitungen\/\" target=\"_self\">Gebrauchsanleitungen<\/a><div class=\"fusion-clearfix\"><\/div><\/div><\/div><div style=\"--awb-backgroundcolor:rgba(255,255,255,0);--awb-content-padding-left:64px;\" class=\"fusion-column content-box-column content-box-column content-box-column-3 col-lg-4 col-md-4 col-sm-4 fusion-content-box-hover content-box-column-last content-box-column-last-in-row\"><div class=\"col content-box-wrapper content-wrapper link-area-link-icon link-type-text content-icon-wrapper-yes icon-hover-animation-fade\" data-animationOffset=\"top-into-view\"><div class=\"heading heading-with-icon icon-left\"><a class=\"heading-link\" href=\"https:\/\/bestelements.de\/de\/produkt-kategorie\/ersatzfilter-luft\/\" target=\"_self\"><div class=\"icon\"><span style=\"height:42px;width:42px;line-height:22px;border-color:rgba(255,255,255,0);border-width:1px;border-style:solid;background-color:#009fe3;margin-right:20px;box-sizing:content-box;border-radius:50%;\"><i style=\"border-color:#009fe3;border-width:1px;background-color:#009fe3;box-sizing:content-box;height:40px;width:40px;line-height:40px;border-radius:50%;position:relative;top:auto;left:auto;margin:0;border-radius:50%;font-size:20px;\" aria-hidden=\"true\" class=\"fontawesome-icon fa-sync-alt fas circle-yes\"><\/i><\/span><\/div><\/a><\/div><div class=\"fusion-clearfix\"><\/div><a class=\" fusion-read-more\" style=\"margin-left:64px;\" href=\"https:\/\/bestelements.de\/de\/produkt-kategorie\/ersatzfilter-luft\/\" target=\"_self\">Insertos de filtro<\/a><div class=\"fusion-clearfix\"><\/div><\/div><\/div><div class=\"fusion-clearfix\"><\/div><\/div><div class=\"fusion-text fusion-text-5\"><p>\n<nav class=\"awb-menu awb-menu_row awb-menu_em-hover mobile-mode-collapse-to-button awb-menu_icons-left awb-menu_dc-yes mobile-trigger-fullwidth-off awb-menu_mobile-toggle awb-menu_indent-left mobile-size-full-absolute loading mega-menu-loading awb-menu_desktop awb-menu_dropdown awb-menu_expand-right awb-menu_transition-fade fusion-animated\" style=\"--awb-text-transform:none;--awb-gap:3px;--awb-submenu-bg:#ffffff;--awb-submenu-active-bg:#e8f6f9;--awb-submenu-text-transform:none;--awb-main-justify-content:flex-start;--awb-mobile-justify:flex-start;--awb-mobile-caret-left:auto;--awb-mobile-caret-right:0;--awb-fusion-font-family-typography:inherit;--awb-fusion-font-style-typography:normal;--awb-fusion-font-weight-typography:400;--awb-fusion-font-family-submenu-typography:inherit;--awb-fusion-font-style-submenu-typography:normal;--awb-fusion-font-weight-submenu-typography:400;--awb-fusion-font-family-mobile-typography:inherit;--awb-fusion-font-style-mobile-typography:normal;--awb-fusion-font-weight-mobile-typography:400;\" aria-label=\"Luft vergleichen\" data-breakpoint=\"0\" data-count=\"2\" data-transition-type=\"fade\" data-transition-time=\"300\" data-expand=\"right\" data-animationType=\"fadeInLeft\" data-animationDuration=\"1.0\" data-animationOffset=\"top-into-view\"><ul id=\"menu-luft-vergleichen-2\" class=\"fusion-menu awb-menu__main-ul awb-menu__main-ul_row\"><li   class=\"menu-item menu-item-type-custom menu-item-object-custom menu-item-4356 sg-popup-id-4357 awb-menu__li awb-menu__main-li awb-menu__li_button\"  data-item-id=\"4356\"><a  href=\"#\" class=\"awb-menu__main-a awb-menu__main-a_button\"><span class=\"menu-text fusion-button button-default button-small\"><span class=\"button-icon-divider-left fusion-megamenu-icon\"><i class=\"glyphicon fa-eye fas\" aria-hidden=\"true\"><\/i><\/span><span class=\"fusion-button-text-left\">Comparar dispositivos<\/span><\/span><\/a><\/li><\/ul><\/nav><div class=\"fusion-text fusion-text-5\"><\/div><\/p>\n<\/div><br \/>\n<a class=\"sg-popup-id-149 dotted\" href=\"#\"><i class=\"fa fa-comments\"><\/i> Estaremos encantados de responder a sus preguntas sobre este dispositivo de filtro.<\/a><\/p>\n<figure class=\"wp-block-table\">\n<div class=\"table-1\">\n<table>\n<tbody>\n<tr>\n<td class=\"produkte\">Ionizador<\/td>\n<td class=\"produkte\">2x 10<sup>7<\/sup> pcs\/cm\u00b3 (2 veces 10,000,000)<\/td>\n<\/tr>\n<tr>\n<td class=\"produkte\">UV C<\/td>\n<td class=\"produkte\">5W 254 nm<\/td>\n<\/tr>\n<tr>\n<td class=\"produkte\">Dimensiones<\/td>\n<td class=\"produkte\">460 x 350 x 180 mm (AlxAnxL)<\/td>\n<\/tr>\n<tr>\n<td class=\"produkte\">Voltaje<\/td>\n<td class=\"produkte\">220-240 V~50\/60 Hz<\/td>\n<\/tr>\n<tr>\n<td class=\"produkte\">Peso<\/td>\n<td class=\"produkte\">6 kg<\/td>\n<\/tr>\n<tr>\n<td class=\"produkte\">Color de la caja<\/td>\n<td class=\"produkte\">Blanco<\/td>\n<\/tr>\n<tr>\n<td class=\"produkte\">Cambiar elementos de filtro<\/td>\n<td class=\"produkte\">Recordatorio despu\u00e9s de 2000 horas de tiempo de funcionamiento, alrededor de 8-12 meses<\/td>\n<\/tr>\n<tr>\n<td class=\"produkte\">Alcance de la entrega<\/td>\n<td class=\"produkte\">Dispositivo de filtraci\u00f3n completo que incluye <a href=\"https:\/\/bestelements.de\/es\/kaufen\/ersatzfilter-luft\/ersatz-filterelement-luftfilter-be-air4\/\">medios filtrantes<\/a>, instrucciones de uso, control remoto<\/td>\n<\/tr>\n<\/tbody>\n<\/table>\n<\/div>\n<\/figure>\n<p><small>* Valor calculado con una altura de techo de 2,80 m<\/small><\/p>","protected":false},"excerpt":{"rendered":"<h2><span class=\"blue-back\">BE AIR4<\/span> <span class=\"gray\">Filtro de aire silencioso<\/span><\/h2>\n<div class=\"blue-back\">Filtro de aire muy silencioso y eficiente para dormitorios, salones, salas de trabajo y peque\u00f1as oficinas de hasta 40 m\u00b2<\/div>\n<div id=\"icons-water-stoffe\"><i class=\"fa-solid fas fa-head-side-cough\"><\/i> <i class=\"fa-solid fas fa-virus-slash\"><\/i> <i class=\"fa-solid fas fa-sun-dust\"><\/i> <i class=\"fa-solid fas fa-bacterium\"><\/i> <i class=\"fa-solid fas fa-leaf-oak\"><\/i> <i class=\"fa-solid fas fa-smoking\"><\/i> <i class=\"fa-solid fas fa-lungs\"><\/i> <i class=\"fa-solid fas fa-cauldron\"><\/i> <i class=\"fa-solid fas fa-cat\"><\/i> <\/div>\n<ul>\n<li>5 niveles de filtro efectivos que incluyen UV-C contra virus, bacterias, aerosoles, g\u00e9rmenes, formaldeh\u00eddo, polen, al\u00e9rgenos, polvo fino y mucho m\u00e1s.<\/li>\n<li>Mejora medible en la calidad del aire.<\/li>\n<li>Aire limpio en habitaciones de hasta 40 m\u00b2<\/li>\n<li>Silencioso como un susurro gracias al modo de suspensi\u00f3n<\/li>\n<li>Aire fresco de 360\u00b0: salida de aire de c\u00edrculo completo<\/li>\n<li>Indicador de color<\/li>\n<li>Tama\u00f1o compacto<\/li>\n<li>Empresa alemana con soporte experto<\/li>\n<\/ul>\n<p><a class=\"sg-popup-id-2968 dotted\" href=\"#\"><i class=\"fa fa-info-circle\"><\/i> \u00bfAdecuado para qui\u00e9n? Para espacios tranquilos para dormir, vivir y trabajar&#8230;<\/a><br \/>\n<a class=\"sg-popup-id-3971 dotted\" href=\"#\"><i class=\"fa fa-info-circle\"><\/i> Estas sustancias se filtran del aire.<\/a><br \/>\n<!-- JSON-LD Bewertung Stars--><br \/>\n<script type=\"application\/ld+json\">\n{\n\"@context\": \"http:\/\/schema.org\",\n\"@type\": \"Product\",\n\"name\": \"Comprar filtros de aire para el hogar\",\n\"aggregateRating\": {\n\"@type\": \"AggregateRating\",\n\"ratingValue\": \"4.3\",\n\"reviewCount\": \"56\"\n}\n}\n<\/script><\/p>\n","protected":false},"featured_media":2221,"template":"","meta":{"footnotes":""},"product_brand":[],"product_cat":[107],"product_tag":[215,216],"class_list":{"0":"post-1594","1":"product","2":"type-product","3":"status-publish","4":"has-post-thumbnail","6":"product_cat-luftfilter-luftreiniger-onlineshop","7":"product_tag-luftfilter-zuhause","8":"product_tag-luftfilter-schlafzimmer","9":"product_shipping_class-luftfilter-bis-10-kg","11":"first","12":"instock","13":"featured","14":"taxable","15":"shipping-taxable","16":"purchasable","17":"product-type-simple"},"_links":{"self":[{"href":"https:\/\/bestelements.de\/es\/wp-json\/wp\/v2\/product\/1594","targetHints":{"allow":["GET"]}}],"collection":[{"href":"https:\/\/bestelements.de\/es\/wp-json\/wp\/v2\/product"}],"about":[{"href":"https:\/\/bestelements.de\/es\/wp-json\/wp\/v2\/types\/product"}],"version-history":[{"count":0,"href":"https:\/\/bestelements.de\/es\/wp-json\/wp\/v2\/product\/1594\/revisions"}],"wp:featuredmedia":[{"embeddable":true,"href":"https:\/\/bestelements.de\/es\/wp-json\/wp\/v2\/media\/2221"}],"wp:attachment":[{"href":"https:\/\/bestelements.de\/es\/wp-json\/wp\/v2\/media?parent=1594"}],"wp:term":[{"taxonomy":"product_brand","embeddable":true,"href":"https:\/\/bestelements.de\/es\/wp-json\/wp\/v2\/product_brand?post=1594"},{"taxonomy":"product_cat","embeddable":true,"href":"https:\/\/bestelements.de\/es\/wp-json\/wp\/v2\/product_cat?post=1594"},{"taxonomy":"product_tag","embeddable":true,"href":"https:\/\/bestelements.de\/es\/wp-json\/wp\/v2\/product_tag?post=1594"}],"curies":[{"name":"wp","href":"https:\/\/api.w.org\/{rel}","templated":true}]}}