{"id":1506,"date":"2020-11-15T07:18:17","date_gmt":"2020-11-15T06:18:17","guid":{"rendered":"https:\/\/bestelements.de\/?post_type=product&#038;p=1506"},"modified":"2026-01-20T07:35:59","modified_gmt":"2026-01-20T06:35:59","slug":"umkehrosmose-trinkwasserfilter-wa1-zuhause-mobil","status":"publish","type":"product","link":"https:\/\/bestelements.de\/es\/kaufen\/trinkwasserfilter\/umkehrosmose-trinkwasserfilter-wa1-zuhause-mobil\/","title":{"rendered":"Filtro de agua potable de \u00f3smosis inversa BE WA1 M\u00f3vil y en casa"},"content":{"rendered":"<p><\/p>\n<h2>Agua potable sin residuos: Por favor, no ponga nitrato, medicamentos, hormonas, etc. en el agua potable.<\/h2>\n<p class=\"gray\">Muchos informes de contaminaci\u00f3n del agua, especialmente de fuentes p\u00fablicas, son inquietantes y generan preocupaci\u00f3n sobre la calidad del agua del grifo. Algunas sustancias se prueban en el agua potable, pero seg\u00fan las sentencias judiciales, el agua del grifo ya no puede denominarse \u00abalimento mejor probado\u00bb o \u00absaludable\u00bb. Muchos residuos y sustancias no se conocen en absoluto porque no se registran en absoluto.<\/p>\n<p class=\"gray\">El BE WA1 soluciona estos problemas, aporta pureza y seguridad. A pesar de su peque\u00f1o tama\u00f1o, proporciona una pureza de agua potable que no es inferior a la de sus hermanos mayores. Como un peso ligero con un tama\u00f1o compacto, incluso ofrece ventajas en t\u00e9rminos de movilidad. Est\u00e9s donde est\u00e9s, tienes el agua potable m\u00e1s pura.<\/p>\n<h2><span class=\"blue-back\">BE WA1<\/span> <span class=\"gray\">M\u00f3vil<\/span><\/h2>\n<div class=\"blue-back\">Filtro m\u00f3vil de agua potable por \u00f3smosis inversa como modelo dom\u00e9stico y de viaje<\/div>\n<p><img decoding=\"async\" class=\"lazyload alignnone size-full wp-image-4753\" src=\"https:\/\/bestelements.de\/wp-content\/uploads\/WA1-Auftisch-angeschlossen.jpg\" data-orig-src=\"https:\/\/bestelements.de\/wp-content\/uploads\/WA1-Auftisch-angeschlossen.jpg\" alt=\"\" width=\"1140\" height=\"449\" srcset=\"data:image\/svg+xml,%3Csvg%20xmlns%3D%27http%3A%2F%2Fwww.w3.org%2F2000%2Fsvg%27%20width%3D%271140%27%20height%3D%27449%27%20viewBox%3D%270%200%201140%20449%27%3E%3Crect%20width%3D%271140%27%20height%3D%27449%27%20fill-opacity%3D%220%22%2F%3E%3C%2Fsvg%3E\" data-srcset=\"https:\/\/bestelements.de\/wp-content\/uploads\/WA1-Auftisch-angeschlossen-200x79.jpg 200w, https:\/\/bestelements.de\/wp-content\/uploads\/WA1-Auftisch-angeschlossen-300x118.jpg 300w, https:\/\/bestelements.de\/wp-content\/uploads\/WA1-Auftisch-angeschlossen-400x158.jpg 400w, https:\/\/bestelements.de\/wp-content\/uploads\/WA1-Auftisch-angeschlossen-500x197.jpg 500w, https:\/\/bestelements.de\/wp-content\/uploads\/WA1-Auftisch-angeschlossen-600x236.jpg 600w, https:\/\/bestelements.de\/wp-content\/uploads\/WA1-Auftisch-angeschlossen-700x276.jpg 700w, https:\/\/bestelements.de\/wp-content\/uploads\/WA1-Auftisch-angeschlossen-768x302.jpg 768w, https:\/\/bestelements.de\/wp-content\/uploads\/WA1-Auftisch-angeschlossen-800x315.jpg 800w, https:\/\/bestelements.de\/wp-content\/uploads\/WA1-Auftisch-angeschlossen-1024x403.jpg 1024w, https:\/\/bestelements.de\/wp-content\/uploads\/WA1-Auftisch-angeschlossen.jpg 1140w\" data-sizes=\"auto\" data-orig-sizes=\"(max-width: 1140px) 100vw, 1140px\" \/><em>Se muestra con grifo pivotante de acero inoxidable<\/em><\/p>\n<h2><i class=\"fa-solid fas fa-glass-citrus\"><\/i> Agua potable m\u00e1s pura en casa y cuando viaja<\/h2>\n<p>El dispositivo de filtro compacto BE WA1 funciona con tecnolog\u00eda de <a href=\"https:\/\/bestelements.de\/de\/einfach-erklaert\/umkehrosmose-gut-oder-schlecht-osmose-funktionsprinzip-wasserfilter\/\">\u00f3smosis inversa<\/a>, se caracteriza por una alta pureza del agua potable, tama\u00f1o peque\u00f1o y aplicaci\u00f3n m\u00f3vil. Esto significa que se puede utilizar en casa, en una segunda residencia o casa de vacaciones y en viajes. El filtro de agua funciona seg\u00fan el llamado principio de flujo directo, lo que significa que hay suficiente agua potable filtrada inmediatamente disponible y no tiene que almacenarse temporalmente en un tanque de almacenamiento (pero est\u00e1 disponible como opci\u00f3n). La conexi\u00f3n se realiza en el grifo de agua.<br \/>\nCon este dispositivo de filtraci\u00f3n obtienes el <i class=\"fa-solid fas fa-glass\"><\/i> agua potable m\u00e1s pura y libre de impurezas y tambi\u00e9n puedes utilizarla para mantener tus dispositivos libres de cal, <i class=\"fa-solid fas fa-blender\"><\/i> como teteras, <i class=\"fa-solid fas fa-coffee-pot\"><\/i> cafeteras, <i class=\"fa-solid fas fa-sprinkler\"><\/i> burbujeadores de soda, <i class=\"fa-solid fas fa-air-conditioner fa-rotate-180\"><\/i> <a href=\"https:\/\/bestelements.de\/es\/kaufen\/wasserstoff-generator\/hydrogen-wasserstoff-booster\/\">potenciadores de hidr\u00f3geno<\/a> y otros electrodom\u00e9sticos. Una membrana de calidad con material Dow\u00ae FILMTEC \u2122 original garantiza una filtraci\u00f3n completa y una producci\u00f3n segura de agua ultrapura.<\/p>\n<p>Como el dise\u00f1o m\u00e1s peque\u00f1o de su clase, el WA1 cabe en su equipaje con sus dimensiones compactas, pero tambi\u00e9n puede usarse en el hogar o en casas m\u00f3viles para el tratamiento de agua potable. Se recomienda un grifo de extracci\u00f3n abatible de acero inoxidable especial y hace que la extracci\u00f3n de agua ultrapura sea m\u00e1s c\u00f3moda; la extracci\u00f3n se realiza mediante tuber\u00edas flexibles de serie. El mantenimiento y la sustituci\u00f3n de los elementos filtrantes se han reducido al m\u00ednimo gracias a <span class=\"fusion-popover popover-5\" data-animation=\"1\" data-class=\"popover-5\" data-container=\"popover-5\" data-html-content=\"&lt;div class=&quot;fusion-video fusion-selfhosted-video&quot; style=&quot;max-width:100%;&quot;&gt;&lt;div class=&quot;video-wrapper&quot;&gt;&lt;video playsinline=&quot;true&quot; width=&quot;100%&quot; style=&quot;object-fit: cover;&quot; autoplay=&quot;true&quot; loop=&quot;true&quot; preload=&quot;auto&quot; controls=&quot;1&quot;&gt;&lt;source src=&quot;https:\/\/bestelements.de\/wp-content\/uploads\/Wechsel-Filterelemente-EASY-CLICK-WA1.mp4&quot; type=&quot;video\/mp4&quot;&gt;Sorry, your browser doesn&#039;t support embedded videos.&lt;\/video&gt;&lt;\/div&gt;&lt;\/div&gt;&lt;div class=&quot;fusion-text fusion-text-7&quot;&gt;&lt;\/div&gt;\" data-delay=\"50\" data-placement=\"top\" data-title=\"EASY CLICK mit WA1\" data-toggle=\"popover\" data-trigger=\"hover\"> <span class=\"blue strong dotted\">Easy Click<\/span> <\/span>.<\/p>\n<h2><i class=\"fa-solid fas fa-layer-group\"><\/i> Etapas de filtrado<\/h2>\n<p>\u2776 Prefiltro de sedimentos 0,5 \u00b5m<br \/>\n\u2777 Membrana de filtraci\u00f3n principal Material original Dow\u00ae FILMTEC\u2122<br \/>\n\u2778\u00a0Etapa de filtro de carb\u00f3n activado<\/p>\n<p>Los dispositivos de filtrado BE WA1 se pueden utilizar a partir de aproximadamente 1,5 bar y sin conexi\u00f3n a la red. Si es necesario, el filtro de agua se puede ampliar con una bomba de refuerzo o un tanque de almacenamiento. Entonces se logran grandes cantidades de filtro incluso con una presi\u00f3n de agua m\u00e1s baja y con un tanque se dispone de cantidades m\u00e1s grandes de agua ultrapura para la extracci\u00f3n inmediata. La bomba requiere una conexi\u00f3n de 220 V (tambi\u00e9n 110 V) o de 24 V. Esto significa que tambi\u00e9n puede funcionar en veh\u00edculos; tambi\u00e9n es posible una conexi\u00f3n para 12 V a trav\u00e9s de un convertidor.<\/p>\n<h2><i class=\"fa-solid fas fa-globe farbverlauf-srg\"><\/i> Producci\u00f3n en Alemania<\/h2>\n<p>Los dispositivos de filtraci\u00f3n BE WA1 se fabrican en Alemania de acuerdo con los estrictos est\u00e1ndares y las reglamentaciones, requisitos y certificaciones aplicables para la pureza y confiabilidad del material, as\u00ed como la garant\u00eda y la garant\u00eda. Puede confiar en estos filtros de agua potable.<\/p>\n<h2><i class=\"fa-solid fas fa-info-circle minwidthicon\"><\/i> Beneficios clave<\/h2>\n<p><i class=\"fa-solid fas fa-glass minwidthicon\"><\/i> Agua potable m\u00e1s pura directamente en la casa<br \/>\n<i class=\"fa-solid fas fa-money-bill minwidthicon\"><\/i> No m\u00e1s comprar y pagar por agua embotellada<br \/>\n<i class=\"fa-solid fas fa-dolly minwidthicon\"><\/i> No m\u00e1s transporte de agua embotellada<br \/>\n<i class=\"fa-solid fas fa-jug minwidthicon\"><\/i> Deja de beber agua de botellas de PET<br \/>\n<i class=\"fa-solid fas fa-exchange minwidthicon\"><\/i> Avance tecnol\u00f3gico: Las impurezas no se quedan en el dispositivo filtrante sino que se eliminan.<br \/>\n<i class=\"fa-solid fas fa-random minwidthicon\"><\/i> El dispositivo de filtro m\u00f3vil se puede conectar en cualquier lugar<\/p>\n<p><img decoding=\"async\" class=\"lazyload wp-image-4020 size-fusion-600 aligncenter\" src=\"https:\/\/bestelements.de\/wp-content\/uploads\/icons-wasserfilter-818-doppel-600x288.jpg\" data-orig-src=\"https:\/\/bestelements.de\/wp-content\/uploads\/icons-wasserfilter-818-doppel-600x288.jpg\" alt=\"Icons Wasserfilter\" width=\"600\" height=\"288\" srcset=\"data:image\/svg+xml,%3Csvg%20xmlns%3D%27http%3A%2F%2Fwww.w3.org%2F2000%2Fsvg%27%20width%3D%27600%27%20height%3D%27288%27%20viewBox%3D%270%200%20600%20288%27%3E%3Crect%20width%3D%27600%27%20height%3D%27288%27%20fill-opacity%3D%220%22%2F%3E%3C%2Fsvg%3E\" data-srcset=\"https:\/\/bestelements.de\/wp-content\/uploads\/icons-wasserfilter-818-doppel-200x96.jpg 200w, https:\/\/bestelements.de\/wp-content\/uploads\/icons-wasserfilter-818-doppel-300x144.jpg 300w, https:\/\/bestelements.de\/wp-content\/uploads\/icons-wasserfilter-818-doppel-400x192.jpg 400w, https:\/\/bestelements.de\/wp-content\/uploads\/icons-wasserfilter-818-doppel-500x240.jpg 500w, https:\/\/bestelements.de\/wp-content\/uploads\/icons-wasserfilter-818-doppel-600x288.jpg 600w, https:\/\/bestelements.de\/wp-content\/uploads\/icons-wasserfilter-818-doppel-700x335.jpg 700w, https:\/\/bestelements.de\/wp-content\/uploads\/icons-wasserfilter-818-doppel-768x368.jpg 768w, https:\/\/bestelements.de\/wp-content\/uploads\/icons-wasserfilter-818-doppel-800x383.jpg 800w, https:\/\/bestelements.de\/wp-content\/uploads\/icons-wasserfilter-818-doppel.jpg 818w\" data-sizes=\"auto\" data-orig-sizes=\"(max-width: 600px) 100vw, 600px\" \/><\/p>\n<p>El agua potable es nuestro alimento m\u00e1s importante, pero nuestra agua del grifo en Alemania y el agua mineral no siempre est\u00e1n libres de contaminaci\u00f3n, como muestran cada vez m\u00e1s los informes de prensa actuales. Mediante un filtrado exhaustivo a nivel molecular de <a class=\"sg-popup-id-10444 dotted\" href=\"#\">hasta m\u00e1s del 99 %<\/a>, los dispositivos de filtraci\u00f3n por \u00f3smosis inversa BestElements liberan el agua del grifo de impurezas como g\u00e9rmenes, bacterias y virus, residuos de medicamentos y medicamentos, antibi\u00f3ticos, hormonas, nitratos, pesticidas, productos qu\u00edmicos industriales, metales pesados, fl\u00faor, micropl\u00e1sticos, cloro, cal y mucho m\u00e1s La tecnolog\u00eda de \u00f3smosis inversa es incluso capaz de eliminar componentes radiactivos.<\/p>\n<h2 class=\"linie\"><span class=\"blue-back\">BE WA1<\/span> <span class=\"gray\"> Izquierda<\/span><\/h2>\n<div class=\"icons-produktlinks\">\n<div class=\"row\">\n<div class=\"col-xs-3\"><a href=\"https:\/\/bestelements.de\/wp-content\/uploads\/Datenblatt-Wasserfilter-BE-WA1.pdf\" target=\"_blank\" rel=\"noopener\"><i class=\"fa-solid fas fa-file-alt fa-2x\"><\/i> Ficha de datos<\/a><\/div>\n<div class=\"col-xs-3\"><a href=\"https:\/\/bestelements.de\/manuals\/gebrauchsanleitungen\/\" target=\"_blank\" rel=\"noopener\"><i class=\"fa-solid fas fa-file-alt fa-2x\"><\/i> Instrucciones<\/a><\/div>\n<div class=\"col-xs-3\"><a href=\"https:\/\/youtu.be\/x2UcgLdYwv4\/\" target=\"_blank\" rel=\"noopener\"><i class=\"fa-solid fab fa-youtube fa-2x\"><\/i> Video<\/a><\/div>\n<div class=\"col-xs-3\"><a href=\"https:\/\/bestelements.de\/de\/ersatzfilter\/ersatzfilter-und-zubehoer-fuer-trinkwasserfilter\/\" target=\"_blank\" rel=\"noopener\"><i class=\"fa-solid fas fa-sync-alt fa-2x\"><\/i> Filtro de repuesto<\/a><\/div>\n<\/div>\n<\/div>\n<p><nav class=\"awb-menu awb-menu_row awb-menu_em-hover mobile-mode-collapse-to-button awb-menu_icons-left awb-menu_dc-yes mobile-trigger-fullwidth-off awb-menu_mobile-toggle awb-menu_indent-left mobile-size-full-absolute loading mega-menu-loading awb-menu_desktop awb-menu_dropdown awb-menu_expand-right awb-menu_transition-fade fusion-animated\" style=\"--awb-text-transform:none;--awb-gap:3px;--awb-submenu-bg:#ffffff;--awb-submenu-active-bg:#e8f6f9;--awb-submenu-text-transform:none;--awb-main-justify-content:flex-start;--awb-mobile-justify:flex-start;--awb-mobile-caret-left:auto;--awb-mobile-caret-right:0;--awb-fusion-font-family-typography:inherit;--awb-fusion-font-style-typography:normal;--awb-fusion-font-weight-typography:400;--awb-fusion-font-family-submenu-typography:inherit;--awb-fusion-font-style-submenu-typography:normal;--awb-fusion-font-weight-submenu-typography:400;--awb-fusion-font-family-mobile-typography:inherit;--awb-fusion-font-style-mobile-typography:normal;--awb-fusion-font-weight-mobile-typography:400;\" aria-label=\"Wasser vergleichen\" data-breakpoint=\"0\" data-count=\"2\" data-transition-type=\"fade\" data-transition-time=\"300\" data-expand=\"right\" data-animationType=\"fadeInLeft\" data-animationDuration=\"1.0\" data-animationOffset=\"top-into-view\"><ul id=\"menu-wasser-vergleichen-2\" class=\"fusion-menu awb-menu__main-ul awb-menu__main-ul_row\"><li   class=\"menu-item menu-item-type-custom menu-item-object-custom menu-item-4349 sg-popup-id-4351 awb-menu__li awb-menu__main-li awb-menu__li_button\"  data-item-id=\"4349\"><a  href=\"#\" class=\"awb-menu__main-a awb-menu__main-a_button\"><span class=\"menu-text fusion-button button-default button-small\"><span class=\"button-icon-divider-left fusion-megamenu-icon\"><i class=\"glyphicon fa-eye fas\" aria-hidden=\"true\"><\/i><\/span><span class=\"fusion-button-text-left\">Comparar dispositivos<\/span><\/span><\/a><\/li><\/ul><\/nav><div class=\"fusion-text fusion-text-8\"><\/div><\/p>\n<p><a class=\"sg-popup-id-149 dotted\" href=\"#\"><i class=\"fa fa-comments\"><\/i> Estaremos encantados de responder a sus preguntas sobre este dispositivo de filtro.<\/a><\/p>\n<figure class=\"wp-block-table\">\n<div class=\"table-1\">\n<table width=\"100%\">\n<tbody>\n<tr>\n<td class=\"produkte\">Pa\u00eds de producci\u00f3n<\/td>\n<td class=\"produkte\">Alemania <span class=\"blue strong\">HECHO EN ALEMANIA<\/span><\/td>\n<\/tr>\n<tr>\n<td class=\"produkte\">Material<\/td>\n<td class=\"produkte\">Materiales aptos para alimentos con certificaci\u00f3n NSF y aprobaci\u00f3n para agua potable\n<\/td>\n<\/tr>\n<tr>\n<td class=\"produkte\">Comprobado<\/td>\n<td class=\"produkte\"><a href=\"https:\/\/bestelements.de\/de\/qualitaetssicherung\/di-flow-qualitaetsstandard\/\"><img decoding=\"async\" class=\"lazyload alignleft\" src=\"data:image\/gif;base64,R0lGODlhAQABAAAAACH5BAEKAAEALAAAAAABAAEAAAICTAEAOw==\" data-orig-src=\"https:\/\/bestelements.de\/wp-content\/uploads\/Di-Flow-Logo.svg\" alt=\"Di-Flow\" width=\"150px\" height=\"\" \/><\/a> Di-Flow\u00ae Junta de examen<\/td>\n<\/tr>\n<tr>\n<td class=\"produkte\">Montaje<\/td>\n<td class=\"produkte\">Plano, de pie, contra la pared. <span class=\"blue strong\">UNIVERSAL<\/span><\/td>\n<\/tr>\n<tr>\n<td class=\"produkte\">Mantenimiento<\/td>\n<td class=\"produkte\">F\u00e1cil sustituci\u00f3n de los elementos filtrantes <span class=\"fusion-popover popover-6\" data-animation=\"1\" data-class=\"popover-6\" data-container=\"popover-6\" data-html-content=\"&lt;div class=&quot;fusion-video fusion-selfhosted-video&quot; style=&quot;max-width:100%;&quot;&gt;&lt;div class=&quot;video-wrapper&quot;&gt;&lt;video playsinline=&quot;true&quot; width=&quot;100%&quot; style=&quot;object-fit: cover;&quot; autoplay=&quot;true&quot; loop=&quot;true&quot; preload=&quot;auto&quot; controls=&quot;1&quot;&gt;&lt;source src=&quot;https:\/\/bestelements.de\/wp-content\/uploads\/Wechsel-Filterelemente-EASY-CLICK-WA1.mp4&quot; type=&quot;video\/mp4&quot;&gt;Sorry, your browser doesn&#039;t support embedded videos.&lt;\/video&gt;&lt;\/div&gt;&lt;\/div&gt;&lt;div class=&quot;fusion-text fusion-text-9&quot;&gt;&lt;\/div&gt;\" data-delay=\"50\" data-placement=\"top\" data-title=\"EASY CLICK mit WA1\" data-toggle=\"popover\" data-trigger=\"hover\"> <span class=\"blue strong dotted\">Easy Click<\/span> <\/span><\/td>\n<\/tr>\n<tr>\n<td class=\"produkte\">Cantidad de agua\t<\/td>\n<td class=\"produkte\">0,25 l\/min a 21 \u00b0C de temperatura del agua y 4,5 bar<\/td>\n<\/tr>\n<tr>\n<td class=\"produkte\">Relaci\u00f3n agua ultrapura\/agua residual<\/td>\n<td class=\"produkte\">1:&lt;2 <span class=\"blue strong\">VALOR SUPERIOR EN SU CLASE<\/span><\/td>\n<\/tr>\n<tr>\n<td class=\"produkte\">Temperatura<\/td>\n<td class=\"produkte\">M\u00edn. 4\u00b0C M\u00e1x. 38\u00b0C\n<\/td>\n<\/tr>\n<tr>\n<td class=\"produkte\">Presi\u00f3n del agua\t<\/td>\n<td class=\"produkte\">M\u00edn. 1,5 bar M\u00e1x. 5,0 bar (\u00a1No utilizar junto con una caldera de agua caliente!)<\/td>\n<\/tr>\n<tr>\n<td class=\"produkte\">Dimensiones<\/td>\n<td class=\"produkte\">264 x 318 x 90 mm (AlxAnxP) <span class=\"blue strong\">DISE\u00d1O PLANO<\/span><\/td>\n<\/tr>\n<tr>\n<td class=\"produkte\">Conexi\u00f3n de agua<\/td>\n<td class=\"produkte\">Conexi\u00f3n de grifo de agua M22 IT con adaptador, l\u00edneas de 1\/4&#8243; de longitud aprox. 2 m<\/td>\n<\/tr>\n<tr>\n<td class=\"produkte\">Voltaje<\/td>\n<td class=\"produkte\">Predeterminado: Ninguno<\/td>\n<\/tr>\n<tr>\n<td class=\"produkte\">Fuente de alimentaci\u00f3n para variante con bomba de refuerzo<\/td>\n<td class=\"produkte\">100-230 V~50 Hz, m\u00e1ximo 72 W, 24 V (12 V con convertidor)<\/td>\n<\/tr>\n<tr>\n<td class=\"produkte\">Peso<\/td>\n<td class=\"produkte\">2 kg <span class=\"blue strong\">MUY F\u00c1CIL<\/span><\/td>\n<\/tr>\n<tr>\n<td class=\"produkte\">Color de la caja\t<\/td>\n<td class=\"produkte\">Blanco<\/td>\n<\/tr>\n<tr>\n<td class=\"produkte\">Alcance de la entrega<\/td>\n<td class=\"produkte\">Completo con medios filtrantes, grifo de agua potable de acero inoxidable, juego de conexi\u00f3n con tap\u00f3n de agua de seguridad, instrucciones de uso\n<\/td>\n<\/tr>\n<tr>\n<td class=\"produkte\">Wechsel Filterelemente<\/td>\n<td class=\"produkte\">Vor- und Nachfilter 1 Mal\/Jahr tauschen oder \u00f6fter je nach Verschmutzungsgrad des Wassers, die UO-Membran muss nicht regelm\u00e4\u00dfig gewechselt werden<\/td>\n<\/tr>\n<tr>\n<td class=\"produkte\">Cambiar los elementos del filtro\t<\/td>\n<td class=\"produkte\">Reemplace el prefiltro y el postfiltro una vez al a\u00f1o o m\u00e1s seguido dependiendo de qu\u00e9 tan sucia est\u00e9 el agua, la membrana RO no tiene que cambiarse regularmente\n<\/td>\n<\/tr>\n<\/tbody>\n<\/table>\n<\/div>\n<\/figure>\n<p><div class=\"fusion-video fusion-youtube\" style=\"--awb-max-width:600px;--awb-max-height:360px;\"><div class=\"video-shortcode\"><priv-fac-lite-youtube class=\"fusion-hidden lty-load\" data-privacy-type=\"youtube\" videoid=\"x2UcgLdYwv4\" class=\"landscape\" params=\"wmode=transparent&autoplay=1&amp;rel=0&amp;enablejsapi=1\" title=\"YouTube video player 3\" data-button-label=\"Play Video\" width=\"600\" height=\"360\" data-thumbnail-size=\"auto\" data-no-cookie=\"on\"><\/priv-fac-lite-youtube><div class=\"fusion-privacy-placeholder\" style=\"width:600px; height:360px;\" data-privacy-type=\"youtube\"><div class=\"fusion-privacy-placeholder-content\"><div class=\"fusion-privacy-label\">For privacy reasons YouTube needs your permission to be loaded. For more details, please see our <a class=\"privacy-policy-link\" href=\"https:\/\/bestelements.de\/es\/datenschutzerklaerung\/\" rel=\"privacy-policy\">Protecci\u00f3n de Datos<\/a>.<\/div><button data-privacy-type=\"youtube\" class=\"fusion-button button-default fusion-button-default-size button fusion-privacy-consent\">I Accept<\/button><\/div><\/div><\/div><\/div><\/p>","protected":false},"excerpt":{"rendered":"<h2><span class=\"blue-back\">BE WA1<\/span> <span class=\"gray\">M\u00f3vil<\/span> <span class=\"textgray\">Filtro de agua potable<\/span><\/h2>\n<div class=\"blue-back\">El agua potable m\u00e1s pura y libre de impurezas est\u00e9s donde est\u00e9s<\/div>\n<div id=\"icons-water-stoffe\">\n<i class=\"fa-solid fas fa-sink\"><\/i> <i class=\"fa-solid fas fa-virus-slash\"><\/i> <i class=\"fa-solid fas fa-viruses\"><\/i> <i class=\"fa-solid fas fa-bacterium\"><\/i> <i class=\"fa-solid fas fa-disease\"><\/i> <i class=\"fa-solid fas fa-tablets\"><\/i> <i class=\"fa-solid fas fa-capsules\"><\/i> <i class=\"fa-solid fas fa-skull-crossbones\"><\/i> <i class=\"fa-solid fas fa-vial\"><\/i> <i class=\"fa-solid fas fa-radiation\"><\/i> <i class=\"fa-solid fas fa-globe farbverlauf-srg\"><\/i>\n<\/div>\n<ul>\n<li>Eliminaci\u00f3n de contaminantes como g\u00e9rmenes, bacterias y virus, PFAS, residuos de medicamentos y drogas, antibi\u00f3ticos, hormonas, toxinas ambientales, EDC&#8217;s, nitratos, pesticidas, qu\u00edmicos industriales, metales pesados, fluoruro, cloro, cal y mucho m\u00e1s<\/li>\n<li>Filtro de agua de \u00f3smosis inversa con tecnolog\u00eda Directflow sin tanque<\/li>\n<li>Materiales puros con una larga vida \u00fatil<\/li>\n<li><span class=\"blue strong\">De poco peso<\/span> para uso m\u00f3vil e instalaci\u00f3n permanente<\/li>\n<li>Montaje r\u00e1pido y f\u00e1cil<\/li>\n<li>F\u00e1cil cambio de filtro con <span class=\"blue strong\">Easy Click<\/span><\/li>\n<li><strong>Empresa alemana con soporte experto<\/strong><\/li>\n<\/ul>\n<p><a class=\"sg-popup-id-2936 dotted\" href=\"#\"><i class=\"fa fa-info-circle\"><\/i> \u00bfPara qui\u00e9n es adecuado este dispositivo de filtro?<\/a><br \/>\n<a class=\"sg-popup-id-3920 dotted\" href=\"#\"><i class=\"fa fa-info-circle\"><\/i> Estas sustancias se filtran del agua.<\/a><br \/>\n<a class=\"sg-popup-id-6922 dotted\" href=\"#\"><i class=\"fa fa-info-circle\"><\/i> Resultados de la prueba despu\u00e9s de la filtraci\u00f3n de agua<\/a><\/p>\n","protected":false},"featured_media":3697,"template":"","meta":{"footnotes":""},"product_brand":[],"product_cat":[103],"product_tag":[208,209,210,211,212],"class_list":{"0":"post-1506","1":"product","2":"type-product","3":"status-publish","4":"has-post-thumbnail","6":"product_cat-trinkwasserfilter","7":"product_tag-wasserfilter","8":"product_tag-trinkwasserfilter","9":"product_tag-umkehrosmosefilter","10":"product_tag-kalkfilter","11":"product_tag-bakterienwasserfilter","13":"first","14":"instock","15":"featured","16":"taxable","17":"shipping-taxable","18":"purchasable","19":"product-type-simple"},"_links":{"self":[{"href":"https:\/\/bestelements.de\/es\/wp-json\/wp\/v2\/product\/1506","targetHints":{"allow":["GET"]}}],"collection":[{"href":"https:\/\/bestelements.de\/es\/wp-json\/wp\/v2\/product"}],"about":[{"href":"https:\/\/bestelements.de\/es\/wp-json\/wp\/v2\/types\/product"}],"version-history":[{"count":0,"href":"https:\/\/bestelements.de\/es\/wp-json\/wp\/v2\/product\/1506\/revisions"}],"wp:featuredmedia":[{"embeddable":true,"href":"https:\/\/bestelements.de\/es\/wp-json\/wp\/v2\/media\/3697"}],"wp:attachment":[{"href":"https:\/\/bestelements.de\/es\/wp-json\/wp\/v2\/media?parent=1506"}],"wp:term":[{"taxonomy":"product_brand","embeddable":true,"href":"https:\/\/bestelements.de\/es\/wp-json\/wp\/v2\/product_brand?post=1506"},{"taxonomy":"product_cat","embeddable":true,"href":"https:\/\/bestelements.de\/es\/wp-json\/wp\/v2\/product_cat?post=1506"},{"taxonomy":"product_tag","embeddable":true,"href":"https:\/\/bestelements.de\/es\/wp-json\/wp\/v2\/product_tag?post=1506"}],"curies":[{"name":"wp","href":"https:\/\/api.w.org\/{rel}","templated":true}]}}