{"id":1472,"date":"2020-11-14T18:38:08","date_gmt":"2020-11-14T17:38:08","guid":{"rendered":"https:\/\/bestelements.de\/?post_type=product&#038;p=1472"},"modified":"2026-04-07T07:40:38","modified_gmt":"2026-04-07T05:40:38","slug":"hydrogen-wasserstoff-booster","status":"publish","type":"product","link":"https:\/\/bestelements.de\/es\/kaufen\/wasserstoff-generator\/hydrogen-wasserstoff-booster\/","title":{"rendered":"H2MasterXL PLUS V3 Propulsor de Hidr\u00f3geno M\u00f3vil (opt. SE con inhalaci\u00f3n)"},"content":{"rendered":"<p><\/p>\n<h2>H2MasterXL<\/h2>\n<p><strong>H2Master<\/strong> son la nueva generaci\u00f3n de generadores de hidr\u00f3geno m\u00f3viles. El H2Master se caracteriza por sus altos valores de rendimiento y su uso m\u00f3vil. H2Master se ha convertido en sin\u00f3nimo de potentes propulsores de hidr\u00f3geno y este V3 XL contin\u00faa la exitosa tradici\u00f3n de esta serie de dispositivos.<\/p>\n<h2>\u00bfListo para expandirse?<\/h2>\n<p class=\"\">Esta versi\u00f3n es la versi\u00f3n XL m\u00e1s grande del probado propulsor de hidr\u00f3geno m\u00f3vil H2Master PlusV2. Con el H2MasterXL podr\u00e1s preparar una mayor cantidad de agua potable para cada proceso. Aumente su potencial de rendimiento y elimine las disfunciones cr\u00f3nicas y agudas del organismo. Con una saturaci\u00f3n de hidr\u00f3geno superior a la media en el agua potable, se activa un potencial f\u00edsico y mental que no se hab\u00eda aprovechado en el pasado.<\/p>\n<h2><span class=\"blue-back\">H2MasterXL<\/span> <span class=\"textgray\">Inhalador y refuerzo de hidr\u00f3geno m\u00f3vil<\/span><\/h2>\n<div class=\"blue-back\">Generador de hidr\u00f3geno e inhalador con m\u00e1s contenido<\/div>\n<p><img decoding=\"async\" src=\"data:image\/svg+xml,%3Csvg%20xmlns%3D%27http%3A%2F%2Fwww.w3.org%2F2000%2Fsvg%27%20width%3D%27818%27%20height%3D%27466%27%20viewBox%3D%270%200%20818%20466%27%3E%3Crect%20width%3D%27818%27%20height%3D%27466%27%20fill-opacity%3D%220%22%2F%3E%3C%2Fsvg%3E\" data-orig-src=\"https:\/\/bestelements.de\/wp-content\/uploads\/Keyvisual-H2M-H2MasterXL-PLUS-V3.jpg\" title=\"Refuerzo de hidr\u00f3geno H2M H2MasterXL PLUS V3\" alt=\"Refuerzo de hidr\u00f3geno H2M H2MasterXL PLUS V3\" width=\"818\" height=\"466\" class=\"lazyload alignnone size-full\" \/><\/p>\n<h2>\u00bfSe siente a menudo cansado, d\u00e9bil y agotado, pero no tiene idea de por qu\u00e9?<\/h2>\n<p class=\"gray\">La raz\u00f3n de esto puede ser un metabolismo energ\u00e9tico alterado. El estr\u00e9s en la vida cotidiana, un estilo de vida poco saludable, una dieta irregular o poco saludable, los contaminantes del aire, las influencias ambientales t\u00f3xicas y otros factores favorecen el desarrollo de hiperacidez y radicales libres. Radicales de ox\u00edgeno en nuestro cuerpo, que pueden tener un impacto negativo permanente en nuestro organismo. Se depositan en las mitocondrias, las llamadas plantas de energ\u00eda de nuestras c\u00e9lulas y dificultan un metabolismo energ\u00e9tico m\u00e1s fluido. El cuerpo tiene que luchar constantemente contra ello y esto puede provocar agotamiento, cansancio, p\u00e9rdida de rendimiento o deterioro cr\u00f3nico.<\/p>\n<p class=\"gray\">El hidr\u00f3geno disuelto es la soluci\u00f3n, enriquecido en vitaminas o en agua potable con este potenciador de hidr\u00f3geno. El hidr\u00f3geno es un antioxidante natural y permite que los molestos radicales libres desaparezcan de forma totalmente natural. Muchos <a href=\"https:\/\/bestelements.de\/es\/wasserstoffwasser\/studien-belegen-wirkung-von-wasserstoffreichem-wasser\/\">estudios y pruebas<\/a> independientes durante d\u00e9cadas han demostrado los efectos positivos del hidr\u00f3geno disuelto en el agua potable. Ahora su cuerpo puede relajarse: se restablece la energ\u00eda vital y, con ello, la capacidad de autocuraci\u00f3n del cuerpo, se alivian las zonas inflamadas, se restablece el metabolismo energ\u00e9tico lo m\u00e1s fluido posible y el dinamismo vuelve a su vida. <strong>El agotamiento, el cansancio, la p\u00e9rdida de rendimiento o las deficiencias cr\u00f3nicas se combaten sorbo a sorbo<\/strong>.<\/p>\n<h2>Efecto hidr\u00f3geno explicado r\u00e1pidamente<\/h2>\n<div class=\"fusion-fullwidth fullwidth-box fusion-builder-row-3 fusion-flex-container has-pattern-background has-mask-background nonhundred-percent-fullwidth non-hundred-percent-height-scrolling\" style=\"--awb-border-radius-top-left:0px;--awb-border-radius-top-right:0px;--awb-border-radius-bottom-right:0px;--awb-border-radius-bottom-left:0px;--awb-flex-wrap:wrap;\" ><div class=\"fusion-builder-row fusion-row fusion-flex-align-items-flex-start fusion-flex-justify-content-center fusion-flex-content-wrap\" style=\"max-width:1185.6px;margin-left: calc(-4% \/ 2 );margin-right: calc(-4% \/ 2 );\"><div class=\"fusion-layout-column fusion_builder_column fusion-builder-column-4 fusion-flex-column fusion-flex-align-self-center\" style=\"--awb-bg-size:cover;--awb-width-large:300px;--awb-margin-top-large:0px;--awb-spacing-right-large:2%;--awb-margin-bottom-large:20px;--awb-spacing-left-large:2%;--awb-width-medium:300px;--awb-order-medium:0;--awb-spacing-right-medium:2%;--awb-spacing-left-medium:2%;--awb-width-small:220px;--awb-order-small:0;--awb-spacing-right-small:2%;--awb-spacing-left-small:2%;\" data-scroll-devices=\"small-visibility,medium-visibility,large-visibility\"><div class=\"fusion-column-wrapper fusion-column-has-shadow fusion-flex-justify-content-space-between fusion-content-layout-column\"><div class=\"fusion-image-element \" style=\"--awb-caption-title-font-family:var(--h2_typography-font-family);--awb-caption-title-font-weight:var(--h2_typography-font-weight);--awb-caption-title-font-style:var(--h2_typography-font-style);--awb-caption-title-size:var(--h2_typography-font-size);--awb-caption-title-transform:var(--h2_typography-text-transform);--awb-caption-title-line-height:var(--h2_typography-line-height);--awb-caption-title-letter-spacing:var(--h2_typography-letter-spacing);\"><span class=\" fusion-imageframe imageframe-none imageframe-3 hover-type-none\"><a class=\"fusion-no-lightbox\" href=\"https:\/\/bestelements.de\/es\/wasserstoffwasser\/wasserstoff-trinken-inhalieren-power-wohlbefinden\/\" target=\"_self\" aria-label=\"Wasserstoff bringt Power wieder\"><img decoding=\"async\" width=\"300\" height=\"200\" alt=\"Wasserstoff trinken oder inhalieren\" src=\"https:\/\/bestelements.de\/wp-content\/uploads\/Anzeige-Wasserstoff-bringt-Power-wieder-ohne-Text.jpg\" data-orig-src=\"https:\/\/bestelements.de\/wp-content\/uploads\/Anzeige-Wasserstoff-bringt-Power-wieder-ohne-Text-300x200.jpg\" class=\"lazyload img-responsive wp-image-21641\" srcset=\"data:image\/svg+xml,%3Csvg%20xmlns%3D%27http%3A%2F%2Fwww.w3.org%2F2000%2Fsvg%27%20width%3D%271140%27%20height%3D%27759%27%20viewBox%3D%270%200%201140%20759%27%3E%3Crect%20width%3D%271140%27%20height%3D%27759%27%20fill-opacity%3D%220%22%2F%3E%3C%2Fsvg%3E\" data-srcset=\"https:\/\/bestelements.de\/wp-content\/uploads\/Anzeige-Wasserstoff-bringt-Power-wieder-ohne-Text-200x133.jpg 200w, https:\/\/bestelements.de\/wp-content\/uploads\/Anzeige-Wasserstoff-bringt-Power-wieder-ohne-Text-400x266.jpg 400w, https:\/\/bestelements.de\/wp-content\/uploads\/Anzeige-Wasserstoff-bringt-Power-wieder-ohne-Text-600x399.jpg 600w, https:\/\/bestelements.de\/wp-content\/uploads\/Anzeige-Wasserstoff-bringt-Power-wieder-ohne-Text-800x533.jpg 800w, https:\/\/bestelements.de\/wp-content\/uploads\/Anzeige-Wasserstoff-bringt-Power-wieder-ohne-Text.jpg 1140w\" data-sizes=\"auto\" data-orig-sizes=\"(max-width: 1024px) 100vw, (max-width: 640px) 100vw, 300px\" \/><\/a><\/span><\/div><\/div><\/div><div class=\"fusion-layout-column fusion_builder_column fusion-builder-column-5 fusion-flex-column fusion-flex-align-self-center\" style=\"--awb-bg-size:cover;--awb-width-large:60px;--awb-margin-top-large:0px;--awb-spacing-right-large:2%;--awb-margin-bottom-large:20px;--awb-spacing-left-large:2%;--awb-width-medium:60px;--awb-order-medium:0;--awb-spacing-right-medium:2%;--awb-spacing-left-medium:2%;--awb-width-small:60px;--awb-order-small:0;--awb-spacing-right-small:2%;--awb-spacing-left-small:2%;\" data-scroll-devices=\"small-visibility,medium-visibility,large-visibility\"><div class=\"fusion-column-wrapper fusion-column-has-shadow fusion-flex-justify-content-space-around fusion-content-layout-column\"><a class=\"fb-icon-element-5 fb-icon-element fontawesome-icon fa-lightbulb-on fas circle-yes fusion-text-flow fusion-link\" style=\"--awb-circlecolor:var(--awb-custom14);--awb-circlebordercolor:var(--awb-custom14);--awb-circlebordersize:1px;--awb-font-size:28.16px;--awb-width:56.32px;--awb-height:56.32px;--awb-line-height:54.32px;--awb-margin-right:16px;\" href=\"https:\/\/bestelements.de\/es\/wasserstoffwasser\/h2-wasserstoff-booster-hydrogen-rich-water-generatoren-aktiv-wasser-mobile-wasserionisierer-im-vergleich\/\" target=\"_self\" aria-label=\"Link to https:\/\/bestelements.de\/es\/wasserstoffwasser\/h2-wasserstoff-booster-hydrogen-rich-water-generatoren-aktiv-wasser-mobile-wasserionisierer-im-vergleich\/\"><\/a><div class=\"fusion-separator fusion-full-width-sep\" style=\"align-self: center;margin-left: auto;margin-right: auto;margin-bottom:8%;width:100%;\"><\/div><a class=\"fb-icon-element-6 fb-icon-element fontawesome-icon fa-lightbulb-exclamation fas circle-yes fusion-text-flow fusion-link\" style=\"--awb-circlecolor:var(--awb-custom14);--awb-circlebordercolor:var(--awb-custom14);--awb-circlebordersize:1px;--awb-font-size:28.16px;--awb-width:56.32px;--awb-height:56.32px;--awb-line-height:54.32px;--awb-margin-right:16px;\" href=\"https:\/\/bestelements.de\/es\/wasserstoffwasser\/wasserstoff-trinken-inhalieren-power-wohlbefinden\/\" target=\"_self\" aria-label=\"Link to https:\/\/bestelements.de\/es\/wasserstoffwasser\/wasserstoff-trinken-inhalieren-power-wohlbefinden\/\"><\/a><\/div><\/div><\/div><\/div>\n<h2>El efecto hidr\u00f3geno en detalle<\/h2>\n<p><img decoding=\"async\" class=\"lazyload  wp-image-4855 alignright\" src=\"https:\/\/bestelements.de\/wp-content\/uploads\/Wassermolekuele-rund.jpg\" data-orig-src=\"https:\/\/bestelements.de\/wp-content\/uploads\/Wassermolekuele-rund.jpg\" alt=\"Wassermolek\u00fcle\" width=\"156\" height=\"156\" srcset=\"data:image\/svg+xml,%3Csvg%20xmlns%3D%27http%3A%2F%2Fwww.w3.org%2F2000%2Fsvg%27%20width%3D%27156%27%20height%3D%27156%27%20viewBox%3D%270%200%20156%20156%27%3E%3Crect%20width%3D%27156%27%20height%3D%27156%27%20fill-opacity%3D%220%22%2F%3E%3C%2Fsvg%3E\" data-srcset=\"https:\/\/bestelements.de\/wp-content\/uploads\/Wassermolekuele-rund-66x66.jpg 66w, https:\/\/bestelements.de\/wp-content\/uploads\/Wassermolekuele-rund-100x100.jpg 100w, https:\/\/bestelements.de\/wp-content\/uploads\/Wassermolekuele-rund-150x150.jpg 150w, https:\/\/bestelements.de\/wp-content\/uploads\/Wassermolekuele-rund-200x200.jpg 200w, https:\/\/bestelements.de\/wp-content\/uploads\/Wassermolekuele-rund.jpg 285w\" data-sizes=\"auto\" data-orig-sizes=\"(max-width: 156px) 100vw, 156px\" \/> Radicales de ox\u00edgeno altamente reactivos. Quiere formar enlaces qu\u00edmicos con elementos adecuados. Y el antioxidante natural m\u00e1s adecuado es el hidr\u00f3geno molecular. Las vitaminas son, por ejemplo, compuestos de hidr\u00f3geno. Como muchos de nosotros no siempre disponemos de suficiente hidr\u00f3geno, los radicales libres se acumulan cada vez m\u00e1s, lo que provoca un mayor debilitamiento del metabolismo, un c\u00edrculo vicioso.<\/p>\n<p>El agua, preferiblemente <a href=\"https:\/\/bestelements.de\/es\/onlineshop-trinkwasserfilter-kaufen-zuhause-mobil-gewerbe-vergleich\/\">el agua potable m\u00e1s pura<\/a>, tiene la capacidad de absorber hidr\u00f3geno molecular adicional disuelto y transportarlo a nuestras c\u00e9lulas. Los radicales de hidr\u00f3geno y ox\u00edgeno forman all\u00ed enlaces y el agua se crea mediante un proceso natural y se excreta.<\/p>\n<p>Los generadores de hidr\u00f3geno a\u00f1aden hidr\u00f3geno gaseoso al agua potable. El valor del pH no cambia significativamente. La cantidad de H<sub>2<\/sub> que se puede disolver dice algo sobre el rendimiento del refuerzo de H<sub>2<\/sub. El hidr\u00f3geno es necesario como fuente de energ\u00eda para nuestro metabolismo energ\u00e9tico en el cuerpo y es un elemento antienvejecimiento natural, como han demostrado los <a href=\"https:\/\/bestelements.de\/es\/wasserstoffwasser\/studien-belegen-wirkung-von-wasserstoffreichem-wasser\/\">estudios<\/a>. <a href=\"https:\/\/bestelements.de\/es\/wasserstoffwasser\/h2-wasserstoff-booster-hydrogen-rich-water-generatoren-aktiv-wasser-mobile-wasserionisierer-im-vergleich\/\">Procesos en detalle<\/a><\/p>\n<p>Se ha detectado una mayor concentraci\u00f3n de hidr\u00f3geno gaseoso en varios manantiales curativos de todo el pa\u00eds. El hidr\u00f3geno unido al agua se considera la causa de los efectos positivos en los pacientes y ha sido confirmado en estudios. El hidr\u00f3geno es vol\u00e1til y los gases salen del agua despu\u00e9s de un tiempo. Esto explica por qu\u00e9 el agua de los manantiales curativos s\u00f3lo funciona en el lugar del manantial. (Fuente estudios Dr. Shirahata, Jap\u00f3n)<\/p>\n<h2>Solicitud<\/h2>\n<p><img decoding=\"async\" class=\"lazyload wp-image-16064 size-full alignright\" src=\"data:image\/svg+xml,%3Csvg%20xmlns%3D%27http%3A%2F%2Fwww.w3.org%2F2000%2Fsvg%27%20width%3D%27104%27%20height%3D%27300%27%20viewBox%3D%270%200%20104%20300%27%3E%3Crect%20width%3D%27104%27%20height%3D%27300%27%20fill-opacity%3D%220%22%2F%3E%3C%2Fsvg%3E\" data-orig-src=\"https:\/\/bestelements.de\/wp-content\/uploads\/H2Master-Boostersockel-mit-PET-Flasche-schwarz.jpg\" alt=\"Base H2 Master Booster con botella PET\" width=\"104\" height=\"300\" \/><br \/>\nEl recipiente se llena con agua potable sin gas y con s\u00f3lo pulsar un bot\u00f3n se inicia el proceso de enriquecimiento con hidr\u00f3geno gaseoso (5 o 10 minutos). Durante el proceso, las burbujas suben, creando nanoburbujas de H2 que permanecen en el agua potable. Despu\u00e9s del enriquecimiento con H<sub>2<\/sub>, el agua potable permanece inm\u00f3vil y se puede beber. El generador de hidr\u00f3geno se puede utilizar con agua potable\/agua del grifo (preferiblemente filtrada) o, gracias a la unidad base desenroscable, con agua sin gas directamente con botellas de PET. Las roscas de botella grandes (28 mm) se pueden atornillar directamente a la unidad base; para roscas m\u00e1s peque\u00f1as (24 mm), se requiere el adaptador incluido. <\/p>\n<p>El H<sub>2<\/sub>PLUS V3 es un dispositivo con membranas avanzadas DuPont Nafion\u2122 N117 recubiertas de platino para una mayor saturaci\u00f3n de ppb y una separaci\u00f3n m\u00e1s completa de hidr\u00f3geno y ox\u00edgeno. La tecnolog\u00eda de separaci\u00f3n de hidr\u00f3geno y ox\u00edgeno garantiza un alto nivel de seguridad del agua potable. La funci\u00f3n de ventilaci\u00f3n de la membrana elimina el cloro y el ozono. Durante el proceso de separaci\u00f3n tambi\u00e9n se eliminan metales pesados \u200b\u200by otras sustancias. La placa del electrodo recubierta de platino tiene aberturas multiporosas a trav\u00e9s de las cuales se consigue este alto contenido de hidr\u00f3geno con un largo tiempo de residencia.<\/p>\n<figure class=\"wp-block-table\">\n<div class=\"table-1\">\n<table>\n<tbody>\n<tr>\n<td class=\"produkte\">Muy alta saturaci\u00f3n de H<sub>2<\/sub><\/td>\n<td class=\"produkte\">Dos niveles de saturaci\u00f3n para hidr\u00f3geno molecular gaseoso disuelto en agua potable en 5 o 10 minutos. La membrana es la misma que la utilizada en el H2Master PlusV2, pero debido a la mayor cantidad de agua en el H2MasterXL, la saturaci\u00f3n se mantiene ligeramente por debajo de 5000 ppb, que sigue estando por encima del promedio., <a href=\"https:\/\/youtu.be\/s8yigUj8qeI\" rel=\"noopener noreferrer nofollow\" target=\"_blank\">Prueba de saturaci\u00f3n de hidr\u00f3geno con kit H2 <i class=\"fab fa-youtube blue\"><\/i> v\u00eddeo<\/a>, pantalla de 5 o 10 minutos con temporizador <i class=\"fas fa-history blue\"><\/i><\/td>\n<\/tr>\n<tr>\n<td class=\"produkte\">Comprobado<\/td>\n<td class=\"produkte\"><a href=\"https:\/\/bestelements.de\/es\/qualitaetssicherung\/di-flow-qualitaetsstandard\/\"><img decoding=\"async\" class=\"lazyload alignleft\" src=\"data:image\/gif;base64,R0lGODlhAQABAAAAACH5BAEKAAEALAAAAAABAAEAAAICTAEAOw==\" data-orig-src=\"https:\/\/bestelements.de\/wp-content\/uploads\/Di-Flow-Logo.svg\" alt=\"Di-Flow\" width=\"150px\" height=\"\" \/><\/a> Di-Flow\u00ae Junta de examen<\/td>\n<\/tr>\n<tr>\n<td class=\"produkte\">Operaci\u00f3n de la bater\u00eda<\/td>\n<td class=\"produkte\">Uso m\u00f3vil gracias a la bater\u00eda recargable integrada con 2.200 mAh, son posibles hasta m\u00e1s de 20 funcionamientos con una sola carga, posibilidad de carga r\u00e1pida, dependiendo del cargador<\/td>\n<\/tr>\n<tr>\n<td class=\"produkte\">Membrana<\/td>\n<td class=\"produkte\">Membrana de intercambio de protones SPE PEM avanzada<\/td>\n<\/tr>\n<tr>\n<td class=\"produkte\">Typ<\/td>\n<td class=\"produkte\">Membrana avanzada DuPont Nafion\u2122 N117 recubierta de platino para una mayor saturaci\u00f3n de ppb y una separaci\u00f3n de hidr\u00f3geno y ox\u00edgeno m\u00e1s completa<\/td>\n<\/tr>\n<tr>\n<td class=\"produkte\">Contenido<\/td>\n<td class=\"produkte\">Contenido de la botella hasta 280 ml de agua potable por proceso; Corresponde a una cantidad de bebida que se puede beber inmediatamente. El agua potable saturada de H<sub>2<\/sub> generalmente debe prepararse justo antes de beberla para garantizar la saturaci\u00f3n total de H<sub>2<\/sub>.<\/td>\n<\/tr>\n<tr>\n<td class=\"produkte\">Materiales del cuerpo de la botella<\/td>\n<td class=\"produkte\">Aluminio anodizado (solo exterior) y polipropileno apto para alimentos, desenroscable<\/td>\n<\/tr>\n<tr>\n<td class=\"produkte\">Caracter\u00edstica especial<\/td>\n<td class=\"produkte\">Bater\u00eda de larga duraci\u00f3n, la base de refuerzo tambi\u00e9n se puede utilizar directamente para botellas de PET est\u00e1ndar con rosca de botella 28 (por ejemplo, botellas grandes de PET Volvic o Vittel) y para botellas de rosca de 24 utilizando el adaptador incluido.<\/td>\n<\/tr>\n<tr>\n<td class=\"produkte\">Dimensi\u00f3n<\/td>\n<td class=\"produkte\">60 x 225 mm<\/td>\n<\/tr>\n<tr>\n<td class=\"produkte\">Peso en vac\u00edo<\/td>\n<td class=\"produkte\">398 g<\/td>\n<\/tr>\n<tr>\n<td class=\"produkte\">Colores<\/td>\n<td class=\"produkte\">Negro Met\u00e1lica<\/td>\n<\/tr>\n<tr>\n<td class=\"produkte\">Rango de temperatura<\/td>\n<td class=\"produkte\">Temperatura del agua min 0\u00b0C a max 60\u00b0C<\/td>\n<\/tr>\n<tr>\n<td class=\"produkte\">Alcance de la entrega<\/td>\n<td class=\"produkte\">Propulsor de hidr\u00f3geno H2MasterXL PLUS V3 (base, estuche, tap\u00f3n de rosca), cable de carga USB tipo C, enchufe de carga USB 2A, Adaptador de botella de PET, <a href=\"https:\/\/bestelements.de\/manuals\/gebrauchsanleitungen\/\">manual de usuario<\/a>, <small>(Las botellas PET de muestra (imagen de la aplicaci\u00f3n) no est\u00e1n incluidas en el alcance de la entrega.)<\/small><\/td>\n<\/tr>\n<tr>\n<td class=\"produkte\" colspan=\"2\">\u00a1El enchufe de carga est\u00e1 incluido!<\/td>\n<\/tr>\n<\/tbody>\n<\/table>\n<\/div>\n<\/figure>\n<p><i class=\"fa fa-info-circle blue\"><\/i> No lo use para agua con gas. No lo use para agua caliente.<br \/>\n<span class=\"gray-back-snippet\">Aplicaci\u00f3n del hidr\u00f3geno <a href=\"https:\/\/bestelements.de\/es\/wasserstoffwasser\/podcast-beratung-wasserstoffanwendung-h2booster-inhalatoren\/\" target=\"_blank\" class=\"fusion-button button-default button-small button-abstand\">P\u00f3dcast<\/a> <a href=\"https:\/\/bestelements.de\/es\/wasserstoffwasser\/podcast-wasserstoffreiches-trinkwasser-nutzen-und-erfahrungen\/\" class=\"fusion-button button-default button-small button-abstand\">V\u00eddeos<\/a> <a href=\"https:\/\/bestelements.de\/es\/wasserstoffwasser\/mobile-wasserstoffgeneratoren-vergleichen-und-kaufen\/\" class=\"fusion-button button-default button-small button-abstand\">Comparaci\u00f3n de productos<\/a><\/span><br \/>\n<span class=\"gray-back-snippet\">Hidr\u00f3geno <a href=\"https:\/\/bestelements.de\/es\/wasserstoffwasser\/\" target=\"_blank\" class=\"fusion-button button-default button-small button-abstand\">Art\u00edculo<\/a> <a href=\"https:\/\/bestelements.de\/es\/tag\/h2studien\/\" class=\"fusion-button button-default button-small button-abstand\">Estudios<\/a> <a href=\"https:\/\/bestelements.de\/es\/wasserstoffwasser\/fragen-antworten-anwendung-wasserstoffreiches-trinkwasser-wasserstoff-inhalation\/\" class=\"fusion-button button-default button-small button-abstand\">Preguntas Respuestas<\/a> <a href=\"https:\/\/bestelements.de\/es\/kaufen\/buecher-ebooks\/ebook-wasserstoffreiches-trinkwasser-und-wasserstoff-inhalation-anwendung-und-studien\/\" target=\"_blank\" class=\"fusion-button button-default button-small button-abstand\">Libro electr\u00f3nico<\/a><\/span><br \/>\n<div class=\"fusion-video fusion-youtube\" style=\"--awb-max-width:600px;--awb-max-height:360px;\"><div class=\"video-shortcode\"><priv-fac-lite-youtube class=\"fusion-hidden lty-load\" data-privacy-type=\"youtube\" videoid=\"0VQ9Hb_7GXI\" class=\"landscape\" params=\"wmode=transparent&autoplay=1&amp;rel=0&amp;enablejsapi=1\" title=\"YouTube video player 3\" data-button-label=\"Play Video\" width=\"600\" height=\"360\" data-thumbnail-size=\"auto\" data-no-cookie=\"on\"><\/priv-fac-lite-youtube><div class=\"fusion-privacy-placeholder\" style=\"width:600px; height:360px;\" data-privacy-type=\"youtube\"><div class=\"fusion-privacy-placeholder-content\"><div class=\"fusion-privacy-label\">For privacy reasons YouTube needs your permission to be loaded. For more details, please see our <a class=\"privacy-policy-link\" href=\"https:\/\/bestelements.de\/es\/datenschutzerklaerung\/\" rel=\"privacy-policy\">Protecci\u00f3n de Datos<\/a>.<\/div><button data-privacy-type=\"youtube\" class=\"fusion-button button-default fusion-button-default-size button fusion-privacy-consent\">I Accept<\/button><\/div><\/div><\/div><\/div><br \/>\n<a class=\"sg-popup-id-149 dotted\" href=\"#\">Estaremos encantados de responder a sus preguntas sobre este generador de hidr\u00f3geno.<\/a><\/p>","protected":false},"excerpt":{"rendered":"<h2><img decoding=\"async\" src=\"https:\/\/bestelements.de\/wp-content\/uploads\/LogoH2M.svg\" width=\"30px\" style=\"margin: 0;\"><span class=\"textgray\">Refuerzo de Hidr\u00f3geno<\/span><br \/><span class=\"blue-back\">H2MasterXL PLUS V3<\/span><\/h2>\n<div class=\"blue-back\">Mucha agua potable rica en hidr\u00f3geno con nanoburbujas<\/div>\n<div id=\"icons-water-stoffe\"><i class=\"fa-solid fas fa-battery-full\"><\/i> <i class=\"fa-solid fas fa-running\"><\/i> <i class=\"fa-solid fas fa-head-side-brain\"><\/i> <i class=\"fa-solid fas fa-heartbeat\"><\/i> <i class=\"fa-solid fas fa-globe farbverlauf-srg\"><\/i><\/div>\n<ul>\n<li>Enriquecimiento de agua potable rica en hidr\u00f3geno<\/li>\n<li>Generador de hidr\u00f3geno m\u00f3vil <strong>de mayor capacidad<\/strong><\/li>\n<li>Extremadamente alta y saturaci\u00f3n de H<sub>2<\/sub> del hidr\u00f3geno unido en el agua potable<\/li>\n<li><span class=\"blue strong\">SUPER VALOR<\/span> <strong>funciona con m\u00f3dulo H2 certificado de 5140 ppb<\/strong> <i class=\"fa-solid fas fa-certificate gray\"><\/i><\/li>\n<li>Membrana avanzada DuPont SPE PEM Proton recubierta de platino<\/li>\n<li>Para uso dom\u00e9stico, laboral, deportivo y m\u00f3vil<\/li>\n<li><span class=\"blue strong\">UNIVERSAL<\/span> Tambi\u00e9n se puede utilizar con botellas de agua est\u00e1ndar<\/li>\n<li>Opcional <span class=\"blue strong\">con funci\u00f3n de inhalaci\u00f3n<\/span><\/li>\n<li><strong>Empresa alemana con soporte experto <i class=\"fa-solid fas fa-certificate blue\"><\/i> <a href=\"https:\/\/bestelements.de\/es\/wasserstoffwasser\/bestelements-und-wasserstoff-forschung-mitgliedschaft-bei-der-mhi-community\/\"><u>miembro de MHI<\/u><\/a><\/strong><\/li>\n<\/ul>\n","protected":false},"featured_media":26403,"template":"","meta":{"footnotes":""},"product_brand":[],"product_cat":[99],"product_tag":[222,223],"class_list":{"0":"post-1472","1":"product","2":"type-product","3":"status-publish","4":"has-post-thumbnail","6":"product_cat-wasserstoff-generator","7":"product_tag-wasserstoffbooster","8":"product_tag-mobile-wasserstoff-booster","9":"product_shipping_class-bis-1kg","11":"first","12":"instock","13":"sale","14":"taxable","15":"shipping-taxable","16":"purchasable","17":"product-type-variable","18":"has-default-attributes"},"_links":{"self":[{"href":"https:\/\/bestelements.de\/es\/wp-json\/wp\/v2\/product\/1472","targetHints":{"allow":["GET"]}}],"collection":[{"href":"https:\/\/bestelements.de\/es\/wp-json\/wp\/v2\/product"}],"about":[{"href":"https:\/\/bestelements.de\/es\/wp-json\/wp\/v2\/types\/product"}],"version-history":[{"count":2,"href":"https:\/\/bestelements.de\/es\/wp-json\/wp\/v2\/product\/1472\/revisions"}],"predecessor-version":[{"id":33644,"href":"https:\/\/bestelements.de\/es\/wp-json\/wp\/v2\/product\/1472\/revisions\/33644"}],"wp:featuredmedia":[{"embeddable":true,"href":"https:\/\/bestelements.de\/es\/wp-json\/wp\/v2\/media\/26403"}],"wp:attachment":[{"href":"https:\/\/bestelements.de\/es\/wp-json\/wp\/v2\/media?parent=1472"}],"wp:term":[{"taxonomy":"product_brand","embeddable":true,"href":"https:\/\/bestelements.de\/es\/wp-json\/wp\/v2\/product_brand?post=1472"},{"taxonomy":"product_cat","embeddable":true,"href":"https:\/\/bestelements.de\/es\/wp-json\/wp\/v2\/product_cat?post=1472"},{"taxonomy":"product_tag","embeddable":true,"href":"https:\/\/bestelements.de\/es\/wp-json\/wp\/v2\/product_tag?post=1472"}],"curies":[{"name":"wp","href":"https:\/\/api.w.org\/{rel}","templated":true}]}}