{"id":11347,"date":"2021-12-14T17:18:20","date_gmt":"2021-12-14T16:18:20","guid":{"rendered":"https:\/\/bestelements.de\/?post_type=product&#038;p=11347"},"modified":"2023-03-25T13:31:41","modified_gmt":"2023-03-25T12:31:41","slug":"mobilen-luftfilter-luftreiniger-be-air4-mieten-fuer-feiertage-und-familientreffen-zuhause","status":"publish","type":"product","link":"https:\/\/bestelements.de\/es\/kaufen\/luftfilter-luftreiniger-onlineshop\/mobilen-luftfilter-luftreiniger-be-air4-mieten-fuer-feiertage-und-familientreffen-zuhause\/","title":{"rendered":"(Deutsch) Mobilen Luftfilter Luftreiniger BE AIR4 mieten f\u00fcr Feiertage und Familientreffen Zuhause"},"content":{"rendered":"<p class=\"qtranxs-available-languages-message qtranxs-available-languages-message-es\">Disculpa, pero esta entrada est\u00e1 disponible s\u00f3lo en <a href=\"https:\/\/bestelements.de\/de\/wp-json\/wp\/v2\/product\/11347\" class=\"qtranxs-available-language-link qtranxs-available-language-link-de\" title=\"Deutsch\">Deutsch<\/a> y <a href=\"https:\/\/bestelements.de\/en\/wp-json\/wp\/v2\/product\/11347\" class=\"qtranxs-available-language-link qtranxs-available-language-link-en\" title=\"English\">English<\/a>.<\/p><p><\/p>\n<h2>Luftfilter <span class=\"blue-back\">BE AIR4<\/span> <span class=\"gray\">mieten<\/span><\/h2>\n<p><img decoding=\"async\" class=\"lazyload alignnone size-full wp-image-11367\" src=\"https:\/\/bestelements.de\/wp-content\/uploads\/Banner-Familientreffen-small.jpg\" data-orig-src=\"https:\/\/bestelements.de\/wp-content\/uploads\/Banner-Familientreffen-small.jpg\" alt=\"Banner Familientreffen\" width=\"818\" height=\"225\" srcset=\"data:image\/svg+xml,%3Csvg%20xmlns%3D%27http%3A%2F%2Fwww.w3.org%2F2000%2Fsvg%27%20width%3D%27818%27%20height%3D%27225%27%20viewBox%3D%270%200%20818%20225%27%3E%3Crect%20width%3D%27818%27%20height%3D%27225%27%20fill-opacity%3D%220%22%2F%3E%3C%2Fsvg%3E\" data-srcset=\"https:\/\/bestelements.de\/wp-content\/uploads\/Banner-Familientreffen-small-200x55.jpg 200w, https:\/\/bestelements.de\/wp-content\/uploads\/Banner-Familientreffen-small-300x83.jpg 300w, https:\/\/bestelements.de\/wp-content\/uploads\/Banner-Familientreffen-small-400x110.jpg 400w, https:\/\/bestelements.de\/wp-content\/uploads\/Banner-Familientreffen-small-500x138.jpg 500w, https:\/\/bestelements.de\/wp-content\/uploads\/Banner-Familientreffen-small-600x165.jpg 600w, https:\/\/bestelements.de\/wp-content\/uploads\/Banner-Familientreffen-small-700x193.jpg 700w, https:\/\/bestelements.de\/wp-content\/uploads\/Banner-Familientreffen-small-768x211.jpg 768w, https:\/\/bestelements.de\/wp-content\/uploads\/Banner-Familientreffen-small-800x220.jpg 800w, https:\/\/bestelements.de\/wp-content\/uploads\/Banner-Familientreffen-small.jpg 818w\" data-sizes=\"auto\" data-orig-sizes=\"(max-width: 818px) 100vw, 818px\" \/><\/p>\n<div id=\"icons-air-stoffe\">\n<i class=\"fa-solid fas fa-head-side-cough\"><\/i> <i class=\"fa-solid fas fa-virus-slash\"><\/i> <i class=\"fa-solid fas fa-sun-dust\"><\/i> <i class=\"fa-solid fas fa-bacterium\"><\/i> <i class=\"fa-solid fas fa-leaf-oak\"><\/i> <i class=\"fa-solid fas fa-smoking\"><\/i> <i class=\"fa-solid fas fa-lungs\"><\/i> <i class=\"fa-solid fas fa-cauldron\"><\/i> <i class=\"fa-solid fas fa-cat\"><\/i>\n<\/div>\n<p>Entfernt werden u.a. Feinstaub PM 2.5, Hausstaub, Pollen, Bl\u00fctenstaub, Qualm und Zigarettenrauch, Ger\u00fcche, Keime und Krankheitserreger, Mikroorganismen, Bakterien und Viren, Schimmelpilzsporen, Tierhaare und Milben, Schwermetalle, Asbest, toxische St\u00e4ube, TVOC, Formaldehyd, organische Verbindungen, Aerosole uvm.<\/p>\n<div class=\"blue-back-box\" style=\"text-align: left;\">Beispiel: Die Luft in einem 15 m\u00b2 gro\u00dfem Raum wird etwa 5,7 Mal pro Stunde komplett durchgefiltert*<\/div>\n<\/p>\n<div id=\"icons-air-features\">\n<i class=\"fa-solid fas fa-layer-group\"><\/i> <i class=\"fa-solid fas fa-repeat-alt\"><\/i> <i class=\"fa-solid fas fa-tachometer-fast\"><\/i> <i class=\"fa-solid fas fa-volume-slash\"><\/i> <i class=\"fa-solid fas fa-sensor-on\"><\/i> <\/p>\n<\/div>\n<figure class=\"wp-block-table\">\n<div class=\"table-1\" width=\"100%\">\n<table width=\"100%\">\n<tbody>\n<tr>\n<td align=\"left\"><strong>5 Filterstufen<\/strong><\/td>\n<td align=\"left\"><\/td>\n<\/tr>\n<tr>\n<td align=\"left\"><strong>360\u00b0 Full-Circle Luftaustritt<\/strong><\/td>\n<td align=\"left\"><span class=\"blue strong\">TOP FEATURE<\/span><\/td>\n<\/tr>\n<tr>\n<td align=\"left\">Volumenstrom \/ CADR Filterleistung: 240 m\u00b3\/h<\/td>\n<td align=\"left\"><span class=\"blue strong\">GUTER WERT<\/span><\/td>\n<\/tr>\n<tr>\n<td align=\"left\">4 Geschwindigkeitsstufen Low bis Highspeed + Sleepmodus<\/td>\n<td align=\"left\"><span class=\"blue strong\">TOP WERT<\/span><\/td>\n<\/tr>\n<tr>\n<td align=\"left\"><strong>Sehr leiser Fl\u00fcstermodus 26 dB<\/strong><\/td>\n<td align=\"left\"><span class=\"blue strong\">TOP WERT<\/span><\/td>\n<\/tr>\n<tr>\n<td align=\"left\"><strong><i class=\"fa fas fa-charging-station\"><\/i> Energiesparend: 1. Stufe nur 19 W <\/strong><\/td>\n<td align=\"left\"><span class=\"blue strong\">STROMSPAREND<\/span><\/td>\n<\/tr>\n<tr>\n<td align=\"left\"><strong>Sensorautomatik oder manuelle Steuerung<\/strong><\/td>\n<td align=\"left\"><span class=\"blue strong\">SMART SENSOR<\/span><\/td>\n<\/tr>\n<tr>\n<td align=\"left\">Farbindikator f\u00fcr Anzeige der aktuellen Luftbelastung<\/td>\n<td align=\"left\"><\/td>\n<\/tr>\n<\/tbody>\n<\/table>\n<\/div>\n<\/figure>\n<p><img decoding=\"async\" class=\"lazyload alignnone size-full wp-image-349\" src=\"data:image\/gif;base64,R0lGODlhAQABAAAAACH5BAEKAAEALAAAAAABAAEAAAICTAEAOw==\" data-orig-src=\"https:\/\/bestelements.de\/wp-content\/uploads\/Filterstufen-Luftreiniger-BE-AIR4-Schema.jpg\" alt=\"\" width=\"\" height=\"\" \/><\/p>\n<h2 class=\"linie\"><span class=\"blue-back\">BE AIR4<\/span> <span class=\"gray\">Filterstufen<\/span><\/h2>\n<p><span class=\"blue\">\u2776\u00a0<strong>Frontfilter<\/strong><\/span><br \/>\nEntfernt gr\u00f6\u00dfere Partikel, Haare, Schuppen, Pollen<br \/>\n<span class=\"blue\">\u2777\u00a0<strong>TRUE HEPA<\/strong><\/span><br \/>\nFiltert ultrafeine Mikron-Partikel bis zu 0,03 \u00b5m, Bakterien und Viren, Aerosole<br \/>\n<span class=\"blue\">\u2778 <strong>Aktivkohlefilter<\/strong><\/span><br \/>\nHochmolekulares Sieb mit immenser Oberfl\u00e4che absorbiert sch\u00e4dliche Substanzen, entfernt Ger\u00fcche und Molek\u00fclteilchen wie Ammoniak, absorbiert und zersetzt Formaldehyd, entfernt organische Komponenten und Aerosole<br \/>\n<span class=\"blue\">\u2779 <strong>Ionisator (Negativ-Ionen)<\/strong><\/span><br \/>\nAuch bekannt als \u201eVitamine der Luft\u201c \u00a0Absorbieren schnell sch\u00e4dliche Substanzen und binden verschiedene Schadstoffe wie Staub, Ger\u00fcche, Bakterien, Viren<br \/>\n<span class=\"blue\">\u277a\u00a0<strong>UV (UV-C)<\/strong><\/span><br \/>\nBeseitigt Schimmelpilzsporen, Keime, Bakterien und Viren<br \/>\n<small>Einzelne Filterstufen sind nach Bedarf zu\/abschaltbar<\/small><\/p>\n<h2 class=\"linie\"><span class=\"blue-back\">BE AIR4<\/span> <span class=\"gray\">Extras<\/span><\/h2>\n<ul>\n<li>Tragegriff f\u00fcr schnelles Umstellen<\/li>\n<li>Mit Fernbedienung<\/li>\n<li>Kindersicherung\u00a0<i class=\"fa fa-child\"><\/i><\/li>\n<li>Timer 1 bis 8 Stunden\u00a0<i class=\"fa fas fa-clock\"><\/i><\/li>\n<\/ul>\n<p><a class=\"sg-popup-id-149 dotted\" href=\"#\">Wir beantworten gerne Ihre Fragen zu diesem Filterger\u00e4t.<\/a><\/p>\n<div class=\"wpforms-container wpforms-container-full\" id=\"wpforms-11833\"><form id=\"wpforms-form-11833\" class=\"wpforms-validate wpforms-form\" data-formid=\"11833\" method=\"post\" enctype=\"multipart\/form-data\" action=\"\/es\/wp-json\/wp\/v2\/product\/11347\"><div class=\"wpforms-head-container\"><div class=\"wpforms-title\">Produktberatung gew\u00fcnscht?<\/div><div class=\"wpforms-description\"><i class=\"fa fa-comments blue\"> <\/i> Sie haben Fragen zu diesem Luftfilter? Gerne rufen wir Sie an oder beantworten Ihre Fragen per E-Mail. <\/div><\/div><noscript class=\"wpforms-error-noscript\">Por favor, activa JavaScript en tu navegador para completar este formulario.<\/noscript><div class=\"wpforms-field-container\"><div id=\"wpforms-11833-field_8-container\" class=\"wpforms-field wpforms-field-html\" data-field-id=\"8\"><div id=\"wpforms-11833-field_8\"><small><b>Wir sch\u00fctzen Ihre Daten!<\/b> Wir verwenden Ihre Daten ausschlie\u00dflich zur Beantwortung Ihrer Fragen und geben sie keinesfalls an Dritte weiter. <a href=\"https:\/\/bestelements.de\/de\/datenschutzerklaerung\/\" target=\"_blank\">Datenschutzbestimmungen<\/a><\/small><\/div><\/div><div id=\"wpforms-11833-field_0-container\" class=\"wpforms-field wpforms-field-name\" data-field-id=\"0\"><label class=\"wpforms-field-label\" for=\"wpforms-11833-field_0\">Name <span class=\"wpforms-required-label\">*<\/span><\/label><input type=\"text\" id=\"wpforms-11833-field_0\" class=\"wpforms-field-medium wpforms-field-required\" name=\"wpforms[fields][0]\" required><\/div><div id=\"wpforms-11833-field_2-container\" class=\"wpforms-field wpforms-field-textarea\" data-field-id=\"2\"><label class=\"wpforms-field-label\" for=\"wpforms-11833-field_2\">Ich habe folgende Frage\/n:<\/label><textarea id=\"wpforms-11833-field_2\" class=\"wpforms-field-medium\" name=\"wpforms[fields][2]\" ><\/textarea><\/div><div id=\"wpforms-11833-field_4-container\" class=\"wpforms-field wpforms-field-phone\" data-field-id=\"4\"><label class=\"wpforms-field-label\" for=\"wpforms-11833-field_4\">Ich bitte um R\u00fcckruf unter:<\/label><input type=\"tel\" id=\"wpforms-11833-field_4\" class=\"wpforms-field-medium\" data-rule-int-phone-field=\"true\" name=\"wpforms[fields][4]\" ><\/div><div id=\"wpforms-11833-field_1-container\" class=\"wpforms-field wpforms-field-email\" data-field-id=\"1\"><label class=\"wpforms-field-label\" for=\"wpforms-11833-field_1\">Ich bitte um Antwort per E-Mail an:<\/label><input type=\"email\" id=\"wpforms-11833-field_1\" class=\"wpforms-field-medium\" name=\"wpforms[fields][1]\" ><\/div><div id=\"wpforms-11833-field_10-container\" class=\"wpforms-field wpforms-field-html\" data-field-id=\"10\"><div id=\"wpforms-11833-field_10\"><small><b>Wir sch\u00fctzen Ihre Daten!<\/b> Wir verwenden Ihre Daten ausschlie\u00dflich zur Beantwortung Ihrer Fragen und geben sie keinesfalls an Dritte weiter. <a href=\"https:\/\/bestelements.de\/de\/datenschutzerklaerung\/\" target=\"_blank\">Datenschutzbestimmungen<\/a><\/small><\/div><\/div><\/div><div class=\"wpforms-field wpforms-field-hp\"><label for=\"wpforms-11833-field-hp\" class=\"wpforms-field-label\">Comment<\/label><input type=\"text\" name=\"wpforms[hp]\" id=\"wpforms-11833-field-hp\" class=\"wpforms-field-medium\"><\/div><input type=\"hidden\" name=\"wpforms[recaptcha]\" value=\"\"><div class=\"wpforms-submit-container\" ><input type=\"hidden\" name=\"wpforms[id]\" value=\"11833\"><input type=\"hidden\" name=\"wpforms[author]\" value=\"1\"><button type=\"submit\" name=\"wpforms[submit]\" class=\"wpforms-submit button-blue\" id=\"wpforms-submit-11833\" value=\"wpforms-submit\" aria-live=\"assertive\" data-alt-text=\"Senden...\" data-submit-text=\"Absenden\">Absenden<\/button><\/div><\/form><\/div>  <!-- .wpforms-container -->\n<figure class=\"wp-block-table\">\n<div class=\"table-1\" width=\"100%\">\n<table>\n<tbody>\n<tr>\n<td class=\"produkte\">Ionisator<\/td>\n<td class=\"produkte\">2x 10<sup>7<\/sup> pcs\/cm\u00b3 (2 Mal 10.000.000)<\/td>\n<\/tr>\n<tr>\n<td class=\"produkte\">UV C<\/td>\n<td class=\"produkte\">5W 254 nm<\/td>\n<\/tr>\n<tr>\n<td class=\"produkte\">Ma\u00dfe<\/td>\n<td class=\"produkte\">460 x 350 x 180 mm (HxBxT)<\/td>\n<\/tr>\n<tr>\n<td class=\"produkte\">Stromversorgung<\/td>\n<td class=\"produkte\">220-240 V~50\/60 Hz<\/td>\n<\/tr>\n<tr>\n<td class=\"produkte\">Gewicht<\/td>\n<td class=\"produkte\">6 kg<\/td>\n<\/tr>\n<tr>\n<td class=\"produkte\">Geh\u00e4usefarbe<\/td>\n<td class=\"produkte\">Wei\u00df<\/td>\n<\/tr>\n<tr>\n<td class=\"produkte\">Lieferumfang<\/td>\n<td class=\"produkte\">Filterger\u00e4t komplett inkl. Filtermedien, Gebrauchsanleitung, Fernbedienung<\/td>\n<\/tr>\n<\/tbody>\n<\/table>\n<\/div>\n<\/figure>\n<p><small>* Rechnerischer Wert bei Deckenh\u00f6he 2,80 m<\/small><\/p>\n<p><\/p>","protected":false},"excerpt":{"rendered":"<p class=\"qtranxs-available-languages-message qtranxs-available-languages-message-es\">Disculpa, pero esta entrada est\u00e1 disponible s\u00f3lo en <a href=\"https:\/\/bestelements.de\/de\/wp-json\/wp\/v2\/product\/11347\" class=\"qtranxs-available-language-link qtranxs-available-language-link-de\" title=\"Deutsch\">Deutsch<\/a> y <a href=\"https:\/\/bestelements.de\/en\/wp-json\/wp\/v2\/product\/11347\" class=\"qtranxs-available-language-link qtranxs-available-language-link-en\" title=\"English\">English<\/a>.<\/p>\n<p><img decoding=\"async\" class=\"size-full wp-image-1679 alignright\" src=\"https:\/\/bestelements.de\/wp-content\/uploads\/2020\/11\/Viren-Bakterien-Keime-Schutz.png\" alt=\"\" width=\"136\" height=\"125\" \/><\/p>\n<h2>Luftfilter <span class=\"blue-back\">BE AIR4<\/span> <span class=\"gray\">mieten<\/span><\/h2>\n<div class=\"blue-back\">Leiser und effizienter Luftfilter f\u00fcr Wohnr\u00e4ume bis 40 m\u00b2<\/div>\n<div id=\"icons-water-stoffe\"><i class=\"fa-solid fas fa-head-side-cough\"><\/i> <i class=\"fa-solid fas fa-virus-slash\"><\/i> <i class=\"fa-solid fas fa-sun-dust\"><\/i> <i class=\"fa-solid fas fa-bacterium\"><\/i> <i class=\"fa-solid fas fa-leaf-oak\"><\/i> <i class=\"fa-solid fas fa-smoking\"><\/i> <i class=\"fa-solid fas fa-lungs\"><\/i> <i class=\"fa-solid fas fa-cauldron\"><\/i> <i class=\"fa-solid fas fa-cat\"><\/i> <\/div>\n<ul>\n<li>Tageweise nach Bedarf mieten<\/li>\n<li>5 effektive Filterstufen<\/li>\n<li>Messbare Verbesserung der Luftqualit\u00e4t<\/li>\n<li>Inklusive UV Filterstufe gegen Viren, Bakterien, Aerosole, Keime, Formaldehyd, Pollen, Allergene uvm.<\/li>\n<li>Saubere Luft in R\u00e4umen bis 40 m\u00b2<\/li>\n<li>Fl\u00fcsterleise<\/li>\n<li>360\u00b0 Frischluft: Full-Circle Luftauslass<\/li>\n<li>Farbindikator<\/li>\n<li>Kompakte Baugr\u00f6\u00dfe<\/li>\n<\/ul>\n<p><a class=\"sg-popup-id-2968 dotted\" href=\"#\"><i class=\"fa fa-info-circle\"><\/i> F\u00fcr wen geeignet? F\u00fcr Wohnr\u00e4ume&#8230;<\/a><br \/>\n<a class=\"sg-popup-id-3971 dotted\" href=\"#\"><i class=\"fa fa-info-circle\"><\/i> Diese Stoffe werden aus der Luft gefiltert.<\/a><br \/>\n<!-- JSON-LD Bewertung Stars--><br \/>\n<script type=\"application\/ld+json\">\n{\n\"@context\": \"http:\/\/schema.org\",\n\"@type\": \"Product\",\n\"name\": \"Luftfilter kaufen f\u00fcr Zuhause\",\n\"aggregateRating\": {\n\"@type\": \"AggregateRating\",\n\"ratingValue\": \"4.3\",\n\"reviewCount\": \"56\"\n}\n}\n<\/script><\/p>\n","protected":false},"featured_media":11397,"template":"","meta":{"footnotes":""},"product_brand":[],"product_cat":[107],"product_tag":[213,215,216],"class_list":{"0":"post-11347","1":"product","2":"type-product","3":"status-publish","4":"has-post-thumbnail","6":"product_cat-luftfilter-luftreiniger-onlineshop","7":"product_tag-luftfilter-mieten","8":"product_tag-luftfilter-zuhause","9":"product_tag-luftfilter-schlafzimmer","10":"product_shipping_class-luftfilter-bis-10-kg","12":"first","13":"instock","14":"featured","15":"taxable","16":"shipping-taxable","17":"purchasable","18":"product-type-simple"},"_links":{"self":[{"href":"https:\/\/bestelements.de\/es\/wp-json\/wp\/v2\/product\/11347","targetHints":{"allow":["GET"]}}],"collection":[{"href":"https:\/\/bestelements.de\/es\/wp-json\/wp\/v2\/product"}],"about":[{"href":"https:\/\/bestelements.de\/es\/wp-json\/wp\/v2\/types\/product"}],"version-history":[{"count":0,"href":"https:\/\/bestelements.de\/es\/wp-json\/wp\/v2\/product\/11347\/revisions"}],"wp:featuredmedia":[{"embeddable":true,"href":"https:\/\/bestelements.de\/es\/wp-json\/wp\/v2\/media\/11397"}],"wp:attachment":[{"href":"https:\/\/bestelements.de\/es\/wp-json\/wp\/v2\/media?parent=11347"}],"wp:term":[{"taxonomy":"product_brand","embeddable":true,"href":"https:\/\/bestelements.de\/es\/wp-json\/wp\/v2\/product_brand?post=11347"},{"taxonomy":"product_cat","embeddable":true,"href":"https:\/\/bestelements.de\/es\/wp-json\/wp\/v2\/product_cat?post=11347"},{"taxonomy":"product_tag","embeddable":true,"href":"https:\/\/bestelements.de\/es\/wp-json\/wp\/v2\/product_tag?post=11347"}],"curies":[{"name":"wp","href":"https:\/\/api.w.org\/{rel}","templated":true}]}}