{"id":111,"date":"2020-08-16T06:20:01","date_gmt":"2020-08-16T06:20:01","guid":{"rendered":"https:\/\/bestelements.de\/?post_type=product&#038;p=111"},"modified":"2023-07-18T16:43:57","modified_gmt":"2023-07-18T14:43:57","slug":"wertgutschein-anzahlung-und-restzahlung-auch-in-raten-oder-auf-rechnung","status":"publish","type":"product","link":"https:\/\/bestelements.de\/es\/kaufen\/anzahlung-und-ratenzahlung\/wertgutschein-anzahlung-und-restzahlung-auch-in-raten-oder-auf-rechnung\/","title":{"rendered":"Pago inicial"},"content":{"rendered":"<p>Vale, los impuestos se producen cuando se canjean<\/p>","protected":false},"excerpt":{"rendered":"<h2>Comprar un vale como dep\u00f3sito<\/h2>\n<ol>\n<li>Elija el monto del dep\u00f3sito y compre un bono. Le enviaremos el cup\u00f3n como un c\u00f3digo de cup\u00f3n personal despu\u00e9s de recibir el pago.<\/li>\n<li>Seleccione el art\u00edculo deseado, col\u00f3quelo en el carrito de compras y canjee el c\u00f3digo de cup\u00f3n. El importe del bono se descontar\u00e1 del importe total.<\/li>\n<li>Paga el importe restante con las siguientes opciones:\n<ul>\n<li>El monto restante se puede pagar en su totalidad utilizando una de nuestras opciones de pago<\/li>\n<li>Pagar el importe restante con Paypal\/Klarna compra a cuenta o<\/li>\n<li>Paga el importe restante con \u00abPaypal\u00bb y selecciona \u00abCuotas Paypal\u00bb en tu cuenta Paypal (m\u00e1ximo 5.000 \u20ac), el importe restante se dividir\u00e1 en 3, 6, 12 o 24 cuotas mensuales, calcula las cuotas mensuales con la \u00abCalculadora de Cuotas \u00bb (v\u00e9ase m\u00e1s arriba)<\/li>\n<\/ul>\n<\/li>\n<\/ol>\n","protected":false},"featured_media":38,"template":"","meta":{"footnotes":""},"product_brand":[],"product_cat":[37],"product_tag":[],"class_list":{"0":"post-111","1":"product","2":"type-product","3":"status-publish","4":"has-post-thumbnail","6":"product_cat-anzahlung-und-ratenzahlung","8":"first","9":"instock","10":"purchasable","11":"product-type-variable","12":"has-default-attributes"},"_links":{"self":[{"href":"https:\/\/bestelements.de\/es\/wp-json\/wp\/v2\/product\/111","targetHints":{"allow":["GET"]}}],"collection":[{"href":"https:\/\/bestelements.de\/es\/wp-json\/wp\/v2\/product"}],"about":[{"href":"https:\/\/bestelements.de\/es\/wp-json\/wp\/v2\/types\/product"}],"version-history":[{"count":0,"href":"https:\/\/bestelements.de\/es\/wp-json\/wp\/v2\/product\/111\/revisions"}],"wp:featuredmedia":[{"embeddable":true,"href":"https:\/\/bestelements.de\/es\/wp-json\/wp\/v2\/media\/38"}],"wp:attachment":[{"href":"https:\/\/bestelements.de\/es\/wp-json\/wp\/v2\/media?parent=111"}],"wp:term":[{"taxonomy":"product_brand","embeddable":true,"href":"https:\/\/bestelements.de\/es\/wp-json\/wp\/v2\/product_brand?post=111"},{"taxonomy":"product_cat","embeddable":true,"href":"https:\/\/bestelements.de\/es\/wp-json\/wp\/v2\/product_cat?post=111"},{"taxonomy":"product_tag","embeddable":true,"href":"https:\/\/bestelements.de\/es\/wp-json\/wp\/v2\/product_tag?post=111"}],"curies":[{"name":"wp","href":"https:\/\/api.w.org\/{rel}","templated":true}]}}