{"id":10885,"date":"2021-11-29T15:02:34","date_gmt":"2021-11-29T14:02:34","guid":{"rendered":"https:\/\/bestelements.de\/?post_type=product&#038;p=10885"},"modified":"2026-03-30T11:37:35","modified_gmt":"2026-03-30T09:37:35","slug":"mobiler-hydrogen-wasserstoff-booster-h2-plus","status":"publish","type":"product","link":"https:\/\/bestelements.de\/es\/kaufen\/wasserstoff-generator\/mobiler-hydrogen-wasserstoff-booster-h2-plus\/","title":{"rendered":"H2Master PLUS V2 Impulsor de hidr\u00f3geno m\u00f3vil con inhalador Edici\u00f3n Especial"},"content":{"rendered":"<p><\/p>\n<h2>H2Master Refuerzo de Hidr\u00f3geno Edici\u00f3n Especial<\/h2>\n<p class=\"\"><strong>H2Master<\/strong> son la nueva generaci\u00f3n de generadores de hidr\u00f3geno m\u00f3viles. Altos valores de rendimiento y uso m\u00f3vil caracterizan al H2Master. Esta <strong>edici\u00f3n especial incluye 2 dispositivos en uno: refuerzo de hidr\u00f3geno e inhalador de hidr\u00f3geno<\/strong>; Hidr\u00f3geno disuelto en agua potable en una concentraci\u00f3n certificada superior a la media e hidr\u00f3geno para ser inhalado a trav\u00e9s de un tubo nasal. Este elemento, tan importante para nuestra salud y bienestar, llega a las c\u00e9lulas de nuestro organismo por ambas v\u00edas. Con este dispositivo puedes averiguar cu\u00e1l es tu forma preferida y puedes incorporar ambas variantes en tu vida diaria y utilizarlas para el fitness y el bienestar.<\/p>\n<h3 style=\"text-align: center;\">Efecto hidr\u00f3geno explicado r\u00e1pidamente<\/h3>\n<div class=\"fusion-fullwidth fullwidth-box fusion-builder-row-3 fusion-flex-container has-pattern-background has-mask-background nonhundred-percent-fullwidth non-hundred-percent-height-scrolling\" style=\"--awb-border-radius-top-left:0px;--awb-border-radius-top-right:0px;--awb-border-radius-bottom-right:0px;--awb-border-radius-bottom-left:0px;--awb-flex-wrap:wrap;\" ><div class=\"fusion-builder-row fusion-row fusion-flex-align-items-flex-start fusion-flex-justify-content-center fusion-flex-content-wrap\" style=\"max-width:1185.6px;margin-left: calc(-4% \/ 2 );margin-right: calc(-4% \/ 2 );\"><div class=\"fusion-layout-column fusion_builder_column fusion-builder-column-4 fusion-flex-column fusion-flex-align-self-center\" style=\"--awb-bg-size:cover;--awb-width-large:300px;--awb-margin-top-large:0px;--awb-spacing-right-large:2%;--awb-margin-bottom-large:20px;--awb-spacing-left-large:2%;--awb-width-medium:300px;--awb-order-medium:0;--awb-spacing-right-medium:2%;--awb-spacing-left-medium:2%;--awb-width-small:220px;--awb-order-small:0;--awb-spacing-right-small:2%;--awb-spacing-left-small:2%;\" data-scroll-devices=\"small-visibility,medium-visibility,large-visibility\"><div class=\"fusion-column-wrapper fusion-column-has-shadow fusion-flex-justify-content-space-between fusion-content-layout-column\"><div class=\"fusion-image-element \" style=\"--awb-caption-title-font-family:var(--h2_typography-font-family);--awb-caption-title-font-weight:var(--h2_typography-font-weight);--awb-caption-title-font-style:var(--h2_typography-font-style);--awb-caption-title-size:var(--h2_typography-font-size);--awb-caption-title-transform:var(--h2_typography-text-transform);--awb-caption-title-line-height:var(--h2_typography-line-height);--awb-caption-title-letter-spacing:var(--h2_typography-letter-spacing);\"><span class=\" fusion-imageframe imageframe-none imageframe-3 hover-type-none\"><a class=\"fusion-no-lightbox\" href=\"https:\/\/bestelements.de\/es\/wasserstoffwasser\/wasserstoff-trinken-inhalieren-power-wohlbefinden\/\" target=\"_self\" aria-label=\"Wasserstoff bringt Power wieder\"><img decoding=\"async\" width=\"300\" height=\"200\" alt=\"Wasserstoff trinken oder inhalieren\" src=\"https:\/\/bestelements.de\/wp-content\/uploads\/Anzeige-Wasserstoff-bringt-Power-wieder-ohne-Text.jpg\" data-orig-src=\"https:\/\/bestelements.de\/wp-content\/uploads\/Anzeige-Wasserstoff-bringt-Power-wieder-ohne-Text-300x200.jpg\" class=\"lazyload img-responsive wp-image-21641\" srcset=\"data:image\/svg+xml,%3Csvg%20xmlns%3D%27http%3A%2F%2Fwww.w3.org%2F2000%2Fsvg%27%20width%3D%271140%27%20height%3D%27759%27%20viewBox%3D%270%200%201140%20759%27%3E%3Crect%20width%3D%271140%27%20height%3D%27759%27%20fill-opacity%3D%220%22%2F%3E%3C%2Fsvg%3E\" data-srcset=\"https:\/\/bestelements.de\/wp-content\/uploads\/Anzeige-Wasserstoff-bringt-Power-wieder-ohne-Text-200x133.jpg 200w, https:\/\/bestelements.de\/wp-content\/uploads\/Anzeige-Wasserstoff-bringt-Power-wieder-ohne-Text-400x266.jpg 400w, https:\/\/bestelements.de\/wp-content\/uploads\/Anzeige-Wasserstoff-bringt-Power-wieder-ohne-Text-600x399.jpg 600w, https:\/\/bestelements.de\/wp-content\/uploads\/Anzeige-Wasserstoff-bringt-Power-wieder-ohne-Text-800x533.jpg 800w, https:\/\/bestelements.de\/wp-content\/uploads\/Anzeige-Wasserstoff-bringt-Power-wieder-ohne-Text.jpg 1140w\" data-sizes=\"auto\" data-orig-sizes=\"(max-width: 1024px) 100vw, (max-width: 640px) 100vw, 300px\" \/><\/a><\/span><\/div><\/div><\/div><div class=\"fusion-layout-column fusion_builder_column fusion-builder-column-5 fusion-flex-column fusion-flex-align-self-center\" style=\"--awb-bg-size:cover;--awb-width-large:60px;--awb-margin-top-large:0px;--awb-spacing-right-large:2%;--awb-margin-bottom-large:20px;--awb-spacing-left-large:2%;--awb-width-medium:60px;--awb-order-medium:0;--awb-spacing-right-medium:2%;--awb-spacing-left-medium:2%;--awb-width-small:60px;--awb-order-small:0;--awb-spacing-right-small:2%;--awb-spacing-left-small:2%;\" data-scroll-devices=\"small-visibility,medium-visibility,large-visibility\"><div class=\"fusion-column-wrapper fusion-column-has-shadow fusion-flex-justify-content-space-around fusion-content-layout-column\"><a class=\"fb-icon-element-5 fb-icon-element fontawesome-icon fa-lightbulb-on fas circle-yes fusion-text-flow fusion-link\" style=\"--awb-circlecolor:var(--awb-custom14);--awb-circlebordercolor:var(--awb-custom14);--awb-circlebordersize:1px;--awb-font-size:28.16px;--awb-width:56.32px;--awb-height:56.32px;--awb-line-height:54.32px;--awb-margin-right:16px;\" href=\"https:\/\/bestelements.de\/es\/wasserstoffwasser\/h2-wasserstoff-booster-hydrogen-rich-water-generatoren-aktiv-wasser-mobile-wasserionisierer-im-vergleich\/\" target=\"_self\" aria-label=\"Link to https:\/\/bestelements.de\/es\/wasserstoffwasser\/h2-wasserstoff-booster-hydrogen-rich-water-generatoren-aktiv-wasser-mobile-wasserionisierer-im-vergleich\/\"><\/a><div class=\"fusion-separator fusion-full-width-sep\" style=\"align-self: center;margin-left: auto;margin-right: auto;margin-bottom:8%;width:100%;\"><\/div><a class=\"fb-icon-element-6 fb-icon-element fontawesome-icon fa-lightbulb-exclamation fas circle-yes fusion-text-flow fusion-link\" style=\"--awb-circlecolor:var(--awb-custom14);--awb-circlebordercolor:var(--awb-custom14);--awb-circlebordersize:1px;--awb-font-size:28.16px;--awb-width:56.32px;--awb-height:56.32px;--awb-line-height:54.32px;--awb-margin-right:16px;\" href=\"https:\/\/bestelements.de\/es\/wasserstoffwasser\/wasserstoff-trinken-inhalieren-power-wohlbefinden\/\" target=\"_self\" aria-label=\"Link to https:\/\/bestelements.de\/es\/wasserstoffwasser\/wasserstoff-trinken-inhalieren-power-wohlbefinden\/\"><\/a><\/div><\/div><\/div><\/div>\n<h2>Bienestar, relajaci\u00f3n, rendimiento y fitness<\/h2>\n<p>El refuerzo de hidr\u00f3geno H2Master vigoriza el cuerpo hasta las c\u00e9lulas m\u00e1s peque\u00f1as y elimina los radicales libres perjudiciales. Ya sea en el bienestar, el deporte, el trabajo o el hogar\u2026 Con una saturaci\u00f3n de hidr\u00f3geno superior a la media y certificada, activas posibilidades f\u00edsicas y mentales que no has agotado y que han permanecido ocultas.<\/p>\n<p>Libera a tu cuerpo de radicales libres, estr\u00e9s oxidativo y acidosis. La estresante vida cotidiana ha descargado efectos negativos sobre nosotros durante demasiado tiempo. Deshazte del lastre ahora y trae dinamismo a tu vida. Muchos estudios prueban su eficacia. \u00a1Sacuda el cors\u00e9 que constri\u00f1e y limita y comience!<\/p>\n<h2><span class=\"blue-back\">H2Master<\/span> <span class=\"textgray\">Impulsor e inhalador de hidr\u00f3geno m\u00f3vil<\/span><\/h2>\n<div class=\"blue-back\">Generador e inhalador de hidr\u00f3geno de m\u00e1ximas prestaciones certificadas<\/div>\n<p><img decoding=\"async\" src=\"data:image\/svg+xml,%3Csvg%20xmlns%3D%27http%3A%2F%2Fwww.w3.org%2F2000%2Fsvg%27%20width%3D%27818%27%20height%3D%27466%27%20viewBox%3D%270%200%20818%20466%27%3E%3Crect%20width%3D%27818%27%20height%3D%27466%27%20fill-opacity%3D%220%22%2F%3E%3C%2Fsvg%3E\" data-orig-src=\"https:\/\/bestelements.de\/wp-content\/uploads\/Keyvisual-H2M-H2Master-Wasserstoffbooster-Sonderedition-Fitness-Wellness.jpg\" title=\"H2M H2Master potenciador de hidr\u00f3geno edici\u00f3n especial fitness bienestar\" alt=\"H2M H2Master potenciador de hidr\u00f3geno edici\u00f3n especial fitness bienestar\" width=\"818\" height=\"466\" class=\"lazyload alignnone size-full wp-image-20037\" \/><\/p>\n<h3><img decoding=\"async\" class=\"lazyload size-full wp-image-16052 alignleft\" src=\"https:\/\/bestelements.de\/wp-content\/uploads\/H2-Analytics-approved.png\" data-orig-src=\"https:\/\/bestelements.de\/wp-content\/uploads\/H2-Analytics-approved.png\" alt=\"H2 Analytics approved\" width=\"200\" height=\"200\" srcset=\"data:image\/svg+xml,%3Csvg%20xmlns%3D%27http%3A%2F%2Fwww.w3.org%2F2000%2Fsvg%27%20width%3D%27200%27%20height%3D%27200%27%20viewBox%3D%270%200%20200%20200%27%3E%3Crect%20width%3D%27200%27%20height%3D%27200%27%20fill-opacity%3D%220%22%2F%3E%3C%2Fsvg%3E\" data-srcset=\"https:\/\/bestelements.de\/wp-content\/uploads\/H2-Analytics-approved-66x66.png 66w, https:\/\/bestelements.de\/wp-content\/uploads\/H2-Analytics-approved-100x100.png 100w, https:\/\/bestelements.de\/wp-content\/uploads\/H2-Analytics-approved-150x150.png 150w, https:\/\/bestelements.de\/wp-content\/uploads\/H2-Analytics-approved.png 200w\" data-sizes=\"auto\" data-orig-sizes=\"(max-width: 200px) 100vw, 200px\" \/>Alto rendimiento: Hidr\u00f3geno disuelto en el agua potable y en el aire que respiramos<\/h3>\n<p><img decoding=\"async\" src=\"https:\/\/bestelements.de\/wp-content\/uploads\/Wasserstoff-inhalieren.jpg\" data-orig-src=\"https:\/\/bestelements.de\/wp-content\/uploads\/Wasserstoff-inhalieren.jpg\" alt=\"Wasserstoff inhalieren\" width=\"150\" height=\"150\" class=\"lazyload alignnone size-full wp-image-20043 alignright\" srcset=\"data:image\/svg+xml,%3Csvg%20xmlns%3D%27http%3A%2F%2Fwww.w3.org%2F2000%2Fsvg%27%20width%3D%27150%27%20height%3D%27150%27%20viewBox%3D%270%200%20150%20150%27%3E%3Crect%20width%3D%27150%27%20height%3D%27150%27%20fill-opacity%3D%220%22%2F%3E%3C%2Fsvg%3E\" data-srcset=\"https:\/\/bestelements.de\/wp-content\/uploads\/Wasserstoff-inhalieren-66x66.jpg 66w, https:\/\/bestelements.de\/wp-content\/uploads\/Wasserstoff-inhalieren-100x100.jpg 100w, https:\/\/bestelements.de\/wp-content\/uploads\/Wasserstoff-inhalieren.jpg 150w\" data-sizes=\"auto\" data-orig-sizes=\"(max-width: 150px) 100vw, 150px\" \/>Agua potable enriquecida con H2 o aire respirable <strong>contra los radicales libres, la acidificaci\u00f3n, el estr\u00e9s oxidativo<\/strong>: Se sabe que estas son las <a href=\"https:\/\/bestelements.de\/es\/gesundheit\/wasserstoff-gegen-oxidativen-stress-zivilisationserkrankungen-alterungsprozesse\/\">principales causas<\/a> de muchas <strong>enfermedades de la civilizaci\u00f3n y procesos de envejecimiento<\/strong>. Un estilo de vida poco saludable con demasiado estr\u00e9s, alcohol, aire viciado e insuficientes nutrientes en la dieta conducen a la formaci\u00f3n de radicales libres, que se depositan en nuestro cuerpo, en las mitocondrias de nuestras c\u00e9lulas, y dificultan un metabolismo fluido. El resultado puede ser <strong>agotamiento, cansancio, disminuci\u00f3n del rendimiento o deficiencias cr\u00f3nicas<\/strong>.<\/p>\n<p>Pero luego el hidr\u00f3geno salvador entra en juego como un antioxidante natural. Se une naturalmente a los radicales libres y as\u00ed se eliminan. Los compuestos de hidr\u00f3geno tambi\u00e9n se encuentran en muchas vitaminas, por ejemplo, pero el hidr\u00f3geno tambi\u00e9n se puede disolver en el agua potable. El valor del pH apenas cambia. Cuanto mejor es un generador de hidr\u00f3geno, m\u00e1s H2 puede disolver (valor ppb). El hidr\u00f3geno disuelto se considera una <strong>fuente de energ\u00eda para nuestro metabolismo energ\u00e9tico y se considera un antienvejecimiento natural<\/strong>, como lo han demostrado repetidamente los estudios. Aqu\u00ed est\u00e1n los <a href=\"https:\/\/bestelements.de\/es\/wasserstoffwasser\/h2-wasserstoff-booster-hydrogen-rich-water-generatoren-aktiv-wasser-mobile-wasserionisierer-im-vergleich\/\">procesos en detalle<\/a>.<\/p>\n<p>Se pudo detectar una mayor concentraci\u00f3n de hidr\u00f3geno gaseoso en varios manantiales curativos en todo el mundo. Se considera que el hidr\u00f3geno unido en el agua es la raz\u00f3n de un efecto positivo en los pacientes. El hidr\u00f3geno es vol\u00e1til y se desgasifica del agua despu\u00e9s de un tiempo. Esto explica por qu\u00e9 el agua de los manantiales curativos solo funciona en la ubicaci\u00f3n de origen. (Fuente Estudios Dr. Shirahata, Jap\u00f3n). Por esta raz\u00f3n, un generador de hidr\u00f3geno m\u00f3vil tiene sentido, porque puedes preparar el agua fresca, ya sea que est\u00e9s <strong>en casa, en el trabajo, de viaje o en el gimnasio<\/strong>.<\/p>\n<h2>Solicitud<\/h2>\n<p><img decoding=\"async\" class=\"lazyload wp-image-16064 size-full alignright\" src=\"data:image\/svg+xml,%3Csvg%20xmlns%3D%27http%3A%2F%2Fwww.w3.org%2F2000%2Fsvg%27%20width%3D%27104%27%20height%3D%27300%27%20viewBox%3D%270%200%20104%20300%27%3E%3Crect%20width%3D%27104%27%20height%3D%27300%27%20fill-opacity%3D%220%22%2F%3E%3C%2Fsvg%3E\" data-orig-src=\"https:\/\/bestelements.de\/wp-content\/uploads\/H2Master-Booster-Sockel-rot-mit-PET-Flasche.jpg\" alt=\"H2 Master Booster Sockel mit PET-Flasche\" width=\"104\" height=\"300\" \/><br \/>\nEl recipiente se llena con agua potable sin gas y con s\u00f3lo pulsar un bot\u00f3n se inicia el proceso de enriquecimiento con hidr\u00f3geno gaseoso (5 o 10 minutos). Durante el proceso, las burbujas suben, creando nanoburbujas de H2 que permanecen en el agua potable. Despu\u00e9s del enriquecimiento con H<sub>2<\/sub>, el agua potable permanece inm\u00f3vil y se puede beber. El generador de hidr\u00f3geno se puede utilizar con agua potable\/agua del grifo (preferiblemente filtrada) o, gracias a la unidad base desenroscable, con agua sin gas directamente con botellas de PET. Las roscas de botella grandes (28 mm) se pueden atornillar directamente a la unidad base; para roscas m\u00e1s peque\u00f1as (24 mm), se requiere el adaptador incluido.<\/p>\n<p>El Edici\u00f3n especial H2Master es un dispositivo con membranas DuPont Nafion\u2122 N117 recubiertas de platino avanzadas para una mayor saturaci\u00f3n de ppb y una separaci\u00f3n de hidr\u00f3geno y ox\u00edgeno m\u00e1s completa. La tecnolog\u00eda de separaci\u00f3n de hidr\u00f3geno y ox\u00edgeno garantiza un alto nivel de seguridad del agua potable. El cloro y el ozono que se produce se eliminan mediante la funci\u00f3n de ventilaci\u00f3n de la membrana. Los metales pesados \u200b\u200by otras sustancias tambi\u00e9n se eliminan durante el proceso de separaci\u00f3n. La placa de electrodos recubierta de platino tiene aberturas de m\u00faltiples poros a trav\u00e9s de las cuales se logra este contenido de hidr\u00f3geno muy alto con un tiempo de residencia prolongado.<\/p>\n<figure class=\"wp-block-table\">\n<div class=\"table-1\">\n<table>\n<tbody>\n<tr>\n<td class=\"produkte\">Muy alta saturaci\u00f3n de H<sub>2<\/sub><\/td>\n<td class=\"produkte\"><img decoding=\"async\" class=\"lazyload wp-image-16052 alignleft\" src=\"https:\/\/bestelements.de\/wp-content\/uploads\/H2-Analytics-approved.png\" data-orig-src=\"https:\/\/bestelements.de\/wp-content\/uploads\/H2-Analytics-approved.png\" alt=\"H2 Analytics approved\" width=\"58\" height=\"58\" srcset=\"data:image\/svg+xml,%3Csvg%20xmlns%3D%27http%3A%2F%2Fwww.w3.org%2F2000%2Fsvg%27%20width%3D%2758%27%20height%3D%2758%27%20viewBox%3D%270%200%2058%2058%27%3E%3Crect%20width%3D%2758%27%20height%3D%2758%27%20fill-opacity%3D%220%22%2F%3E%3C%2Fsvg%3E\" data-srcset=\"https:\/\/bestelements.de\/wp-content\/uploads\/H2-Analytics-approved-66x66.png 66w, https:\/\/bestelements.de\/wp-content\/uploads\/H2-Analytics-approved-100x100.png 100w, https:\/\/bestelements.de\/wp-content\/uploads\/H2-Analytics-approved-150x150.png 150w, https:\/\/bestelements.de\/wp-content\/uploads\/H2-Analytics-approved.png 200w\" data-sizes=\"auto\" data-orig-sizes=\"(max-width: 58px) 100vw, 58px\" \/>Dos niveles de saturaci\u00f3n para hidr\u00f3geno molecular gaseoso disuelto en agua potable: 10 minutos, <strong>saturaci\u00f3n hasta 5140 ppb, confirmado y certificado<\/strong> por el Informe de laboratorio de H2 Analytics Water Testing &amp; Certification USA, <a href=\"https:\/\/youtu.be\/s8yigUj8qeI\" rel=\"noopener noreferrer nofollow\" target=\"_blank\">Prueba de saturaci\u00f3n de hidr\u00f3geno con kit H2 <i class=\"fab fa-youtube blue\"><\/i> v\u00eddeo<\/a>,  pantalla de 5 o 10 minutos con temporizador <i class=\"fas fa-history blue\"><\/i><\/td>\n<\/tr>\n<tr>\n<td class=\"produkte\">Comprobado<\/td>\n<td class=\"produkte\"><a href=\"https:\/\/bestelements.de\/es\/qualitaetssicherung\/di-flow-qualitaetsstandard\/\"><img decoding=\"async\" class=\"lazyload alignleft\" src=\"data:image\/gif;base64,R0lGODlhAQABAAAAACH5BAEKAAEALAAAAAABAAEAAAICTAEAOw==\" data-orig-src=\"https:\/\/bestelements.de\/wp-content\/uploads\/Di-Flow-Logo.svg\" alt=\"Di-Flow\" width=\"150px\" height=\"\" \/><\/a> Di-Flow\u00ae Junta de examen<\/td>\n<\/tr>\n<tr>\n<td class=\"produkte\">Operaci\u00f3n de la bater\u00eda<\/td>\n<td class=\"produkte\">Uso m\u00f3vil gracias a la bater\u00eda recargable integrada con 2.200 mAh, son posibles hasta m\u00e1s de 20 funcionamientos con una sola carga, posibilidad de carga r\u00e1pida, dependiendo del cargador<\/td>\n<\/tr>\n<tr>\n<td class=\"produkte\">Membrana<\/td>\n<td class=\"produkte\">Membrana de intercambio de protones SPE PEM avanzada<\/td>\n<\/tr>\n<tr>\n<td class=\"produkte\">Typ<\/td>\n<td class=\"produkte\">Membrana avanzada DuPont Nafion\u2122 N117 recubierta de platino para una mayor saturaci\u00f3n de ppb y una separaci\u00f3n de hidr\u00f3geno y ox\u00edgeno m\u00e1s completa<\/td>\n<\/tr>\n<tr>\n<td class=\"produkte\">Contenido<\/td>\n<td class=\"produkte\">Contenido de la botella hasta 210 ml de agua potable por proceso; Corresponde a una cantidad de bebida que se puede beber inmediatamente. El agua potable saturada de H<sub>2<\/sub> generalmente debe prepararse justo antes de beberla para garantizar la saturaci\u00f3n total de H<sub>2<\/sub>.<\/td>\n<\/tr>\n<tr>\n<td class=\"produkte\">Materiales del cuerpo de la botella<\/td>\n<td class=\"produkte\">Aluminio anodizado (solo exterior) y polipropileno apto para alimentos, desenroscable<\/td>\n<\/tr>\n<tr>\n<td class=\"produkte\">Caracter\u00edstica especial<\/td>\n<td class=\"produkte\">Bater\u00eda de larga duraci\u00f3n, la base Booster tambi\u00e9n se puede utilizar para botellas de PET disponibles comercialmente con una rosca de 28 botellas (por ejemplo, botellas de PET Volvic o Vittel)<\/td>\n<\/tr>\n<tr>\n<td class=\"produkte\">Dimensi\u00f3n<\/td>\n<td class=\"produkte\">60 x 197 mm<\/td>\n<\/tr>\n<tr>\n<td class=\"produkte\">Peso en vac\u00edo<\/td>\n<td class=\"produkte\">340 g<\/td>\n<\/tr>\n<tr>\n<td class=\"produkte\">Colores<\/td>\n<td class=\"produkte\">Rojo Met\u00e1lica<\/td>\n<\/tr>\n<tr>\n<td class=\"produkte\">Rango de temperatura<\/td>\n<td class=\"produkte\">Temperatura del agua min 0\u00b0C a max 60\u00b0C<\/td>\n<\/tr>\n<tr>\n<td class=\"produkte\">Alcance de la entrega<\/td>\n<td class=\"produkte\">H2Master Booster, Accesorios de inhalaci\u00f3n con tubo y c\u00e1nula nasal, cable de carga USB tipo C, Enchufe de carga USB, Adaptador de botella de PET, <a href=\"https:\/\/bestelements.de\/manuals\/gebrauchsanleitungen\/\">manual de usuario<\/a><\/td>\n<\/tr>\n<tr>\n<td class=\"produkte\" colspan=\"2\">El enchufe de carga con cable de carga est\u00e1 incluido en el volumen de suministro<\/td>\n<\/tr>\n<\/tbody>\n<\/table>\n<\/div>\n<\/figure>\n<p><i class=\"fa fa-info-circle blue\"><\/i> No lo use para agua con gas. No lo use para agua caliente.<br \/>\n<span class=\"gray-back-snippet\">Aplicaci\u00f3n del hidr\u00f3geno <a href=\"https:\/\/bestelements.de\/es\/wasserstoffwasser\/podcast-beratung-wasserstoffanwendung-h2booster-inhalatoren\/\" target=\"_blank\" class=\"fusion-button button-default button-small button-abstand\">P\u00f3dcast<\/a> <a href=\"https:\/\/bestelements.de\/es\/wasserstoffwasser\/podcast-wasserstoffreiches-trinkwasser-nutzen-und-erfahrungen\/\" class=\"fusion-button button-default button-small button-abstand\">V\u00eddeos<\/a> <a href=\"https:\/\/bestelements.de\/es\/wasserstoffwasser\/mobile-wasserstoffgeneratoren-vergleichen-und-kaufen\/\" class=\"fusion-button button-default button-small button-abstand\">Comparaci\u00f3n de productos<\/a><\/span><br \/>\n<span class=\"gray-back-snippet\">Hidr\u00f3geno <a href=\"https:\/\/bestelements.de\/es\/wasserstoffwasser\/\" target=\"_blank\" class=\"fusion-button button-default button-small button-abstand\">Art\u00edculo<\/a> <a href=\"https:\/\/bestelements.de\/es\/tag\/h2studien\/\" class=\"fusion-button button-default button-small button-abstand\">Estudios<\/a> <a href=\"https:\/\/bestelements.de\/es\/wasserstoffwasser\/fragen-antworten-anwendung-wasserstoffreiches-trinkwasser-wasserstoff-inhalation\/\" class=\"fusion-button button-default button-small button-abstand\">Preguntas Respuestas<\/a> <a href=\"https:\/\/bestelements.de\/es\/kaufen\/buecher-ebooks\/ebook-wasserstoffreiches-trinkwasser-und-wasserstoff-inhalation-anwendung-und-studien\/\" target=\"_blank\" class=\"fusion-button button-default button-small button-abstand\">Libro electr\u00f3nico<\/a><\/span><br \/>\n<div class=\"fusion-video fusion-youtube\" style=\"--awb-max-width:600px;--awb-max-height:360px;\"><div class=\"video-shortcode\"><priv-fac-lite-youtube class=\"fusion-hidden lty-load\" data-privacy-type=\"youtube\" videoid=\"0VQ9Hb_7GXI\" class=\"landscape\" params=\"wmode=transparent&autoplay=1&amp;rel=0&amp;enablejsapi=1\" title=\"YouTube video player 3\" data-button-label=\"Play Video\" width=\"600\" height=\"360\" data-thumbnail-size=\"auto\" data-no-cookie=\"on\"><\/priv-fac-lite-youtube><div class=\"fusion-privacy-placeholder\" style=\"width:600px; height:360px;\" data-privacy-type=\"youtube\"><div class=\"fusion-privacy-placeholder-content\"><div class=\"fusion-privacy-label\">For privacy reasons YouTube needs your permission to be loaded. For more details, please see our <a class=\"privacy-policy-link\" href=\"https:\/\/bestelements.de\/es\/datenschutzerklaerung\/\" rel=\"privacy-policy\">Protecci\u00f3n de Datos<\/a>.<\/div><button data-privacy-type=\"youtube\" class=\"fusion-button button-default fusion-button-default-size button fusion-privacy-consent\">I Accept<\/button><\/div><\/div><\/div><\/div><a class=\"sg-popup-id-149 dotted\" href=\"#\">Estaremos encantados de responder a sus preguntas sobre este generador de hidr\u00f3geno.<\/a><\/p>","protected":false},"excerpt":{"rendered":"<h2><img decoding=\"async\" src=\"https:\/\/bestelements.de\/wp-content\/uploads\/LogoH2M.svg\" width=\"30px\" style=\"margin: 0;\"><span class=\"textgray\">Refuerzo de hidr\u00f3geno<\/span><br \/><span class=\"blue-back\">H2Master PLUS V2 Edici\u00f3n Especial<\/span><\/h2>\n<div class=\"blue-back\">2 en 1: agua potable s\u00faper rica en nano-hidr\u00f3geno e inhalador en uno<\/div>\n<div id=\"icons-water-stoffe\"><i class=\"fa-solid fas fa-battery-full\"><\/i> <i class=\"fa-solid fas fa-running\"><\/i> <i class=\"fa-solid fas fa-head-side-brain\"><\/i> <i class=\"fa-solid fas fa-heartbeat\"><\/i> <i class=\"fa-solid fas fa-globe farbverlauf-srg\"><\/i><\/div>\n<ul>\n<li>Enriquecimiento de agua potable rica en hidr\u00f3geno<\/li>\n<li>Potente generador de hidr\u00f3geno m\u00f3vil certificado<\/li>\n<li>Extremadamente alta y saturaci\u00f3n de H2 de hidr\u00f3geno unido en agua potable<\/li>\n<li><span class=\"blue strong\">SUPER VALOR<\/span> <i class=\"fa-solid fas fa-certificate gray\"><\/i> <strong><span class=\"gray\">CERTIFICADO<\/span><\/strong> <strong>hasta m\u00e1s de 5,140 ppb<\/strong><\/li>\n<li>Membrana DuPont SPE PEM Proton extendida con revestimiento de platino<\/li>\n<li>Para el hogar, el trabajo, los deportes y el uso m\u00f3vil<\/li>\n<li><span class=\"blue strong\">UNIVERSAL<\/span> Tambi\u00e9n se puede utilizar con botellas de agua est\u00e1ndar<\/li>\n<li><span class=\"blue strong\">Incluye funci\u00f3n de inhalaci\u00f3n de H2<\/span> y enchufe de carga USB<\/li>\n<li><strong>Empresa alemana con soporte experto <i class=\"fa-solid fas fa-certificate blue\"><\/i> <a href=\"https:\/\/bestelements.de\/es\/wasserstoffwasser\/bestelements-und-wasserstoff-forschung-mitgliedschaft-bei-der-mhi-community\/\"><u>miembro de MHI<\/u><\/a><\/strong><\/li>\n<\/ul>\n","protected":false},"featured_media":26096,"template":"","meta":{"footnotes":""},"product_brand":[],"product_cat":[99],"product_tag":[222,223],"class_list":{"0":"post-10885","1":"product","2":"type-product","3":"status-publish","4":"has-post-thumbnail","6":"product_cat-wasserstoff-generator","7":"product_tag-wasserstoffbooster","8":"product_tag-mobile-wasserstoff-booster","9":"product_shipping_class-bis-1kg","11":"first","12":"instock","13":"sale","14":"featured","15":"taxable","16":"shipping-taxable","17":"purchasable","18":"product-type-variable","19":"has-default-attributes"},"_links":{"self":[{"href":"https:\/\/bestelements.de\/es\/wp-json\/wp\/v2\/product\/10885","targetHints":{"allow":["GET"]}}],"collection":[{"href":"https:\/\/bestelements.de\/es\/wp-json\/wp\/v2\/product"}],"about":[{"href":"https:\/\/bestelements.de\/es\/wp-json\/wp\/v2\/types\/product"}],"version-history":[{"count":1,"href":"https:\/\/bestelements.de\/es\/wp-json\/wp\/v2\/product\/10885\/revisions"}],"predecessor-version":[{"id":33642,"href":"https:\/\/bestelements.de\/es\/wp-json\/wp\/v2\/product\/10885\/revisions\/33642"}],"wp:featuredmedia":[{"embeddable":true,"href":"https:\/\/bestelements.de\/es\/wp-json\/wp\/v2\/media\/26096"}],"wp:attachment":[{"href":"https:\/\/bestelements.de\/es\/wp-json\/wp\/v2\/media?parent=10885"}],"wp:term":[{"taxonomy":"product_brand","embeddable":true,"href":"https:\/\/bestelements.de\/es\/wp-json\/wp\/v2\/product_brand?post=10885"},{"taxonomy":"product_cat","embeddable":true,"href":"https:\/\/bestelements.de\/es\/wp-json\/wp\/v2\/product_cat?post=10885"},{"taxonomy":"product_tag","embeddable":true,"href":"https:\/\/bestelements.de\/es\/wp-json\/wp\/v2\/product_tag?post=10885"}],"curies":[{"name":"wp","href":"https:\/\/api.w.org\/{rel}","templated":true}]}}