{"id":96,"date":"2020-08-15T16:53:21","date_gmt":"2020-08-15T14:53:21","guid":{"rendered":"https:\/\/bestelements.de\/?page_id=96"},"modified":"2026-03-10T08:50:40","modified_gmt":"2026-03-10T07:50:40","slug":"lieferinformationen-versandkosten","status":"publish","type":"page","link":"https:\/\/bestelements.de\/es\/lieferinformationen-versandkosten\/","title":{"rendered":"Informaci\u00f3n y Costos de env\u00edo"},"content":{"rendered":"<p><div class=\"fusion-fullwidth fullwidth-box fusion-builder-row-3 fusion-flex-container nonhundred-percent-fullwidth non-hundred-percent-height-scrolling\" style=\"--awb-border-radius-top-left:0px;--awb-border-radius-top-right:0px;--awb-border-radius-bottom-right:0px;--awb-border-radius-bottom-left:0px;--awb-flex-wrap:wrap;\" ><div class=\"fusion-builder-row fusion-row fusion-flex-align-items-flex-start fusion-flex-content-wrap\" style=\"max-width:1185.6px;margin-left: calc(-4% \/ 2 );margin-right: calc(-4% \/ 2 );\"><div class=\"fusion-layout-column fusion_builder_column fusion-builder-column-2 fusion_builder_column_1_1 1_1 fusion-flex-column\" style=\"--awb-bg-size:cover;--awb-width-large:100%;--awb-margin-top-large:0px;--awb-spacing-right-large:1.92%;--awb-margin-bottom-large:0px;--awb-spacing-left-large:1.92%;--awb-width-medium:100%;--awb-spacing-right-medium:1.92%;--awb-spacing-left-medium:1.92%;--awb-width-small:100%;--awb-spacing-right-small:1.92%;--awb-spacing-left-small:1.92%;\"><div class=\"fusion-column-wrapper fusion-flex-justify-content-flex-start fusion-content-layout-column\"><div class=\"fusion-text fusion-text-3\"><p><strong>Env\u00edo neutro en CO2 con DHL GoGreen<\/strong>: con este m\u00e9todo de env\u00edo, su env\u00edo se entrega de forma clim\u00e1ticamente neutra gracias a inversiones en proyectos de protecci\u00f3n del clima.<br \/>\n<strong>UPS Carbon Neutral<\/strong>\u00a0Compensamos el impacto ambiental de los env\u00edos<\/p>\n<p>Alemania<br \/>\nEnv\u00edo gratuito para pedidos superiores a 150 euros (solo DE)<br \/>\nAdem\u00e1s, gastos de env\u00edo v\u00e1lidos.:<\/p>\n<p>Alemania<br \/>\n3,99 | Gastos de env\u00edo hasta 2 kg.<br \/>\n6,95 | Gastos de env\u00edo hasta 5 kg.<br \/>\n8,95 | Gastos de env\u00edo hasta 10 kg.<br \/>\n16.80 | Gastos de env\u00edo hasta 31 kg.<br \/>\n34.00 | Gastos de env\u00edo hasta 52 kg.<\/p>\n<p>UE<br \/>\n15,99 | Gastos de env\u00edo hasta 5 kg.<br \/>\n20,99 | Gastos de env\u00edo hasta 10 kg.<br \/>\n31,99 | Gastos de env\u00edo hasta 20 kg.<br \/>\n44,99 | Gastos de env\u00edo hasta 31 kg.<\/p>\n<p>Europa excepto UE (dispositivos superiores a 1.000 \u20ac m\u00e1s 30 \u20ac de tasa de aduana)<br \/>\n26,90 | Gastos de env\u00edo hasta 5 kg.<br \/>\n34,99 | Gastos de env\u00edo hasta 10 kg.<br \/>\n49.00 | Gastos de env\u00edo hasta 20 kg.<br \/>\n56,00 | Gastos de env\u00edo hasta 31 kg.<br \/>\n99,99 | Gastos de env\u00edo hasta 61 kg.<\/p>\n<p>En todo el mundo excepto Europa<br \/>\n39,65 | Gastos de env\u00edo hasta 5 kg.<br \/>\n52.09 | Gastos de env\u00edo hasta 10 kg.<br \/>\n84,87 | Gastos de env\u00edo hasta 20 kg.<\/p>\n<p>Entrega urgente seg\u00fan sea necesario<\/p>\n<p>Los plazos de entrega se aplican a Alemania. En otros pa\u00edses los plazos de entrega son correspondientemente m\u00e1s largos.<\/p>\n<\/div><\/div><\/div><\/div><\/div><\/p>","protected":false},"excerpt":{"rendered":"","protected":false},"author":1,"featured_media":0,"parent":0,"menu_order":0,"comment_status":"closed","ping_status":"closed","template":"","meta":{"footnotes":""},"class_list":["post-96","page","type-page","status-publish","hentry"],"_links":{"self":[{"href":"https:\/\/bestelements.de\/es\/wp-json\/wp\/v2\/pages\/96","targetHints":{"allow":["GET"]}}],"collection":[{"href":"https:\/\/bestelements.de\/es\/wp-json\/wp\/v2\/pages"}],"about":[{"href":"https:\/\/bestelements.de\/es\/wp-json\/wp\/v2\/types\/page"}],"author":[{"embeddable":true,"href":"https:\/\/bestelements.de\/es\/wp-json\/wp\/v2\/users\/1"}],"replies":[{"embeddable":true,"href":"https:\/\/bestelements.de\/es\/wp-json\/wp\/v2\/comments?post=96"}],"version-history":[{"count":0,"href":"https:\/\/bestelements.de\/es\/wp-json\/wp\/v2\/pages\/96\/revisions"}],"wp:attachment":[{"href":"https:\/\/bestelements.de\/es\/wp-json\/wp\/v2\/media?parent=96"}],"curies":[{"name":"wp","href":"https:\/\/api.w.org\/{rel}","templated":true}]}}