{"id":94,"date":"2020-08-15T16:51:51","date_gmt":"2020-08-15T14:51:51","guid":{"rendered":"https:\/\/bestelements.de\/?page_id=94"},"modified":"2026-02-08T12:47:09","modified_gmt":"2026-02-08T11:47:09","slug":"widerrufsbelehrung","status":"publish","type":"page","link":"https:\/\/bestelements.de\/es\/widerrufsbelehrung\/","title":{"rendered":"Derecho a retirada"},"content":{"rendered":"<p><div class=\"fusion-fullwidth fullwidth-box fusion-builder-row-3 fusion-flex-container nonhundred-percent-fullwidth non-hundred-percent-height-scrolling\" style=\"--awb-border-radius-top-left:0px;--awb-border-radius-top-right:0px;--awb-border-radius-bottom-right:0px;--awb-border-radius-bottom-left:0px;--awb-flex-wrap:wrap;\" ><div class=\"fusion-builder-row fusion-row fusion-flex-align-items-flex-start fusion-flex-content-wrap\" style=\"max-width:1185.6px;margin-left: calc(-4% \/ 2 );margin-right: calc(-4% \/ 2 );\"><div class=\"fusion-layout-column fusion_builder_column fusion-builder-column-3 fusion_builder_column_1_1 1_1 fusion-flex-column\" style=\"--awb-bg-size:cover;--awb-width-large:100%;--awb-margin-top-large:0px;--awb-spacing-right-large:1.92%;--awb-margin-bottom-large:0px;--awb-spacing-left-large:1.92%;--awb-width-medium:100%;--awb-spacing-right-medium:1.92%;--awb-spacing-left-medium:1.92%;--awb-width-small:100%;--awb-spacing-right-small:1.92%;--awb-spacing-left-small:1.92%;\"><div class=\"fusion-column-wrapper fusion-flex-justify-content-flex-start fusion-content-layout-column\"><div class=\"fusion-text fusion-text-4\"><h2>Pol\u00edtica de cancelaci\u00f3n de mercanc\u00edas<\/h2>\n<p>Los consumidores <span class=\"d9FyLd\" role=\"heading\" aria-level=\"3\">(BGB\u00a0\u00a7\u00a013) <\/span>tienen un retiro de catorce d\u00edas<\/p>\n<h3>Derecho a retirada<\/h3>\n<p>Tiene derecho a cancelar este contrato dentro de los catorce d\u00edas sin dar ning\u00fan motivo. El plazo de cancelaci\u00f3n es de catorce d\u00edas a partir del d\u00eda en que usted o un tercero designado por usted que no sea el transportista tom\u00f3 posesi\u00f3n de la \u00faltima mercanc\u00eda. Para ejercer su derecho de desistimiento, debe ponerse en contacto con nosotros (BestElements Tecnolog\u00eda de Filtrado, Thomas Schmidt, Clemens-Adams-Str. 10, 53604 Bad Honnef, Alemania, tel\u00e9fono 0049 2224901980, fax 0049 2224901982, info@bestelements.de) a trav\u00e9s de una declaraci\u00f3n clara (por ejemplo, una carta enviada por correo postal, fax o correo electr\u00f3nico) para informarle de su decisi\u00f3n de rescindir este contrato. Puede utilizar el modelo de <a href=\"https:\/\/bestelements.de\/wp-content\/uploads\/Widerrufsformular.pdf\">formulario de cancelaci\u00f3n adjunto<\/a>, aunque no es obligatorio. Tambi\u00e9n puede cumplimentar y enviar electr\u00f3nicamente el <a href=\"https:\/\/bestelements.de\/wp-content\/uploads\/Widerrufsformular.pdf\">modelo de formulario de cancelaci\u00f3n<\/a> u otra declaraci\u00f3n clara en nuestra p\u00e1gina web <a href=\"https:\/\/bestelements.de\/es\/kontakt-beratung\/\">www.bestelements.de\/es\/kontakt-beratung<\/a>. Si hace uso de esta opci\u00f3n, le enviaremos inmediatamente una confirmaci\u00f3n (por ejemplo, por correo electr\u00f3nico) de la recepci\u00f3n de dicha revocaci\u00f3n. Para cumplir con el plazo de cancelaci\u00f3n, basta con que env\u00ede la notificaci\u00f3n de su ejercicio del derecho de cancelaci\u00f3n antes de que expire el plazo de cancelaci\u00f3n.<\/p>\n<h3>Consecuencias de la revocaci\u00f3n<\/h3>\n<p>Si cancela este contrato, le reembolsaremos todos los pagos recibidos de usted, incluidos los costos de env\u00edo (excepto los costos adicionales resultantes de que usted elija un m\u00e9todo de entrega diferente al env\u00edo est\u00e1ndar m\u00e1s barato que ofrecemos) que se reembolsar\u00e1n de inmediato y en a m\u00e1s tardar dentro de los catorce d\u00edas siguientes al d\u00eda en que recibimos la notificaci\u00f3n de su cancelaci\u00f3n de este contrato. Para este reembolso utilizamos el mismo m\u00e9todo de pago que usted utiliz\u00f3 para la transacci\u00f3n original, a menos que se haya acordado expresamente algo diferente con usted; bajo ninguna circunstancia se le cobrar\u00e1 ninguna tarifa como resultado de este reembolso. Podemos rechazar el reembolso hasta que hayamos recibido los productos de vuelta o hasta que usted haya proporcionado pruebas de que los ha devuelto. El consumidor o comprador corre con los gastos de la devoluci\u00f3n.<\/p>\n<h4><a href=\"https:\/\/bestelements.de\/wp-content\/uploads\/Widerrufsformular.pdf\">Modelo de formulario de cancelaci\u00f3n<\/a> en PDF<\/h4>\n<h4><em>Si desea cancelar el contrato, por favor rellene este formulario y env\u00edelo de vuelta.<\/em><\/h4>\n<p>Deber\u00e1 devolvernos o entregarnos la mercanc\u00eda inmediatamente y en cualquier caso a m\u00e1s tardar catorce d\u00edas a partir del d\u00eda en que nos notifique su cancelaci\u00f3n de este contrato. El plazo se cumple si env\u00eda la mercanc\u00eda antes de que expire el plazo de catorce d\u00edas. Nosotros asumimos los gastos de devoluci\u00f3n de la mercanc\u00eda. Usted s\u00f3lo es responsable de cualquier p\u00e9rdida de valor de los bienes si esta p\u00e9rdida de valor se debe a una manipulaci\u00f3n distinta a la necesaria para establecer la naturaleza, caracter\u00edsticas y funcionalidad de los bienes.<\/p>\n<p>El derecho de desistimiento no se aplica a los siguientes contratos:<br \/>\nContratos de suministro de bienes precintados que no sean aptos para devoluci\u00f3n por razones de salud o higiene si su precinto ha sido retirado tras la entrega.<\/p>\n<h2>Pol\u00edtica de cancelaci\u00f3n de servicios<\/h2>\n<p>Los consumidores tienen un retiro de catorce d\u00edas.<\/p>\n<h3>Derecho a retirada<\/h3>\n<p>Tiene derecho a cancelar este contrato dentro de los catorce d\u00edas sin dar ning\u00fan motivo. El plazo de cancelaci\u00f3n es de catorce d\u00edas a partir de la celebraci\u00f3n del contrato. Para ejercer su derecho de desistimiento, debe ponerse en contacto con nosotros (BestElements Tecnolog\u00eda de Filtrado, Thomas Schmidt, Clemens-Adams-Str. 10, 53604 Bad Honnef, Alemania, info@bestelements.de, tel\u00e9fono: 0049 2224901980, fax: 0049 2224901982) mediante una Declaraci\u00f3n clara (por ejemplo, una carta enviada por correo postal, fax o correo electr\u00f3nico) inform\u00e1ndole de su decisi\u00f3n de desistir de este contrato. Puede utilizar el modelo de formulario de cancelaci\u00f3n adjunto, aunque no es obligatorio. Puede utilizar el <a href=\"https:\/\/bestelements.de\/wp-content\/uploads\/Widerrufsformular.pdf\">modelo de formulario de cancelaci\u00f3n adjunto<\/a>, aunque no es obligatorio. Tambi\u00e9n puede cumplimentar y enviar electr\u00f3nicamente el <a href=\"https:\/\/bestelements.de\/wp-content\/uploads\/Widerrufsformular.pdf\">modelo de formulario de cancelaci\u00f3n<\/a> u otra declaraci\u00f3n clara en nuestra p\u00e1gina web <a href=\"https:\/\/bestelements.de\/es\/kontakt-beratung\/\">www.bestelements.de\/es\/kontakt-beratung<\/a>. Si hace uso de esta opci\u00f3n, le enviaremos inmediatamente una confirmaci\u00f3n (por ejemplo, por correo electr\u00f3nico) de la recepci\u00f3n de dicha revocaci\u00f3n. Para cumplir con el plazo de cancelaci\u00f3n, basta con que env\u00ede la notificaci\u00f3n de su ejercicio del derecho de cancelaci\u00f3n antes de que expire el plazo de cancelaci\u00f3n.<\/p>\n<h3>Consecuencias de la revocaci\u00f3n<\/h3>\n<p>Si cancela este contrato, le reembolsaremos todos los pagos recibidos de usted, incluidos los costos de env\u00edo (excepto los costos adicionales resultantes de que usted elija un m\u00e9todo de entrega diferente al env\u00edo est\u00e1ndar m\u00e1s barato que ofrecemos) que se reembolsar\u00e1n de inmediato y en a m\u00e1s tardar dentro de los catorce d\u00edas siguientes al d\u00eda en que recibimos la notificaci\u00f3n de su cancelaci\u00f3n de este contrato. Para este reembolso utilizamos el mismo m\u00e9todo de pago que usted utiliz\u00f3 para la transacci\u00f3n original, a menos que se haya acordado expresamente algo diferente con usted; bajo ninguna circunstancia se le cobrar\u00e1 ninguna tarifa como resultado de este reembolso.<\/p>\n<h4><a href=\"https:\/\/bestelements.de\/wp-content\/uploads\/Widerrufsformular.pdf\">Modelo de formulario de cancelaci\u00f3n<\/a> en PDF<br \/>\n<em>Si desea cancelar el contrato, por favor rellene este formulario y env\u00edelo de vuelta.<\/em><\/h4>\n<p>Si ha solicitado que los servicios comiencen durante el per\u00edodo de cancelaci\u00f3n, deber\u00e1 pagarnos una cantidad adecuada correspondiente a la proporci\u00f3n de los servicios ya prestados hasta el momento en que nos informe de su ejercicio del derecho de cancelaci\u00f3n con respecto a este contrato Comparaci\u00f3n con el alcance global de los servicios previstos en el contrato.<\/p>\n<h3>Instrucciones especiales<\/h3>\n<p>Si financia este contrato con un pr\u00e9stamo y luego lo revoca, ya no est\u00e1 obligado por el contrato de pr\u00e9stamo, siempre que ambos contratos formen una unidad econ\u00f3mica. Esto se puede asumir especialmente si tambi\u00e9n somos su prestamista o si su prestamista utiliza nuestra cooperaci\u00f3n en materia de financiaci\u00f3n. Si ya hemos recibido el pr\u00e9stamo cuando la revocaci\u00f3n surta efecto, su prestamista asume nuestros derechos y obligaciones del contrato financiado en relaci\u00f3n con usted con respecto a las consecuencias legales de la revocaci\u00f3n o devoluci\u00f3n. Esto \u00faltimo no se aplica si el objeto de este contrato es la adquisici\u00f3n de instrumentos financieros (por ejemplo, valores, divisas o derivados).<\/p>\n<p>Si desea evitar al m\u00e1ximo una obligaci\u00f3n contractual, haga uso de su derecho de cancelaci\u00f3n y cancele tambi\u00e9n el contrato de pr\u00e9stamo si tambi\u00e9n tiene derecho de cancelaci\u00f3n.<\/p>\n<\/div><\/div><\/div><\/div><\/div><\/p>","protected":false},"excerpt":{"rendered":"","protected":false},"author":1,"featured_media":0,"parent":0,"menu_order":0,"comment_status":"closed","ping_status":"closed","template":"","meta":{"footnotes":""},"class_list":["post-94","page","type-page","status-publish","hentry"],"_links":{"self":[{"href":"https:\/\/bestelements.de\/es\/wp-json\/wp\/v2\/pages\/94","targetHints":{"allow":["GET"]}}],"collection":[{"href":"https:\/\/bestelements.de\/es\/wp-json\/wp\/v2\/pages"}],"about":[{"href":"https:\/\/bestelements.de\/es\/wp-json\/wp\/v2\/types\/page"}],"author":[{"embeddable":true,"href":"https:\/\/bestelements.de\/es\/wp-json\/wp\/v2\/users\/1"}],"replies":[{"embeddable":true,"href":"https:\/\/bestelements.de\/es\/wp-json\/wp\/v2\/comments?post=94"}],"version-history":[{"count":0,"href":"https:\/\/bestelements.de\/es\/wp-json\/wp\/v2\/pages\/94\/revisions"}],"wp:attachment":[{"href":"https:\/\/bestelements.de\/es\/wp-json\/wp\/v2\/media?parent=94"}],"curies":[{"name":"wp","href":"https:\/\/api.w.org\/{rel}","templated":true}]}}