{"id":4427,"date":"2021-03-29T08:36:17","date_gmt":"2021-03-29T06:36:17","guid":{"rendered":"https:\/\/bestelements.de\/?page_id=4427"},"modified":"2023-09-15T10:19:27","modified_gmt":"2023-09-15T08:19:27","slug":"mietvereinbarung","status":"publish","type":"page","link":"https:\/\/bestelements.de\/es\/mietvereinbarung\/","title":{"rendered":"Contrato de alquiler Alquiler de aparatos de filtraci\u00f3n y tratamiento"},"content":{"rendered":"<p><strong>Contrato de alquiler Alquiler de equipos de filtrado\/tratamiento<\/strong><\/p>\n<p>Recibir\u00e1 una confirmaci\u00f3n final de disponibilidad en el momento deseado despu\u00e9s de su pedido.<\/p>\n<p>Los dispositivos de filtrado\/tratamiento solo pueden utilizarse para el fin previsto. Los dispositivos deben manipularse correctamente y con cuidado y solo deben ser operados por personal autorizado que est\u00e9 familiarizado con las instrucciones de uso.<\/p>\n<p>Cualquier da\u00f1o causado por un uso inadecuado ser\u00e1 cubierto por el arrendatario o el seguro del arrendatario. En caso de da\u00f1os, el arrendador debe ser informado inmediatamente.<\/p>\n<p>Los dispositivos de filtrado\/tratamiento con todos los accesorios (excepto consumibles) y documentos deben devolverse en buenas condiciones inmediatamente despu\u00e9s de que haya expirado el per\u00edodo de alquiler acordado. Solo se debe utilizar el embalaje original para esto.<\/p>\n<p>En caso de pr\u00f3rroga no autorizada, el per\u00edodo de alquiler adicional se calcular\u00e1 seg\u00fan las condiciones pactadas.<\/p>\n<p>Si el dispositivo est\u00e1 da\u00f1ado o faltan piezas, estas ser\u00e1n reparadas o reemplazadas a expensas del arrendatario.<\/p>","protected":false},"excerpt":{"rendered":"<p>Contrato de alquiler Alquiler de equipos de filtrado\/tratamiento Recibir\u00e1 una confirmaci\u00f3n final de disponibilidad en el momento deseado despu\u00e9s de su pedido. Los dispositivos de filtrado\/tratamiento solo pueden utilizarse para el fin previsto. Los dispositivos <a href=\"https:\/\/bestelements.de\/es\/mietvereinbarung\/\">&#8230; [abrir publicaci\u00f3n]<\/a><\/p>\n","protected":false},"author":1,"featured_media":0,"parent":0,"menu_order":0,"comment_status":"closed","ping_status":"closed","template":"","meta":{"footnotes":""},"class_list":["post-4427","page","type-page","status-publish","hentry"],"_links":{"self":[{"href":"https:\/\/bestelements.de\/es\/wp-json\/wp\/v2\/pages\/4427","targetHints":{"allow":["GET"]}}],"collection":[{"href":"https:\/\/bestelements.de\/es\/wp-json\/wp\/v2\/pages"}],"about":[{"href":"https:\/\/bestelements.de\/es\/wp-json\/wp\/v2\/types\/page"}],"author":[{"embeddable":true,"href":"https:\/\/bestelements.de\/es\/wp-json\/wp\/v2\/users\/1"}],"replies":[{"embeddable":true,"href":"https:\/\/bestelements.de\/es\/wp-json\/wp\/v2\/comments?post=4427"}],"version-history":[{"count":0,"href":"https:\/\/bestelements.de\/es\/wp-json\/wp\/v2\/pages\/4427\/revisions"}],"wp:attachment":[{"href":"https:\/\/bestelements.de\/es\/wp-json\/wp\/v2\/media?parent=4427"}],"curies":[{"name":"wp","href":"https:\/\/api.w.org\/{rel}","templated":true}]}}