{"id":354,"date":"2020-11-03T10:52:56","date_gmt":"2020-11-03T09:52:56","guid":{"rendered":"https:\/\/bestelements.de\/?page_id=354"},"modified":"2023-09-15T10:14:24","modified_gmt":"2023-09-15T08:14:24","slug":"umwelthinweise","status":"publish","type":"page","link":"https:\/\/bestelements.de\/es\/umwelthinweise\/","title":{"rendered":"Informaci\u00f3n ambiental"},"content":{"rendered":"<p><div class=\"fusion-fullwidth fullwidth-box fusion-builder-row-3 fusion-flex-container nonhundred-percent-fullwidth non-hundred-percent-height-scrolling\" style=\"--awb-border-radius-top-left:0px;--awb-border-radius-top-right:0px;--awb-border-radius-bottom-right:0px;--awb-border-radius-bottom-left:0px;--awb-flex-wrap:wrap;\" ><div class=\"fusion-builder-row fusion-row fusion-flex-align-items-flex-start fusion-flex-content-wrap\" style=\"max-width:1185.6px;margin-left: calc(-4% \/ 2 );margin-right: calc(-4% \/ 2 );\"><div class=\"fusion-layout-column fusion_builder_column fusion-builder-column-2 fusion_builder_column_1_1 1_1 fusion-flex-column\" style=\"--awb-bg-size:cover;--awb-width-large:100%;--awb-margin-top-large:0px;--awb-spacing-right-large:1.92%;--awb-margin-bottom-large:0px;--awb-spacing-left-large:1.92%;--awb-width-medium:100%;--awb-spacing-right-medium:1.92%;--awb-spacing-left-medium:1.92%;--awb-width-small:100%;--awb-spacing-right-small:1.92%;--awb-spacing-left-small:1.92%;\"><div class=\"fusion-column-wrapper fusion-flex-justify-content-flex-start fusion-content-layout-column\"><div class=\"fusion-text fusion-text-3\"><p>Por la presente declaramos y confirmamos que cumplimos con nuestras obligaciones de participaci\u00f3n en el sistema\/obligaciones de recuperaci\u00f3n de acuerdo con la Ley de Envases al participar en un sistema dual.<\/p>\n<h2>Nota sobre la eliminaci\u00f3n de aparatos el\u00e9ctricos.<\/h2>\n<p>Los aparatos el\u00e9ctricos usados \u200b\u200bno deben desecharse con la basura dom\u00e9stica. Los dispositivos viejos se pueden devolver de forma gratuita a los puntos de recogida, como centros de reciclaje y\/o puntos de recogida designados. Las pilas\/pilas recargables y las l\u00e1mparas usadas deben separarse del dispositivo y, si es necesario, deben eliminarse los datos personales del dispositivo. Retiraremos los aparatos viejos de forma gratuita, tal y como establece el art\u00edculo 17 de la Ley de aparatos el\u00e9ctricos y electr\u00f3nicos. El s\u00edmbolo del \u201ccubo de basura tachado\u201d significa que el dispositivo as\u00ed marcado debe recogerse por separado de otros residuos al final de su vida \u00fatil. Los dispositivos que funcionan con bater\u00edas no deben desecharse con la basura dom\u00e9stica. Los dispositivos m\u00e1s nuevos se pueden reconocer por el s\u00edmbolo de un cubo de basura tachado. Estos productos tambi\u00e9n deben eliminarse adecuadamente. Esto tambi\u00e9n se aplica a las pilas y acumuladores: no deben desecharse con la basura dom\u00e9stica.<\/p>\n<h2>Nota sobre la eliminaci\u00f3n de la bater\u00eda<\/h2>\n<p>Al vender dispositivos que contienen bater\u00edas, estamos obligados a proporcionar la siguiente informaci\u00f3n<br \/>\nComo usuario final, est\u00e1s legalmente obligado a devolver las bater\u00edas usadas. Puede comprar bater\u00edas viejas que ofrecemos o hemos ofrecido como bater\u00edas nuevas de forma gratuita en BestElements, Clemens-Adams-Str. 10, 53604 Bad Honnef.<br \/>\nLos s\u00edmbolos de las bater\u00edas tienen el siguiente significado:<\/p>\n<ul>\n<li>El cubo de basura tachado significa: La bater\u00eda no se debe desechar con la basura dom\u00e9stica<\/li>\n<li>Pb = La bater\u00eda contiene m\u00e1s del 0,004 por ciento de plomo en masa<\/li>\n<li>Cd = la bater\u00eda contiene m\u00e1s del 0,002 por ciento de cadmio en masa<\/li>\n<li>Hg = La bater\u00eda contiene m\u00e1s del 0,0005 por ciento de mercurio en masa<\/li>\n<\/ul>\n<p>Tenga en cuenta estas instrucciones.<\/p>\n<\/div><\/div><\/div><\/div><\/div><\/p>","protected":false},"excerpt":{"rendered":"","protected":false},"author":1,"featured_media":0,"parent":0,"menu_order":0,"comment_status":"closed","ping_status":"closed","template":"","meta":{"footnotes":""},"class_list":["post-354","page","type-page","status-publish","hentry"],"_links":{"self":[{"href":"https:\/\/bestelements.de\/es\/wp-json\/wp\/v2\/pages\/354","targetHints":{"allow":["GET"]}}],"collection":[{"href":"https:\/\/bestelements.de\/es\/wp-json\/wp\/v2\/pages"}],"about":[{"href":"https:\/\/bestelements.de\/es\/wp-json\/wp\/v2\/types\/page"}],"author":[{"embeddable":true,"href":"https:\/\/bestelements.de\/es\/wp-json\/wp\/v2\/users\/1"}],"replies":[{"embeddable":true,"href":"https:\/\/bestelements.de\/es\/wp-json\/wp\/v2\/comments?post=354"}],"version-history":[{"count":0,"href":"https:\/\/bestelements.de\/es\/wp-json\/wp\/v2\/pages\/354\/revisions"}],"wp:attachment":[{"href":"https:\/\/bestelements.de\/es\/wp-json\/wp\/v2\/media?parent=354"}],"curies":[{"name":"wp","href":"https:\/\/api.w.org\/{rel}","templated":true}]}}