{"id":25371,"date":"2024-05-03T07:29:54","date_gmt":"2024-05-03T05:29:54","guid":{"rendered":"https:\/\/bestelements.de\/?page_id=25371"},"modified":"2026-01-28T09:54:14","modified_gmt":"2026-01-28T08:54:14","slug":"leasing","status":"publish","type":"page","link":"https:\/\/bestelements.de\/es\/leasing\/","title":{"rendered":"Arrendamiento de dispositivos de hidr\u00f3geno y dispositivos de filtrado."},"content":{"rendered":"<p><div class=\"fusion-fullwidth fullwidth-box fusion-builder-row-3 fusion-flex-container nonhundred-percent-fullwidth non-hundred-percent-height-scrolling\" style=\"--awb-border-radius-top-left:0px;--awb-border-radius-top-right:0px;--awb-border-radius-bottom-right:0px;--awb-border-radius-bottom-left:0px;--awb-flex-wrap:wrap;\" ><div class=\"fusion-builder-row fusion-row fusion-flex-align-items-flex-start fusion-flex-content-wrap\" style=\"max-width:1185.6px;margin-left: calc(-4% \/ 2 );margin-right: calc(-4% \/ 2 );\"><div class=\"fusion-layout-column fusion_builder_column fusion-builder-column-8 fusion_builder_column_1_1 1_1 fusion-flex-column\" style=\"--awb-bg-size:cover;--awb-width-large:100%;--awb-margin-top-large:0px;--awb-spacing-right-large:1.92%;--awb-margin-bottom-large:0px;--awb-spacing-left-large:1.92%;--awb-width-medium:100%;--awb-spacing-right-medium:1.92%;--awb-spacing-left-medium:1.92%;--awb-width-small:100%;--awb-spacing-right-small:1.92%;--awb-spacing-left-small:1.92%;\"><div class=\"fusion-column-wrapper fusion-flex-justify-content-flex-start fusion-content-layout-column\"><div class=\"fusion-text fusion-text-9\"><p>Adem\u00e1s de las distintas opciones de pago, tambi\u00e9n es posible el arrendamiento de los aparatos de hidr\u00f3geno y de filtrado de BestElements. Esto ofrece m\u00e1s ventajas. Los proveedores de arrendamiento externos trabajan independientemente de BestElements. Con este tipo de financiaci\u00f3n, usted se beneficiar\u00e1 de soluciones eficientes y rentables que pueden adaptarse a sus necesidades.<\/p>\n<p><strong>Flexibilidad financiera<\/strong><br \/>\nAl alquilar equipos de hidr\u00f3geno y equipos de filtrado, puede minimizar la carga financiera de sus inversiones. En lugar de incurrir en altos costos iniciales, paga cuotas mensuales que se ajustan mejor a su presupuesto.<\/p>\n<p><strong>Preservaci\u00f3n de liquidez<\/strong><br \/>\nEl arrendamiento le permite mantener liquidez y liberar capital para otros fines comerciales o personales. En lugar de inmovilizar sumas iniciales para comprar el equipo, puede utilizar sus recursos financieros para otras necesidades.<\/p>\n<p><strong>Beneficios fiscales<\/strong><br \/>\nLos pagos de arrendamiento generalmente se pueden cancelar como gastos comerciales, lo que genera ventajas fiscales. Esto puede reducir su carga fiscal y mejorar a\u00fan m\u00e1s su situaci\u00f3n financiera.<\/p>\n<p><strong>Flexibilidad en el plazo del contrato<\/strong><br \/>\nDependiendo del socio de arrendamiento, los contratos de arrendamiento de dispositivos de hidr\u00f3geno y dispositivos de filtraci\u00f3n suelen ofrecer condiciones flexibles que se adaptan a sus necesidades individuales. Puede ajustar el plazo seg\u00fan sea necesario e incluso considerar finalizar el contrato antes de tiempo si sus necesidades cambian.<\/p>\n<p>En general, el arrendamiento de equipos de hidr\u00f3geno y de filtraci\u00f3n ofrece una serie de beneficios que lo convierten en una opci\u00f3n atractiva para empresas y particulares. El arrendamiento le permite aprovechar al m\u00e1ximo su inversi\u00f3n sin ejercer presi\u00f3n sobre su presupuesto.<\/p>\n<p>BestElements no est\u00e1 vinculado a proveedores de arrendamiento espec\u00edficos. Simplemente le ofrecemos una descripci\u00f3n general sin valoraci\u00f3n, que tambi\u00e9n podr\u00e1 buscar r\u00e1pidamente en Internet. Dirija su solicitud directamente al socio de arrendamiento.<\/p>\n<\/div><i class=\"fb-icon-element-3 fb-icon-element fontawesome-icon fa-euro-sign fas circle-yes\" style=\"--awb-circlecolor:var(--awb-color4);--awb-circlebordercolor:var(--awb-color4);--awb-circlebordersize:1px;--awb-font-size:44px;--awb-width:88px;--awb-height:88px;--awb-line-height:86px;--awb-align-self:center;--awb-margin-top:0px;--awb-margin-right:0px;--awb-margin-bottom:2%;--awb-margin-left:0px;\"><\/i><\/div><\/div><div class=\"fusion-layout-column fusion_builder_column fusion-builder-column-9 fusion_builder_column_1_3 1_3 fusion-flex-column\" style=\"--awb-overflow:hidden;--awb-bg-size:cover;--awb-border-color:var(--awb-color6);--awb-border-top:1px;--awb-border-right:1px;--awb-border-bottom:1px;--awb-border-left:1px;--awb-border-style:solid;--awb-border-radius:20px 20px 20px 20px;--awb-width-large:33.333333333333%;--awb-margin-top-large:0px;--awb-spacing-right-large:5.76%;--awb-margin-bottom-large:20px;--awb-spacing-left-large:5.76%;--awb-width-medium:100%;--awb-order-medium:0;--awb-spacing-right-medium:1.92%;--awb-spacing-left-medium:1.92%;--awb-width-small:100%;--awb-order-small:0;--awb-spacing-right-small:1.92%;--awb-spacing-left-small:1.92%;\" data-scroll-devices=\"small-visibility,medium-visibility,large-visibility\"><div class=\"fusion-column-wrapper fusion-column-has-shadow fusion-flex-justify-content-flex-start fusion-content-layout-column\"><div class=\"fusion-title title fusion-title-13 fusion-sep-none fusion-title-center fusion-title-text fusion-title-size-three\" style=\"--awb-margin-top-small:10px;--awb-margin-right-small:0px;--awb-margin-bottom-small:10px;--awb-margin-left-small:0px;\"><h3 class=\"fusion-title-heading title-heading-center fusion-responsive-typography-calculated\" style=\"margin:0;--fontSize:19.2;line-height:1.31;\">archimedes Leasing<\/h3><\/div><div class=\"fusion-text fusion-text-10\" style=\"--awb-content-alignment:center;\"><p>check direkt<\/p>\n<\/div><div class=\"fusion-title title fusion-title-14 fusion-sep-none fusion-title-center fusion-title-text fusion-title-size-four\" style=\"--awb-margin-top-small:10px;--awb-margin-right-small:0px;--awb-margin-bottom-small:10px;--awb-margin-left-small:0px;\"><h4 class=\"fusion-title-heading title-heading-center fusion-responsive-typography-calculated\" style=\"margin:0;text-transform:uppercase;--fontSize:16;line-height:1.36;\"><a href=\"https:\/\/www.archimedes-leasing.de\/\" target=\"_blanc\" rel=\"noopener noreferrer nofollow\">archimedes Leasing<\/a><\/h4><\/div><\/div><\/div><div class=\"fusion-layout-column fusion_builder_column fusion-builder-column-10 fusion_builder_column_1_3 1_3 fusion-flex-column\" style=\"--awb-overflow:hidden;--awb-bg-size:cover;--awb-border-color:var(--awb-color6);--awb-border-top:1px;--awb-border-right:1px;--awb-border-bottom:1px;--awb-border-left:1px;--awb-border-style:solid;--awb-border-radius:20px 20px 20px 20px;--awb-width-large:33.333333333333%;--awb-margin-top-large:0px;--awb-spacing-right-large:5.76%;--awb-margin-bottom-large:20px;--awb-spacing-left-large:5.76%;--awb-width-medium:100%;--awb-order-medium:0;--awb-spacing-right-medium:1.92%;--awb-spacing-left-medium:1.92%;--awb-width-small:100%;--awb-order-small:0;--awb-spacing-right-small:1.92%;--awb-spacing-left-small:1.92%;\" data-scroll-devices=\"small-visibility,medium-visibility,large-visibility\"><div class=\"fusion-column-wrapper fusion-column-has-shadow fusion-flex-justify-content-flex-start fusion-content-layout-column\"><div class=\"fusion-title title fusion-title-15 fusion-sep-none fusion-title-center fusion-title-text fusion-title-size-three\" style=\"--awb-margin-top-small:10px;--awb-margin-right-small:0px;--awb-margin-bottom-small:10px;--awb-margin-left-small:0px;\"><h3 class=\"fusion-title-heading title-heading-center fusion-responsive-typography-calculated\" style=\"margin:0;--fontSize:19.2;line-height:1.31;\">LeasingGo<\/h3><\/div><div class=\"fusion-text fusion-text-11\" style=\"--awb-content-alignment:center;\"><p>Comparaci\u00f3n instant\u00e1nea de arrendamiento<\/p>\n<\/div><div class=\"fusion-title title fusion-title-16 fusion-sep-none fusion-title-center fusion-title-text fusion-title-size-four\" style=\"--awb-margin-top-small:10px;--awb-margin-right-small:0px;--awb-margin-bottom-small:10px;--awb-margin-left-small:0px;\"><h4 class=\"fusion-title-heading title-heading-center fusion-responsive-typography-calculated\" style=\"margin:0;text-transform:uppercase;--fontSize:16;line-height:1.36;\"><a href=\"https:\/\/www.leasingo.de\/\" target=\"_blanc\" rel=\"noopener noreferrer nofollow\">leasingo<\/a><\/h4><\/div><\/div><\/div><div class=\"fusion-layout-column fusion_builder_column fusion-builder-column-11 fusion_builder_column_1_3 1_3 fusion-flex-column\" style=\"--awb-overflow:hidden;--awb-bg-size:cover;--awb-border-color:var(--awb-color6);--awb-border-top:1px;--awb-border-right:1px;--awb-border-bottom:1px;--awb-border-left:1px;--awb-border-style:solid;--awb-border-radius:20px 20px 20px 20px;--awb-width-large:33.333333333333%;--awb-margin-top-large:0px;--awb-spacing-right-large:5.76%;--awb-margin-bottom-large:20px;--awb-spacing-left-large:5.76%;--awb-width-medium:100%;--awb-order-medium:0;--awb-spacing-right-medium:1.92%;--awb-spacing-left-medium:1.92%;--awb-width-small:100%;--awb-order-small:0;--awb-spacing-right-small:1.92%;--awb-spacing-left-small:1.92%;\" data-scroll-devices=\"small-visibility,medium-visibility,large-visibility\"><div class=\"fusion-column-wrapper fusion-column-has-shadow fusion-flex-justify-content-flex-start fusion-content-layout-column\"><div class=\"fusion-title title fusion-title-17 fusion-sep-none fusion-title-center fusion-title-text fusion-title-size-three\" style=\"--awb-margin-top-small:10px;--awb-margin-right-small:0px;--awb-margin-bottom-small:10px;--awb-margin-left-small:0px;\"><h3 class=\"fusion-title-heading title-heading-center fusion-responsive-typography-calculated\" style=\"margin:0;--fontSize:19.2;line-height:1.31;\"><strong>abc<\/strong>finance<\/h3><\/div><div class=\"fusion-text fusion-text-12\" style=\"--awb-content-alignment:center;\"><p>Arrendamiento de m\u00e1quinas para empresarios<\/p>\n<\/div><div class=\"fusion-title title fusion-title-18 fusion-sep-none fusion-title-center fusion-title-text fusion-title-size-four\" style=\"--awb-margin-top-small:10px;--awb-margin-right-small:0px;--awb-margin-bottom-small:10px;--awb-margin-left-small:0px;\"><h4 class=\"fusion-title-heading title-heading-center fusion-responsive-typography-calculated\" style=\"margin:0;text-transform:uppercase;--fontSize:16;line-height:1.36;\"><a href=\"https:\/\/www.abcfinance.de\/leasing\/\" target=\"_blanc\" rel=\"noopener noreferrer nofollow\"><strong>abc<\/strong>finance<\/a><\/h4><\/div><\/div><\/div><\/div><\/div><\/p>","protected":false},"excerpt":{"rendered":"","protected":false},"author":1,"featured_media":28904,"parent":0,"menu_order":0,"comment_status":"closed","ping_status":"closed","template":"","meta":{"footnotes":""},"class_list":["post-25371","page","type-page","status-publish","has-post-thumbnail","hentry"],"_links":{"self":[{"href":"https:\/\/bestelements.de\/es\/wp-json\/wp\/v2\/pages\/25371","targetHints":{"allow":["GET"]}}],"collection":[{"href":"https:\/\/bestelements.de\/es\/wp-json\/wp\/v2\/pages"}],"about":[{"href":"https:\/\/bestelements.de\/es\/wp-json\/wp\/v2\/types\/page"}],"author":[{"embeddable":true,"href":"https:\/\/bestelements.de\/es\/wp-json\/wp\/v2\/users\/1"}],"replies":[{"embeddable":true,"href":"https:\/\/bestelements.de\/es\/wp-json\/wp\/v2\/comments?post=25371"}],"version-history":[{"count":0,"href":"https:\/\/bestelements.de\/es\/wp-json\/wp\/v2\/pages\/25371\/revisions"}],"wp:featuredmedia":[{"embeddable":true,"href":"https:\/\/bestelements.de\/es\/wp-json\/wp\/v2\/media\/28904"}],"wp:attachment":[{"href":"https:\/\/bestelements.de\/es\/wp-json\/wp\/v2\/media?parent=25371"}],"curies":[{"name":"wp","href":"https:\/\/api.w.org\/{rel}","templated":true}]}}