{"id":133,"date":"2020-08-16T10:34:53","date_gmt":"2020-08-16T08:34:53","guid":{"rendered":"https:\/\/bestelements.de\/terms-and-conditions\/"},"modified":"2025-07-22T09:08:03","modified_gmt":"2025-07-22T07:08:03","slug":"terms-and-conditions","status":"publish","type":"page","link":"https:\/\/bestelements.de\/es\/terms-and-conditions\/","title":{"rendered":"(Deutsch) Affiliate-Bedingungen"},"content":{"rendered":"<p class=\"qtranxs-available-languages-message qtranxs-available-languages-message-es\">Disculpa, pero esta entrada est\u00e1 disponible s\u00f3lo en <a href=\"https:\/\/bestelements.de\/de\/wp-json\/wp\/v2\/pages\/133\" class=\"qtranxs-available-language-link qtranxs-available-language-link-de\" title=\"Deutsch\">Deutsch<\/a> y <a href=\"https:\/\/bestelements.de\/en\/wp-json\/wp\/v2\/pages\/133\" class=\"qtranxs-available-language-link qtranxs-available-language-link-en\" title=\"English\">English<\/a>.<\/p><p><div class=\"fusion-fullwidth fullwidth-box fusion-builder-row-1 fusion-flex-container nonhundred-percent-fullwidth non-hundred-percent-height-scrolling\" style=\"--awb-border-radius-top-left:0px;--awb-border-radius-top-right:0px;--awb-border-radius-bottom-right:0px;--awb-border-radius-bottom-left:0px;--awb-flex-wrap:wrap;\" ><div class=\"fusion-builder-row fusion-row fusion-flex-align-items-flex-start fusion-flex-content-wrap\" style=\"max-width:1185.6px;margin-left: calc(-4% \/ 2 );margin-right: calc(-4% \/ 2 );\"><div class=\"fusion-layout-column fusion_builder_column fusion-builder-column-0 fusion_builder_column_1_1 1_1 fusion-flex-column\" style=\"--awb-bg-size:cover;--awb-width-large:100%;--awb-margin-top-large:0px;--awb-spacing-right-large:1.92%;--awb-margin-bottom-large:0px;--awb-spacing-left-large:1.92%;--awb-width-medium:100%;--awb-spacing-right-medium:1.92%;--awb-spacing-left-medium:1.92%;--awb-width-small:100%;--awb-spacing-right-small:1.92%;--awb-spacing-left-small:1.92%;\"><div class=\"fusion-column-wrapper fusion-flex-justify-content-flex-start fusion-content-layout-column\"><div class=\"fusion-text fusion-text-1\"><p><strong>BestElements Affiliate-Partnerprogramm<\/strong><\/p>\n<p>Wenn Sie sich als Partner im BestElements-Partnerprogramm anmelden, erkl\u00e4ren Sie sich mit den folgenden Nutzungsbedingungen einverstanden.<\/p>\n<p><strong>Nutzungsbedingungen<\/strong><\/p>\n<p>BestElements beh\u00e4lt sich das Recht vor, die Nutzungsbedingungen ohne vorherige Ank\u00fcndigung zu aktualisieren und zu \u00e4ndern.\u00a0Alle neuen Funktionen, die das aktuelle Programm erweitern oder verbessern, einschlie\u00dflich der Ver\u00f6ffentlichung neuer Tools und Ressourcen, unterliegen den Nutzungsbedingungen.\u00a0Die fortgesetzte Nutzung des Programms nach solchen \u00c4nderungen gilt als Ihre Zustimmung zu solchen \u00c4nderungen.<\/p>\n<p>Ein Versto\u00df gegen eine der folgenden Bedingungen f\u00fchrt zur K\u00fcndigung Ihres Kontos und zum Verlust aller ausstehenden Provisionszahlungen f\u00fcr Partner, die w\u00e4hrend des Versto\u00dfes verdient wurden. Sie stimmen zu, das Partnerprogramm auf eigenes Risiko zu nutzen.<\/p>\n<ul>\n<li>Sie m\u00fcssen mindestens 18 Jahre alt sein, um an diesem Programm teilnehmen zu k\u00f6nnen.<\/li>\n<li>Die Teilnahme ist nur f\u00fcr nat\u00fcrliche Personen gestattet, automatisierte Methoden sind nicht zul\u00e4ssig.<\/li>\n<li>Eine Person darf nicht mehr als ein Konto f\u00fchren.<\/li>\n<li>Sie sind f\u00fcr alle Inhalte und Aktivit\u00e4ten verantwortlich, die unter Ihrem Konto ver\u00f6ffentlicht werden.<\/li>\n<li>Sie d\u00fcrfen das Partnerprogramm nicht f\u00fcr illegale oder nicht autorisierte Zwecke verwenden. Sie d\u00fcrfen bei der Nutzung des Dienstes keine Gesetze in Ihrer Gerichtsbarkeit verletzen.<\/li>\n<li>Sie d\u00fcrfen das Partnerprogramm nicht verwenden, um Geld mit selbst gekauften Artikeln von BestElements zu verdienen.<\/li>\n<li>Sie stimmen der Zusendung von Emails durch BestElements im Zusammenhang zu.<\/li>\n<li>Sie d\u00fcrfen keine Domains oder Account-Namen verwenden, die den Begriff \u00abBestElements\u00bb enthalten.<\/li>\n<li>Es muss auf Ihrer Website und in Ihrer Kommunikation deutlich erkennbar sein, dass Sie eigenst\u00e4ndige\/r Unternehmer\/in sind.<\/li>\n<\/ul>\n<p><strong>Links \/ Grafiken auf Ihrer Website, in Ihren E-Mails oder in anderen Mitteilungen<\/strong><\/p>\n<p>Sobald Sie sich f\u00fcr das Partnerprogramm angemeldet haben, wird Ihnen ein eindeutiger Partnercode zugewiesen. Sie d\u00fcrfen Links, Banner oder andere Grafiken, die wir mit Ihrem Partnercode bereitstellen, auf Ihrer Website, in Ihren E-Mails oder in anderen Mitteilungen platzieren. Wir stellen Ihnen Links und\/oder Grafiken zur Verf\u00fcgung, die Sie f\u00fcr die Verkn\u00fcpfung mit BestElements verwenden k\u00f6nnen. Wir k\u00f6nnen das Design jederzeit ohne vorherige Ank\u00fcndigung \u00e4ndern, aber wir werden die Abmessungen der Bilder nicht ohne vorherige Ank\u00fcndigung \u00e4ndern.<\/p>\n<p>Um eine genaue Nachverfolgung, Berichterstattung und Abgrenzung von Empfehlungsgeb\u00fchren zu erm\u00f6glichen, stellen wir Ihnen spezielle Linkformate zur Verf\u00fcgung, die in allen Links zwischen Ihrer Website und dem BestElements verwendet werden k\u00f6nnen. Sie m\u00fcssen sicherstellen, dass jeder der Links zwischen Ihrer Website und dem BestElements solche speziellen Linkformate ordnungsgem\u00e4\u00df verwendet. Links zum BestElements, die gem\u00e4\u00df dieser Vereinbarung auf Ihrer Website platziert wurden und solche speziellen Linkformate ordnungsgem\u00e4\u00df verwenden, werden als \u201eSpezielle Links\u201c bezeichnet. Sie verdienen Empfehlungsgeb\u00fchren nur f\u00fcr Verk\u00e4ufe auf einem BestElements Produkt, das direkt \u00fcber spezielle Links auftritt; Wir haften Ihnen gegen\u00fcber nicht f\u00fcr Fehler von Ihnen oder jemandem, auf den Sie verweisen, um spezielle Links zu verwenden oder Ihren Partnercode falsch einzugeben, auch nicht in dem Umfang, in dem ein solcher Fehler zu einer Reduzierung der Betr\u00e4ge f\u00fchren kann, die Ihnen sonst gezahlt w\u00fcrden gem\u00e4\u00df dieser Vereinbarung.<\/p>\n<p>Affiliate-Links sollten auf die Seite des beworbenen Produkts verweisen.<\/p>\n<p><strong>\u00dcberweisungsgeb\u00fchren \/ Provisionen und Zahlung<\/strong><\/p>\n<p>Damit f\u00fcr einen Produktverkauf eine Provisionszahlung geleistet werden kann, muss der Kunde \u00fcber einen speziellen Link von Ihrer Website, E-Mail, Social Media oder anderen Mitteilungen auf www.bestelements.de klicken und w\u00e4hrenddessen eine Bestellung f\u00fcr ein Produkt abschlie\u00dfen. Der Link gilt nur f\u00fcr Produkte, die direkt im Shop von BestElements gelistet sind und in den Warenkorb gelegt werden k\u00f6nnen.<\/p>\n<p>Wir zahlen nur Provisionen f\u00fcr Links, die von unseren Systemen automatisch verfolgt und gemeldet werden.\u00a0Wir zahlen keine Provisionen, wenn jemand sagt, dass er gekauft hat oder jemand sagt, dass er einen Referenzcode eingegeben hat, wenn dieser nicht von unserem System verfolgt wurde.\u00a0Wir k\u00f6nnen nur Provisionen f\u00fcr Gesch\u00e4fte zahlen, die durch ordnungsgem\u00e4\u00df formatierte spezielle Links generiert wurden, die von unseren Systemen automatisch nachverfolgt wurden.<\/p>\n<p>Provisionszahlungen erfolgen f\u00fcr Empfehlungen an Dritte, K\u00e4ufe f\u00fcr Eigenbedarf werden nicht ber\u00fccksichtigt. Wir behalten uns das Recht vor, Provisionen zu disqualifizieren, die durch betr\u00fcgerische, illegale oder \u00fcberm\u00e4\u00dfig aggressive, fragw\u00fcrdige Verkaufs- oder Marketingmethoden verdient wurden. Massen-Emailversand (auch als Spam bezeichnet) ist nicht zul\u00e4ssig.<\/p>\n<p>Die maximale, prozentuale H\u00f6he der Provision wird bei Beginn festgelegt, Einzelne Produkte haben unterschiedliche Provisionen. Zahlungen beginnen erst, wenn Sie mehr als 20 \u20ac an Affiliate-Einkommen verdient haben. Provisionsgutschriften werden einmal monatlich gem\u00e4\u00df den geltenden USt-Gesetzen ausgezahlt. Die Versteuerung liegt in der Verantwortung der teilnehmenden Partner.<\/p>\n<p><strong>Identifizieren Sie sich als Affiliate<\/strong><\/p>\n<p>Sie d\u00fcrfen keine Pressemitteilung zu dieser Vereinbarung oder Ihrer Teilnahme am Programm herausgeben.\u00a0Eine solche Aktion kann dazu f\u00fchren, dass Sie das Programm beenden.\u00a0Dar\u00fcber hinaus d\u00fcrfen Sie die Beziehung zwischen uns und Ihnen in keiner Weise falsch darstellen oder versch\u00f6nern, sagen, Sie entwickeln unsere Produkte, sind Teil von BestElements oder dr\u00fccken eine Beziehung oder Zugeh\u00f6rigkeit zwischen uns und Ihnen oder einer anderen Person aus oder implizieren oder implizieren diese Unternehmen, sofern dies nicht ausdr\u00fccklich durch diese Vereinbarung gestattet ist (einschlie\u00dflich des Ausdrucks oder der Andeutung, dass wir Geld f\u00fcr wohlt\u00e4tige Zwecke oder andere Zwecke unterst\u00fctzen, sponsern, unterst\u00fctzen oder dazu beitragen).<\/p>\n<p>Sie d\u00fcrfen keine Produkte \u00fcber Ihre Partner-Links f\u00fcr Ihren eigenen Gebrauch kaufen.\u00a0Solche K\u00e4ufe k\u00f6nnen (nach unserem alleinigen Ermessen) dazu f\u00fchren, dass \u00dcberweisungsgeb\u00fchren einbehalten und \/ oder diese Vereinbarung gek\u00fcndigt wird.<\/p>\n<p><strong>Zahlungsplan<\/strong><\/p>\n<p>Solange Ihr aktuelles Affiliate-Einkommen \u00fcber 20 Euro liegt, werden Sie jeden Monat bezahlt. Wenn Sie seit Ihrer letzten Zahlung keine 20 Euro mehr verdient haben, zahlen wir Ihnen den folgenden Monat, nachdem Sie den Schwellenwert \u00fcberschritten haben. Der Auszahlung erfolgt mit einer Frist von 14 Tagen am darauffolgenden Monatsbeginn.<\/p>\n<p><strong>Kundendefinition<\/strong><\/p>\n<p>Kunden, die Produkte \u00fcber dieses Programm kaufen, gelten als unsere Kunden.\u00a0Dementsprechend gelten f\u00fcr diese Kunden alle unsere Regeln, Richtlinien und Betriebsverfahren in Bezug auf Kundenbestellungen, Kundendienst und Produktverk\u00e4ufe.\u00a0Wir k\u00f6nnen unsere Richtlinien und Betriebsverfahren jederzeit \u00e4ndern.\u00a0Zum Beispiel bestimmen wir die Preise, die f\u00fcr Produkte berechnet werden, die im Rahmen dieses Programms verkauft werden, gem\u00e4\u00df unseren eigenen Preisrichtlinien.\u00a0Produktpreise und Verf\u00fcgbarkeit k\u00f6nnen von Zeit zu Zeit variieren.\u00a0Da sich Preis\u00e4nderungen auf Produkte auswirken k\u00f6nnen, die Sie auf Ihrer Website aufgef\u00fchrt haben, sollten Sie auf Ihrer Website keine Produktpreise anzeigen.\u00a0Wir werden wirtschaftlich angemessene Anstrengungen unternehmen, um genaue Informationen zu pr\u00e4sentieren, k\u00f6nnen jedoch die Verf\u00fcgbarkeit oder den Preis eines bestimmten Produkts nicht garantieren.<\/p>\n<p><strong>Verantwortungen<\/strong><\/p>\n<p>Sie sind allein verantwortlich f\u00fcr die Entwicklung, den Betrieb und die Wartung Ihrer Website sowie f\u00fcr alle Materialien, die auf Ihrer Website erscheinen.\u00a0Zum Beispiel sind Sie allein verantwortlich f\u00fcr:<\/p>\n<ul>\n<li>Der technische Betrieb Ihrer Website und aller zugeh\u00f6rigen Ger\u00e4te<\/li>\n<li>Sicherstellen, dass die Anzeige von speziellen Links auf Ihrer Website keine Vereinbarung zwischen Ihnen und Dritten verletzt (einschlie\u00dflich, jedoch nicht beschr\u00e4nkt auf Einschr\u00e4nkungen oder Anforderungen, die von einem Dritten, der Ihre Website hostet, an Sie gestellt werden Website)<\/li>\n<li>Die Richtigkeit, Richtigkeit und Angemessenheit der auf Ihrer Website ver\u00f6ffentlichten Materialien (einschlie\u00dflich unter anderem aller produktbezogenen Materialien und aller Informationen, die Sie in spezielle Links aufnehmen oder mit diesen verkn\u00fcpfen)<\/li>\n<li>Sicherstellen, dass die auf Ihrer Website ver\u00f6ffentlichten Materialien dies nicht tun die Rechte Dritter verletzen oder verletzen (einschlie\u00dflich beispielsweise Urheberrechte, Marken, Datenschutz oder anderer pers\u00f6nlicher oder Eigentumsrechte)<\/li>\n<li>Sicherstellen, dass auf Ihrer Website ver\u00f6ffentlichte Materialien nicht verleumderisch oder anderweitig illegal sind.<\/li>\n<li>Sicherstellen, dass Ihre Website entweder durch eine Datenschutzrichtlinie oder auf andere Weise genau und angemessen offenlegt, wie Sie von Besuchern gesammelte Daten sammeln, verwenden, speichern und offenlegen, einschlie\u00dflich wo Es gilt, dass Dritte (einschlie\u00dflich Werbetreibende) Inhalte und \/ oder Werbung bereitstellen und Informationen direkt von Besuchern sammeln und Cookies in den Browsern der Besucher platzieren oder erkennen k\u00f6nnen.<\/li>\n<\/ul>\n<p><strong>Einhaltung von Gesetzen<\/strong><\/p>\n<p>Die Werbung und Verbreitung des Affiliate Links erfolgt konform zu geltenden Telemedien- und Datenschutzgesetzen. Als Bedingung f\u00fcr Ihre Teilnahme am Programm erkl\u00e4ren Sie sich damit einverstanden, dass Sie als Programmteilnehmer alle Gesetze, Verordnungen, Regeln, Vorschriften, Anordnungen, Lizenzen, Genehmigungen, Urteile, Entscheidungen oder sonstigen Anforderungen einer Regierungsbeh\u00f6rde einhalten Die Zust\u00e4ndigkeit f\u00fcr Sie, unabh\u00e4ngig davon, ob diese Gesetze usw. jetzt oder sp\u00e4ter in Kraft treten, w\u00e4hrend Sie Programmteilnehmer sind. Ohne die vorstehende Verpflichtung einzuschr\u00e4nken, erkl\u00e4ren Sie sich damit einverstanden, dass Sie als Bedingung f\u00fcr Ihre Teilnahme am Programm alle geltenden Gesetze (Bundes-, Landes- oder sonstige Gesetze) einhalten, die Marketing-E-Mails regeln, einschlie\u00dflich, ohne Einschr\u00e4nkung, des CAN-SPAM-Gesetzes von 2003 und aller andere Anti-Spam-Gesetze.<\/p>\n<p><strong>Laufzeit der Vereinbarung und des Programms<\/strong><\/p>\n<p>Die Laufzeit dieser Vereinbarung beginnt mit der Annahme Ihres Antrages und endet mit der K\u00fcndigung durch eine der Parteien. Entweder Sie oder wir k\u00f6nnen diesen Vertrag jederzeit mit oder ohne Grund k\u00fcndigen, indem Sie der anderen Partei eine schriftliche K\u00fcndigung geben. Mit der K\u00fcndigung dieser Vereinbarung aus irgendeinem Grund werden Sie die Nutzung aller Links zu https:\/\/bestelements.de sowie aller unserer Marken, Handelsmarken und Logos sowie aller unserer Websites sofort einstellen und von dieser entfernen andere Materialien, die Ihnen von oder in unserem Auftrag gem\u00e4\u00df diesem oder im Zusammenhang mit dem Programm zur Verf\u00fcgung gestellt werden. Das BestElements beh\u00e4lt sich das Recht vor, das Programm jederzeit zu beenden. Nach Beendigung des Programms BestElements zahlt alle ausstehenden Gewinne, die \u00fcber 20 Euro angefallen sind.<\/p>\n<p><strong>Beendigung<\/strong><\/p>\n<p>Das BestElements hat nach eigenem Ermessen das Recht, Ihr Konto jederzeit zu sperren oder zu k\u00fcndigen und jegliche aktuelle oder zuk\u00fcnftige Nutzung des Programms oder eines anderen\u00a0Dienstes von BestElements aus irgendeinem Grund abzulehnen. Eine solche K\u00fcndigung des Dienstes f\u00fchrt zur Deaktivierung oder L\u00f6schung Ihres Kontos oder Ihres Zugriffs auf Ihr Konto sowie zum Verlust und Verzicht auf alle potenziellen oder zu zahlenden Provisionen in Ihrem Konto, wenn diese durch betr\u00fcgerische, illegale oder illegale Zahlungen verdient wurden \u00fcberm\u00e4\u00dfig aggressive, fragw\u00fcrdige Verkaufs- oder Marketingmethoden. BestElements beh\u00e4lt sich das Recht vor, den Service jederzeit aus irgendeinem Grund zu verweigern.<\/p>\n<p><strong>Verh\u00e4ltnis der Parteien<\/strong><\/p>\n<p>Sie und wir sind unabh\u00e4ngige Vertragspartner und nichts in dieser Vereinbarung schafft eine Partnerschaft, ein Joint Venture, eine Agentur, ein Franchise, einen Handelsvertreter oder ein Arbeitsverh\u00e4ltnis zwischen den Parteien.\u00a0Sie sind nicht befugt, in unserem Namen Angebote oder Zusicherungen abzugeben oder anzunehmen.\u00a0Sie werden weder auf Ihrer Website noch auf andere Weise eine Erkl\u00e4rung abgeben, die vern\u00fcnftigerweise irgendetwas in diesem Abschnitt widerspricht.<\/p>\n<p><strong>Haftungsbeschr\u00e4nkungen<\/strong><\/p>\n<p>Wir haften nicht f\u00fcr indirekte, besondere oder Folgesch\u00e4den (oder Verluste von Einnahmen, Gewinnen oder Daten), die im Zusammenhang mit dieser Vereinbarung oder dem Programm entstehen, selbst wenn wir \u00fcber die M\u00f6glichkeit solcher Sch\u00e4den informiert wurden.\u00a0Dar\u00fcber hinaus wird unsere Gesamthaftung in Bezug auf diese Vereinbarung und das Programm die gesamten im Rahmen dieser Vereinbarung an Sie gezahlten oder zu zahlenden \u00dcberweisungsgeb\u00fchren nicht \u00fcberschreiten.<\/p>\n<p><strong>Haftungsausschluss<\/strong><\/p>\n<p>Wir geben keine ausdr\u00fccklichen oder stillschweigenden Garantien oder Zusicherungen in Bezug auf das Programm oder \u00fcber das Programm verkaufte Produkte (einschlie\u00dflich, ohne Einschr\u00e4nkung, Garantien f\u00fcr Eignung, Handelsf\u00e4higkeit, Nichtverletzung oder implizite Garantien, die sich aus einem Leistungsverlauf, Handel oder Handelsnutzung).\u00a0Dar\u00fcber hinaus \u00fcbernehmen wir keine Gew\u00e4hr daf\u00fcr, dass der Betrieb von BestElements ununterbrochen oder fehlerfrei verl\u00e4uft, und haften nicht f\u00fcr die Folgen von Unterbrechungen oder Fehlern.<\/p>\n<p><strong>\u00dcberpr\u00fcfung<\/strong><\/p>\n<p>SIE BEST\u00c4TIGEN, DASS SIE DIESE VEREINBARUNG GELESEN HABEN UND ALLEN IHREN GESCH\u00c4FTSBEDINGUNGEN ZUSTIMMEN UND DASS WIR JEDER ZEIT (DIREKT ODER INDIREKT) \u00dcBERPR\u00dcFUNGEN DURCHF\u00dcHREN K\u00d6NNEN.<\/p>\n<p><strong>Schiedsgerichtsbarkeit<\/strong><\/p>\n<p>Streitigkeiten in Bezug auf diese Vereinbarung (einschlie\u00dflich tats\u00e4chlicher oder angeblicher Verst\u00f6\u00dfe gegen diese Vereinbarung), Transaktionen oder Aktivit\u00e4ten im Rahmen dieser Vereinbarung oder Ihrer Beziehung zu uns oder einem unserer verbundenen Unternehmen werden, sofern Sie dies tun, einem vertraulichen Schiedsverfahren unterzogen Wenn wir in irgendeiner Weise gegen unsere Rechte an geistigem Eigentum versto\u00dfen oder damit gedroht haben, diese zu verletzen, k\u00f6nnen wir bei einem staatlichen oder bundesstaatlichen Gericht (und Sie stimmen der nicht ausschlie\u00dflichen Zust\u00e4ndigkeit und dem Gerichtsstand in solchen Gerichten zu) oder einem anderen zust\u00e4ndigen Gericht eine einstweilige Verf\u00fcgung oder eine andere angemessene Erleichterung beantragen .<\/p>\n<p><strong>Sonstiges<\/strong><\/p>\n<p>Diese Vereinbarung unterliegt den Gesetzen der Bundesrepublik Deutschland, ohne dass auf Regeln f\u00fcr die Wahl der Gesetze Bezug genommen wird. Sie d\u00fcrfen diese Vereinbarung ohne unsere vorherige schriftliche Zustimmung weder gesetzlich noch anderweitig abtreten. Vorbehaltlich dieser Einschr\u00e4nkung ist diese Vereinbarung f\u00fcr die Parteien und ihre jeweiligen Nachfolger und Beauftragten verbindlich, zugunsten der Parteien und durchsetzbar. Unser Vers\u00e4umnis, Ihre strikte Einhaltung einer Bestimmung dieser Vereinbarung durchzusetzen, bedeutet keinen Verzicht auf unser Recht, diese Bestimmung oder eine andere Bestimmung dieser Vereinbarung sp\u00e4ter durchzusetzen.<\/p>\n<p>Das Vers\u00e4umnis von\u00a0BestElements, ein Recht oder eine Bestimmung der Nutzungsbedingungen auszu\u00fcben oder durchzusetzen, bedeutet keinen Verzicht auf dieses Recht oder diese Bestimmung.\u00a0Die Nutzungsbedingungen stellen die gesamte Vereinbarung zwischen Ihnen und\u00a0BestElements dar\u00a0und regeln Ihre Nutzung des Dienstes. Sie ersetzen alle vorherigen Vereinbarungen zwischen Ihnen und\u00a0BestElements (einschlie\u00dflich, aber nicht beschr\u00e4nkt auf\u00a0fr\u00fchere\u00a0Versionen der Nutzungsbedingungen).<\/p>\n<\/div><\/div><\/div><\/div><\/div><\/p>","protected":false},"excerpt":{"rendered":"","protected":false},"author":1,"featured_media":0,"parent":0,"menu_order":0,"comment_status":"closed","ping_status":"closed","template":"","meta":{"footnotes":""},"class_list":["post-133","page","type-page","status-publish","hentry"],"_links":{"self":[{"href":"https:\/\/bestelements.de\/es\/wp-json\/wp\/v2\/pages\/133","targetHints":{"allow":["GET"]}}],"collection":[{"href":"https:\/\/bestelements.de\/es\/wp-json\/wp\/v2\/pages"}],"about":[{"href":"https:\/\/bestelements.de\/es\/wp-json\/wp\/v2\/types\/page"}],"author":[{"embeddable":true,"href":"https:\/\/bestelements.de\/es\/wp-json\/wp\/v2\/users\/1"}],"replies":[{"embeddable":true,"href":"https:\/\/bestelements.de\/es\/wp-json\/wp\/v2\/comments?post=133"}],"version-history":[{"count":0,"href":"https:\/\/bestelements.de\/es\/wp-json\/wp\/v2\/pages\/133\/revisions"}],"wp:attachment":[{"href":"https:\/\/bestelements.de\/es\/wp-json\/wp\/v2\/media?parent=133"}],"curies":[{"name":"wp","href":"https:\/\/api.w.org\/{rel}","templated":true}]}}