{"id":131,"date":"2020-08-16T10:34:52","date_gmt":"2020-08-16T08:34:52","guid":{"rendered":"https:\/\/bestelements.de\/affiliate-home\/affiliate-register\/"},"modified":"2024-11-19T11:31:42","modified_gmt":"2024-11-19T10:31:42","slug":"affiliate-register","status":"publish","type":"page","link":"https:\/\/bestelements.de\/es\/affiliate-home\/affiliate-register\/","title":{"rendered":"Registro de afiliados"},"content":{"rendered":"<p>[fusion_builder_container type=\"flex\" hundred_percent=\"no\" equal_height_columns=\"no\" menu_anchor=\"\" hide_on_mobile=\"small-visibility,medium-visibility,large-visibility\" class=\"\" id=\"\" background_color=\"\" background_image=\"\" background_position=\"center center\" background_repeat=\"no-repeat\" fade=\"no\" background_parallax=\"none\" parallax_speed=\"0.3\" video_mp4=\"\" video_webm=\"\" video_ogv=\"\" video_url=\"\" video_aspect_ratio=\"16:9\" video_loop=\"yes\" video_mute=\"yes\" overlay_color=\"\" video_preview_image=\"\" border_color=\"\" border_style=\"solid\" padding_top=\"\" padding_bottom=\"\" padding_left=\"\" padding_right=\"\"][fusion_builder_row][fusion_builder_column type=\"1_1\" layout=\"1_1\" background_position=\"left top\" background_color=\"\" border_color=\"\" border_style=\"solid\" border_position=\"all\" spacing=\"yes\" background_image=\"\" background_repeat=\"no-repeat\" padding_top=\"\" padding_right=\"\" padding_bottom=\"\" padding_left=\"\" margin_top=\"0px\" margin_bottom=\"0px\" class=\"\" id=\"\" animation_type=\"\" animation_speed=\"0.3\" animation_direction=\"left\" hide_on_mobile=\"small-visibility,medium-visibility,large-visibility\" center_content=\"no\" last=\"true\" min_height=\"\" hover_type=\"none\" link=\"\" border_sizes_top=\"\" border_sizes_bottom=\"\" border_sizes_left=\"\" border_sizes_right=\"\" first=\"true\"][fusion_code]PCEtLSBHb29nbGUgVHJhbnNsYXRlIFdpZGdldCAtLT4KPGRpdiBpZD0iZ29vZ2xlX3RyYW5zbGF0ZV9lbGVtZW50Ij48L2Rpdj4KPHNjcmlwdCB0eXBlPSJ0ZXh0L2phdmFzY3JpcHQiPgogICAgZnVuY3Rpb24gZ29vZ2xlVHJhbnNsYXRlRWxlbWVudEluaXQoKSB7CiAgICAgICAgbmV3IGdvb2dsZS50cmFuc2xhdGUuVHJhbnNsYXRlRWxlbWVudCh7CiAgICAgICAgICAgIHBhZ2VMYW5ndWFnZTogJ2VuJywgLy8gU3RhbmRhcmRzcHJhY2hlbmNvZGUgSWhyZXIgU2VpdGUgKHouQi4gJ2VzJyBmw7xyIERldXRzY2gpCiAgICAgICAgICAgIGluY2x1ZGVkTGFuZ3VhZ2VzOiAnZGUsZW4sZnIsZXMsaXQscHQnLCAvLyBMaXN0IG9mIGxhbmd1YWdlcwogICAgICAgICAgICBsYXlvdXQ6IGdvb2dsZS50cmFuc2xhdGUuVHJhbnNsYXRlRWxlbWVudC5JbmxpbmVMYXlvdXQuU0lNUExFCiAgICAgICAgfSwgJ2dvb2dsZV90cmFuc2xhdGVfZWxlbWVudCcpOwogICAgfQo8L3NjcmlwdD4KPHNjcmlwdCB0eXBlPSJ0ZXh0L2phdmFzY3JpcHQiIHNyYz0iaHR0cHM6Ly90cmFuc2xhdGUuZ29vZ2xlLmNvbS90cmFuc2xhdGVfYS9lbGVtZW50LmpzP2NiPWdvb2dsZVRyYW5zbGF0ZUVsZW1lbnRJbml0Ij48L3NjcmlwdD4K[\/fusion_code][fusion_text][AffiliatesRegister][\/fusion_text][\/fusion_builder_column][\/fusion_builder_row][\/fusion_builder_container]<\/div>\n<\/div>\n\n<\/div><\/div><\/div><\/div><\/div>[fusion_builder_container type=\"flex\" hundred_percent=\"no\" equal_height_columns=\"no\" menu_anchor=\"\" hide_on_mobile=\"small-visibility,medium-visibility,large-visibility\" class=\"\" id=\"\" background_color=\"\" background_image=\"\" background_position=\"center center\" background_repeat=\"no-repeat\" fade=\"no\" background_parallax=\"none\" parallax_speed=\"0.3\" video_mp4=\"\" video_webm=\"\" video_ogv=\"\" video_url=\"\" video_aspect_ratio=\"16:9\" video_loop=\"yes\" video_mute=\"yes\" overlay_color=\"\" video_preview_image=\"\" border_color=\"\" border_style=\"solid\" padding_top=\"\" padding_bottom=\"\" padding_left=\"\" padding_right=\"\"][fusion_builder_row][fusion_builder_column type=\"1_1\" layout=\"1_1\" background_position=\"left top\" background_color=\"\" border_color=\"\" border_style=\"solid\" border_position=\"all\" spacing=\"yes\" background_image=\"\" background_repeat=\"no-repeat\" padding_top=\"\" padding_right=\"\" padding_bottom=\"\" padding_left=\"\" margin_top=\"0px\" margin_bottom=\"0px\" class=\"\" id=\"\" animation_type=\"\" animation_speed=\"0.3\" animation_direction=\"left\" hide_on_mobile=\"small-visibility,medium-visibility,large-visibility\" center_content=\"no\" last=\"true\" min_height=\"\" hover_type=\"none\" link=\"\" border_sizes_top=\"\" border_sizes_bottom=\"\" border_sizes_left=\"\" border_sizes_right=\"\" first=\"true\"][fusion_code]PCEtLSBHb29nbGUgVHJhbnNsYXRlIFdpZGdldCAtLT4KPGRpdiBpZD0iZ29vZ2xlX3RyYW5zbGF0ZV9lbGVtZW50Ij48L2Rpdj4KPHNjcmlwdCB0eXBlPSJ0ZXh0L2phdmFzY3JpcHQiPgogICAgZnVuY3Rpb24gZ29vZ2xlVHJhbnNsYXRlRWxlbWVudEluaXQoKSB7CiAgICAgICAgbmV3IGdvb2dsZS50cmFuc2xhdGUuVHJhbnNsYXRlRWxlbWVudCh7CiAgICAgICAgICAgIHBhZ2VMYW5ndWFnZTogJ2VuJywgLy8gU3RhbmRhcmRzcHJhY2hlbmNvZGUgSWhyZXIgU2VpdGUgKHouQi4gJ2VzJyBmw7xyIERldXRzY2gpCiAgICAgICAgICAgIGluY2x1ZGVkTGFuZ3VhZ2VzOiAnZGUsZW4sZnIsZXMsaXQscHQnLCAvLyBMaXN0IG9mIGxhbmd1YWdlcwogICAgICAgICAgICBsYXlvdXQ6IGdvb2dsZS50cmFuc2xhdGUuVHJhbnNsYXRlRWxlbWVudC5JbmxpbmVMYXlvdXQuU0lNUExFCiAgICAgICAgfSwgJ2dvb2dsZV90cmFuc2xhdGVfZWxlbWVudCcpOwogICAgfQo8L3NjcmlwdD4KPHNjcmlwdCB0eXBlPSJ0ZXh0L2phdmFzY3JpcHQiIHNyYz0iaHR0cHM6Ly90cmFuc2xhdGUuZ29vZ2xlLmNvbS90cmFuc2xhdGVfYS9lbGVtZW50LmpzP2NiPWdvb2dsZVRyYW5zbGF0ZUVsZW1lbnRJbml0Ij48L3NjcmlwdD4K[\/fusion_code][fusion_text][AffiliatesRegister][\/fusion_text][\/fusion_builder_column][\/fusion_builder_row][\/fusion_builder_container]<\/div>\n<\/div>\n\n<\/div><\/div><\/div><\/div><\/div><div class=\"fusion-fullwidth fullwidth-box fusion-builder-row-3 fusion-flex-container nonhundred-percent-fullwidth non-hundred-percent-height-scrolling\" style=\"--awb-border-radius-top-left:0px;--awb-border-radius-top-right:0px;--awb-border-radius-bottom-right:0px;--awb-border-radius-bottom-left:0px;--awb-flex-wrap:wrap;\" ><div class=\"fusion-builder-row fusion-row fusion-flex-align-items-flex-start fusion-flex-content-wrap\" style=\"max-width:1185.6px;margin-left: calc(-4% \/ 2 );margin-right: calc(-4% \/ 2 );\"><div class=\"fusion-layout-column fusion_builder_column fusion-builder-column-2 fusion_builder_column_1_1 1_1 fusion-flex-column\" style=\"--awb-bg-size:cover;--awb-width-large:100%;--awb-margin-top-large:0px;--awb-spacing-right-large:1.92%;--awb-margin-bottom-large:0px;--awb-spacing-left-large:1.92%;--awb-width-medium:100%;--awb-spacing-right-medium:1.92%;--awb-spacing-left-medium:1.92%;--awb-width-small:100%;--awb-spacing-right-small:1.92%;--awb-spacing-left-small:1.92%;\"><div class=\"fusion-column-wrapper fusion-flex-justify-content-flex-start fusion-content-layout-column\"><!-- Google Translate Widget -->\n<div id=\"google_translate_element\"><\/div>\n<script type=\"text\/javascript\">\n    function googleTranslateElementInit() {\n        new google.translate.TranslateElement({\n            pageLanguage: 'en', \/\/ Standardsprachencode Ihrer Seite (z.B. 'es' f\u00fcr Deutsch)\n            includedLanguages: 'de,en,fr,es,it,pt', \/\/ List of languages\n            layout: google.translate.TranslateElement.InlineLayout.SIMPLE\n        }, 'google_translate_element');\n    }\n<\/script>\n<script type=\"text\/javascript\" src=\"https:\/\/translate.google.com\/translate_a\/element.js?cb=googleTranslateElementInit\"><\/script>\n<div class=\"fusion-text fusion-text-3\"><div id=\"wpam-reg-form\">\n<form action=\"\" method=\"post\" id=\"mainForm\" class=\"pure-form pure-form-stacked\">\n    <input type=\"hidden\" id=\"_wpnonce\" name=\"_wpnonce\" value=\"fe19a3c88a\" \/><input type=\"hidden\" name=\"_wp_http_referer\" value=\"\/es\/wp-json\/wp\/v2\/pages\/131\" \/>\t\t* Campos obligatorios<br \/><br \/>\n\t\t<fieldset>\n\t\t\t\t\t\t\t\t<label for=\"_firstName\">Nombre&nbsp;*<\/label>\n\t\t\t\t\t\n\t\t\t\t\t\t\t\t\t\t\t\t\t<input type=\"text\" id=\"_firstName\" name=\"_firstName\" value=\"\" required \/>\n\t\t\t\t\t\t\t\t\t\t\t\t\t\t\t<label for=\"_lastName\">Apellidos<\/label>\n\t\t\t\t\t\n\t\t\t\t\t\t\t\t\t\t\t\t\t<input type=\"text\" id=\"_lastName\" name=\"_lastName\" value=\"\"  \/>\n\t\t\t\t\t\t\t\t\t\t\t\t\t\t\t<label for=\"_phoneNumber\">N\u00famero de tel\u00e9fono&nbsp;*<\/label>\n\t\t\t\t\t\n\t\t\t\t\t\t\t\t\t\t\t\t\t<input type=\"text\" id=\"_phoneNumber\" name=\"_phoneNumber\" value=\"\" required \/>\n\t\t\t\t\t\t\t\t\t\t\t\t\t\t\t<label for=\"_email\">Direcci\u00f3n de correo electr\u00f3nico&nbsp;*<\/label>\n\t\t\t\t\t\n\t\t\t\t\t\t                                                            <input type=\"text\" id=\"_email\" name=\"_email\" value=\"\" required \/>\n                                                            \t\t\t\t\t\t\t\t<label for=\"_addressLine1\">L\u00ednea de direcci\u00f3n 1&nbsp;*<\/label>\n\t\t\t\t\t\n\t\t\t\t\t\t\t\t\t\t\t\t\t<input type=\"text\" id=\"_addressLine1\" name=\"_addressLine1\" value=\"\" required \/>\n\t\t\t\t\t\t\t\t\t\t\t\t\t\t\t<label for=\"_addressCity\">Ciudad&nbsp;*<\/label>\n\t\t\t\t\t\n\t\t\t\t\t\t\t\t\t\t\t\t\t<input type=\"text\" id=\"_addressCity\" name=\"_addressCity\" value=\"\" required \/>\n\t\t\t\t\t\t\t\t\t\t\t\t\t\t\t<label for=\"_addressZipCode\">C\u00f3digo postal&nbsp;*<\/label>\n\t\t\t\t\t\n\t\t\t\t\t\t\t\t\t\t\t\t\t<input type=\"text\" id=\"_addressZipCode\" name=\"_addressZipCode\" value=\"\" required \/>\n\t\t\t\t\t\t\t\t\t\t\t\t\t\t\t<label for=\"_addressCountry\">Pa\u00eds&nbsp;*<\/label>\n\t\t\t\t\t\n\t\t\t\t\t\t\t\t\t\t\t\t\t<select id=\"_addressCountry\" name=\"_addressCountry\" required>\n\t\t\t\t\t\t\t\t<option value=\"\">Selecciona una opci\u00f3n<\/option><option value=\"AF\">Afganist\u00e1n<\/option><option value=\"AX\">Islas Aland<\/option><option value=\"AL\">Albania<\/option><option value=\"DZ\">Argelia<\/option><option value=\"AS\">Samoa Americana<\/option><option value=\"AD\">Andorra<\/option><option value=\"AO\">Angola<\/option><option value=\"AI\">Anguila<\/option><option value=\"AQ\">Ant\u00e1rtico<\/option><option value=\"AG\">Antigua y Barbuda<\/option><option value=\"AR\">Argentina<\/option><option value=\"AM\">Armenia<\/option><option value=\"AW\">Aruba<\/option><option value=\"AU\">Australia<\/option><option value=\"AT\">Austria<\/option><option value=\"AZ\">Azerbaiy\u00e1n<\/option><option value=\"BS\">Bahamas<\/option><option value=\"BH\">Bahr\u00e9in<\/option><option value=\"BD\">Bangladesh<\/option><option value=\"BB\">Barbados<\/option><option value=\"BY\">Bielorrusia<\/option><option value=\"BE\">B\u00e9lgica<\/option><option value=\"BZ\">Belice<\/option><option value=\"BJ\">Ben\u00edn<\/option><option value=\"BM\">Bermudas<\/option><option value=\"BT\">But\u00e1n<\/option><option value=\"BO\">Bolivia<\/option><option value=\"BA\">Bosnia y Herzegovina<\/option><option value=\"BW\">Botsuana<\/option><option value=\"BV\">Isla Bouvet<\/option><option value=\"BR\">Brasil<\/option><option value=\"BN\">Brun\u00e9i Darussalam<\/option><option value=\"BG\">Bulgaria<\/option><option value=\"BF\">Burkina Faso<\/option><option value=\"BI\">Burundi<\/option><option value=\"KH\">Camboya<\/option><option value=\"CM\">Camer\u00fan<\/option><option value=\"CA\">Canad\u00e1<\/option><option value=\"CV\">Cabo Verde<\/option><option value=\"KY\">Islas Caim\u00e1n<\/option><option value=\"CF\">Rep\u00fablica Centroafricana<\/option><option value=\"TD\">Chad<\/option><option value=\"CL\">Chile<\/option><option value=\"CN\">China<\/option><option value=\"CX\">Isla de Navidad<\/option><option value=\"CC\">Islas Cocos (KEELING)<\/option><option value=\"CO\">Colombia<\/option><option value=\"KM\">Comoros<\/option><option value=\"CG\">Congo (BRAZZAVILLE)<\/option><option value=\"CD\">CONGO (Kinshasa)<\/option><option value=\"CK\">Islas Cook<\/option><option value=\"CR\">Costa rica<\/option><option value=\"HR\">Croacia<\/option><option value=\"CU\">Cuba<\/option><option value=\"CY\">Chipre<\/option><option value=\"CZ\">Rep\u00fablica checa<\/option><option value=\"DK\">Dinamarca<\/option><option value=\"DJ\">Djibouti<\/option><option value=\"DM\">Dominica<\/option><option value=\"DO\">Rep\u00fablica Dominicana<\/option><option value=\"EC\">Ecuador<\/option><option value=\"EG\">Egipto<\/option><option value=\"SV\">El Salvador<\/option><option value=\"GQ\">Guinea Ecuatorial<\/option><option value=\"ER\">Eritrea<\/option><option value=\"EE\">Estonia<\/option><option value=\"ET\">Etiop\u00eda<\/option><option value=\"FK\">Islas Malvinas<\/option><option value=\"FO\">Islas Feroe<\/option><option value=\"FJ\">Fiyi<\/option><option value=\"FI\">Finlandia<\/option><option value=\"FR\">Francia<\/option><option value=\"GF\">Guayana Francesa<\/option><option value=\"PF\">Polinesia Francesa<\/option><option value=\"TF\">Territorios Franceses del Sur<\/option><option value=\"GA\">Gab\u00f3n<\/option><option value=\"GM\">Gambia<\/option><option value=\"GE\">Georgia<\/option><option value=\"DE\">Alemania<\/option><option value=\"GH\">Ghana<\/option><option value=\"GI\">Gibraltar<\/option><option value=\"GR\">Grecia<\/option><option value=\"GL\">Groenlandia<\/option><option value=\"GD\">Granada<\/option><option value=\"GP\">Guadalupe<\/option><option value=\"GU\">Guam<\/option><option value=\"GT\">Guatemala<\/option><option value=\"GN\">Guinea<\/option><option value=\"GW\">Guinea-Bissau <\/option><option value=\"GY\">Guyana<\/option><option value=\"HT\">Hait\u00ed<\/option><option value=\"VA\">Santa Sede (Estado de la Ciudad del Vaticano)<\/option><option value=\"HN\">Honduras<\/option><option value=\"HK\">Hong Kong <\/option><option value=\"HU\">Hungr\u00eda<\/option><option value=\"IS\">Islandia<\/option><option value=\"IN\">India<\/option><option value=\"ID\">Indonesia<\/option><option value=\"IR\">Ir\u00e1n Rep\u00fablica Isl\u00e1mica de<\/option><option value=\"IQ\">Irak<\/option><option value=\"IE\">Irlanda<\/option><option value=\"IL\">Israel<\/option><option value=\"IT\">Italia<\/option><option value=\"CI\">Costa de Marfil<\/option><option value=\"JM\">Jamaica<\/option><option value=\"JP\">Jap\u00f3n<\/option><option value=\"JO\">Jord\u00e1n<\/option><option value=\"KZ\">Kazajst\u00e1n<\/option><option value=\"KE\">Kenia<\/option><option value=\"KI\">Kiribati<\/option><option value=\"KP\">Corea<\/option><option value=\"KR\">Corea rep\u00fablica de<\/option><option value=\"KW\">Kuwait<\/option><option value=\"KG\">Kirguist\u00e1n<\/option><option value=\"LA\">Laos<\/option><option value=\"LV\">Letonia<\/option><option value=\"LB\">L\u00edbano<\/option><option value=\"LS\">Lesoto<\/option><option value=\"LR\">Liberia<\/option><option value=\"LY\">Jamahiriya \u00c1rabe Libia<\/option><option value=\"LI\">Liechtenstein<\/option><option value=\"LT\">Lituania<\/option><option value=\"LU\">Luxemburgo<\/option><option value=\"MO\">Macao<\/option><option value=\"MK\">Macedonia<\/option><option value=\"MG\">Madagascar<\/option><option value=\"MW\">Malaui<\/option><option value=\"MY\">Malasia<\/option><option value=\"MV\">Maldivas<\/option><option value=\"ML\">Mal\u00ed<\/option><option value=\"MT\">Malta<\/option><option value=\"MH\">Islas Marshall<\/option><option value=\"MQ\">Martinica<\/option><option value=\"MR\">Mauritania<\/option><option value=\"MU\">Mauricio<\/option><option value=\"YT\">Mayotte<\/option><option value=\"MX\">M\u00e9xico<\/option><option value=\"FM\">Micronesia<\/option><option value=\"MD\">Moldavia (Rep\u00fablica de)<\/option><option value=\"MC\">M\u00f3naco<\/option><option value=\"MN\">Mongolia<\/option><option value=\"ME\">Montenegro<\/option><option value=\"MS\">Montserrat<\/option><option value=\"MA\">Marruecos<\/option><option value=\"MZ\">Mozambique<\/option><option value=\"MM\">Myanmar<\/option><option value=\"NA\">Namibia<\/option><option value=\"NR\">Nauru<\/option><option value=\"NP\">Nepal<\/option><option value=\"NL\">PA\u00cdSES BAJOS<\/option><option value=\"AN\">Antillas Nederlandesas<\/option><option value=\"NC\">Nueva Caledonia<\/option><option value=\"NZ\">Nueva Zelanda<\/option><option value=\"NI\">Nicaragua<\/option><option value=\"NE\">N\u00edger<\/option><option value=\"NG\">Nigeria<\/option><option value=\"NU\">Niue<\/option><option value=\"NF\">Isla Norfolk<\/option><option value=\"MP\">Islas Marianas del Norte<\/option><option value=\"NO\">Noruega<\/option><option value=\"OM\">Om\u00e1n<\/option><option value=\"PK\">Pakist\u00e1n<\/option><option value=\"PW\">Palaos<\/option><option value=\"PS\">Territorios Palestinos<\/option><option value=\"PA\">Panam\u00e1<\/option><option value=\"PG\">Pap\u00faa Nueva Guinea<\/option><option value=\"PY\">Paraguay<\/option><option value=\"PE\">Per\u00fa<\/option><option value=\"PH\">Filipinas<\/option><option value=\"PN\">Pitcairn<\/option><option value=\"PL\">Polonia<\/option><option value=\"PT\">Portugal<\/option><option value=\"PR\">Puerto Rico<\/option><option value=\"QA\">Qatar<\/option><option value=\"RE\">Reuni\u00f3n<\/option><option value=\"RO\">Ruman\u00eda<\/option><option value=\"RU\">Federaci\u00f3n Rusa<\/option><option value=\"RW\">Ruanda<\/option><option value=\"SH\">Santa Helena<\/option><option value=\"KN\">San Crist\u00f3bal y Nieves<\/option><option value=\"LC\">Santa Luc\u00eda<\/option><option value=\"PM\">San Pedro y Miquel\u00f3n<\/option><option value=\"WS\">Samoa<\/option><option value=\"SM\">San Marino<\/option><option value=\"ST\">Santo Tom\u00e9 y Pr\u00edncipe<\/option><option value=\"SA\">Arabia Saudita<\/option><option value=\"SN\">Senegal<\/option><option value=\"RS\">Serbia<\/option><option value=\"SC\">Seychelles<\/option><option value=\"SL\">Sierra Leona<\/option><option value=\"SG\">Singapur<\/option><option value=\"SK\">Eslovaquia<\/option><option value=\"SI\">Eslovenia<\/option><option value=\"SB\">Islas Salom\u00f3n<\/option><option value=\"SO\">Somalia<\/option><option value=\"ZA\">Sud\u00e1frica<\/option><option value=\"ES\">Espa\u00f1a<\/option><option value=\"LK\">Sri Lanka<\/option><option value=\"SD\">Sud\u00e1n<\/option><option value=\"SR\">Surinam<\/option><option value=\"SJ\">Svalbard y Jan Mayen<\/option><option value=\"SZ\">Suazilandia<\/option><option value=\"SE\">Suecia<\/option><option value=\"CH\">Suiza<\/option><option value=\"SY\">Rep\u00fablica \u00c1rabe Siria<\/option><option value=\"TW\">TAIW\u00c1N<\/option><option value=\"TJ\">Tayikist\u00e1n<\/option><option value=\"TZ\">Tanzania Rep\u00fablica Unida de<\/option><option value=\"TH\">Tailandia<\/option><option value=\"TL\">Timor leste<\/option><option value=\"TG\">Togo<\/option><option value=\"TK\">Tokelau<\/option><option value=\"TO\">Tonga<\/option><option value=\"TT\">Trinidad y Tobago<\/option><option value=\"TN\">T\u00fanez<\/option><option value=\"TR\">Turqu\u00eda<\/option><option value=\"TM\">Turkmenist\u00e1n<\/option><option value=\"TC\">Islas Turcas y Caicos<\/option><option value=\"TV\">Tuvalu<\/option><option value=\"UG\">Uganda<\/option><option value=\"UA\">Ucrania<\/option><option value=\"AE\">Emiratos \u00c1rabes Unidos<\/option><option value=\"GB\">Reino Unido<\/option><option value=\"US\">Estados Unidos<\/option><option value=\"UY\">Uruguay<\/option><option value=\"UZ\">Uzbekist\u00e1n<\/option><option value=\"VU\">Vanuatu<\/option><option value=\"VE\">Venezuela<\/option><option value=\"VN\">Vietnam<\/option><option value=\"VG\">Islas V\u00edrgenes Brit\u00e1nicas<\/option><option value=\"VI\">Islas V\u00edrgenes U.S.<\/option><option value=\"WF\">Wallis y Futuna<\/option><option value=\"EH\">Sahara Occidental<\/option><option value=\"YE\">Yemen<\/option><option value=\"ZM\">Zambia<\/option><option value=\"ZW\">Zimbabue<\/option>\t\t\t\t\t\t\t<\/select>\n\t\t\t\t\t\t\t\t\t\t\t\t\t\t\t<label for=\"_companyName\">Nombre de la empresa<\/label>\n\t\t\t\t\t\n\t\t\t\t\t\t\t\t\t\t\t\t\t<input type=\"text\" id=\"_companyName\" name=\"_companyName\" value=\"\"  \/>\n\t\t\t\t\t\t\t\t\t\t\t\t\t\t\t<label for=\"_websiteUrl\">URL de la web<\/label>\n\t\t\t\t\t\n\t\t\t\t\t\t\t\t\t\t\t\t\t<input type=\"text\" id=\"_websiteUrl\" name=\"_websiteUrl\" value=\"\"  \/>\n\t\t\t\t\t\t\t\t\t\t    \n                            <label for=\"chkAgreeTerms\" id=\"agreeTermsLabel\" class=\"pure-checkbox\"><input type=\"checkbox\" id=\"chkAgreeTerms\" name=\"chkAgreeTerms\"  required \/>&nbsp;He le\u00eddo y estoy de acuerdo con <a target=\"_blank\" href=\"https:\/\/bestelements.de\/terms-and-conditions\/\">T\u00e9rminos y condiciones<\/a><\/label>\n                            <div id=\"termsAgreeWarning\" style=\"color: red; display: none\">Debes aceptar los t\u00e9rminos.<\/div>\n\t\t\t    \n                <!--<div class=\"wpam-registration-form\">-->\n                <input type=\"hidden\" name=\"wpam_reg_submit\" value=\"1\" \/>\n                <input type=\"submit\" name=\"submit\" value=\"Presentar solicitud\" class=\"wpam-registration-form-submit pure-button pure-button-active\" \/>\n                <!--<\/div>-->  \n                <\/fieldset>\n<\/form>\n<\/div>\n<div id=\"tncDialog\" style=\"display: none\">\n\t<div id=\"termsBox\" style=\"padding: 20px; width: auto; height: 380px; overflow: scroll; background-color: white; color: black; border: 1px solid black; white-space: pre-wrap;\">[fusion_builder_container type=\"flex\" hundred_percent=\"no\" equal_height_columns=\"no\" menu_anchor=\"\" hide_on_mobile=\"small-visibility,medium-visibility,large-visibility\" class=\"\" id=\"\" background_color=\"\" background_image=\"\" background_position=\"center center\" background_repeat=\"no-repeat\" fade=\"no\" background_parallax=\"none\" parallax_speed=\"0.3\" video_mp4=\"\" video_webm=\"\" video_ogv=\"\" video_url=\"\" video_aspect_ratio=\"16:9\" video_loop=\"yes\" video_mute=\"yes\" overlay_color=\"\" video_preview_image=\"\" border_color=\"\" border_style=\"solid\" padding_top=\"\" padding_bottom=\"\" padding_left=\"\" padding_right=\"\"][fusion_builder_row][fusion_builder_column type=\"1_1\" layout=\"1_1\" background_position=\"left top\" background_color=\"\" border_color=\"\" border_style=\"solid\" border_position=\"all\" spacing=\"yes\" background_image=\"\" background_repeat=\"no-repeat\" padding_top=\"\" padding_right=\"\" padding_bottom=\"\" padding_left=\"\" margin_top=\"0px\" margin_bottom=\"0px\" class=\"\" id=\"\" animation_type=\"\" animation_speed=\"0.3\" animation_direction=\"left\" hide_on_mobile=\"small-visibility,medium-visibility,large-visibility\" center_content=\"no\" last=\"true\" min_height=\"\" hover_type=\"none\" link=\"\" border_sizes_top=\"\" border_sizes_bottom=\"\" border_sizes_left=\"\" border_sizes_right=\"\" first=\"true\"][fusion_code]PCEtLSBHb29nbGUgVHJhbnNsYXRlIFdpZGdldCAtLT4KPGRpdiBpZD0iZ29vZ2xlX3RyYW5zbGF0ZV9lbGVtZW50Ij48L2Rpdj4KPHNjcmlwdCB0eXBlPSJ0ZXh0L2phdmFzY3JpcHQiPgogICAgZnVuY3Rpb24gZ29vZ2xlVHJhbnNsYXRlRWxlbWVudEluaXQoKSB7CiAgICAgICAgbmV3IGdvb2dsZS50cmFuc2xhdGUuVHJhbnNsYXRlRWxlbWVudCh7CiAgICAgICAgICAgIHBhZ2VMYW5ndWFnZTogJ2VuJywgLy8gU3RhbmRhcmRzcHJhY2hlbmNvZGUgSWhyZXIgU2VpdGUgKHouQi4gJ2VzJyBmw7xyIERldXRzY2gpCiAgICAgICAgICAgIGluY2x1ZGVkTGFuZ3VhZ2VzOiAnZGUsZW4sZnIsZXMsaXQscHQnLCAvLyBMaXN0IG9mIGxhbmd1YWdlcwogICAgICAgICAgICBsYXlvdXQ6IGdvb2dsZS50cmFuc2xhdGUuVHJhbnNsYXRlRWxlbWVudC5JbmxpbmVMYXlvdXQuU0lNUExFCiAgICAgICAgfSwgJ2dvb2dsZV90cmFuc2xhdGVfZWxlbWVudCcpOwogICAgfQo8L3NjcmlwdD4KPHNjcmlwdCB0eXBlPSJ0ZXh0L2phdmFzY3JpcHQiIHNyYz0iaHR0cHM6Ly90cmFuc2xhdGUuZ29vZ2xlLmNvbS90cmFuc2xhdGVfYS9lbGVtZW50LmpzP2NiPWdvb2dsZVRyYW5zbGF0ZUVsZW1lbnRJbml0Ij48L3NjcmlwdD4K[\/fusion_code][fusion_text][AffiliatesRegister][\/fusion_text][\/fusion_builder_column][\/fusion_builder_row][\/fusion_builder_container]<\/div>\n<\/div>\n\n<\/div><\/div><\/div><\/div><\/div><\/p>","protected":false},"excerpt":{"rendered":"","protected":false},"author":1,"featured_media":0,"parent":130,"menu_order":0,"comment_status":"closed","ping_status":"closed","template":"","meta":{"footnotes":""},"class_list":["post-131","page","type-page","status-publish","hentry"],"_links":{"self":[{"href":"https:\/\/bestelements.de\/es\/wp-json\/wp\/v2\/pages\/131","targetHints":{"allow":["GET"]}}],"collection":[{"href":"https:\/\/bestelements.de\/es\/wp-json\/wp\/v2\/pages"}],"about":[{"href":"https:\/\/bestelements.de\/es\/wp-json\/wp\/v2\/types\/page"}],"author":[{"embeddable":true,"href":"https:\/\/bestelements.de\/es\/wp-json\/wp\/v2\/users\/1"}],"replies":[{"embeddable":true,"href":"https:\/\/bestelements.de\/es\/wp-json\/wp\/v2\/comments?post=131"}],"version-history":[{"count":0,"href":"https:\/\/bestelements.de\/es\/wp-json\/wp\/v2\/pages\/131\/revisions"}],"up":[{"embeddable":true,"href":"https:\/\/bestelements.de\/es\/wp-json\/wp\/v2\/pages\/130"}],"wp:attachment":[{"href":"https:\/\/bestelements.de\/es\/wp-json\/wp\/v2\/media?parent=131"}],"curies":[{"name":"wp","href":"https:\/\/api.w.org\/{rel}","templated":true}]}}