{"id":130,"date":"2020-08-16T10:34:52","date_gmt":"2020-08-16T08:34:52","guid":{"rendered":"https:\/\/bestelements.de\/affiliate-home\/"},"modified":"2021-09-19T14:28:14","modified_gmt":"2021-09-19T12:28:14","slug":"affiliate-home","status":"publish","type":"page","link":"https:\/\/bestelements.de\/es\/affiliate-home\/","title":{"rendered":"Shop-Affiliates"},"content":{"rendered":"<h3>Programa de socios afiliados: remuneraci\u00f3n de comisiones por recomendaciones de productos de nuestra tienda.<\/h3>\n<p>La participaci\u00f3n es libre de cargo. Recibir\u00e1 un enlace o una imagen individualizada que podr\u00e1 enviar a las partes interesadas o utilizar en su sitio web. Si se realiza un pedido utilizando su enlace, recibir\u00e1 una comisi\u00f3n. Las compras de productos propios no ser\u00e1n reembolsadas. Tanto los trabajadores aut\u00f3nomos como los trabajadores no aut\u00f3nomos pueden participar en el programa de socios como ingreso adicional\/segundo ingreso. Puede operar dentro de Alemania, la UE e internacionalmente.<\/p>\n<p>Si desea convertirse en socio, puede <a href=\"https:\/\/bestelements.de\/affiliate-home\/affiliate-register\/\">registrarse aqu\u00ed<\/a>. Su solicitud ser\u00e1 procesada r\u00e1pidamente. Una vez aprobado, recibir\u00e1 acceso a su <a href=\"https:\/\/bestelements.de\/affiliate-home\/affiliate-login\/\">cuenta de afiliado<\/a>. All\u00ed encontrar\u00e1 su enlace personal y una descripci\u00f3n general de sus ventas.<\/p>\n<p>Si ya es afiliado, inicie sesi\u00f3n para acceder a su <a href=\"https:\/\/bestelements.de\/affiliate-home\/affiliate-login\/\">cuenta de afiliado<\/a>.<\/p>\n\n","protected":false},"excerpt":{"rendered":"","protected":false},"author":1,"featured_media":0,"parent":0,"menu_order":0,"comment_status":"closed","ping_status":"closed","template":"","meta":{"footnotes":""},"class_list":["post-130","page","type-page","status-publish","hentry"],"_links":{"self":[{"href":"https:\/\/bestelements.de\/es\/wp-json\/wp\/v2\/pages\/130","targetHints":{"allow":["GET"]}}],"collection":[{"href":"https:\/\/bestelements.de\/es\/wp-json\/wp\/v2\/pages"}],"about":[{"href":"https:\/\/bestelements.de\/es\/wp-json\/wp\/v2\/types\/page"}],"author":[{"embeddable":true,"href":"https:\/\/bestelements.de\/es\/wp-json\/wp\/v2\/users\/1"}],"replies":[{"embeddable":true,"href":"https:\/\/bestelements.de\/es\/wp-json\/wp\/v2\/comments?post=130"}],"version-history":[{"count":0,"href":"https:\/\/bestelements.de\/es\/wp-json\/wp\/v2\/pages\/130\/revisions"}],"wp:attachment":[{"href":"https:\/\/bestelements.de\/es\/wp-json\/wp\/v2\/media?parent=130"}],"curies":[{"name":"wp","href":"https:\/\/api.w.org\/{rel}","templated":true}]}}