{"id":7055,"date":"2021-08-12T15:58:04","date_gmt":"2021-08-12T13:58:04","guid":{"rendered":"https:\/\/bestelements.de\/?post_type=product&#038;p=7055"},"modified":"2025-05-23T08:25:38","modified_gmt":"2025-05-23T06:25:38","slug":"trinkflasche-2200-ml-bpa-frei","status":"publish","type":"product","link":"https:\/\/bestelements.de\/de\/kaufen\/trinkflaschen-kanister\/trinkflasche-2200-ml-bpa-frei\/","title":{"rendered":"Trinkflasche 2,2 Liter BPA-frei"},"content":{"rendered":"<p>Trinkflasche nur f\u00fcr Kaltgetr\u00e4nke, temperaturbest\u00e4ndig bis 40\u00b0C, BPA-frei. Nicht geeignet f\u00fcr alkoholische Getr\u00e4nke, kohlens\u00e4urehaltige Getr\u00e4nke, \u00e4tzende Fl\u00fcssigkeiten und Getr\u00e4nke \u00fcber 40\u00b0C. Nicht f\u00fcr Mikrowellen und Tiefk\u00fchlung geeignet.<\/p>\n<p><img decoding=\"async\" class=\"lazyload alignnone size-full wp-image-9789\" src=\"https:\/\/bestelements.de\/wp-content\/uploads\/icon-bpa-free-food-safe.png\" data-orig-src=\"https:\/\/bestelements.de\/wp-content\/uploads\/icon-bpa-free-food-safe.png\" alt=\"bpa free food safe\" width=\"222\" height=\"110\" srcset=\"data:image\/svg+xml,%3Csvg%20xmlns%3D%27http%3A%2F%2Fwww.w3.org%2F2000%2Fsvg%27%20width%3D%27222%27%20height%3D%27110%27%20viewBox%3D%270%200%20222%20110%27%3E%3Crect%20width%3D%27222%27%20height%3D%27110%27%20fill-opacity%3D%220%22%2F%3E%3C%2Fsvg%3E\" data-srcset=\"https:\/\/bestelements.de\/wp-content\/uploads\/icon-bpa-free-food-safe-200x99.png 200w, https:\/\/bestelements.de\/wp-content\/uploads\/icon-bpa-free-food-safe.png 222w\" data-sizes=\"auto\" data-orig-sizes=\"(max-width: 222px) 100vw, 222px\" \/><\/p>","protected":false},"excerpt":{"rendered":"<ul>\n<li>Inhalt 2.200 ml<\/li>\n<li>Lebensmittelsicheres Polypropylen<\/li>\n<li>BPA free &#8211; frei von Weichmacher<\/li>\n<li>Schraubdeckel mit Klick-Trink\u00f6ffnung<\/li>\n<li>Trageschlaufe<\/li>\n<\/ul>\n","protected":false},"featured_media":7057,"template":"","meta":{"footnotes":""},"product_brand":[],"product_cat":[194],"product_tag":[],"class_list":{"0":"post-7055","1":"product","2":"type-product","3":"status-publish","4":"has-post-thumbnail","6":"product_cat-trinkflaschen-kanister","8":"first","9":"instock","10":"taxable","11":"shipping-taxable","12":"purchasable","13":"product-type-variable","14":"has-default-attributes"},"_links":{"self":[{"href":"https:\/\/bestelements.de\/de\/wp-json\/wp\/v2\/product\/7055","targetHints":{"allow":["GET"]}}],"collection":[{"href":"https:\/\/bestelements.de\/de\/wp-json\/wp\/v2\/product"}],"about":[{"href":"https:\/\/bestelements.de\/de\/wp-json\/wp\/v2\/types\/product"}],"version-history":[{"count":0,"href":"https:\/\/bestelements.de\/de\/wp-json\/wp\/v2\/product\/7055\/revisions"}],"wp:featuredmedia":[{"embeddable":true,"href":"https:\/\/bestelements.de\/de\/wp-json\/wp\/v2\/media\/7057"}],"wp:attachment":[{"href":"https:\/\/bestelements.de\/de\/wp-json\/wp\/v2\/media?parent=7055"}],"wp:term":[{"taxonomy":"product_brand","embeddable":true,"href":"https:\/\/bestelements.de\/de\/wp-json\/wp\/v2\/product_brand?post=7055"},{"taxonomy":"product_cat","embeddable":true,"href":"https:\/\/bestelements.de\/de\/wp-json\/wp\/v2\/product_cat?post=7055"},{"taxonomy":"product_tag","embeddable":true,"href":"https:\/\/bestelements.de\/de\/wp-json\/wp\/v2\/product_tag?post=7055"}],"curies":[{"name":"wp","href":"https:\/\/api.w.org\/{rel}","templated":true}]}}