{"id":7049,"date":"2021-08-11T19:27:37","date_gmt":"2021-08-11T17:27:37","guid":{"rendered":"https:\/\/bestelements.de\/?post_type=product&#038;p=7049"},"modified":"2025-05-23T08:25:26","modified_gmt":"2025-05-23T06:25:26","slug":"trinkflasche-500-ml-bpa-frei","status":"publish","type":"product","link":"https:\/\/bestelements.de\/de\/kaufen\/trinkflaschen-kanister\/trinkflasche-500-ml-bpa-frei\/","title":{"rendered":"Trinkflasche 560 ml BPA-frei"},"content":{"rendered":"<p><img decoding=\"async\" class=\"lazyload  wp-image-7040 alignright\" src=\"https:\/\/bestelements.de\/wp-content\/uploads\/Fruechte-Wasser.jpg\" data-orig-src=\"https:\/\/bestelements.de\/wp-content\/uploads\/Fruechte-Wasser.jpg\" alt=\"\" width=\"135\" height=\"135\" srcset=\"data:image\/svg+xml,%3Csvg%20xmlns%3D%27http%3A%2F%2Fwww.w3.org%2F2000%2Fsvg%27%20width%3D%27135%27%20height%3D%27135%27%20viewBox%3D%270%200%20135%20135%27%3E%3Crect%20width%3D%27135%27%20height%3D%27135%27%20fill-opacity%3D%220%22%2F%3E%3C%2Fsvg%3E\" data-srcset=\"https:\/\/bestelements.de\/wp-content\/uploads\/Fruechte-Wasser-66x66.jpg 66w, https:\/\/bestelements.de\/wp-content\/uploads\/Fruechte-Wasser-100x100.jpg 100w, https:\/\/bestelements.de\/wp-content\/uploads\/Fruechte-Wasser-150x150.jpg 150w, https:\/\/bestelements.de\/wp-content\/uploads\/Fruechte-Wasser.jpg 200w\" data-sizes=\"auto\" data-orig-sizes=\"(max-width: 135px) 100vw, 135px\" \/>Trinkflasche nur f\u00fcr Kaltgetr\u00e4nke, temperaturbest\u00e4ndig bis 40\u00b0C, BPA-frei. Nicht geeignet f\u00fcr alkoholische Getr\u00e4nke, kohlens\u00e4urehaltige Getr\u00e4nke, \u00e4tzende Fl\u00fcssigkeiten und Getr\u00e4nke \u00fcber 40\u00b0C. Nicht f\u00fcr Mikrowellen und Tiefk\u00fchlung geeignet.<\/p>\n<p><img decoding=\"async\" class=\"lazyload alignnone size-full wp-image-9789\" src=\"https:\/\/bestelements.de\/wp-content\/uploads\/icon-bpa-free-food-safe.png\" data-orig-src=\"https:\/\/bestelements.de\/wp-content\/uploads\/icon-bpa-free-food-safe.png\" alt=\"bpa free food safe\" width=\"222\" height=\"110\" srcset=\"data:image\/svg+xml,%3Csvg%20xmlns%3D%27http%3A%2F%2Fwww.w3.org%2F2000%2Fsvg%27%20width%3D%27222%27%20height%3D%27110%27%20viewBox%3D%270%200%20222%20110%27%3E%3Crect%20width%3D%27222%27%20height%3D%27110%27%20fill-opacity%3D%220%22%2F%3E%3C%2Fsvg%3E\" data-srcset=\"https:\/\/bestelements.de\/wp-content\/uploads\/icon-bpa-free-food-safe-200x99.png 200w, https:\/\/bestelements.de\/wp-content\/uploads\/icon-bpa-free-food-safe.png 222w\" data-sizes=\"auto\" data-orig-sizes=\"(max-width: 222px) 100vw, 222px\" \/><\/p>","protected":false},"excerpt":{"rendered":"<ul>\n<li>Inhalt 560 ml<\/li>\n<li>Lebensmittelsicheres Polypropylen<\/li>\n<li>BPA free &#8211; frei von Weichmacher<\/li>\n<li>Edition &#8222;REINES WASSER \u00b7 KLARER KOPF&#8220;<\/li>\n<li>Schraubdeckel<\/li>\n<li>Trink\u00f6ffnung mit Sicherheitsverschluss<\/li>\n<li>Siebeinsatz h\u00e4lt Fr\u00fcchte im Trinkwasser<\/li>\n<li>Trageschlaufe<\/li>\n<\/ul>\n","protected":false},"featured_media":22071,"template":"","meta":{"footnotes":""},"product_brand":[],"product_cat":[194],"product_tag":[],"class_list":{"0":"post-7049","1":"product","2":"type-product","3":"status-publish","4":"has-post-thumbnail","6":"product_cat-trinkflaschen-kanister","8":"first","9":"instock","10":"taxable","11":"shipping-taxable","12":"purchasable","13":"product-type-variable","14":"has-default-attributes"},"_links":{"self":[{"href":"https:\/\/bestelements.de\/de\/wp-json\/wp\/v2\/product\/7049","targetHints":{"allow":["GET"]}}],"collection":[{"href":"https:\/\/bestelements.de\/de\/wp-json\/wp\/v2\/product"}],"about":[{"href":"https:\/\/bestelements.de\/de\/wp-json\/wp\/v2\/types\/product"}],"version-history":[{"count":0,"href":"https:\/\/bestelements.de\/de\/wp-json\/wp\/v2\/product\/7049\/revisions"}],"wp:featuredmedia":[{"embeddable":true,"href":"https:\/\/bestelements.de\/de\/wp-json\/wp\/v2\/media\/22071"}],"wp:attachment":[{"href":"https:\/\/bestelements.de\/de\/wp-json\/wp\/v2\/media?parent=7049"}],"wp:term":[{"taxonomy":"product_brand","embeddable":true,"href":"https:\/\/bestelements.de\/de\/wp-json\/wp\/v2\/product_brand?post=7049"},{"taxonomy":"product_cat","embeddable":true,"href":"https:\/\/bestelements.de\/de\/wp-json\/wp\/v2\/product_cat?post=7049"},{"taxonomy":"product_tag","embeddable":true,"href":"https:\/\/bestelements.de\/de\/wp-json\/wp\/v2\/product_tag?post=7049"}],"curies":[{"name":"wp","href":"https:\/\/api.w.org\/{rel}","templated":true}]}}