{"id":7005,"date":"2021-08-08T16:23:17","date_gmt":"2021-08-08T14:23:17","guid":{"rendered":"https:\/\/bestelements.de\/?post_type=product&#038;p=7005"},"modified":"2023-10-10T14:50:41","modified_gmt":"2023-10-10T12:50:41","slug":"trinkwasser-filteranlagen-wohnmobile-caravan-boote-schiffe-yachten","status":"publish","type":"product","link":"https:\/\/bestelements.de\/de\/kaufen\/trinkwasserfilter\/trinkwasser-filteranlagen-wohnmobile-caravan-boote-schiffe-yachten\/","title":{"rendered":"Trinkwasser-Filterger\u00e4t f\u00fcr Wohnmobile und Boote"},"content":{"rendered":"<p><\/p>\n<h2>\u00dcberall wohin Sie reisen ist reines und sauberes Trinkwasser<\/h2>\n<p class=\"gray\">Das w\u00e4r super! Eine gro\u00dfe Sorgen weniger f\u00fcr Sie als Reisenden und Weltenbummler, wenn das Trinkwasser nicht krank macht und dadurch die Reiselust und Urlaubsfreude vermiest. Bakterien, Viren und viele anderen Verunreinigungen, die in vielen Regionen im Trinkwasser enthalten sein k\u00f6nnten, wollen Sie vermeiden. Das gelingt zuverl\u00e4ssig mit diesem Wasserfilter f\u00fcr Wohnmobile, Caravans, Boote und Yachten.<\/p>\n<h2><span class=\"blue-back\">BE WA1 CB<\/span> <span class=\"gray\">Caravan &amp; Boat<\/span><\/h2>\n<div class=\"blue-back\">Sicherheit und Gesundheit f\u00fcr Traveller und Weltentdecker<\/div>\n<p><img decoding=\"async\" class=\"lazyload alignnone wp-image-7384 size-full\" src=\"https:\/\/bestelements.de\/wp-content\/uploads\/WA1CB-Schema-blau.jpg\" data-orig-src=\"https:\/\/bestelements.de\/wp-content\/uploads\/WA1CB-Schema-blau.jpg\" alt=\"\" width=\"818\" height=\"349\" srcset=\"data:image\/svg+xml,%3Csvg%20xmlns%3D%27http%3A%2F%2Fwww.w3.org%2F2000%2Fsvg%27%20width%3D%27818%27%20height%3D%27349%27%20viewBox%3D%270%200%20818%20349%27%3E%3Crect%20width%3D%27818%27%20height%3D%27349%27%20fill-opacity%3D%220%22%2F%3E%3C%2Fsvg%3E\" data-srcset=\"https:\/\/bestelements.de\/wp-content\/uploads\/WA1CB-Schema-blau-200x85.jpg 200w, https:\/\/bestelements.de\/wp-content\/uploads\/WA1CB-Schema-blau-300x128.jpg 300w, https:\/\/bestelements.de\/wp-content\/uploads\/WA1CB-Schema-blau-400x171.jpg 400w, https:\/\/bestelements.de\/wp-content\/uploads\/WA1CB-Schema-blau-500x213.jpg 500w, https:\/\/bestelements.de\/wp-content\/uploads\/WA1CB-Schema-blau-600x256.jpg 600w, https:\/\/bestelements.de\/wp-content\/uploads\/WA1CB-Schema-blau-700x299.jpg 700w, https:\/\/bestelements.de\/wp-content\/uploads\/WA1CB-Schema-blau-768x328.jpg 768w, https:\/\/bestelements.de\/wp-content\/uploads\/WA1CB-Schema-blau-800x341.jpg 800w, https:\/\/bestelements.de\/wp-content\/uploads\/WA1CB-Schema-blau.jpg 818w\" data-sizes=\"auto\" data-orig-sizes=\"(max-width: 818px) 100vw, 818px\" \/><br \/>\n<em>Das Filterger\u00e4t wird an Ihren vorhandenen Frischwassertank angeschlossen, der Tank geh\u00f6rt nicht mit zum Lieferumfang.<\/em><\/p>\n<p>Das kompakte Filterger\u00e4t einer mehrstufigen Umkehrosmose Filteranlage mit einer 500 GPD Membran (FilmTec\u2122 Material) sowie Vor- und Nachfilter mit Sedimentfilter und Aktivkohlefilter wird einfach und universell am Wasservorratstank angeschlossen. Die Pumpe der Anlage arbeitet mit 24 V, bei einem 12 V Bordnetz wird ein Spannungswandler zwischen geschalten.<\/p>\n<div class=\"fusion-image-before-after-wrapper fusion-image-before-after-horizontal type-before-after hover-type-together fusion-image-before-after-wrapper-1\" style=\"--awb-font-size:14px;--awb-bordersize:0px;--awb-accent-color-bg:rgba(255,255,255,0.15);--awb-transition-time:0.5s;\"><div class=\"fusion-image-before-after-element fusion-image-before-after fusion-image-before-after-container fusion-image-before-after-1\" data-offset=\"0.5\" data-orientation=\"horizontal\" data-move-with-handle-only=\"true\" data-click-to-move=\"true\"><img decoding=\"async\" alt=\"24V Variante\" class=\"fusion-image-before-after-before lazyload\" src=\"data:image\/svg+xml,%3Csvg%20xmlns%3D%27http%3A%2F%2Fwww.w3.org%2F2000%2Fsvg%27%20width%3D%27818%27%20height%3D%27353%27%20viewBox%3D%270%200%20818%20353%27%3E%3Crect%20width%3D%27818%27%20height%3D%27353%27%20fill-opacity%3D%220%22%2F%3E%3C%2Fsvg%3E\" width=\"818\" height=\"353\" data-orig-src=\"https:\/\/bestelements.de\/wp-content\/uploads\/WA1CB-Filterset-24V.jpg\"><img decoding=\"async\" alt=\"12 V Variante mit Spannungswandler\" class=\"fusion-image-before-after-after lazyload\" src=\"data:image\/svg+xml,%3Csvg%20xmlns%3D%27http%3A%2F%2Fwww.w3.org%2F2000%2Fsvg%27%20width%3D%27818%27%20height%3D%27353%27%20viewBox%3D%270%200%20818%20353%27%3E%3Crect%20width%3D%27818%27%20height%3D%27353%27%20fill-opacity%3D%220%22%2F%3E%3C%2Fsvg%3E\" width=\"818\" height=\"353\" data-orig-src=\"https:\/\/bestelements.de\/wp-content\/uploads\/WA1CB-Filterset-12V.jpg\"><div class=\"fusion-image-before-after-overlay before-after-overlay-image-centered\"><div class=\"fusion-image-before-after-before-label\" data-content=\"24V Variante\"><\/div><div class=\"fusion-image-before-after-after-label\" data-content=\"12 V Variante mit Spannungswandler\"><\/div><\/div><div class=\"fusion-image-before-after-handle fusion-image-before-after-handle-default\"><span class=\"fusion-image-before-after-left-arrow\"><\/span><span class=\"fusion-image-before-after-right-arrow\"><\/span><\/div><\/div><\/div>\n<h2><i class=\"fa-solid fas fa-layer-group\"><\/i> Filterstufen<\/h2>\n<p>\u2776 Sediment Vorfilter 0,5 \u00b5m<br \/>\n\u2777 Hauptfiltration Membrane Original Dow\u00ae FILMTEC\u2122 Material<br \/>\n\u2778\u00a0Aktivkohle Filterstufe<\/p>\n<p>Die eingesetzten Komponenten (z.B. b\u00fcrstenloser Motor) sind verschlei\u00dfarm und haben einen hohen Wirkungsgrad. Der Energiebedarf f\u00fcr einen Liter reines Trinkwasser liegt bei au\u00dfergew\u00f6hnlich sparsamen 1,6\u2006W. Die Druckschalter sind aus rostfreiem Edelstahl und arbeiten \u00fcber Jahre hinweg zuverl\u00e4ssig. Das zu filternde S\u00fc\u00dfwasser wird direkt aus dem Vorratswassertank gewonnen. Das kann aufgef\u00fclltes Brauchwasser oder aufgefangenes Regenwasser sein. Die Filteranlage trennt Reinstwasser zum Trinken und Brauchwasser. Das Brauchwasser wird zur\u00fcck in den Wassertank geleitet, um mit den vorhandenen Ressourcen wirtschaftlich und nachhaltig zu arbeiten. R\u00fcckschlagventile sch\u00fctzen das Filtersystem gegen R\u00fcckverkeimung. Ein Trinkwasserhahn aus reinstem Edelstahl geh\u00f6rt zum Lieferumfang. Dar\u00fcber wird das reine Trinkwasser entnommen \u2013 frei von Verkeimungen aus dem Rohwasser und frei von R\u00fcckst\u00e4nden aus herk\u00f6mmlichen Wasserhahnarmaturen. Die wasserf\u00fchrenden Leitungen sind 3 Meter lang, ein Vorratstank geh\u00f6rt nicht zum Lieferumfang.<\/p>\n<h2><i class=\"fa-solid fas fa-globe farbverlauf-srg\"><\/i> Produktion in Deutschland<\/h2>\n<p>Hergestellt werden die BE WA1CB-Filterger\u00e4te in Deutschland gem\u00e4\u00df den strengen Standards und den hierzulande geltenden Bestimmungen, Anforderungen und Zertifizierungen \u00fcber Materialreinheit und Zuverl\u00e4ssigkeit, sowie Gew\u00e4hrleistung und Garantie. Auf diese Trinkwasserfilter k\u00f6nnen Sie vertrauen.<\/p>\n<h2><i class=\"fa-solid fas fa-info-circle minwidthicon\"><\/i> Entscheidende Vorteile<\/h2>\n<p><i class=\"fa-solid fas fa-glass minwidthicon\"><\/i> Reinstes Trinkwasser frei Haus<br \/>\n<i class=\"fa-solid fas fa-money-bill minwidthicon\"><\/i> Kein Flaschenwasser mehr kaufen und bezahlen<br \/>\n<i class=\"fa-solid fas fa-dolly minwidthicon\"><\/i> Kein Flaschenwasser mehr transportieren<br \/>\n<i class=\"fa-solid fas fa-jug minwidthicon\"><\/i> Kein Wasser mehr aus PET-Flaschen trinken<br \/>\n<i class=\"fa-solid fas fa-exchange minwidthicon\"><\/i> Technologievorsprung: Die Verunreinigungen bleiben nicht im Filterger\u00e4t sondern werden ausgeleitet.<br \/>\n<i class=\"fa-solid fas fa-rv minwidthicon\"><\/i> Sichere Trinkwasserversorgung in Ihrem Fahrzeug<\/p>\n<p><img decoding=\"async\" class=\"lazyload wp-image-4020 size-fusion-600 aligncenter\" src=\"https:\/\/bestelements.de\/wp-content\/uploads\/icons-wasserfilter-818-doppel-600x288.jpg\" data-orig-src=\"https:\/\/bestelements.de\/wp-content\/uploads\/icons-wasserfilter-818-doppel-600x288.jpg\" alt=\"Icons Wasserfilter\" width=\"600\" height=\"288\" srcset=\"data:image\/svg+xml,%3Csvg%20xmlns%3D%27http%3A%2F%2Fwww.w3.org%2F2000%2Fsvg%27%20width%3D%27600%27%20height%3D%27288%27%20viewBox%3D%270%200%20600%20288%27%3E%3Crect%20width%3D%27600%27%20height%3D%27288%27%20fill-opacity%3D%220%22%2F%3E%3C%2Fsvg%3E\" data-srcset=\"https:\/\/bestelements.de\/wp-content\/uploads\/icons-wasserfilter-818-doppel-200x96.jpg 200w, https:\/\/bestelements.de\/wp-content\/uploads\/icons-wasserfilter-818-doppel-300x144.jpg 300w, https:\/\/bestelements.de\/wp-content\/uploads\/icons-wasserfilter-818-doppel-400x192.jpg 400w, https:\/\/bestelements.de\/wp-content\/uploads\/icons-wasserfilter-818-doppel-500x240.jpg 500w, https:\/\/bestelements.de\/wp-content\/uploads\/icons-wasserfilter-818-doppel-600x288.jpg 600w, https:\/\/bestelements.de\/wp-content\/uploads\/icons-wasserfilter-818-doppel-700x335.jpg 700w, https:\/\/bestelements.de\/wp-content\/uploads\/icons-wasserfilter-818-doppel-768x368.jpg 768w, https:\/\/bestelements.de\/wp-content\/uploads\/icons-wasserfilter-818-doppel-800x383.jpg 800w, https:\/\/bestelements.de\/wp-content\/uploads\/icons-wasserfilter-818-doppel.jpg 818w\" data-sizes=\"auto\" data-orig-sizes=\"(max-width: 600px) 100vw, 600px\" \/><\/p>\n<p>Durch eine gr\u00fcndliche Filterung auf Molekularebene von <a class=\"sg-popup-id-10444 dotted\" href=\"#\">bis zu \u00fcber 99%<\/a> befreien BestElements Umkehrosmose-Filterger\u00e4te das Leitungswasser von <span style=\"color: #;\"> Verunreinigungen wie z.B. Keimen, Bakterien und Viren, Medikamenten- und Drogenr\u00fcckst\u00e4nden, Antibiotika, Hormonen, Nitraten, Pestiziden, Industriechemikalien, Schwermetallen, Fluorid, Mikroplastik, Chlor, Kalk u.v.am.<\/span> Die Technologie der Umkehrosmose ist sogar in der Lage radioaktive Bestandteile zu entfernen.<\/p>\n<h2 class=\"linie\"><span class=\"blue-back\">BE WA1 CB<\/span> <span class=\"gray\"> Links<\/span><\/h2>\n<div class=\"icons-produktlinks\">\n<div class=\"row\">\n<div class=\"col-xs-4\">\n<a href=\"https:\/\/bestelements.de\/wp-content\/uploads\/Datenblatt-Wasserfilter-BE-WA1-CB.pdf\" target=\"_blank\" rel=\"noopener\"><i class=\"fa-solid fas fa-file-alt fa-2x\"><\/i> Datenblatt<\/a>\n<\/div>\n<div class=\"col-xs-4\">\n<a href=\"https:\/\/bestelements.de\/manuals\/gebrauchsanleitungen\/\" target=\"_blank\" rel=\"noopener\"><i class=\"fa-solid fas fa-file-alt fa-2x\"><\/i> Anleitung<\/a>\n<\/div>\n<div class=\"col-xs-4\">\n<a href=\"https:\/\/bestelements.de\/de\/ersatzfilter\/ersatzfilter-und-zubehoer-fuer-trinkwasserfilter\/\" target=\"_blank\" rel=\"noopener\"><i class=\"fa-solid fas fa-sync-alt fa-2x\"><\/i> Ersatzfilter<\/a>\n<\/div>\n<\/div>\n<\/div>\n<div class=\"wpforms-container wpforms-container-full\" id=\"wpforms-11613\"><form id=\"wpforms-form-11613\" class=\"wpforms-validate wpforms-form\" data-formid=\"11613\" method=\"post\" enctype=\"multipart\/form-data\" action=\"\/de\/wp-json\/wp\/v2\/product\/7005\"><div class=\"wpforms-head-container\"><div class=\"wpforms-title\">Produktberatung anfordern<\/div><div class=\"wpforms-description\"><a class=\"sg-popup-id-149 dotted\" href=\"#\"><i class=\"fa fa-comments fa-2x\"><\/i> Direkt Kontakt aufnehmen und Fragen zu diesem Filterger\u00e4t stellen<\/a><\/div><\/div><noscript class=\"wpforms-error-noscript\">Bitte aktivieren Sie JavaScript in Ihrem Browser, um dieses Formular fertigzustellen.<\/noscript><div class=\"wpforms-field-container\"><div id=\"wpforms-11613-field_8-container\" class=\"wpforms-field wpforms-field-html\" data-field-id=\"8\"><div id=\"wpforms-11613-field_8\">Gerne rufen wir zur\u00fcck oder beantworten Ihre Fragen per E-Mail. \r\n\r\n<small><b>Wir sch\u00fctzen Ihre Daten!<\/b> Wir verwenden Ihre Daten ausschlie\u00dflich zur Beantwortung Ihrer Fragen und geben sie keinesfalls an Dritte weiter. <a href=\"https:\/\/bestelements.de\/de\/datenschutzerklaerung\/\" target=\"_blank\">Datenschutzbestimmungen<\/a><\/small><\/div><\/div><div id=\"wpforms-11613-field_0-container\" class=\"wpforms-field wpforms-field-name\" data-field-id=\"0\"><label class=\"wpforms-field-label\" for=\"wpforms-11613-field_0\">Name <span class=\"wpforms-required-label\">*<\/span><\/label><input type=\"text\" id=\"wpforms-11613-field_0\" class=\"wpforms-field-medium wpforms-field-required\" name=\"wpforms[fields][0]\" required><\/div><div id=\"wpforms-11613-field_2-container\" class=\"wpforms-field wpforms-field-textarea\" data-field-id=\"2\"><label class=\"wpforms-field-label\" for=\"wpforms-11613-field_2\">Ich habe folgende Frage\/n:<\/label><textarea id=\"wpforms-11613-field_2\" class=\"wpforms-field-medium\" name=\"wpforms[fields][2]\" ><\/textarea><\/div><div id=\"wpforms-11613-field_4-container\" class=\"wpforms-field wpforms-field-phone\" data-field-id=\"4\"><label class=\"wpforms-field-label\" for=\"wpforms-11613-field_4\">Ich bitte um R\u00fcckruf unter:<\/label><input type=\"tel\" id=\"wpforms-11613-field_4\" class=\"wpforms-field-medium\" data-rule-int-phone-field=\"true\" name=\"wpforms[fields][4]\" ><\/div><div id=\"wpforms-11613-field_1-container\" class=\"wpforms-field wpforms-field-email\" data-field-id=\"1\"><label class=\"wpforms-field-label\" for=\"wpforms-11613-field_1\">Ich bitte um Antwort per E-Mail an:<\/label><input type=\"email\" id=\"wpforms-11613-field_1\" class=\"wpforms-field-medium\" name=\"wpforms[fields][1]\" ><\/div><div id=\"wpforms-11613-field_10-container\" class=\"wpforms-field wpforms-field-html\" data-field-id=\"10\"><div id=\"wpforms-11613-field_10\"><small><b>Wir sch\u00fctzen Ihre Daten!<\/b> Wir verwenden Ihre Daten ausschlie\u00dflich zur Beantwortung Ihrer Fragen und geben sie keinesfalls an Dritte weiter. <a href=\"https:\/\/bestelements.de\/de\/datenschutzerklaerung\/\" target=\"_blank\">Datenschutzbestimmungen<\/a><\/small><\/div><\/div><\/div><div class=\"wpforms-field wpforms-field-hp\"><label for=\"wpforms-11613-field-hp\" class=\"wpforms-field-label\">Email<\/label><input type=\"text\" name=\"wpforms[hp]\" id=\"wpforms-11613-field-hp\" class=\"wpforms-field-medium\"><\/div><input type=\"hidden\" name=\"wpforms[recaptcha]\" value=\"\"><div class=\"wpforms-submit-container\" ><input type=\"hidden\" name=\"wpforms[id]\" value=\"11613\"><input type=\"hidden\" name=\"wpforms[author]\" value=\"1\"><button type=\"submit\" name=\"wpforms[submit]\" class=\"wpforms-submit button-blue\" id=\"wpforms-submit-11613\" value=\"wpforms-submit\" aria-live=\"assertive\" data-alt-text=\"Senden...\" data-submit-text=\"Absenden\">Absenden<\/button><\/div><\/form><\/div>  <!-- .wpforms-container -->\n<figure class=\"wp-block-table\">\n<div class=\"table-1\" width=\"100%\">\n<table width=\"100%\">\n<tbody>\n<tr>\n<td class=\"produkte\">Produktionsland<\/td>\n<td class=\"produkte\">Deutschland <span class=\"blue strong\">Made in Germany<\/span><\/td>\n<\/tr>\n<tr>\n<td class=\"produkte\">Material<\/td>\n<td class=\"produkte\">Lebensmittelsichere Materialien mit NSF-Zertifizierung und Trinkwasserzulassung<\/td>\n<\/tr>\n<tr>\n<td class=\"produkte\">Gepr\u00fcft<\/td>\n<td class=\"produkte\"><a href=\"https:\/\/bestelements.de\/de\/qualitaetssicherung\/di-flow-qualitaetsstandard\/\"><img decoding=\"async\" class=\"lazyload alignleft\" src=\"data:image\/gif;base64,R0lGODlhAQABAAAAACH5BAEKAAEALAAAAAABAAEAAAICTAEAOw==\" data-orig-src=\"https:\/\/bestelements.de\/wp-content\/uploads\/Di-Flow-Logo.svg\" alt=\"Di-Flow\" width=\"150px\" height=\"\" \/><\/a> Di-Flow\u00ae Pr\u00fcfungskommission<\/td>\n<\/tr>\n<tr>\n<td class=\"produkte\">Montage<\/td>\n<td class=\"produkte\">Flach, stehend, an der Wand <span class=\"blue strong\">UNIVERSELL<\/span><\/td>\n<\/tr>\n<tr>\n<td class=\"produkte\">Wartung<\/td>\n<td class=\"produkte\">Einfacher Austausch der Filterelemente <span class=\"fusion-popover popover-1\" data-animation=\"1\" data-class=\"popover-1\" data-container=\"popover-1\" data-html-content=\"&lt;div class=&quot;fusion-video fusion-selfhosted-video&quot; style=&quot;max-width:100%;&quot;&gt;&lt;div class=&quot;video-wrapper&quot;&gt;&lt;video playsinline=&quot;true&quot; width=&quot;100%&quot; style=&quot;object-fit: cover;&quot; autoplay=&quot;true&quot; loop=&quot;true&quot; preload=&quot;auto&quot; controls=&quot;1&quot;&gt;&lt;source src=&quot;https:\/\/bestelements.de\/wp-content\/uploads\/Wechsel-Filterelemente-EASY-CLICK-WA1.mp4&quot; type=&quot;video\/mp4&quot;&gt;Sorry, your browser doesn&#039;t support embedded videos.&lt;\/video&gt;&lt;\/div&gt;&lt;\/div&gt;&lt;div class=&quot;fusion-text fusion-text-1&quot;&gt;&lt;\/div&gt;\" data-delay=\"50\" data-placement=\"top\" data-title=\"EASY CLICK mit WA1\" data-toggle=\"popover\" data-trigger=\"hover\"> <span class=\"blue strong dotted\">Easy Click<\/span> <\/span><\/td>\n<\/tr>\n<tr>\n<td class=\"produkte\">Wassermenge<\/td>\n<td class=\"produkte\">1,1\u00a0 l\/min bei 21\u00b0C Wassertemperatur<\/td>\n<\/tr>\n<tr>\n<td class=\"produkte\">Reinstwasser\/Abwasser-Verh\u00e4ltnis<\/td>\n<td class=\"produkte\">1:&lt;2 <span class=\"blue strong\">TOP WERT SEINER KLASSE<\/span><\/td>\n<\/tr>\n<tr>\n<td class=\"produkte\">Temperatur<\/td>\n<td class=\"produkte\">Min. 4\u00b0C Max. 38 \u00b0C<\/td>\n<\/tr>\n<tr>\n<td class=\"produkte\">Arbeitsdruck<\/td>\n<td class=\"produkte\">Min. 0,5 bar Max. 5,0 bar<\/td>\n<\/tr>\n<tr>\n<td class=\"produkte\">Ma\u00dfe<\/td>\n<td class=\"produkte\">430 x 318 x 95 mm (BxHxT) <span class=\"blue strong\">FLAT DESIGN <\/span><\/td>\n<\/tr>\n<tr>\n<td class=\"produkte\">Wasseranschluss<\/td>\n<td class=\"produkte\">Wasserversorgung 3\/8\u201c JG Kupplung \u2013 Abwasser 1\/4\u201c JG Kupplung \u2013 Reinstwasser 1\/4\u201c JG Kupplung<\/td>\n<\/tr>\n<tr>\n<td class=\"produkte\">Stromversorgung<\/td>\n<td class=\"produkte\">24 V DC, max. 96 W<\/td>\n<\/tr>\n<tr>\n<td class=\"produkte\"><\/td>\n<td class=\"produkte\">12 V DC mit Spannungswandler<\/td>\n<\/tr>\n<tr>\n<td class=\"produkte\">Gewicht<\/td>\n<td class=\"produkte\">2,5\u00a0 kg<\/td>\n<\/tr>\n<tr>\n<td class=\"produkte\">Geh\u00e4usefarbe<\/td>\n<td class=\"produkte\">Wei\u00df<\/td>\n<\/tr>\n<tr>\n<td class=\"produkte\">Lieferumfang<\/td>\n<td class=\"produkte\">Komplett mit Pumpe, Filtermedien, Spannungswandler (bei 12 V-Version), Trinkwasserhahn und Anschlussmaterial, Gebrauchsanleitung (Der Tank geh\u00f6rt nicht mit zum Lieferumfang, das Filterger\u00e4t wird an Ihren vorhandenen Frischwassertank angeschlossen.)<\/td>\n<\/tr>\n<tr>\n<td class=\"produkte\">Wechsel Filterelemente<\/td>\n<td class=\"produkte\">Vor- und Nachfilter 1 Mal\/Jahr tauschen oder \u00f6fter je nach Verschmutzungsgrad des Wassers, die UO-Membran muss nicht regelm\u00e4\u00dfig gewechselt werden<\/td>\n<\/tr>\n<tr>\n<td class=\"produkte\">Ersatzfilter<\/td>\n<td class=\"produkte\"><a href=\"https:\/\/bestelements.de\/de\/kaufen\/ersatzfilter-wasser\/ersatzfilterset-fuer-wasserfilter-wa1-wa3\/\">Ersatz Filterelemente Set f\u00fcr Trinkwasserfilter BE WA1<\/a><\/td>\n<\/tr>\n<\/tbody>\n<\/table>\n<\/div>\n<\/figure>\n<p><\/p>","protected":false},"excerpt":{"rendered":"<h2><span class=\"blue-back\">BE WA1 CB<\/span> <span class=\"gray\">Caravan &amp; Boat<\/span><\/h2>\n<div class=\"blue-back\">Reinstes Trinkwasser, wo auch immer auf der Welt Sie sind \u00b7 Made in Germany<\/div>\n<h3>Reinstes Trinkwasser in Wohnmobilen, Caravans, Booten, Hausbooten und Yachten<\/h3>\n<p>Beim Caravaning, in Reisemobilen und auf Booten sind gute Trinkwasserfilter eine Voraussetzung, unabh\u00e4ngig reinstes Trinkwasser frei von Kontaminationen und Verunreinigungen zur Verf\u00fcgung zu haben. <\/p>\n<div id=\"icons-water-stoffe\">\n<i class=\"fa-solid fas fa-sink\"><\/i> <i class=\"fa-solid fas fa-virus-slash\"><\/i> <i class=\"fa-solid fas fa-viruses\"><\/i> <i class=\"fa-solid fas fa-bacterium\"><\/i> <i class=\"fa-solid fas fa-disease\"><\/i> <i class=\"fa-solid fas fa-tablets\"><\/i> <i class=\"fa-solid fas fa-capsules\"><\/i> <i class=\"fa-solid fas fa-skull-crossbones\"><\/i> <i class=\"fa-solid fas fa-vial\"><\/i> <i class=\"fa-solid fas fa-radiation\"><\/i>\n<\/div>\n<ul>\n<li>Diese leistungsstarke und zuverl\u00e4ssige Filteranlage WA1 CB sch\u00fctzt wirksam gegen Verunreinigungen, die im Wasser enthalten sein k\u00f6nnen. Bakterien, Viren, Mikroorganismen, Algen, Schwermetalle, Pestizide, Hormone, Umweltgifte, EDC&#8217;s, Nitrate, Mikroplastik und viele andere Stoffe werden entfernt.<\/li>\n<li>Directflow-Umkehrosmose-Technologie mit Vor- und Nachfilter<\/li>\n<li>Kompakte Bauweise und platzsparendes Design<\/li>\n<li>Standardisiert und universell einsetzbar<\/li>\n<li>Kein Trinkwasser mehr kaufen oder abkochen<\/li>\n<li>Einfach am Wassertank anschlie\u00dfen<\/li>\n<li>Mit separatem Entnahmehahn<\/li>\n<li>Einfache Installation und Wartung dank <span class=\"blue strong\">Easy Click<\/span><\/li>\n<\/ul>\n<p><a class=\"sg-popup-id-3920 dotted\" href=\"#\"><i class=\"fa fa-info-circle\"><\/i> Diese Stoffe werden aus dem Wasser raus gefiltert<\/a><br \/>\n<a class=\"sg-popup-id-6922 dotted\" href=\"#\"><i class=\"fa fa-info-circle\"><\/i> Testergebnisse nach Wasserfilterung<\/a><\/p>\n","protected":false},"featured_media":7383,"template":"","meta":{"footnotes":""},"product_brand":[],"product_cat":[103,180],"product_tag":[210,211,212,208,209],"class_list":{"0":"post-7005","1":"product","2":"type-product","3":"status-publish","4":"has-post-thumbnail","6":"product_cat-trinkwasserfilter","7":"product_cat-fahrzeug-wasserfilteranlagen","8":"product_tag-umkehrosmosefilter","9":"product_tag-kalkfilter","10":"product_tag-bakterienwasserfilter","11":"product_tag-wasserfilter","12":"product_tag-trinkwasserfilter","13":"product_shipping_class-wa3","15":"first","16":"instock","17":"featured","18":"taxable","19":"shipping-taxable","20":"purchasable","21":"product-type-variable","22":"has-default-attributes"},"_links":{"self":[{"href":"https:\/\/bestelements.de\/de\/wp-json\/wp\/v2\/product\/7005","targetHints":{"allow":["GET"]}}],"collection":[{"href":"https:\/\/bestelements.de\/de\/wp-json\/wp\/v2\/product"}],"about":[{"href":"https:\/\/bestelements.de\/de\/wp-json\/wp\/v2\/types\/product"}],"version-history":[{"count":0,"href":"https:\/\/bestelements.de\/de\/wp-json\/wp\/v2\/product\/7005\/revisions"}],"wp:featuredmedia":[{"embeddable":true,"href":"https:\/\/bestelements.de\/de\/wp-json\/wp\/v2\/media\/7383"}],"wp:attachment":[{"href":"https:\/\/bestelements.de\/de\/wp-json\/wp\/v2\/media?parent=7005"}],"wp:term":[{"taxonomy":"product_brand","embeddable":true,"href":"https:\/\/bestelements.de\/de\/wp-json\/wp\/v2\/product_brand?post=7005"},{"taxonomy":"product_cat","embeddable":true,"href":"https:\/\/bestelements.de\/de\/wp-json\/wp\/v2\/product_cat?post=7005"},{"taxonomy":"product_tag","embeddable":true,"href":"https:\/\/bestelements.de\/de\/wp-json\/wp\/v2\/product_tag?post=7005"}],"curies":[{"name":"wp","href":"https:\/\/api.w.org\/{rel}","templated":true}]}}