{"id":5024,"date":"2020-12-01T10:33:27","date_gmt":"2020-12-01T09:33:27","guid":{"rendered":"https:\/\/bestelements.de\/?post_type=product&#038;p=5024"},"modified":"2026-04-13T15:23:19","modified_gmt":"2026-04-13T13:23:19","slug":"messgeraet-luftqualitaet-oeffentliche-einrichtungen","status":"publish","type":"product","link":"https:\/\/bestelements.de\/de\/kaufen\/luftfilter-luftreiniger-onlineshop\/messgeraet-luftqualitaet-oeffentliche-einrichtungen\/","title":{"rendered":"Messger\u00e4t f\u00fcr Luftqualit\u00e4t in \u00f6ffentlichen Einrichtungen"},"content":{"rendered":"<p><\/p>\n<div class=\"blue-back\">Wohlf\u00fchl-Raumklima sicherstellen<\/div>\n<h2>Luftqualit\u00e4tsmessger\u00e4t f\u00fcr \u00f6ffentliche Geb\u00e4ude und Einrichtungen<\/h2>\n<p><span class=\"gray\">Handheld-Messger\u00e4t mit Akku zur Kontrolle der Luftqualit\u00e4t<\/span><br \/>\nDieser multifunktionale Luftqualit\u00e4tsdetektor misst CO\u2082, Formaldehyd (HCHO), Gesamtkonzentration fl\u00fcchtiger organischer Verbindungen (TVOC), Feinstaub mit einer Gr\u00f6\u00dfe von <2,5 Mikrometern (PM2,5), 1,0 \u00b5m und 10 \u00b5m, Temperatur und Luftfeuchtigkeit und verf\u00fcgt \u00fcber eine Historie der Messwerte mit einstellbaren Zeitintervallen. Datum und Zeit werden im Display stets angezeigt.\nDieses wissenschaftliche Ger\u00e4t zur Luftqualit\u00e4tserkennung kombiniert mehrere Luftsensoren mit eingebautem Ventilator zur Echtzeit\u00fcberwachung der genannten Luftwerte. Die Anzeige erfolgt auf einem gro\u00dfen und \u00fcbersichtlichen LCD-Farbdisplay, ein Formaldehyd-Alarmgrenzwert ist einstellbar, bei \u00dcberschreiten erfolgen kurze Piept\u00f6ne. Das Messger\u00e4t ist als Handger\u00e4t oder auch mit St\u00e4nder als Tischger\u00e4t nutzbar. Es verf\u00fcgt \u00fcber eine automatische Abschaltung und eine Kalibrierungsfunktion. \n\n\n\n<h2>Messger\u00e4t f\u00fcr die Luftqualit\u00e4t in Innenr\u00e4umen<\/h2>\n<p>Diese Echtzeitwerte geben umfassende Auskunft \u00fcber die aktuell vorherrschende Luftqualit\u00e4t im Raum und sind evidente Anhaltspunkte f\u00fcr Ma\u00dfnahmen wie L\u00fcften oder zum <a href=\"https:\/\/bestelements.de\/de\/onlineshop-luftfilter-kaufen-zuhause-buero-gruppen-ueberblick-vergleich\/\">Aufstellen von Luftreinigern<\/a>, welche die Raumluft und damit das Wohlbefinden und die Gesundheit der Personen im Raum umgehend verbessern. <\/p>\n<h2>Luftqualit\u00e4t im Freien messen<\/h2>\n<p>Dieses Messger\u00e4t ermittelt ebenso die Werte der Au\u00dfenluft und wart damit vor Feinstaubbelastung und mangelnder Luftqualit\u00e4t um rechtzeitig zu reagieren und Fenster zu schlie\u00dfen. <\/p>\n<ul>\n<li>Feinstaub (PM1.0, PM2.5, PM10)<\/li>\n<li>Formaldehyd (HCHO)<\/li>\n<li>Fl\u00fcchtige organische Verbindungen (TVOC)<\/li>\n<li>Kohlenstoffdioxid CO\u2082<\/li>\n<li>Luftfeuchtigkeit in %<\/li>\n<li>Temperatur in \u00b0C oder \u00b0F<\/li>\n<\/ul>\n<h2>Datenprotokollierung<\/h2>\n<p>Das Ger\u00e4t kann Messdaten speichern und diese zur Auswertung per USB-C auf einen Computer \u00fcbertragen.<\/p>\n<p><img class=\"lazyload\" decoding=\"async\" src=\"data:image\/svg+xml,%3Csvg%20xmlns%3D%27http%3A%2F%2Fwww.w3.org%2F2000%2Fsvg%27%20width%3D%27542%27%20height%3D%27350%27%20viewBox%3D%270%200%20542%20350%27%3E%3Crect%20width%3D%27542%27%20height%3D%27350%27%20fill-opacity%3D%220%22%2F%3E%3C%2Fsvg%3E\" data-orig-src=\"https:\/\/bestelements.de\/wp-content\/uploads\/Luftqualitaet-Messgeraet-Anzeige-Display.jpg\"><\/p>\n<h2>Messbereiche<\/h2>\n<p>PM2,5 0-999 ug\/m\u00b3<br \/>\nHCHO 0-1,999 mg\/m\u00b3<br \/>\nTVOC 0-9,999 mg\/m\u00b3<br \/>\nCO\u2082 0-5000 ppm<br \/>\nTemperatur -10\u00b0C-60\u00b0C resp. 14\u00b0F-140\u00b0F<br \/>\nLuftfeuchtigkeit 20%-85%<br \/>\n<a class=\"sg-popup-id-149 dotted\" href=\"#\"><i class=\"fa fa-comments\"><\/i> Wir beantworten gerne Ihre Fragen zu diesem Ger\u00e4t.<\/a><\/p>\n<p>Ihre Anfrage bei Mengenbestellungen<br \/>\n<div class=\"wpforms-container wpforms-container-full\" id=\"wpforms-146\"><form id=\"wpforms-form-146\" class=\"wpforms-validate wpforms-form\" data-formid=\"146\" method=\"post\" enctype=\"multipart\/form-data\" action=\"\/de\/wp-json\/wp\/v2\/product\/5024\"><noscript class=\"wpforms-error-noscript\">Bitte aktivieren Sie JavaScript in Ihrem Browser, um dieses Formular fertigzustellen.<\/noscript><div class=\"wpforms-field-container\"><div id=\"wpforms-146-field_0-container\" class=\"wpforms-field wpforms-field-name\" data-field-id=\"0\"><label class=\"wpforms-field-label\" for=\"wpforms-146-field_0\">Name <span class=\"wpforms-required-label\">*<\/span><\/label><div class=\"wpforms-field-row wpforms-field-medium\"><div class=\"wpforms-field-row-block wpforms-first wpforms-one-half\"><input type=\"text\" id=\"wpforms-146-field_0\" class=\"wpforms-field-name-first wpforms-field-required\" name=\"wpforms[fields][0][first]\" required><label for=\"wpforms-146-field_0\" class=\"wpforms-field-sublabel after wpforms-sublabel-hide\">Vorname<\/label><\/div><div class=\"wpforms-field-row-block wpforms-one-half\"><input type=\"text\" id=\"wpforms-146-field_0-last\" class=\"wpforms-field-name-last wpforms-field-required\" name=\"wpforms[fields][0][last]\" required><label for=\"wpforms-146-field_0-last\" class=\"wpforms-field-sublabel after wpforms-sublabel-hide\">Nachname<\/label><\/div><\/div><\/div><div id=\"wpforms-146-field_1-container\" class=\"wpforms-field wpforms-field-email\" data-field-id=\"1\"><label class=\"wpforms-field-label\" for=\"wpforms-146-field_1\">E-Mail <span class=\"wpforms-required-label\">*<\/span><\/label><input type=\"email\" id=\"wpforms-146-field_1\" class=\"wpforms-field-medium wpforms-field-required\" name=\"wpforms[fields][1]\" required><\/div><div id=\"wpforms-146-field_3-container\" class=\"wpforms-field wpforms-field-phone\" data-field-id=\"3\"><label class=\"wpforms-field-label\" for=\"wpforms-146-field_3\">Telefon<\/label><input type=\"tel\" id=\"wpforms-146-field_3\" class=\"wpforms-field-medium\" data-rule-int-phone-field=\"true\" name=\"wpforms[fields][3]\" ><\/div><div id=\"wpforms-146-field_2-container\" class=\"wpforms-field wpforms-field-textarea\" data-field-id=\"2\"><label class=\"wpforms-field-label\" for=\"wpforms-146-field_2\">Kommentar oder Nachricht <span class=\"wpforms-required-label\">*<\/span><\/label><textarea id=\"wpforms-146-field_2\" class=\"wpforms-field-medium wpforms-field-required\" name=\"wpforms[fields][2]\" required><\/textarea><\/div><div id=\"wpforms-146-field_4-container\" class=\"wpforms-field wpforms-field-html\" data-field-id=\"4\"><div id=\"wpforms-146-field_4\"><small><b>Wir sch\u00fctzen Ihre Daten!<\/b> Wir verwenden Ihre Daten ausschlie\u00dflich zur Beantwortung Ihrer Fragen und geben sie keinesfalls an Dritte weiter. <a href=\"https:\/\/bestelements.de\/de\/datenschutzerklaerung\/\" target=\"_blank\">Datenschutzbestimmungen<\/a><\/small><\/div><\/div><\/div><div class=\"wpforms-field wpforms-field-hp\"><label for=\"wpforms-146-field-hp\" class=\"wpforms-field-label\">Name<\/label><input type=\"text\" name=\"wpforms[hp]\" id=\"wpforms-146-field-hp\" class=\"wpforms-field-medium\"><\/div><input type=\"hidden\" name=\"wpforms[recaptcha]\" value=\"\"><div class=\"wpforms-submit-container\" ><input type=\"hidden\" name=\"wpforms[id]\" value=\"146\"><input type=\"hidden\" name=\"wpforms[author]\" value=\"1\"><button type=\"submit\" name=\"wpforms[submit]\" class=\"wpforms-submit button-blue\" id=\"wpforms-submit-146\" value=\"wpforms-submit\" aria-live=\"assertive\" data-alt-text=\"Senden...\" data-submit-text=\"Absenden\">Absenden<\/button><\/div><\/form><\/div>  <!-- .wpforms-container --><\/p>\n<figure class=\"wp-block-table\">\n<div class=\"table-1\">\n<table width=\"100%\">\n<tbody>\n<tr>\n<td>Stromversorgung<\/td>\n<td>Wiederaufladbarer Li-Akku 2000 mAh<\/td>\n<\/tr>\n<tr>\n<td>Aufladung<\/td>\n<td>Mit 5V DC Micro-USB \u00fcber einen USB-Stecker oder Handyladeger\u00e4t (nicht im Lieferumfang enthalten, bei Bedarf <a href=\"https:\/\/bestelements.de\/de\/kaufen\/zubehoer\/ersatzteile-wasserstoffbooster\/?attribute_pa_ersatzteile-wasserbooster=usb-stecker&#038;attribute_pa_farbe=uni\">hier mitbestellen<\/a>)<\/td>\n<\/tr>\n<tr>\n<td>Dauerbetrieb<\/td>\n<td>Ohne Aufladung ca. 7 Stunden<\/td>\n<\/tr>\n<tr>\n<td>Gewicht<\/td>\n<td>Messger\u00e4t 200 g, mit Ger\u00e4tekoffer 490 g<\/td>\n<\/tr>\n<tr>\n<td>Gr\u00f6\u00dfe<\/td>\n<td>Ger\u00e4t: 164 x 74 x 26 mm, Koffer: 320 x 180 x 45 mm<\/td>\n<\/tr>\n<tr>\n<td>Lieferumfang<\/td>\n<td>Messger\u00e4t, Handbuch, USB-Ladekabel, Ger\u00e4tekoffer<\/td>\n<\/tr>\n<\/tbody>\n<\/table>\n<\/div>\n<\/figure>\n<p><\/p>","protected":false},"excerpt":{"rendered":"<h2><span class=\"blue-back\">BE AIR POINT<\/span> <span class=\"gray\">Luftqualit\u00e4t Messger\u00e4t<\/span><\/h2>\n<div class=\"blue-back\">Echtzeit-Messwerte f\u00fcr Feinstaub, Formaldehyd, TVOC, Kohlenstoffdioxid CO\u2082, Luftfeuchtigkeit und Temperatur<\/div>\n<p>Messen der Luftqualit\u00e4t in Bildungseinrichtungen, sozialf\u00f6rdernden Einrichtungen und Gruppenr\u00e4umen zur Gew\u00e4hrleistung reiner Atemluft, Multifunktions-Luftqualit\u00e4tsdetektor, Sensortechnologie konzipiert und geeignet f\u00fcr:<\/p>\n<ul>\n<li>Schulen, Universit\u00e4ten und Kitas<\/li>\n<li>Pflegeheim, Altenheime<\/li>\n<li>Hotels und Restaurants<\/li>\n<li>\u00c4mter, Beh\u00f6rden, Verwaltungsgeb\u00e4ude<\/li>\n<li>Ladengesch\u00e4fte, B\u00fcros, Bibliotheken<\/li>\n<li>Arztpraxen und Kliniken<\/li>\n<li>Sportst\u00e4tten und Fitnessstudios<\/li>\n<li>B\u00fcros, Haus und Heim<\/li>\n<li>Datenexport auf PC m\u00f6glich<\/li>\n<\/ul>\n","protected":false},"featured_media":23139,"template":"","meta":{"footnotes":""},"product_brand":[],"product_cat":[107,297],"product_tag":[266],"class_list":{"0":"post-5024","1":"product","2":"type-product","3":"status-publish","4":"has-post-thumbnail","6":"product_cat-luftfilter-luftreiniger-onlineshop","7":"product_cat-messgeraete-luftqualitaet","8":"product_tag-test","10":"first","11":"instock","12":"featured","13":"taxable","14":"shipping-taxable","15":"purchasable","16":"product-type-simple"},"_links":{"self":[{"href":"https:\/\/bestelements.de\/de\/wp-json\/wp\/v2\/product\/5024","targetHints":{"allow":["GET"]}}],"collection":[{"href":"https:\/\/bestelements.de\/de\/wp-json\/wp\/v2\/product"}],"about":[{"href":"https:\/\/bestelements.de\/de\/wp-json\/wp\/v2\/types\/product"}],"version-history":[{"count":0,"href":"https:\/\/bestelements.de\/de\/wp-json\/wp\/v2\/product\/5024\/revisions"}],"wp:featuredmedia":[{"embeddable":true,"href":"https:\/\/bestelements.de\/de\/wp-json\/wp\/v2\/media\/23139"}],"wp:attachment":[{"href":"https:\/\/bestelements.de\/de\/wp-json\/wp\/v2\/media?parent=5024"}],"wp:term":[{"taxonomy":"product_brand","embeddable":true,"href":"https:\/\/bestelements.de\/de\/wp-json\/wp\/v2\/product_brand?post=5024"},{"taxonomy":"product_cat","embeddable":true,"href":"https:\/\/bestelements.de\/de\/wp-json\/wp\/v2\/product_cat?post=5024"},{"taxonomy":"product_tag","embeddable":true,"href":"https:\/\/bestelements.de\/de\/wp-json\/wp\/v2\/product_tag?post=5024"}],"curies":[{"name":"wp","href":"https:\/\/api.w.org\/{rel}","templated":true}]}}