{"id":4981,"date":"2021-04-29T14:47:49","date_gmt":"2021-04-29T12:47:49","guid":{"rendered":"https:\/\/bestelements.de\/?post_type=product&#038;p=4981"},"modified":"2025-10-13T09:47:11","modified_gmt":"2025-10-13T07:47:11","slug":"eckventil-anschlussadapter","status":"publish","type":"product","link":"https:\/\/bestelements.de\/de\/kaufen\/zubehoer-trinkwasser\/eckventil-anschlussadapter\/","title":{"rendered":"Eckventil Anschlussadapter"},"content":{"rendered":"","protected":false},"excerpt":{"rendered":"<p>Eckventil Anschlussadapter\/T-St\u00fcck f\u00fcr 3\/8\u201c auf 3\/8\u201c mit R\u00fcckschlagventil und Absperrhahn mit Anschluss f\u00fcr John Guest Winkelst\u00fcck f\u00fcr Eckventile 3\/8\u201c Rohr Ausgang zum Wasserhahn<\/p>\n","protected":false},"featured_media":32020,"template":"","meta":{"footnotes":""},"product_brand":[],"product_cat":[159],"product_tag":[],"class_list":{"0":"post-4981","1":"product","2":"type-product","3":"status-publish","4":"has-post-thumbnail","6":"product_cat-zubehoer-trinkwasser","8":"first","9":"instock","10":"taxable","11":"shipping-taxable","12":"purchasable","13":"product-type-simple"},"_links":{"self":[{"href":"https:\/\/bestelements.de\/de\/wp-json\/wp\/v2\/product\/4981","targetHints":{"allow":["GET"]}}],"collection":[{"href":"https:\/\/bestelements.de\/de\/wp-json\/wp\/v2\/product"}],"about":[{"href":"https:\/\/bestelements.de\/de\/wp-json\/wp\/v2\/types\/product"}],"version-history":[{"count":0,"href":"https:\/\/bestelements.de\/de\/wp-json\/wp\/v2\/product\/4981\/revisions"}],"wp:featuredmedia":[{"embeddable":true,"href":"https:\/\/bestelements.de\/de\/wp-json\/wp\/v2\/media\/32020"}],"wp:attachment":[{"href":"https:\/\/bestelements.de\/de\/wp-json\/wp\/v2\/media?parent=4981"}],"wp:term":[{"taxonomy":"product_brand","embeddable":true,"href":"https:\/\/bestelements.de\/de\/wp-json\/wp\/v2\/product_brand?post=4981"},{"taxonomy":"product_cat","embeddable":true,"href":"https:\/\/bestelements.de\/de\/wp-json\/wp\/v2\/product_cat?post=4981"},{"taxonomy":"product_tag","embeddable":true,"href":"https:\/\/bestelements.de\/de\/wp-json\/wp\/v2\/product_tag?post=4981"}],"curies":[{"name":"wp","href":"https:\/\/api.w.org\/{rel}","templated":true}]}}