{"id":4155,"date":"2021-03-23T14:21:06","date_gmt":"2021-03-23T13:21:06","guid":{"rendered":"https:\/\/bestelements.de\/?post_type=product&#038;p=4155"},"modified":"2024-01-14T10:59:25","modified_gmt":"2024-01-14T09:59:25","slug":"edelstahl-3-wege-trinkwasserhahn","status":"publish","type":"product","link":"https:\/\/bestelements.de\/de\/kaufen\/zubehoer-trinkwasser\/edelstahl-3-wege-trinkwasserhahn\/","title":{"rendered":"Edelstahl-3-Wege-Trinkwasserhahn"},"content":{"rendered":"<p>H\u00f6he: 350 mm<br \/>\nBreite: 327 mm<\/p>\n<p>Durchmesser Hahnsockel: ca. 50 mm<br \/>\nArbeitsplattenh\u00f6he: max. 55 mm<\/p>\n<p>Schlauchl\u00e4nge Kalt- und Warmwasser: ca. 500 mm<br \/>\nSchlauchl\u00e4nge Permeat: ca. 370 mm<\/p>\n<p>Anschluss am Eingang: 1\/4&#8243; Rohr AD &#8211; John Guest Speedfit<\/p>\n<p>Die Schl\u00e4uche f\u00fcr den Kalt- und Warmwasseranschluss haben eine L\u00e4nge von ca. 500 mm. Der Permeatschlauch, der an den Reinstwasser-Ausgang des Wasserfiltersystems angeschlossen wird, besitzt eine L\u00e4nge von ca. 370 mm.<\/p>","protected":false},"excerpt":{"rendered":"<p>Der 3-Wege Trinkwasserhahn ist aus trinkwassersicherem, hochwertigem Edelstahl und mit seinen 3 Ausl\u00e4ufen f\u00fcr die Nutzung von hei\u00dfem\/kalten Leitungswasser und reinstem Trinkwasser konzipiert. Dank des zus\u00e4tzlichen Auslaufs braucht f\u00fcr ein\u00a0 Wasserfiltersystem kein separater Entnahmehahn auf der Sp\u00fcle installiert werden.<\/p>\n","protected":false},"featured_media":2779,"template":"","meta":{"footnotes":""},"product_brand":[],"product_cat":[159],"product_tag":[],"class_list":{"0":"post-4155","1":"product","2":"type-product","3":"status-publish","4":"has-post-thumbnail","6":"product_cat-zubehoer-trinkwasser","8":"first","9":"instock","10":"taxable","11":"shipping-taxable","12":"purchasable","13":"product-type-simple"},"_links":{"self":[{"href":"https:\/\/bestelements.de\/de\/wp-json\/wp\/v2\/product\/4155","targetHints":{"allow":["GET"]}}],"collection":[{"href":"https:\/\/bestelements.de\/de\/wp-json\/wp\/v2\/product"}],"about":[{"href":"https:\/\/bestelements.de\/de\/wp-json\/wp\/v2\/types\/product"}],"version-history":[{"count":0,"href":"https:\/\/bestelements.de\/de\/wp-json\/wp\/v2\/product\/4155\/revisions"}],"wp:featuredmedia":[{"embeddable":true,"href":"https:\/\/bestelements.de\/de\/wp-json\/wp\/v2\/media\/2779"}],"wp:attachment":[{"href":"https:\/\/bestelements.de\/de\/wp-json\/wp\/v2\/media?parent=4155"}],"wp:term":[{"taxonomy":"product_brand","embeddable":true,"href":"https:\/\/bestelements.de\/de\/wp-json\/wp\/v2\/product_brand?post=4155"},{"taxonomy":"product_cat","embeddable":true,"href":"https:\/\/bestelements.de\/de\/wp-json\/wp\/v2\/product_cat?post=4155"},{"taxonomy":"product_tag","embeddable":true,"href":"https:\/\/bestelements.de\/de\/wp-json\/wp\/v2\/product_tag?post=4155"}],"curies":[{"name":"wp","href":"https:\/\/api.w.org\/{rel}","templated":true}]}}