{"id":30059,"date":"2025-05-16T15:51:18","date_gmt":"2025-05-16T13:51:18","guid":{"rendered":"https:\/\/bestelements.de\/?post_type=product&#038;p=30059"},"modified":"2025-05-17T11:52:06","modified_gmt":"2025-05-17T09:52:06","slug":"schimmelentferner-schimmeltests","status":"publish","type":"product","link":"https:\/\/bestelements.de\/de\/kaufen\/messgeraete-luftqualitaet\/schimmelentferner-schimmeltests\/","title":{"rendered":"Schimmelbeseitigung und Schimmeltests im Labor IVARIO"},"content":{"rendered":"<p><\/p>\n<h2>Schimmelentferner \/ Anti-Schimmel-Sprays<\/h2>\n<h3>SCHIMMEL-ENTFERNER<\/h3>\n<ul>\n<li>Bek\u00e4mpft hartn\u00e4ckigen Schimmelbefall<\/li>\n<li>Sofortige und langanhaltende Wirkung<\/li>\n<li>Anwendbar auf Silikonfugen, W\u00e4nde, Duschen und B\u00e4der uvm.<\/li>\n<li>Spr\u00fchflasche 500 ml, extra-stark<\/li>\n<\/ul>\n<h3>SCHIMMEL-ENTFERNER OHNE CHLOR<\/h3>\n<ul>\n<li>Umweltfreundliche und geruchsneutrale Schimmelentfernung<\/li>\n<li>Perfekt f\u00fcr kleinere befallene Fl\u00e4chen<\/li>\n<li>F\u00fcr den gesamten Haushalt, z.B. Bad, W\u00e4nde und Fenster uvm.<\/li>\n<li>Spr\u00fchflasche 250 ml<\/li>\n<\/ul>\n<h2>Schimmel-Analysen und Tests<\/h2>\n<p>Schimmel erkennen und nachhaltig beseitigen: Analysen f\u00fcr ein sicheres und gesundes Zuhause.<\/p>\n<h3>SCHIMMEL-ANALYSE SCHIMMEL-LABORTEST KOMPLETT<\/h3>\n<ul>\n<li>Besonders hilfreich bei Verdacht auf Schimmel oder sichtbarem Befall<\/li>\n<li>Eignet sich zur Vorlage bei Sachverst\u00e4ndigen, \u00c4rzten und Heilpraktikern zur Kl\u00e4rung gesundheitlicher Fragen<\/li>\n<li>Ideal f\u00fcr immungeschw\u00e4chte Personen, Schwangere, Familien und Asthmatiker<\/li>\n<\/ul>\n<h3>SCHIMMEL-LABORTEST f\u00fcr OBERFL\u00c4CHEN und W\u00c4NDE<\/h3>\n<ul>\n<li>Perfekt f\u00fcr sichtbaren Schimmelbefall oder Verf\u00e4rbungen<\/li>\n<li>Bestimmt die Schimmelart und identifiziert m\u00f6gliche Ursachen<\/li>\n<li>Besonders empfohlen f\u00fcr immungeschw\u00e4chte Personen, Schwangere und Asthmatiker<\/li>\n<\/ul>\n<h3>SCHIMMEL-LABORTEST RAUMLUFT<\/h3>\n<ul>\n<li>Zuverl\u00e4ssig bei Verdacht auf Schimmel<\/li>\n<li>Ideal f\u00fcr Schlaf-, Wohn- und Kinderzimmer oder beim Umzug<\/li>\n<li>Geeignet f\u00fcr immungeschw\u00e4chte Personen, Schwangere, Familien und Asthmatiker<\/li>\n<\/ul>\n<h3>SCHIMMEL SELBSTTEST RAUMLUFT<\/h3>\n<ul>\n<li>Sinnvoll bei schlecht isolierten R\u00e4umen, hoher Luftfeuchtigkeit, schlechter Bel\u00fcftung oder dauerhaft niedriger Raumtemperatur<\/li>\n<li>Schnelle und kosteng\u00fcnstige Schimmelanalyse f\u00fcr zuverl\u00e4ssige Ergebnisse, optimal zur Ersteinsch\u00e4tzung<\/li>\n<li>Besonders empfohlen f\u00fcr immungeschw\u00e4chte Personen, Schwangere, Familien und Asthmatiker<\/li>\n<\/ul>\n<h3 class=\"fusion-responsive-typography-calculated\" data-fontsize=\"19.2\" data-lineheight=\"26.88px\">Weitere Labortests<\/h3>\n<ul>\n<li>\n<h3 class=\"fusion-responsive-typography-calculated\" data-fontsize=\"19.2\" data-lineheight=\"26.88px\"><a href=\"https:\/\/bestelements.de\/de\/kaufen\/trinkwassertest\/trinkwassertest\/\">Trinkwasser-Tests<\/a><\/h3>\n<\/li>\n<li>\n<h3><a href=\"https:\/\/bestelements.de\/de\/kaufen\/messgeraete-luftqualitaet\/asbesttests\/\">Asbesttests<\/a><\/h3>\n<\/li>\n<\/ul>\n<p><small>Wir empfehlen die Tests eines Partnerunternehmen. Der Link zum Test ist ein s.g. Affiliatelink und f\u00fchrt direkt zum Anbieter. Der Preis ist der gleiche wie direkt beim Anbieter, es wird dadurch f\u00fcr Sie nicht teurer, unter Umst\u00e4nden erhalten Sie \u00fcber unseren Link eine Verg\u00fcnstigung. Die Beschreibung stammt vom Anbieter. Weitere Tests sind auf den Seiten des Partnerunternehmens erh\u00e4ltlich.<\/small><\/p>","protected":false},"excerpt":{"rendered":"<h2>Schimmelentferner und Schimmeltests<\/h2>\n<p>SCHIMMEL-ENTFERNER<\/p>\n<p>SCHIMMEL-ENTFERNER OHNE CHLOR<\/p>\n<p>SCHIMMEL-ANALYSE SCHIMMEL-LABORTEST KOMPLETT<\/p>\n<p>SCHIMMEL LABORTEST f\u00fcr OBERFL\u00c4CHEN und W\u00c4NDE<\/p>\n<p>SCHIMMEL-LABORTEST<\/p>\n<p>SCHIMMEL SELBSTTEST<\/p>\n","protected":false},"featured_media":30073,"template":"","meta":{"footnotes":""},"product_brand":[],"product_cat":[297],"product_tag":[266],"class_list":{"0":"post-30059","1":"product","2":"type-product","3":"status-publish","4":"has-post-thumbnail","6":"product_cat-messgeraete-luftqualitaet","7":"product_tag-test","9":"first","10":"instock","11":"product-type-external"},"_links":{"self":[{"href":"https:\/\/bestelements.de\/de\/wp-json\/wp\/v2\/product\/30059","targetHints":{"allow":["GET"]}}],"collection":[{"href":"https:\/\/bestelements.de\/de\/wp-json\/wp\/v2\/product"}],"about":[{"href":"https:\/\/bestelements.de\/de\/wp-json\/wp\/v2\/types\/product"}],"version-history":[{"count":0,"href":"https:\/\/bestelements.de\/de\/wp-json\/wp\/v2\/product\/30059\/revisions"}],"wp:featuredmedia":[{"embeddable":true,"href":"https:\/\/bestelements.de\/de\/wp-json\/wp\/v2\/media\/30073"}],"wp:attachment":[{"href":"https:\/\/bestelements.de\/de\/wp-json\/wp\/v2\/media?parent=30059"}],"wp:term":[{"taxonomy":"product_brand","embeddable":true,"href":"https:\/\/bestelements.de\/de\/wp-json\/wp\/v2\/product_brand?post=30059"},{"taxonomy":"product_cat","embeddable":true,"href":"https:\/\/bestelements.de\/de\/wp-json\/wp\/v2\/product_cat?post=30059"},{"taxonomy":"product_tag","embeddable":true,"href":"https:\/\/bestelements.de\/de\/wp-json\/wp\/v2\/product_tag?post=30059"}],"curies":[{"name":"wp","href":"https:\/\/api.w.org\/{rel}","templated":true}]}}